{"id":947,"date":"2022-11-02T10:54:41","date_gmt":"2022-11-02T09:54:41","guid":{"rendered":"https:\/\/nns.cz\/predskolak\/?page_id=947"},"modified":"2023-04-13T11:43:12","modified_gmt":"2023-04-13T09:43:12","slug":"ohlasy-od-vyucujicich","status":"publish","type":"page","link":"https:\/\/nns.cz\/predskolak\/skola-je-tu\/ohlasy-od-vyucujicich\/","title":{"rendered":"Ohlasy od vyu\u010duj\u00edc\u00edch"},"content":{"rendered":"\n<p><em>\u201eObr\u00e1zky jsou jako \u017eiv\u00e9! D\u011bti vt\u00e1hnou do d\u011bje. C\u00edt\u00ed se b\u00fdt sou\u010d\u00e1st\u00ed p\u0159\u00edb\u011bhu. A to je skv\u011bl\u00e9! P\u0159edstavuj\u00ed si, jak se klouzaj\u00ed jako Budul\u00ednek po oc\u00e1sku li\u0161ky, jak pom\u00e1haj\u00ed slepi\u010dce zachr\u00e1nit kohoutka nebo d\u011bdovi vyt\u00e1hnout ze zem\u011b velikou \u0159epu.\u201c<\/em><\/p>\n\n\n\n<p><em>\u201eVelmi p\u0159\u00edjemn\u011b p\u016fsob\u00ed barevn\u00e9 slad\u011bn\u00ed v\u0161ech obr\u00e1zk\u016f. Auto\u0159i si pohr\u00e1li s&nbsp;v\u00fdb\u011brem p\u016fsobiv\u00e9 barevn\u00e9 palety. Obr\u00e1zky jsou barevn\u011b vyv\u00e1\u017een\u00e9. Probouz\u00ed v&nbsp;d\u011btech dobrou n\u00e1ladu.\u201c<\/em><\/p>\n\n\n\n<p><em>\u201ePo otev\u0159en\u00ed pracovn\u00edch u\u010debnic <strong>\u0160kola je tu<\/strong> jsem pro\u017eila intenzivn\u00ed estetick\u00fd z\u00e1\u017eitek z&nbsp;barev!\u201c<\/em><\/p>\n\n\n\n<p><em>\u201eZ ka\u017ed\u00e9 str\u00e1nky intuitivn\u011b pozn\u00e1m, co budu s&nbsp;d\u011btmi prob\u00edrat, ani\u017e bych musela \u010d\u00edst zad\u00e1n\u00ed.\u201c<\/em><\/p>\n\n\n\n<p><em>\u201eP\u0159i prvn\u00edm sezn\u00e1men\u00ed s&nbsp;\u0159adou u\u010debnic <strong>\u0160kola je tu<\/strong> m\u011b na vnit\u0159n\u00ed stran\u011b ob\u00e1lky zaujala p\u0159ehledn\u00e1 tabulka se vzd\u011bl\u00e1vac\u00ed nab\u00eddkou. Je to velk\u00e1 pomoc pro za\u010d\u00ednaj\u00edc\u00ed u\u010ditele. Snadno se tak zorientuj\u00ed v&nbsp;u\u010divu, kter\u00e9 maj\u00ed p\u0159i p\u0159ed\u0161koln\u00ed p\u0159\u00edprav\u011b \u017e\u00e1k\u016f obs\u00e1hnout.\u201c<\/em><\/p>\n\n\n\n<p><em>\u201eJe skv\u011bl\u00e9, \u017ee vznikl materi\u00e1l, ve kter\u00e9m je v\u0161e, co m\u00e1m s&nbsp;d\u011btmi v&nbsp;r\u00e1mci p\u0159ed\u0161koln\u00ed p\u0159\u00edpravy b\u011bhem roku obs\u00e1hnout, v\u0161e je systematicky rozpracov\u00e1no.\u201c<\/em><\/p>\n\n\n\n<p><em>\u201eD\u00edky propojen\u00ed u\u010diva s&nbsp;poh\u00e1dkou jsou d\u011bti vta\u017eeny do d\u011bje p\u0159\u00edb\u011bhu a pr\u00e1ce nad \u00fakoly je moc bav\u00ed.\u201c<\/em><\/p>\n\n\n\n<p><em>\u201eL\u00edb\u00ed se mi, \u017ee do poh\u00e1dek, kter\u00e9 autorka p\u0159evypr\u00e1v\u011bla, za\u010dlenila i slova, s&nbsp;nimi\u017e se d\u011bti setk\u00e1vaj\u00ed v&nbsp;\u00fakolech. U\u010divo prol\u00edn\u00e1 p\u0159\u00edb\u011bhem poh\u00e1dky, d\u011bti tak ani nevn\u00edmaj\u00ed, \u017ee se u\u010d\u00ed a u\u010den\u00ed se tak pro n\u011b st\u00e1v\u00e1 z\u00e1bavou.\u201c<\/em><\/p>\n\n\n\n<p><em>\u201eMoc mi pomohla metodick\u00e1 doporu\u010den\u00ed \u2013 velk\u00e1 pomoc pro za\u010d\u00ednaj\u00edc\u00ed u\u010ditele.\u201c<\/em><\/p>\n\n\n\n<p><em>\u201eM\u00e1m u\u017e dlouholet\u00e9 zku\u0161enosti s&nbsp;veden\u00edm p\u0159ed\u0161kol\u00e1k\u016f. V&nbsp;\u0159ad\u011b u\u010debnic <strong>\u0160kola je tu<\/strong> m\u011b zaujaly neot\u0159el\u00e9 n\u00e1pady autor\u016f. Nap\u0159\u00edklad z&nbsp;krou\u017een\u00ed ov\u00e1l\u016f v&nbsp;obrovsk\u00fdch o\u010d\u00edch vlka byli nad\u0161en\u00ed i chlapci, kter\u00e9 nen\u00ed jednoduch\u00e9 pro p\u0159\u00edpravu k&nbsp;psan\u00ed zaujmout.\u201c<\/em><\/p>\n\n\n\n<p><em>\u201ePoh\u00e1dkov\u00e1 grafomotorika\u201c d\u011bti moc bav\u00ed. V\u00fdborn\u00e9 n\u00e1pady! Barevn\u00e9 plochy jsou d\u011btem p\u0159i kreslen\u00ed oporou. D\u011btem moc pom\u00e1h\u00e1 i nazna\u010den\u00fd sm\u011br, kter\u00fdm maj\u00ed v\u00e9st pohyb rukou.\u201c<\/em><\/p>\n\n\n\n<p><em>\u201e\u00dakoly jsou velmi n\u00e1padit\u00e9.\u201c<\/em><\/p>\n\n\n\n<p><em>\u201eObr\u00e1zky, kter\u00e9 d\u011bti vybarvuj\u00ed, jsou dostate\u010dn\u011b velk\u00e9. L\u00edb\u00ed se mi, \u017ee jsou ohrani\u010deny tu\u010dnou konturou. D\u011bti tak l\u00e9pe vn\u00edmaj\u00ed, kde obr\u00e1zek kon\u010d\u00ed.\u201c<\/em><\/p>\n\n\n\n<p><em>\u201eObr\u00e1zky ur\u010den\u00e9 k&nbsp;vybarven\u00ed jsou ve sv\u011btle\u0161ed\u00e9 barv\u011b, a tak d\u011btem linie, kter\u00e9 maj\u00ed obtahovat, p\u0159\u00edli\u0161 nenapov\u00eddaj\u00ed a mohou kreslit uvoln\u011bnou pa\u017e\u00ed.\u201c<\/em><\/p>\n\n\n\n<p><em>\u201eKobl\u00ed\u017eek je kr\u00e1sn\u00fd moc, ta grafika je opravdu proveden\u00e1 dokonale a s&nbsp;l\u00e1skou, je vid\u011bt, \u017ee to d\u011blaj\u00ed lid\u00e9, kte\u0159\u00ed ct\u00ed sv\u00e9 povol\u00e1n\u00ed. D\u011bkuji, moc d\u011bkuji!\u201c<\/em><\/p>\n\n\n\n<p><em>\u201eProlnut\u00ed u\u010diva pro p\u0159ed\u0161kol\u00e1ky poh\u00e1dkou je b\u00e1je\u010dn\u00fd n\u00e1pad! Poh\u00e1dky n\u00e1s bav\u00ed.\u201c<\/em><em><\/em><\/p>\n\n\n\n<p><em>\u201eSou\u010d\u00e1st\u00ed u\u010debnic jsou i odkazy, kde si mohou d\u011bti poh\u00e1dku poslechnout.\u201c<\/em><em><\/em><\/p>\n\n\n\n<p><em>\u201eD\u011btem se l\u00edbilo, \u017ee si mohly poh\u00e1dky zahr\u00e1t i s&nbsp;loutkami. Nav\u00edc se p\u0159i vyst\u0159ihov\u00e1n\u00ed loutek z&nbsp;p\u0159\u00edlohy procvi\u010dily ve st\u0159\u00edh\u00e1n\u00ed. L\u00edb\u00ed se mi, \u017ee tv\u016frci mysleli na to, aby se d\u011btem loutky snadno vyst\u0159ihovaly. I nalepov\u00e1n\u00ed loutek na ruli\u010dku od toaletn\u00edho pap\u00edru bylo snadn\u00e9. Zvl\u00e1dly to v\u0161ichni.\u201c<\/em><em><\/em><\/p>\n\n\n\n<p><em>\u201eMysl\u00edm, \u017ee je fajn, \u017ee p\u0159i tvorb\u011b loutek d\u011bti vyu\u017eij\u00ed ruli\u010dky od toaletn\u00edho pap\u00edru, kter\u00e9 by jinak doma vyhodily. V&nbsp;na\u0161\u00ed \u0161kolce r\u00e1di recyklujeme pou\u017eit\u00e9 materi\u00e1ly a d\u011bti vedeme k&nbsp;ochran\u011b p\u0159\u00edrody. Zaujalo m\u011b, \u017ee na to auto\u0159i u\u010debnic <strong>\u0160kola je tu<\/strong> mysleli.\u201c<\/em><em><\/em><\/p>\n\n\n\n<p><em>\u201eLoutky nalepen\u00e9 na ruli\u010dky od toaletn\u00edch pap\u00edr\u016f se hned tak nezni\u010d\u00ed. Hrajeme s&nbsp;nimi dodnes.\u201c<\/em><\/p>\n\n\n\n<p><em>\u201eOrigin\u00e1ln\u00ed z\u00e1lo\u017eka je velmi praktick\u00e1. T\u00edm, \u017ee je oboustrann\u00e1, nesj\u00ed\u017ed\u00ed d\u011btem z&nbsp;\u0159\u00e1dku a z\u00e1rove\u0148 si s&nbsp;n\u00ed snadno mohou zalo\u017eit str\u00e1nku, na kter\u00e9 jsme skon\u010dili.\u201c<\/em><\/p>\n\n\n\n<p><em>\u201eD\u011bti si poh\u00e1dku mohly vypr\u00e1v\u011bt i s&nbsp;pomoc\u00ed obr\u00e1zkov\u00e9 osnovy v&nbsp;leporelech. To je bavilo moc. A hlavn\u011b se jim l\u00edbilo, \u017ee leporela jsou barevn\u00e1.\u201c<\/em><\/p>\n\n\n\n<p><em>\u201eObr\u00e1zky v&nbsp;leporelech jsou moc p\u011bkn\u00e9. D\u011bti v&nbsp;nich m\u011bly mo\u017enost pozorovat i spoustu detail\u016f, a to se jim dost l\u00edbilo. Leporela z&nbsp;u\u010debnice n\u00e1s inspirovala k&nbsp;tvorb\u011b vlastn\u00edch poh\u00e1dkov\u00fdch leporel.\u201c<\/em><\/p>\n\n\n\n<p><em>\u201eD\u011bti u\u010d\u00edme pracovat podle n\u00e1vodu. Mn\u011b p\u0159i\u0161lo jako dobr\u00fd n\u00e1pad, \u017ee sou\u010d\u00e1st\u00ed pr\u00e1ce s&nbsp;loutkami je i n\u00e1vod na jejich v\u00fdrobu.\u201c<\/em><\/p>\n","protected":false},"excerpt":{"rendered":"<p>\u201eObr\u00e1zky jsou jako \u017eiv\u00e9! D\u011bti vt\u00e1hnou do d\u011bje. C\u00edt\u00ed se b\u00fdt sou\u010d\u00e1st\u00ed p\u0159\u00edb\u011bhu. A to je skv\u011bl\u00e9! P\u0159edstavuj\u00ed si, jak se klouzaj\u00ed jako Budul\u00ednek po oc\u00e1sku li\u0161ky, jak pom\u00e1haj\u00ed slepi\u010dce zachr\u00e1nit kohoutka nebo d\u011bdovi vyt\u00e1hnout ze zem\u011b velikou \u0159epu.\u201c \u201eVelmi p\u0159\u00edjemn\u011b p\u016fsob\u00ed barevn\u00e9 slad\u011bn\u00ed v\u0161ech obr\u00e1zk\u016f. Auto\u0159i si pohr\u00e1li s&nbsp;v\u00fdb\u011brem p\u016fsobiv\u00e9 barevn\u00e9 palety. Obr\u00e1zky jsou [&hellip;]<\/p>\n","protected":false},"author":2,"featured_media":0,"parent":1377,"menu_order":0,"comment_status":"closed","ping_status":"closed","template":"templates\/template-about.php","meta":{"footnotes":""},"class_list":["post-947","page","type-page","status-publish","hentry","latest_post"],"_links":{"self":[{"href":"https:\/\/nns.cz\/predskolak\/wp-json\/wp\/v2\/pages\/947","targetHints":{"allow":["GET"]}}],"collection":[{"href":"https:\/\/nns.cz\/predskolak\/wp-json\/wp\/v2\/pages"}],"about":[{"href":"https:\/\/nns.cz\/predskolak\/wp-json\/wp\/v2\/types\/page"}],"author":[{"embeddable":true,"href":"https:\/\/nns.cz\/predskolak\/wp-json\/wp\/v2\/users\/2"}],"replies":[{"embeddable":true,"href":"https:\/\/nns.cz\/predskolak\/wp-json\/wp\/v2\/comments?post=947"}],"version-history":[{"count":2,"href":"https:\/\/nns.cz\/predskolak\/wp-json\/wp\/v2\/pages\/947\/revisions"}],"predecessor-version":[{"id":949,"href":"https:\/\/nns.cz\/predskolak\/wp-json\/wp\/v2\/pages\/947\/revisions\/949"}],"up":[{"embeddable":true,"href":"https:\/\/nns.cz\/predskolak\/wp-json\/wp\/v2\/pages\/1377"}],"wp:attachment":[{"href":"https:\/\/nns.cz\/predskolak\/wp-json\/wp\/v2\/media?parent=947"}],"curies":[{"name":"wp","href":"https:\/\/api.w.org\/{rel}","templated":true}]}}