{"id":865,"date":"2022-10-07T11:41:09","date_gmt":"2022-10-07T09:41:09","guid":{"rendered":"https:\/\/nns.cz\/predskolak\/?page_id=865"},"modified":"2023-04-13T11:45:05","modified_gmt":"2023-04-13T09:45:05","slug":"videoukazky","status":"publish","type":"page","link":"https:\/\/nns.cz\/predskolak\/skola-je-tu\/videoukazky\/","title":{"rendered":"Videouk\u00e1zky"},"content":{"rendered":"\n<figure class=\"wp-block-embed-youtube aligncenter wp-block-embed is-type-video is-provider-youtube wp-embed-aspect-16-9 wp-has-aspect-ratio\"><div class=\"wp-block-embed__wrapper\">\n<iframe loading=\"lazy\" title=\"Pracovn\u00ed u\u010debnice pro p\u0159ed\u0161kol\u00e1ky \u0160kola je tu, Z\u00e1pis je tu\" width=\"832\" height=\"468\" src=\"https:\/\/www.youtube.com\/embed\/vk5zttJpyz4?feature=oembed\" frameborder=\"0\" allow=\"accelerometer; autoplay; clipboard-write; encrypted-media; gyroscope; picture-in-picture\" allowfullscreen><\/iframe>\n<\/div><\/figure>\n\n\n\n<figure class=\"wp-block-embed-youtube aligncenter wp-block-embed is-type-video is-provider-youtube wp-embed-aspect-16-9 wp-has-aspect-ratio\"><div class=\"wp-block-embed__wrapper\">\n<iframe loading=\"lazy\" title=\"\u0160kola je tu 1 \u2013 pracovn\u00ed u\u010debnice pro p\u0159ed\u0161kol\u00e1ky \u2013 leporela\" width=\"832\" height=\"468\" src=\"https:\/\/www.youtube.com\/embed\/gYN1iAdUryw?feature=oembed\" frameborder=\"0\" allow=\"accelerometer; autoplay; clipboard-write; encrypted-media; gyroscope; picture-in-picture\" allowfullscreen><\/iframe>\n<\/div><\/figure>\n\n\n\n<figure class=\"wp-block-embed-youtube aligncenter wp-block-embed is-type-video is-provider-youtube wp-embed-aspect-16-9 wp-has-aspect-ratio\"><div class=\"wp-block-embed__wrapper\">\n<iframe loading=\"lazy\" title=\"\u0160kola je tu 2 \u2013 pracovn\u00ed u\u010debnice pro p\u0159ed\u0161kol\u00e1ky \u2013 poh\u00e1dkov\u00e9 loutky\" width=\"832\" height=\"468\" src=\"https:\/\/www.youtube.com\/embed\/nH0sUMzZM6A?feature=oembed\" frameborder=\"0\" allow=\"accelerometer; autoplay; clipboard-write; encrypted-media; gyroscope; picture-in-picture\" allowfullscreen><\/iframe>\n<\/div><\/figure>\n\n\n\n<figure class=\"wp-block-embed-youtube aligncenter wp-block-embed is-type-video is-provider-youtube wp-embed-aspect-16-9 wp-has-aspect-ratio\"><div class=\"wp-block-embed__wrapper\">\n<iframe loading=\"lazy\" title=\"\u0160kola je tu 3 \u2013 Pracovn\u00ed u\u010debnice pro p\u0159ed\u0161kol\u00e1ky \u2013 samolepky\" width=\"832\" height=\"468\" src=\"https:\/\/www.youtube.com\/embed\/Aoo7xCqwE-M?feature=oembed\" frameborder=\"0\" allow=\"accelerometer; autoplay; clipboard-write; encrypted-media; gyroscope; picture-in-picture\" allowfullscreen><\/iframe>\n<\/div><\/figure>\n\n\n\n<figure class=\"wp-block-embed-youtube aligncenter wp-block-embed is-type-video is-provider-youtube wp-embed-aspect-16-9 wp-has-aspect-ratio\"><div class=\"wp-block-embed__wrapper\">\n<iframe loading=\"lazy\" title=\"Pracovn\u00ed u\u010debnice pro p\u0159ed\u0161kol\u00e1ky \u0160kola je tu\" width=\"832\" height=\"468\" src=\"https:\/\/www.youtube.com\/embed\/Yl8AeJtFeBA?feature=oembed\" frameborder=\"0\" allow=\"accelerometer; autoplay; clipboard-write; encrypted-media; gyroscope; picture-in-picture\" allowfullscreen><\/iframe>\n<\/div><\/figure>\n","protected":false},"excerpt":{"rendered":"","protected":false},"author":2,"featured_media":0,"parent":1377,"menu_order":0,"comment_status":"closed","ping_status":"closed","template":"","meta":{"footnotes":""},"class_list":["post-865","page","type-page","status-publish","hentry","latest_post"],"_links":{"self":[{"href":"https:\/\/nns.cz\/predskolak\/wp-json\/wp\/v2\/pages\/865","targetHints":{"allow":["GET"]}}],"collection":[{"href":"https:\/\/nns.cz\/predskolak\/wp-json\/wp\/v2\/pages"}],"about":[{"href":"https:\/\/nns.cz\/predskolak\/wp-json\/wp\/v2\/types\/page"}],"author":[{"embeddable":true,"href":"https:\/\/nns.cz\/predskolak\/wp-json\/wp\/v2\/users\/2"}],"replies":[{"embeddable":true,"href":"https:\/\/nns.cz\/predskolak\/wp-json\/wp\/v2\/comments?post=865"}],"version-history":[{"count":4,"href":"https:\/\/nns.cz\/predskolak\/wp-json\/wp\/v2\/pages\/865\/revisions"}],"predecessor-version":[{"id":945,"href":"https:\/\/nns.cz\/predskolak\/wp-json\/wp\/v2\/pages\/865\/revisions\/945"}],"up":[{"embeddable":true,"href":"https:\/\/nns.cz\/predskolak\/wp-json\/wp\/v2\/pages\/1377"}],"wp:attachment":[{"href":"https:\/\/nns.cz\/predskolak\/wp-json\/wp\/v2\/media?parent=865"}],"curies":[{"name":"wp","href":"https:\/\/api.w.org\/{rel}","templated":true}]}}