{"id":81,"date":"2020-06-15T10:32:18","date_gmt":"2020-06-15T08:32:18","guid":{"rendered":"https:\/\/nns.cz\/predskolak\/?page_id=81"},"modified":"2020-06-15T11:22:11","modified_gmt":"2020-06-15T09:22:11","slug":"prednosti-nasich-publikaci-pro-predskolni-vzdelavani","status":"publish","type":"page","link":"https:\/\/nns.cz\/predskolak\/zapis-je-tu\/prednosti-nasich-publikaci-pro-predskolni-vzdelavani\/","title":{"rendered":"P\u0159ednosti na\u0161ich publikac\u00ed pro p\u0159ed\u0161koln\u00ed vzd\u011bl\u00e1v\u00e1n\u00ed"},"content":{"rendered":"\n<figure class=\"wp-block-image size-full\"><img loading=\"lazy\" decoding=\"async\" width=\"2480\" height=\"3508\" src=\"https:\/\/nns.cz\/predskolak\/wp-content\/uploads\/2020\/06\/P\u0159ednosti-na\u0161ich-publikac\u00ed-pro-p\u0159ed\u0161koln\u00ed-vzd\u011bl\u00e1v\u00e1n\u00ed-000001.png\" alt=\"\" class=\"wp-image-85\" srcset=\"https:\/\/nns.cz\/predskolak\/wp-content\/uploads\/2020\/06\/P\u0159ednosti-na\u0161ich-publikac\u00ed-pro-p\u0159ed\u0161koln\u00ed-vzd\u011bl\u00e1v\u00e1n\u00ed-000001.png 2480w, https:\/\/nns.cz\/predskolak\/wp-content\/uploads\/2020\/06\/P\u0159ednosti-na\u0161ich-publikac\u00ed-pro-p\u0159ed\u0161koln\u00ed-vzd\u011bl\u00e1v\u00e1n\u00ed-000001-212x300.png 212w, https:\/\/nns.cz\/predskolak\/wp-content\/uploads\/2020\/06\/P\u0159ednosti-na\u0161ich-publikac\u00ed-pro-p\u0159ed\u0161koln\u00ed-vzd\u011bl\u00e1v\u00e1n\u00ed-000001-724x1024.png 724w, https:\/\/nns.cz\/predskolak\/wp-content\/uploads\/2020\/06\/P\u0159ednosti-na\u0161ich-publikac\u00ed-pro-p\u0159ed\u0161koln\u00ed-vzd\u011bl\u00e1v\u00e1n\u00ed-000001-768x1086.png 768w, https:\/\/nns.cz\/predskolak\/wp-content\/uploads\/2020\/06\/P\u0159ednosti-na\u0161ich-publikac\u00ed-pro-p\u0159ed\u0161koln\u00ed-vzd\u011bl\u00e1v\u00e1n\u00ed-000001-1086x1536.png 1086w, https:\/\/nns.cz\/predskolak\/wp-content\/uploads\/2020\/06\/P\u0159ednosti-na\u0161ich-publikac\u00ed-pro-p\u0159ed\u0161koln\u00ed-vzd\u011bl\u00e1v\u00e1n\u00ed-000001-1448x2048.png 1448w\" sizes=\"auto, (max-width: 2480px) 100vw, 2480px\" \/><\/figure>\n\n\n\n<div class=\"wp-block-image\"><figure class=\"aligncenter size-full\"><img loading=\"lazy\" decoding=\"async\" width=\"2480\" height=\"3508\" src=\"https:\/\/nns.cz\/predskolak\/wp-content\/uploads\/2020\/06\/P\u0159ednosti-na\u0161ich-publikac\u00ed-pro-p\u0159ed\u0161koln\u00ed-vzd\u011bl\u00e1v\u00e1n\u00ed-000002.png\" alt=\"\" class=\"wp-image-86\" srcset=\"https:\/\/nns.cz\/predskolak\/wp-content\/uploads\/2020\/06\/P\u0159ednosti-na\u0161ich-publikac\u00ed-pro-p\u0159ed\u0161koln\u00ed-vzd\u011bl\u00e1v\u00e1n\u00ed-000002.png 2480w, https:\/\/nns.cz\/predskolak\/wp-content\/uploads\/2020\/06\/P\u0159ednosti-na\u0161ich-publikac\u00ed-pro-p\u0159ed\u0161koln\u00ed-vzd\u011bl\u00e1v\u00e1n\u00ed-000002-212x300.png 212w, https:\/\/nns.cz\/predskolak\/wp-content\/uploads\/2020\/06\/P\u0159ednosti-na\u0161ich-publikac\u00ed-pro-p\u0159ed\u0161koln\u00ed-vzd\u011bl\u00e1v\u00e1n\u00ed-000002-724x1024.png 724w, https:\/\/nns.cz\/predskolak\/wp-content\/uploads\/2020\/06\/P\u0159ednosti-na\u0161ich-publikac\u00ed-pro-p\u0159ed\u0161koln\u00ed-vzd\u011bl\u00e1v\u00e1n\u00ed-000002-768x1086.png 768w, https:\/\/nns.cz\/predskolak\/wp-content\/uploads\/2020\/06\/P\u0159ednosti-na\u0161ich-publikac\u00ed-pro-p\u0159ed\u0161koln\u00ed-vzd\u011bl\u00e1v\u00e1n\u00ed-000002-1086x1536.png 1086w, https:\/\/nns.cz\/predskolak\/wp-content\/uploads\/2020\/06\/P\u0159ednosti-na\u0161ich-publikac\u00ed-pro-p\u0159ed\u0161koln\u00ed-vzd\u011bl\u00e1v\u00e1n\u00ed-000002-1448x2048.png 1448w\" sizes=\"auto, (max-width: 2480px) 100vw, 2480px\" \/><\/figure><\/div>\n\n\n\n<div class=\"wp-block-image\"><figure class=\"aligncenter size-full\"><img loading=\"lazy\" decoding=\"async\" width=\"2480\" height=\"3508\" src=\"https:\/\/nns.cz\/predskolak\/wp-content\/uploads\/2020\/06\/P\u0159ednosti-na\u0161ich-publikac\u00ed-pro-p\u0159ed\u0161koln\u00ed-vzd\u011bl\u00e1v\u00e1n\u00ed-000003.png\" alt=\"\" class=\"wp-image-87\" srcset=\"https:\/\/nns.cz\/predskolak\/wp-content\/uploads\/2020\/06\/P\u0159ednosti-na\u0161ich-publikac\u00ed-pro-p\u0159ed\u0161koln\u00ed-vzd\u011bl\u00e1v\u00e1n\u00ed-000003.png 2480w, https:\/\/nns.cz\/predskolak\/wp-content\/uploads\/2020\/06\/P\u0159ednosti-na\u0161ich-publikac\u00ed-pro-p\u0159ed\u0161koln\u00ed-vzd\u011bl\u00e1v\u00e1n\u00ed-000003-212x300.png 212w, https:\/\/nns.cz\/predskolak\/wp-content\/uploads\/2020\/06\/P\u0159ednosti-na\u0161ich-publikac\u00ed-pro-p\u0159ed\u0161koln\u00ed-vzd\u011bl\u00e1v\u00e1n\u00ed-000003-724x1024.png 724w, https:\/\/nns.cz\/predskolak\/wp-content\/uploads\/2020\/06\/P\u0159ednosti-na\u0161ich-publikac\u00ed-pro-p\u0159ed\u0161koln\u00ed-vzd\u011bl\u00e1v\u00e1n\u00ed-000003-768x1086.png 768w, https:\/\/nns.cz\/predskolak\/wp-content\/uploads\/2020\/06\/P\u0159ednosti-na\u0161ich-publikac\u00ed-pro-p\u0159ed\u0161koln\u00ed-vzd\u011bl\u00e1v\u00e1n\u00ed-000003-1086x1536.png 1086w, https:\/\/nns.cz\/predskolak\/wp-content\/uploads\/2020\/06\/P\u0159ednosti-na\u0161ich-publikac\u00ed-pro-p\u0159ed\u0161koln\u00ed-vzd\u011bl\u00e1v\u00e1n\u00ed-000003-1448x2048.png 1448w\" sizes=\"auto, (max-width: 2480px) 100vw, 2480px\" \/><\/figure><\/div>\n\n\n\n<div class=\"wp-block-image\"><figure class=\"aligncenter size-full\"><img loading=\"lazy\" decoding=\"async\" width=\"2480\" height=\"3508\" src=\"https:\/\/nns.cz\/predskolak\/wp-content\/uploads\/2020\/06\/P\u0159ednosti-na\u0161ich-publikac\u00ed-pro-p\u0159ed\u0161koln\u00ed-vzd\u011bl\u00e1v\u00e1n\u00ed-000004.png\" alt=\"\" class=\"wp-image-88\" srcset=\"https:\/\/nns.cz\/predskolak\/wp-content\/uploads\/2020\/06\/P\u0159ednosti-na\u0161ich-publikac\u00ed-pro-p\u0159ed\u0161koln\u00ed-vzd\u011bl\u00e1v\u00e1n\u00ed-000004.png 2480w, https:\/\/nns.cz\/predskolak\/wp-content\/uploads\/2020\/06\/P\u0159ednosti-na\u0161ich-publikac\u00ed-pro-p\u0159ed\u0161koln\u00ed-vzd\u011bl\u00e1v\u00e1n\u00ed-000004-212x300.png 212w, https:\/\/nns.cz\/predskolak\/wp-content\/uploads\/2020\/06\/P\u0159ednosti-na\u0161ich-publikac\u00ed-pro-p\u0159ed\u0161koln\u00ed-vzd\u011bl\u00e1v\u00e1n\u00ed-000004-724x1024.png 724w, https:\/\/nns.cz\/predskolak\/wp-content\/uploads\/2020\/06\/P\u0159ednosti-na\u0161ich-publikac\u00ed-pro-p\u0159ed\u0161koln\u00ed-vzd\u011bl\u00e1v\u00e1n\u00ed-000004-768x1086.png 768w, https:\/\/nns.cz\/predskolak\/wp-content\/uploads\/2020\/06\/P\u0159ednosti-na\u0161ich-publikac\u00ed-pro-p\u0159ed\u0161koln\u00ed-vzd\u011bl\u00e1v\u00e1n\u00ed-000004-1086x1536.png 1086w, https:\/\/nns.cz\/predskolak\/wp-content\/uploads\/2020\/06\/P\u0159ednosti-na\u0161ich-publikac\u00ed-pro-p\u0159ed\u0161koln\u00ed-vzd\u011bl\u00e1v\u00e1n\u00ed-000004-1448x2048.png 1448w\" sizes=\"auto, (max-width: 2480px) 100vw, 2480px\" \/><\/figure><\/div>\n","protected":false},"excerpt":{"rendered":"","protected":false},"author":2,"featured_media":0,"parent":63,"menu_order":0,"comment_status":"closed","ping_status":"closed","template":"","meta":{"footnotes":""},"class_list":["post-81","page","type-page","status-publish","hentry","latest_post"],"_links":{"self":[{"href":"https:\/\/nns.cz\/predskolak\/wp-json\/wp\/v2\/pages\/81","targetHints":{"allow":["GET"]}}],"collection":[{"href":"https:\/\/nns.cz\/predskolak\/wp-json\/wp\/v2\/pages"}],"about":[{"href":"https:\/\/nns.cz\/predskolak\/wp-json\/wp\/v2\/types\/page"}],"author":[{"embeddable":true,"href":"https:\/\/nns.cz\/predskolak\/wp-json\/wp\/v2\/users\/2"}],"replies":[{"embeddable":true,"href":"https:\/\/nns.cz\/predskolak\/wp-json\/wp\/v2\/comments?post=81"}],"version-history":[{"count":3,"href":"https:\/\/nns.cz\/predskolak\/wp-json\/wp\/v2\/pages\/81\/revisions"}],"predecessor-version":[{"id":117,"href":"https:\/\/nns.cz\/predskolak\/wp-json\/wp\/v2\/pages\/81\/revisions\/117"}],"up":[{"embeddable":true,"href":"https:\/\/nns.cz\/predskolak\/wp-json\/wp\/v2\/pages\/63"}],"wp:attachment":[{"href":"https:\/\/nns.cz\/predskolak\/wp-json\/wp\/v2\/media?parent=81"}],"curies":[{"name":"wp","href":"https:\/\/api.w.org\/{rel}","templated":true}]}}