{"id":772,"date":"2022-08-23T15:04:13","date_gmt":"2022-08-23T13:04:13","guid":{"rendered":"https:\/\/nns.cz\/predskolak\/?page_id=772"},"modified":"2022-11-07T14:21:16","modified_gmt":"2022-11-07T13:21:16","slug":"cesta-k-psani-s-pohadkami","status":"publish","type":"page","link":"https:\/\/nns.cz\/predskolak\/skola-je-tu\/metodicke-pokyny\/cesta-k-psani-s-pohadkami\/","title":{"rendered":"Cesta k&nbsp;psan\u00ed s&nbsp;poh\u00e1dkami"},"content":{"rendered":"\n<a href=\"https:\/\/nns.cz\/predskolak\/wp-content\/uploads\/2022\/11\/\u0160kola-je-tu_Vzd\u011bl\u00e1vac\u00ed-nab\u00eddka-P-53_listopad.pdf\" class=\"pdfemb-viewer\" style=\"\" data-width=\"max\" data-height=\"max\" data-toolbar=\"both\" data-toolbar-fixed=\"on\">\u0160kola-je-tu_Vzd\u011bl\u00e1vac\u00ed-nab\u00eddka-P-53_listopad<\/a>\n","protected":false},"excerpt":{"rendered":"","protected":false},"author":2,"featured_media":0,"parent":755,"menu_order":0,"comment_status":"closed","ping_status":"closed","template":"templates\/template-about.php","meta":{"footnotes":""},"class_list":["post-772","page","type-page","status-publish","hentry","latest_post"],"_links":{"self":[{"href":"https:\/\/nns.cz\/predskolak\/wp-json\/wp\/v2\/pages\/772","targetHints":{"allow":["GET"]}}],"collection":[{"href":"https:\/\/nns.cz\/predskolak\/wp-json\/wp\/v2\/pages"}],"about":[{"href":"https:\/\/nns.cz\/predskolak\/wp-json\/wp\/v2\/types\/page"}],"author":[{"embeddable":true,"href":"https:\/\/nns.cz\/predskolak\/wp-json\/wp\/v2\/users\/2"}],"replies":[{"embeddable":true,"href":"https:\/\/nns.cz\/predskolak\/wp-json\/wp\/v2\/comments?post=772"}],"version-history":[{"count":3,"href":"https:\/\/nns.cz\/predskolak\/wp-json\/wp\/v2\/pages\/772\/revisions"}],"predecessor-version":[{"id":958,"href":"https:\/\/nns.cz\/predskolak\/wp-json\/wp\/v2\/pages\/772\/revisions\/958"}],"up":[{"embeddable":true,"href":"https:\/\/nns.cz\/predskolak\/wp-json\/wp\/v2\/pages\/755"}],"wp:attachment":[{"href":"https:\/\/nns.cz\/predskolak\/wp-json\/wp\/v2\/media?parent=772"}],"curies":[{"name":"wp","href":"https:\/\/api.w.org\/{rel}","templated":true}]}}