{"id":762,"date":"2022-08-23T14:33:39","date_gmt":"2022-08-23T12:33:39","guid":{"rendered":"https:\/\/nns.cz\/predskolak\/?page_id=762"},"modified":"2022-11-07T14:20:08","modified_gmt":"2022-11-07T13:20:08","slug":"cesta-k-poznavani-a-cteni-s-pohadkami","status":"publish","type":"page","link":"https:\/\/nns.cz\/predskolak\/skola-je-tu\/metodicke-pokyny\/cesta-k-poznavani-a-cteni-s-pohadkami\/","title":{"rendered":"Cesta k&nbsp;pozn\u00e1v\u00e1n\u00ed a \u010dten\u00ed s&nbsp;poh\u00e1dkami"},"content":{"rendered":"\n<a href=\"https:\/\/nns.cz\/predskolak\/wp-content\/uploads\/2022\/11\/\u0160kola-je-tu_Vzd\u011bl\u00e1vac\u00ed-nab\u00eddka-P-52_listopad.pdf\" class=\"pdfemb-viewer\" style=\"\" data-width=\"max\" data-height=\"max\" data-toolbar=\"both\" data-toolbar-fixed=\"on\">\u0160kola-je-tu_Vzd\u011bl\u00e1vac\u00ed-nab\u00eddka-P-52_listopad<\/a>\n","protected":false},"excerpt":{"rendered":"","protected":false},"author":2,"featured_media":0,"parent":755,"menu_order":0,"comment_status":"closed","ping_status":"closed","template":"templates\/template-about.php","meta":{"footnotes":""},"class_list":["post-762","page","type-page","status-publish","hentry","latest_post"],"_links":{"self":[{"href":"https:\/\/nns.cz\/predskolak\/wp-json\/wp\/v2\/pages\/762","targetHints":{"allow":["GET"]}}],"collection":[{"href":"https:\/\/nns.cz\/predskolak\/wp-json\/wp\/v2\/pages"}],"about":[{"href":"https:\/\/nns.cz\/predskolak\/wp-json\/wp\/v2\/types\/page"}],"author":[{"embeddable":true,"href":"https:\/\/nns.cz\/predskolak\/wp-json\/wp\/v2\/users\/2"}],"replies":[{"embeddable":true,"href":"https:\/\/nns.cz\/predskolak\/wp-json\/wp\/v2\/comments?post=762"}],"version-history":[{"count":5,"href":"https:\/\/nns.cz\/predskolak\/wp-json\/wp\/v2\/pages\/762\/revisions"}],"predecessor-version":[{"id":957,"href":"https:\/\/nns.cz\/predskolak\/wp-json\/wp\/v2\/pages\/762\/revisions\/957"}],"up":[{"embeddable":true,"href":"https:\/\/nns.cz\/predskolak\/wp-json\/wp\/v2\/pages\/755"}],"wp:attachment":[{"href":"https:\/\/nns.cz\/predskolak\/wp-json\/wp\/v2\/media?parent=762"}],"curies":[{"name":"wp","href":"https:\/\/api.w.org\/{rel}","templated":true}]}}