{"id":755,"date":"2022-08-23T14:18:46","date_gmt":"2022-08-23T12:18:46","guid":{"rendered":"https:\/\/nns.cz\/predskolak\/?page_id=755"},"modified":"2023-04-13T11:44:13","modified_gmt":"2023-04-13T09:44:13","slug":"metodicke-pokyny","status":"publish","type":"page","link":"https:\/\/nns.cz\/predskolak\/skola-je-tu\/metodicke-pokyny\/","title":{"rendered":"Metodick\u00e9 pokyny"},"content":{"rendered":"\n<p><a rel=\"noreferrer noopener\" href=\"https:\/\/nns.cz\/predskolak\/skola-je-tu\/metodicke-pokyny\/cesta-k-poznavani-a-cteni-s-pohadkami\/\" target=\"_blank\"><span class=\"has-inline-color has-luminous-vivid-amber-color\"><strong>Cesta k\u00a0pozn\u00e1v\u00e1n\u00ed a \u010dten\u00ed s\u00a0poh\u00e1dkami<\/strong><\/span><\/a><\/p>\n\n\n\n<p><a rel=\"noreferrer noopener\" href=\"https:\/\/nns.cz\/predskolak\/skola-je-tu\/metodicke-pokyny\/cesta-k-psani-s-pohadkami\/\" target=\"_blank\"><span class=\"has-inline-color has-vivid-red-color\"><strong>Cesta k\u00a0psan\u00ed s\u00a0poh\u00e1dkami<\/strong><\/span><\/a><\/p>\n\n\n\n<p><a rel=\"noreferrer noopener\" href=\"https:\/\/nns.cz\/predskolak\/skola-je-tu\/metodicke-pokyny\/cesta-k-pocitani-s-pohadkami\/\" target=\"_blank\"><span class=\"has-inline-color has-vivid-cyan-blue-color\"><strong>Cesta k\u00a0po\u010d\u00edt\u00e1n\u00ed s\u00a0poh\u00e1dkami<\/strong><\/span><\/a><\/p>\n","protected":false},"excerpt":{"rendered":"<p>Cesta k\u00a0pozn\u00e1v\u00e1n\u00ed a \u010dten\u00ed s\u00a0poh\u00e1dkami Cesta k\u00a0psan\u00ed s\u00a0poh\u00e1dkami Cesta k\u00a0po\u010d\u00edt\u00e1n\u00ed s\u00a0poh\u00e1dkami<\/p>\n","protected":false},"author":3,"featured_media":0,"parent":1377,"menu_order":0,"comment_status":"closed","ping_status":"closed","template":"","meta":{"footnotes":""},"class_list":["post-755","page","type-page","status-publish","hentry","latest_post"],"_links":{"self":[{"href":"https:\/\/nns.cz\/predskolak\/wp-json\/wp\/v2\/pages\/755","targetHints":{"allow":["GET"]}}],"collection":[{"href":"https:\/\/nns.cz\/predskolak\/wp-json\/wp\/v2\/pages"}],"about":[{"href":"https:\/\/nns.cz\/predskolak\/wp-json\/wp\/v2\/types\/page"}],"author":[{"embeddable":true,"href":"https:\/\/nns.cz\/predskolak\/wp-json\/wp\/v2\/users\/3"}],"replies":[{"embeddable":true,"href":"https:\/\/nns.cz\/predskolak\/wp-json\/wp\/v2\/comments?post=755"}],"version-history":[{"count":6,"href":"https:\/\/nns.cz\/predskolak\/wp-json\/wp\/v2\/pages\/755\/revisions"}],"predecessor-version":[{"id":884,"href":"https:\/\/nns.cz\/predskolak\/wp-json\/wp\/v2\/pages\/755\/revisions\/884"}],"up":[{"embeddable":true,"href":"https:\/\/nns.cz\/predskolak\/wp-json\/wp\/v2\/pages\/1377"}],"wp:attachment":[{"href":"https:\/\/nns.cz\/predskolak\/wp-json\/wp\/v2\/media?parent=755"}],"curies":[{"name":"wp","href":"https:\/\/api.w.org\/{rel}","templated":true}]}}