{"id":63,"date":"2020-06-15T10:00:52","date_gmt":"2020-06-15T08:00:52","guid":{"rendered":"https:\/\/nns.cz\/predskolak\/?page_id=63"},"modified":"2025-03-04T17:46:11","modified_gmt":"2025-03-04T16:46:11","slug":"zapis-je-tu","status":"publish","type":"page","link":"https:\/\/nns.cz\/predskolak\/zapis-je-tu\/","title":{"rendered":""},"content":{"rendered":"\n<p><\/p>\n\n\n\n<h1 class=\"wp-block-heading\"><\/h1>\n\n\n\n<p><strong><mark style=\"background-color:rgba(0, 0, 0, 0)\" class=\"has-inline-color has-vivid-red-color\">Z<\/mark><mark style=\"background-color:rgba(0, 0, 0, 0)\" class=\"has-inline-color has-luminous-vivid-amber-color\">\u00c1<\/mark><mark style=\"background-color:rgba(0, 0, 0, 0)\" class=\"has-inline-color has-vivid-green-cyan-color\">P<\/mark><mark style=\"background-color:rgba(0, 0, 0, 0)\" class=\"has-inline-color has-pale-pink-color\">I<\/mark><mark style=\"background-color:rgba(0, 0, 0, 0)\" class=\"has-inline-color has-vivid-cyan-blue-color\">S<\/mark> <mark style=\"background-color:rgba(0, 0, 0, 0)\" class=\"has-inline-color has-luminous-vivid-amber-color\">J<\/mark><mark style=\"background-color:rgba(0, 0, 0, 0)\" class=\"has-inline-color has-vivid-green-cyan-color\">E<\/mark><mark style=\"background-color:rgba(0, 0, 0, 0)\" class=\"has-inline-color has-vivid-purple-color\"> T<\/mark><mark style=\"background-color:rgba(0, 0, 0, 0)\" class=\"has-inline-color has-pale-pink-color\">U<\/mark><\/strong> <strong>obsahuje z\u00e1klad<\/strong>, kter\u00fd pot\u0159ebuje zn\u00e1t ka\u017ed\u00fd p\u0159ed\u0161kol\u00e1k k&nbsp;z\u00e1pisu: pozn\u00e1v\u00e1n\u00ed barev, tvar\u016f, orientace v&nbsp;prostoru i v&nbsp;\u010dase, p\u0159edpo\u010detn\u00ed p\u0159edstavy a dovednosti atd. To v\u0161e v&nbsp;neot\u0159el\u00e9, z\u00e1bavn\u00e9 a p\u0159itom odborn\u011b zpracovan\u00e9 podob\u011b.<\/p>\n\n\n\n<div class=\"inventory\" data-filter=\"false\" data-next=\"false\" data-cart=\"false\" data-ids=\"1649\"><\/div>\n\n\n\n<div style=\"height:13px\" aria-hidden=\"true\" class=\"wp-block-spacer\"><\/div>\n\n\n\n<p><a href=\"https:\/\/nns.cz\/predskolak\/zapis-je-tu\/predstaveni-pracovni-ucebnice\/\" target=\"_blank\" rel=\"noreferrer noopener\"><strong>P\u0159edstaven\u00ed pracovn\u00ed u\u010debnice<\/strong><\/a><\/p>\n\n\n\n<p><a href=\"https:\/\/nns.cz\/predskolak\/zapis-je-tu\/miuc\/\" target=\"_blank\" rel=\"noreferrer noopener\"><strong>MIU\u010d+<em> Z\u00e1pis je tu<\/em><\/strong><\/a><\/p>\n\n\n\n<p><a href=\"https:\/\/nns.cz\/predskolak\/zapis-je-tu\/jak-pracovat-s-miuc\/\" target=\"_blank\" rel=\"noreferrer noopener\"><strong>Jak pracovat s&nbsp;MIU\u010d+<\/strong><\/a><\/p>\n\n\n<div class=\"wp-block-image is-resized\">\n<figure class=\"alignright size-medium\"><a href=\"https:\/\/www.mediacreator.cz\/mc\/index.php?opentitle=Zapis_je_tu_ua\/Zapis_je_tu_ua.mc&amp;pagesyncid=cQHwLEXh96Vq2\" target=\"_blank\" rel=\"noopener noreferrer\"><img loading=\"lazy\" decoding=\"async\" width=\"300\" height=\"200\" src=\"https:\/\/nns.cz\/predskolak\/wp-content\/uploads\/2022\/05\/ua-vlajka-300x200.jpg\" alt=\"\" class=\"wp-image-737\" style=\"width:102px;height:auto\" srcset=\"https:\/\/nns.cz\/predskolak\/wp-content\/uploads\/2022\/05\/ua-vlajka-300x200.jpg 300w, https:\/\/nns.cz\/predskolak\/wp-content\/uploads\/2022\/05\/ua-vlajka-1024x683.jpg 1024w, https:\/\/nns.cz\/predskolak\/wp-content\/uploads\/2022\/05\/ua-vlajka-768x512.jpg 768w, https:\/\/nns.cz\/predskolak\/wp-content\/uploads\/2022\/05\/ua-vlajka-1536x1024.jpg 1536w, https:\/\/nns.cz\/predskolak\/wp-content\/uploads\/2022\/05\/ua-vlajka-272x182.jpg 272w, https:\/\/nns.cz\/predskolak\/wp-content\/uploads\/2022\/05\/ua-vlajka.jpg 1600w\" sizes=\"auto, (max-width: 300px) 100vw, 300px\" \/><\/a><\/figure><\/div>\n\n\n<p><a rel=\"noreferrer noopener\" href=\"https:\/\/www.mediacreator.cz\/mc\/index.php?opentitle=Zapis_je_tu_ua\/Zapis_je_tu_ua.mc&amp;pagesyncid=cQHwLEXh96Vq2\" target=\"_blank\">MIU\u010d+ <em>Z\u00e1pis je tu<\/em> v&nbsp;ukrajin\u0161tin\u011b: <em>\u0427\u0430\u0441 \u0434\u043e \u0448\u043a\u043e\u043b\u0438<\/em><\/a><\/p>\n\n\n\n<p><a rel=\"noreferrer noopener\" href=\"https:\/\/nns.cz\/predskolak\/zapis-je-tu-ua\/\" target=\"_blank\">\u042f\u043a \u043f\u0440\u0430\u0446\u044e\u0432\u0430\u0442\u0438 \u0437 MIU\u010d+<\/a><\/p>\n\n\n\n<p><a href=\"https:\/\/nns.cz\/predskolak\/zapis-je-tu\/videoukazky\/\" target=\"_blank\" rel=\"noreferrer noopener\"><strong>Videouk\u00e1zky<\/strong><\/a><\/p>\n\n\n\n<p><a href=\"https:\/\/nns.cz\/predskolak\/zapis-je-tu\/velikonocni-pracovni-listy\/\" target=\"_blank\" rel=\"noreferrer noopener\"><strong>Velikono\u010dn\u00ed pracovn\u00ed listy<\/strong><\/a><\/p>\n\n\n\n<p><a href=\"https:\/\/nns.cz\/predskolak\/zapis-je-tu\/prednosti-nasich-publikaci-pro-predskolni-vzdelavani\/\" target=\"_blank\" rel=\"noreferrer noopener\"><strong>P\u0159ednosti na\u0161\u00ed publikace pro p\u0159ed\u0161koln\u00ed vzd\u011bl\u00e1v\u00e1n\u00ed<\/strong><\/a><\/p>\n\n\n\n<p><a href=\"https:\/\/nns.cz\/predskolak\/zapis-je-tu\/zapis-je-tu-v-mediich\/\" target=\"_blank\" rel=\"noreferrer noopener\"><strong><em>Z\u00e1pis je tu<\/em> v&nbsp;m\u00e9di\u00edch<\/strong><\/a><\/p>\n\n\n\n<p><a href=\"https:\/\/nns.cz\/predskolak\/zapis-je-tu\/rozhovor-s-autorkou-publikace\/\" target=\"_blank\" rel=\"noreferrer noopener\"><strong>Rozhovor s&nbsp;autorkou publikace<\/strong><\/a><\/p>\n\n\n\n<p><a href=\"https:\/\/nns.cz\/predskolak\/zapis-je-tu\/zalozky-ke-stazeni\/\" target=\"_blank\" rel=\"noreferrer noopener\"><strong>Z\u00e1lo\u017eky ke sta\u017een\u00ed<\/strong><\/a><\/p>\n\n\n\n<p><a href=\"https:\/\/nns.cz\/predskolak\/zapis-je-tu\/zapis-je-tu-v-nasem-katalogu\/\" target=\"_blank\" rel=\"noreferrer noopener\"><strong><em>Z\u00e1pis je tu<\/em> v&nbsp;na\u0161em katalogu<\/strong><\/a><\/p>\n\n\n\n<p><a href=\"https:\/\/nns.cz\/predskolak\/zapis-je-tu\/metodicke-pokyny\/\" target=\"_blank\" rel=\"noreferrer noopener\"><strong>Metodick\u00e9 pokyny<\/strong><\/a><\/p>\n\n\n\n<p><a href=\"https:\/\/nns.cz\/predskolak\/odborna-a-pedagogicka-spoluprace\/\" target=\"_blank\" rel=\"noreferrer noopener\"><strong>Odborn\u00e1 a pedagogick\u00e1 spolupr\u00e1ce<\/strong><\/a><\/p>\n\n\n\n<p><\/p>\n\n\n<div class=\"wp-block-image\">\n<figure class=\"alignleft size-large is-resized\"><a href=\"https:\/\/nns.cz\/predskolak\/wp-content\/uploads\/2022\/08\/1649_high-zapis-je-tu.jpg\"><img loading=\"lazy\" decoding=\"async\" width=\"660\" height=\"1024\" src=\"https:\/\/nns.cz\/predskolak\/wp-content\/uploads\/2022\/08\/1649_high-zapis-je-tu-660x1024.jpg\" alt=\"\" class=\"wp-image-781\" style=\"width:353px;height:auto\" srcset=\"https:\/\/nns.cz\/predskolak\/wp-content\/uploads\/2022\/08\/1649_high-zapis-je-tu-660x1024.jpg 660w, https:\/\/nns.cz\/predskolak\/wp-content\/uploads\/2022\/08\/1649_high-zapis-je-tu-193x300.jpg 193w, https:\/\/nns.cz\/predskolak\/wp-content\/uploads\/2022\/08\/1649_high-zapis-je-tu-768x1191.jpg 768w, https:\/\/nns.cz\/predskolak\/wp-content\/uploads\/2022\/08\/1649_high-zapis-je-tu.jpg 848w\" sizes=\"auto, (max-width: 660px) 100vw, 660px\" \/><\/a><\/figure><\/div>","protected":false},"excerpt":{"rendered":"<p>Z\u00c1PIS JE TU obsahuje z\u00e1klad, kter\u00fd pot\u0159ebuje zn\u00e1t ka\u017ed\u00fd p\u0159ed\u0161kol\u00e1k k&nbsp;z\u00e1pisu: pozn\u00e1v\u00e1n\u00ed barev, tvar\u016f, orientace v&nbsp;prostoru i v&nbsp;\u010dase, p\u0159edpo\u010detn\u00ed p\u0159edstavy a dovednosti atd. To v\u0161e v&nbsp;neot\u0159el\u00e9, z\u00e1bavn\u00e9 a p\u0159itom odborn\u011b zpracovan\u00e9 podob\u011b. P\u0159edstaven\u00ed pracovn\u00ed u\u010debnice MIU\u010d+ Z\u00e1pis je tu Jak pracovat s&nbsp;MIU\u010d+ MIU\u010d+ Z\u00e1pis je tu v&nbsp;ukrajin\u0161tin\u011b: \u0427\u0430\u0441 \u0434\u043e \u0448\u043a\u043e\u043b\u0438 \u042f\u043a \u043f\u0440\u0430\u0446\u044e\u0432\u0430\u0442\u0438 \u0437 MIU\u010d+ Videouk\u00e1zky [&hellip;]<\/p>\n","protected":false},"author":2,"featured_media":1153,"parent":0,"menu_order":0,"comment_status":"closed","ping_status":"closed","template":"templates\/template-about.php","meta":{"footnotes":""},"class_list":["post-63","page","type-page","status-publish","has-post-thumbnail","hentry","latest_post"],"_links":{"self":[{"href":"https:\/\/nns.cz\/predskolak\/wp-json\/wp\/v2\/pages\/63","targetHints":{"allow":["GET"]}}],"collection":[{"href":"https:\/\/nns.cz\/predskolak\/wp-json\/wp\/v2\/pages"}],"about":[{"href":"https:\/\/nns.cz\/predskolak\/wp-json\/wp\/v2\/types\/page"}],"author":[{"embeddable":true,"href":"https:\/\/nns.cz\/predskolak\/wp-json\/wp\/v2\/users\/2"}],"replies":[{"embeddable":true,"href":"https:\/\/nns.cz\/predskolak\/wp-json\/wp\/v2\/comments?post=63"}],"version-history":[{"count":112,"href":"https:\/\/nns.cz\/predskolak\/wp-json\/wp\/v2\/pages\/63\/revisions"}],"predecessor-version":[{"id":2488,"href":"https:\/\/nns.cz\/predskolak\/wp-json\/wp\/v2\/pages\/63\/revisions\/2488"}],"wp:featuredmedia":[{"embeddable":true,"href":"https:\/\/nns.cz\/predskolak\/wp-json\/wp\/v2\/media\/1153"}],"wp:attachment":[{"href":"https:\/\/nns.cz\/predskolak\/wp-json\/wp\/v2\/media?parent=63"}],"curies":[{"name":"wp","href":"https:\/\/api.w.org\/{rel}","templated":true}]}}