{"id":59,"date":"2020-06-15T09:59:46","date_gmt":"2020-06-15T07:59:46","guid":{"rendered":"https:\/\/nns.cz\/predskolak\/?page_id=59"},"modified":"2022-11-28T12:57:32","modified_gmt":"2022-11-28T11:57:32","slug":"metodicke-pokyny","status":"publish","type":"page","link":"https:\/\/nns.cz\/predskolak\/zapis-je-tu\/metodicke-pokyny\/","title":{"rendered":"Metodick\u00e9 pokyny"},"content":{"rendered":"\n<figure class=\"wp-block-embed-youtube aligncenter wp-block-embed is-type-video is-provider-youtube wp-embed-aspect-16-9 wp-has-aspect-ratio\"><div class=\"wp-block-embed__wrapper\">\n<iframe loading=\"lazy\" title=\"Z\u00e1pis je tu \u2013 pracovn\u00ed u\u010debnice pro p\u0159ed\u0161kol\u00e1ky (uk\u00e1zka)\" width=\"832\" height=\"468\" src=\"https:\/\/www.youtube.com\/embed\/jAY3pzCXtqo?feature=oembed\" frameborder=\"0\" allow=\"accelerometer; autoplay; clipboard-write; encrypted-media; gyroscope; picture-in-picture\" allowfullscreen><\/iframe>\n<\/div><\/figure>\n\n\n\n<div class=\"wp-block-image\"><figure class=\"alignleft size-large\"><img loading=\"lazy\" decoding=\"async\" width=\"724\" height=\"1024\" src=\"https:\/\/nns.cz\/predskolak\/wp-content\/uploads\/2022\/11\/z\u00e1pis_str-4-s-vodoznakem-nns-724x1024.jpg\" alt=\"\" class=\"wp-image-997\" srcset=\"https:\/\/nns.cz\/predskolak\/wp-content\/uploads\/2022\/11\/z\u00e1pis_str-4-s-vodoznakem-nns-724x1024.jpg 724w, https:\/\/nns.cz\/predskolak\/wp-content\/uploads\/2022\/11\/z\u00e1pis_str-4-s-vodoznakem-nns-212x300.jpg 212w, https:\/\/nns.cz\/predskolak\/wp-content\/uploads\/2022\/11\/z\u00e1pis_str-4-s-vodoznakem-nns-768x1086.jpg 768w, https:\/\/nns.cz\/predskolak\/wp-content\/uploads\/2022\/11\/z\u00e1pis_str-4-s-vodoznakem-nns-1086x1536.jpg 1086w, https:\/\/nns.cz\/predskolak\/wp-content\/uploads\/2022\/11\/z\u00e1pis_str-4-s-vodoznakem-nns-1448x2048.jpg 1448w, https:\/\/nns.cz\/predskolak\/wp-content\/uploads\/2022\/11\/z\u00e1pis_str-4-s-vodoznakem-nns.jpg 1654w\" sizes=\"auto, (max-width: 724px) 100vw, 724px\" \/><\/figure><\/div>\n\n\n\n<p><\/p>\n\n\n\n<h2 class=\"wp-block-heading\"><strong><span class=\"has-inline-color has-luminous-vivid-orange-color\">Metodick\u00e9 pokyny<\/span><\/strong><\/h2>\n\n\n\n<h3 class=\"wp-block-heading\"><a rel=\"noreferrer noopener\" href=\"https:\/\/nns.cz\/predskolak\/metodicke-pokyny\/strana-1\/\" target=\"_blank\">Strana 1<\/a><\/h3>\n\n\n\n<h3 class=\"wp-block-heading\"><a rel=\"noreferrer noopener\" href=\"https:\/\/nns.cz\/predskolak\/metodicke-pokyny\/strana-2-3\/\" target=\"_blank\"><strong>Strana 2, 3<\/strong><\/a><\/h3>\n\n\n\n<h3 class=\"wp-block-heading\"><strong><a href=\"https:\/\/nns.cz\/predskolak\/zapis-je-tu\/metodicke-pokyny\/strana-4\/\" target=\"_blank\" rel=\"noreferrer noopener\">Strana 4<\/a><\/strong><\/h3>\n\n\n\n<h3 class=\"wp-block-heading\"><strong><a href=\"https:\/\/nns.cz\/predskolak\/zapis-je-tu\/metodicke-pokyny\/strana-5\/\" target=\"_blank\" rel=\"noreferrer noopener\">Strana 5<\/a><\/strong><\/h3>\n","protected":false},"excerpt":{"rendered":"<p>Metodick\u00e9 pokyny Strana 1 Strana 2, 3 Strana 4 Strana 5<\/p>\n","protected":false},"author":2,"featured_media":0,"parent":63,"menu_order":0,"comment_status":"closed","ping_status":"closed","template":"templates\/template-about.php","meta":{"footnotes":""},"class_list":["post-59","page","type-page","status-publish","hentry","latest_post"],"_links":{"self":[{"href":"https:\/\/nns.cz\/predskolak\/wp-json\/wp\/v2\/pages\/59","targetHints":{"allow":["GET"]}}],"collection":[{"href":"https:\/\/nns.cz\/predskolak\/wp-json\/wp\/v2\/pages"}],"about":[{"href":"https:\/\/nns.cz\/predskolak\/wp-json\/wp\/v2\/types\/page"}],"author":[{"embeddable":true,"href":"https:\/\/nns.cz\/predskolak\/wp-json\/wp\/v2\/users\/2"}],"replies":[{"embeddable":true,"href":"https:\/\/nns.cz\/predskolak\/wp-json\/wp\/v2\/comments?post=59"}],"version-history":[{"count":32,"href":"https:\/\/nns.cz\/predskolak\/wp-json\/wp\/v2\/pages\/59\/revisions"}],"predecessor-version":[{"id":1005,"href":"https:\/\/nns.cz\/predskolak\/wp-json\/wp\/v2\/pages\/59\/revisions\/1005"}],"up":[{"embeddable":true,"href":"https:\/\/nns.cz\/predskolak\/wp-json\/wp\/v2\/pages\/63"}],"wp:attachment":[{"href":"https:\/\/nns.cz\/predskolak\/wp-json\/wp\/v2\/media?parent=59"}],"curies":[{"name":"wp","href":"https:\/\/api.w.org\/{rel}","templated":true}]}}