{"id":57,"date":"2020-06-15T09:58:37","date_gmt":"2020-06-15T07:58:37","guid":{"rendered":"https:\/\/nns.cz\/predskolak\/?page_id=57"},"modified":"2023-06-09T08:10:08","modified_gmt":"2023-06-09T06:10:08","slug":"odborna-a-pedagogicka-spoluprace","status":"publish","type":"page","link":"https:\/\/nns.cz\/predskolak\/odborna-a-pedagogicka-spoluprace\/","title":{"rendered":"Odborn\u00e1 a pedagogick\u00e1 spolupr\u00e1ce"},"content":{"rendered":"\n<p>P\u0159i tvorb\u011b na\u0161ich publikac\u00ed pro p\u0159ed\u0161koln\u00ed vzd\u011bl\u00e1v\u00e1n\u00ed <strong>spolupracujeme s&nbsp;odborn\u00edky z&nbsp;Pedagogick\u00e9 fakulty MU a pedagogy ze z\u00e1kladn\u00edch a mate\u0159sk\u00fdch \u0161kol z&nbsp;Brna, ze Syrovic a z&nbsp;Prahy.<\/strong><\/p>\n\n\n\n<p>Ka\u017ed\u00e1 publikace m\u00e1 sv\u00e9ho odborn\u00e9ho garanta, v&nbsp;sou\u010dasn\u00e9 dob\u011b je j\u00edm <strong><a href=\"https:\/\/www.muni.cz\/lide\/2749-hana-horka\" target=\"_blank\" rel=\"noreferrer noopener\">doc. PaedDr. Hana Hork\u00e1, CSc.<\/a><\/strong><\/p>\n\n\n\n<p>Koncepce publikac\u00ed p\u0159ed samotnou tvorbou i v&nbsp;pr\u016fb\u011bhu jejich vzniku konzultujeme s&nbsp;elementaristy, nyn\u00ed spolupracujeme s&nbsp;<strong>Mgr. Radkou Skopalovou <\/strong>ze <strong><a rel=\"noreferrer noopener\" href=\"http:\/\/zshusovabrno.cz\/\" target=\"_blank\">Z\u0160 a M\u0160 Husova<\/a><\/strong> z&nbsp;Brna, kter\u00e1 je fakultn\u00ed \u0161kolou Masarykovy univerzity a tak\u00e9 pilotn\u00ed \u0161kolou \u010desk\u00fdch daltonsk\u00fdch \u0161kol.<\/p>\n\n\n\n<p>Aktivn\u011b spolupracujeme s&nbsp;d\u011btmi a vyu\u010duj\u00edc\u00edmi z&nbsp;mate\u0159sk\u00fdch \u0161kol. Publikace vznikaj\u00edc\u00ed v&nbsp;tuto dobu konzultujeme s&nbsp;pan\u00ed u\u010ditelkou <strong>Bc. Marianou Vrb\u00edkovou<\/strong> z&nbsp;<a href=\"https:\/\/www.skolasquare.cz\/skolka-bambino\" target=\"_blank\" rel=\"noreferrer noopener\"><strong>M\u0160 Bamb\u00edno<\/strong> <strong>na Vinohradech v&nbsp;Praze<\/strong><\/a> a pan\u00ed \u0159editelkou <strong>Mgr. Mark\u00e9tou Ber\u00e1nkovou<\/strong> ze <a rel=\"noreferrer noopener\" href=\"https:\/\/www.skolasyrovice.cz\/\" target=\"_blank\"><strong>Z\u0160 a M\u0160 Syrovice<\/strong><\/a>. P\u0159i tvorb\u011b pracovn\u00edch u\u010debnic \u0160kola je tu se do na\u0161eho t\u00fdmu p\u0159ipojila pan\u00ed u\u010ditelka <strong>Mgr. Pavla Svobodov\u00e1<\/strong> ze <strong><a rel=\"noreferrer noopener\" href=\"https:\/\/www.kotlarska.cz\/\" target=\"_blank\">Z\u0160 a M\u0160 Kotl\u00e1\u0159sk\u00e1 z&nbsp;Brna<\/a><\/strong>.<\/p>\n\n\n\n<figure class=\"wp-block-image size-full\"><a href=\"https:\/\/nns.cz\/predskolak\/wp-content\/uploads\/2023\/04\/odborn\u00e1-spolupr\u00e1ce-scaled.jpg\"><img loading=\"lazy\" decoding=\"async\" width=\"2560\" height=\"823\" src=\"https:\/\/nns.cz\/predskolak\/wp-content\/uploads\/2023\/04\/odborn\u00e1-spolupr\u00e1ce-scaled.jpg\" alt=\"\" class=\"wp-image-1417\" srcset=\"https:\/\/nns.cz\/predskolak\/wp-content\/uploads\/2023\/04\/odborn\u00e1-spolupr\u00e1ce-scaled.jpg 2560w, https:\/\/nns.cz\/predskolak\/wp-content\/uploads\/2023\/04\/odborn\u00e1-spolupr\u00e1ce-300x96.jpg 300w, https:\/\/nns.cz\/predskolak\/wp-content\/uploads\/2023\/04\/odborn\u00e1-spolupr\u00e1ce-1024x329.jpg 1024w, https:\/\/nns.cz\/predskolak\/wp-content\/uploads\/2023\/04\/odborn\u00e1-spolupr\u00e1ce-768x247.jpg 768w, https:\/\/nns.cz\/predskolak\/wp-content\/uploads\/2023\/04\/odborn\u00e1-spolupr\u00e1ce-1536x494.jpg 1536w, https:\/\/nns.cz\/predskolak\/wp-content\/uploads\/2023\/04\/odborn\u00e1-spolupr\u00e1ce-2048x658.jpg 2048w\" sizes=\"auto, (max-width: 2560px) 100vw, 2560px\" \/><\/a><\/figure>\n\n\n\n<p>Na tvorb\u011b \u00fakol\u016f se pod\u00edlej\u00ed <strong>p\u0159ed\u0161kol\u00e1ci<\/strong>. Moc se t\u011b\u0161\u00ed i na to, a\u017e je budou moci vyzkou\u0161et v&nbsp;interaktivn\u00ed verzi. C\u00edt\u00ed se b\u00fdt sou\u010d\u00e1st\u00ed pracovn\u00edho t\u00fdmu. Jejich p\u0159ipom\u00ednek si velmi v\u00e1\u017e\u00edme a jsme jim vd\u011b\u010dni za pomoc, d\u00edky kter\u00e9 jsou publikace pln\u00e9 \u017eivota.<\/p>\n\n\n\n<p>V\u00e1\u017e\u00edme si post\u0159eh\u016f v\u0161ech pedagog\u016f, kte\u0159\u00ed vnesli do publikac\u00ed sv\u00e9 letit\u00e9 pedagogick\u00e9 zku\u0161enosti a tvo\u0159iv\u00e9 n\u00e1pady.<\/p>\n\n\n\n<p>D\u011bkujeme za spolupr\u00e1ci.<\/p>\n\n\n\n<div class=\"wp-block-image\"><figure class=\"aligncenter size-medium\"><img loading=\"lazy\" decoding=\"async\" width=\"300\" height=\"177\" src=\"https:\/\/nns.cz\/predskolak\/wp-content\/uploads\/2021\/10\/logo-predskolak-300x177.png\" alt=\"\" class=\"wp-image-436\" srcset=\"https:\/\/nns.cz\/predskolak\/wp-content\/uploads\/2021\/10\/logo-predskolak-300x177.png 300w, https:\/\/nns.cz\/predskolak\/wp-content\/uploads\/2021\/10\/logo-predskolak-1024x605.png 1024w, https:\/\/nns.cz\/predskolak\/wp-content\/uploads\/2021\/10\/logo-predskolak-768x453.png 768w, https:\/\/nns.cz\/predskolak\/wp-content\/uploads\/2021\/10\/logo-predskolak-1536x907.png 1536w, https:\/\/nns.cz\/predskolak\/wp-content\/uploads\/2021\/10\/logo-predskolak-2048x1209.png 2048w\" sizes=\"auto, (max-width: 300px) 100vw, 300px\" \/><\/figure><\/div>\n","protected":false},"excerpt":{"rendered":"<p>P\u0159i tvorb\u011b na\u0161ich publikac\u00ed pro p\u0159ed\u0161koln\u00ed vzd\u011bl\u00e1v\u00e1n\u00ed spolupracujeme s&nbsp;odborn\u00edky z&nbsp;Pedagogick\u00e9 fakulty MU a pedagogy ze z\u00e1kladn\u00edch a mate\u0159sk\u00fdch \u0161kol z&nbsp;Brna, ze Syrovic a z&nbsp;Prahy. Ka\u017ed\u00e1 publikace m\u00e1 sv\u00e9ho odborn\u00e9ho garanta, v&nbsp;sou\u010dasn\u00e9 dob\u011b je j\u00edm doc. PaedDr. Hana Hork\u00e1, CSc. Koncepce publikac\u00ed p\u0159ed samotnou tvorbou i v&nbsp;pr\u016fb\u011bhu jejich vzniku konzultujeme s&nbsp;elementaristy, nyn\u00ed spolupracujeme s&nbsp;Mgr. Radkou Skopalovou [&hellip;]<\/p>\n","protected":false},"author":2,"featured_media":0,"parent":0,"menu_order":0,"comment_status":"closed","ping_status":"closed","template":"templates\/template-about.php","meta":{"footnotes":""},"class_list":["post-57","page","type-page","status-publish","hentry","latest_post"],"_links":{"self":[{"href":"https:\/\/nns.cz\/predskolak\/wp-json\/wp\/v2\/pages\/57","targetHints":{"allow":["GET"]}}],"collection":[{"href":"https:\/\/nns.cz\/predskolak\/wp-json\/wp\/v2\/pages"}],"about":[{"href":"https:\/\/nns.cz\/predskolak\/wp-json\/wp\/v2\/types\/page"}],"author":[{"embeddable":true,"href":"https:\/\/nns.cz\/predskolak\/wp-json\/wp\/v2\/users\/2"}],"replies":[{"embeddable":true,"href":"https:\/\/nns.cz\/predskolak\/wp-json\/wp\/v2\/comments?post=57"}],"version-history":[{"count":10,"href":"https:\/\/nns.cz\/predskolak\/wp-json\/wp\/v2\/pages\/57\/revisions"}],"predecessor-version":[{"id":1523,"href":"https:\/\/nns.cz\/predskolak\/wp-json\/wp\/v2\/pages\/57\/revisions\/1523"}],"wp:attachment":[{"href":"https:\/\/nns.cz\/predskolak\/wp-json\/wp\/v2\/media?parent=57"}],"curies":[{"name":"wp","href":"https:\/\/api.w.org\/{rel}","templated":true}]}}