{"id":558,"date":"2022-01-21T09:37:15","date_gmt":"2022-01-21T08:37:15","guid":{"rendered":"https:\/\/nns.cz\/predskolak\/?page_id=558"},"modified":"2023-04-13T11:42:24","modified_gmt":"2023-04-13T09:42:24","slug":"prilohy-pracovnich-ucebnic","status":"publish","type":"page","link":"https:\/\/nns.cz\/predskolak\/skola-je-tu\/prilohy-pracovnich-ucebnic\/","title":{"rendered":"P\u0159\u00edlohy pracovn\u00edch u\u010debnic"},"content":{"rendered":"\n<p><strong><a rel=\"noreferrer noopener\" href=\"https:\/\/nns.cz\/predskolak\/skola-je-tu\/prilohy-pracovnich-ucebnic\/pohadkova-leporela\/\" target=\"_blank\"><span class=\"has-inline-color has-luminous-vivid-amber-color\">Poh\u00e1dkov\u00e1 leporela<\/span><\/a><\/strong><\/p>\n\n\n\n<p style=\"color:#3aaa35\" class=\"has-text-color\"><a rel=\"noreferrer noopener\" href=\"https:\/\/nns.cz\/predskolak\/skola-je-tu\/prilohy-pracovnich-ucebnic\/pojdte-si-hrat-s-loutkami\/\" target=\"_blank\"><strong><span style=\"color:#fc031c\" class=\"has-inline-color\">Poj\u010fte si hr\u00e1t s&nbsp;loutkami<\/span><\/strong><\/a><\/p>\n\n\n\n<p><a rel=\"noreferrer noopener\" href=\"https:\/\/nns.cz\/predskolak\/skola-je-tu\/prilohy-pracovnich-ucebnic\/zabavne-pocitani-se-samolepkami\/\" target=\"_blank\"><span class=\"has-inline-color has-vivid-cyan-blue-color\"><strong>Z\u00e1bavn\u00e9 po\u010d\u00edt\u00e1n\u00ed se samolepkami<\/strong><\/span><\/a><\/p>\n\n\n\n<figure class=\"wp-block-gallery columns-2 wp-block-gallery-1 is-layout-flex wp-block-gallery-is-layout-flex\"><ul class=\"blocks-gallery-grid\"><li class=\"blocks-gallery-item\"><figure><img loading=\"lazy\" decoding=\"async\" width=\"1600\" height=\"2263\" src=\"https:\/\/nns.cz\/predskolak\/wp-content\/uploads\/2021\/12\/opt_P-52_titulka.png\" alt=\"\" data-id=\"457\" data-full-url=\"https:\/\/nns.cz\/predskolak\/wp-content\/uploads\/2021\/12\/opt_P-52_titulka.png\" data-link=\"https:\/\/nns.cz\/predskolak\/opt_p-52_titulka\/\" class=\"wp-image-457\" srcset=\"https:\/\/nns.cz\/predskolak\/wp-content\/uploads\/2021\/12\/opt_P-52_titulka.png 1600w, https:\/\/nns.cz\/predskolak\/wp-content\/uploads\/2021\/12\/opt_P-52_titulka-212x300.png 212w, https:\/\/nns.cz\/predskolak\/wp-content\/uploads\/2021\/12\/opt_P-52_titulka-724x1024.png 724w, https:\/\/nns.cz\/predskolak\/wp-content\/uploads\/2021\/12\/opt_P-52_titulka-768x1086.png 768w, https:\/\/nns.cz\/predskolak\/wp-content\/uploads\/2021\/12\/opt_P-52_titulka-1086x1536.png 1086w, https:\/\/nns.cz\/predskolak\/wp-content\/uploads\/2021\/12\/opt_P-52_titulka-1448x2048.png 1448w\" sizes=\"auto, (max-width: 1600px) 100vw, 1600px\" \/><\/figure><\/li><li class=\"blocks-gallery-item\"><figure><img loading=\"lazy\" decoding=\"async\" width=\"894\" height=\"839\" src=\"https:\/\/nns.cz\/predskolak\/wp-content\/uploads\/2022\/09\/0_00_02.jpg\" alt=\"\" data-id=\"847\" data-full-url=\"https:\/\/nns.cz\/predskolak\/wp-content\/uploads\/2022\/09\/0_00_02.jpg\" data-link=\"https:\/\/nns.cz\/predskolak\/0_00_02\/\" class=\"wp-image-847\" srcset=\"https:\/\/nns.cz\/predskolak\/wp-content\/uploads\/2022\/09\/0_00_02.jpg 894w, https:\/\/nns.cz\/predskolak\/wp-content\/uploads\/2022\/09\/0_00_02-300x282.jpg 300w, https:\/\/nns.cz\/predskolak\/wp-content\/uploads\/2022\/09\/0_00_02-768x721.jpg 768w\" sizes=\"auto, (max-width: 894px) 100vw, 894px\" \/><\/figure><\/li><li class=\"blocks-gallery-item\"><figure><img loading=\"lazy\" decoding=\"async\" width=\"1600\" height=\"2263\" src=\"https:\/\/nns.cz\/predskolak\/wp-content\/uploads\/2021\/12\/opt_P-53_titullka.png\" alt=\"\" data-id=\"463\" data-full-url=\"https:\/\/nns.cz\/predskolak\/wp-content\/uploads\/2021\/12\/opt_P-53_titullka.png\" data-link=\"https:\/\/nns.cz\/predskolak\/opt_p-53_titullka\/\" class=\"wp-image-463\" srcset=\"https:\/\/nns.cz\/predskolak\/wp-content\/uploads\/2021\/12\/opt_P-53_titullka.png 1600w, https:\/\/nns.cz\/predskolak\/wp-content\/uploads\/2021\/12\/opt_P-53_titullka-212x300.png 212w, https:\/\/nns.cz\/predskolak\/wp-content\/uploads\/2021\/12\/opt_P-53_titullka-724x1024.png 724w, https:\/\/nns.cz\/predskolak\/wp-content\/uploads\/2021\/12\/opt_P-53_titullka-768x1086.png 768w, https:\/\/nns.cz\/predskolak\/wp-content\/uploads\/2021\/12\/opt_P-53_titullka-1086x1536.png 1086w, https:\/\/nns.cz\/predskolak\/wp-content\/uploads\/2021\/12\/opt_P-53_titullka-1448x2048.png 1448w\" sizes=\"auto, (max-width: 1600px) 100vw, 1600px\" \/><\/figure><\/li><li class=\"blocks-gallery-item\"><figure><img loading=\"lazy\" decoding=\"async\" width=\"915\" height=\"840\" src=\"https:\/\/nns.cz\/predskolak\/wp-content\/uploads\/2022\/09\/0_00_23.jpg\" alt=\"\" data-id=\"848\" data-full-url=\"https:\/\/nns.cz\/predskolak\/wp-content\/uploads\/2022\/09\/0_00_23.jpg\" data-link=\"https:\/\/nns.cz\/predskolak\/0_00_23-2\/\" class=\"wp-image-848\" srcset=\"https:\/\/nns.cz\/predskolak\/wp-content\/uploads\/2022\/09\/0_00_23.jpg 915w, https:\/\/nns.cz\/predskolak\/wp-content\/uploads\/2022\/09\/0_00_23-300x275.jpg 300w, https:\/\/nns.cz\/predskolak\/wp-content\/uploads\/2022\/09\/0_00_23-768x705.jpg 768w\" sizes=\"auto, (max-width: 915px) 100vw, 915px\" \/><\/figure><\/li><li class=\"blocks-gallery-item\"><figure><img loading=\"lazy\" decoding=\"async\" width=\"1600\" height=\"2263\" src=\"https:\/\/nns.cz\/predskolak\/wp-content\/uploads\/2021\/12\/opt_P-54_titulka.png\" alt=\"\" data-id=\"467\" data-full-url=\"https:\/\/nns.cz\/predskolak\/wp-content\/uploads\/2021\/12\/opt_P-54_titulka.png\" data-link=\"https:\/\/nns.cz\/predskolak\/opt_p-54_titulka\/\" class=\"wp-image-467\" srcset=\"https:\/\/nns.cz\/predskolak\/wp-content\/uploads\/2021\/12\/opt_P-54_titulka.png 1600w, https:\/\/nns.cz\/predskolak\/wp-content\/uploads\/2021\/12\/opt_P-54_titulka-212x300.png 212w, https:\/\/nns.cz\/predskolak\/wp-content\/uploads\/2021\/12\/opt_P-54_titulka-724x1024.png 724w, https:\/\/nns.cz\/predskolak\/wp-content\/uploads\/2021\/12\/opt_P-54_titulka-768x1086.png 768w, https:\/\/nns.cz\/predskolak\/wp-content\/uploads\/2021\/12\/opt_P-54_titulka-1086x1536.png 1086w, https:\/\/nns.cz\/predskolak\/wp-content\/uploads\/2021\/12\/opt_P-54_titulka-1448x2048.png 1448w\" sizes=\"auto, (max-width: 1600px) 100vw, 1600px\" \/><\/figure><\/li><li class=\"blocks-gallery-item\"><figure><img loading=\"lazy\" decoding=\"async\" width=\"936\" height=\"840\" src=\"https:\/\/nns.cz\/predskolak\/wp-content\/uploads\/2022\/09\/0_00_38.jpg\" alt=\"\" data-id=\"849\" data-full-url=\"https:\/\/nns.cz\/predskolak\/wp-content\/uploads\/2022\/09\/0_00_38.jpg\" data-link=\"https:\/\/nns.cz\/predskolak\/0_00_38-3\/\" class=\"wp-image-849\" srcset=\"https:\/\/nns.cz\/predskolak\/wp-content\/uploads\/2022\/09\/0_00_38.jpg 936w, https:\/\/nns.cz\/predskolak\/wp-content\/uploads\/2022\/09\/0_00_38-300x269.jpg 300w, https:\/\/nns.cz\/predskolak\/wp-content\/uploads\/2022\/09\/0_00_38-768x689.jpg 768w\" sizes=\"auto, (max-width: 936px) 100vw, 936px\" \/><\/figure><\/li><\/ul><\/figure>\n","protected":false},"excerpt":{"rendered":"<p>Poh\u00e1dkov\u00e1 leporela Poj\u010fte si hr\u00e1t s&nbsp;loutkami Z\u00e1bavn\u00e9 po\u010d\u00edt\u00e1n\u00ed se samolepkami<\/p>\n","protected":false},"author":2,"featured_media":0,"parent":1377,"menu_order":0,"comment_status":"closed","ping_status":"closed","template":"","meta":{"footnotes":""},"class_list":["post-558","page","type-page","status-publish","hentry","latest_post"],"_links":{"self":[{"href":"https:\/\/nns.cz\/predskolak\/wp-json\/wp\/v2\/pages\/558","targetHints":{"allow":["GET"]}}],"collection":[{"href":"https:\/\/nns.cz\/predskolak\/wp-json\/wp\/v2\/pages"}],"about":[{"href":"https:\/\/nns.cz\/predskolak\/wp-json\/wp\/v2\/types\/page"}],"author":[{"embeddable":true,"href":"https:\/\/nns.cz\/predskolak\/wp-json\/wp\/v2\/users\/2"}],"replies":[{"embeddable":true,"href":"https:\/\/nns.cz\/predskolak\/wp-json\/wp\/v2\/comments?post=558"}],"version-history":[{"count":22,"href":"https:\/\/nns.cz\/predskolak\/wp-json\/wp\/v2\/pages\/558\/revisions"}],"predecessor-version":[{"id":929,"href":"https:\/\/nns.cz\/predskolak\/wp-json\/wp\/v2\/pages\/558\/revisions\/929"}],"up":[{"embeddable":true,"href":"https:\/\/nns.cz\/predskolak\/wp-json\/wp\/v2\/pages\/1377"}],"wp:attachment":[{"href":"https:\/\/nns.cz\/predskolak\/wp-json\/wp\/v2\/media?parent=558"}],"curies":[{"name":"wp","href":"https:\/\/api.w.org\/{rel}","templated":true}]}}