{"id":288,"date":"2020-11-24T12:21:06","date_gmt":"2020-11-24T11:21:06","guid":{"rendered":"https:\/\/nns.cz\/predskolak\/?page_id=288"},"modified":"2022-04-06T08:48:22","modified_gmt":"2022-04-06T06:48:22","slug":"videoukazky","status":"publish","type":"page","link":"https:\/\/nns.cz\/predskolak\/zapis-je-tu\/videoukazky\/","title":{"rendered":"Videouk\u00e1zky"},"content":{"rendered":"\n<figure class=\"wp-block-embed-youtube wp-block-embed is-type-video is-provider-youtube wp-embed-aspect-16-9 wp-has-aspect-ratio\"><div class=\"wp-block-embed__wrapper\">\n<iframe loading=\"lazy\" title=\"P\u0159edstaven\u00ed pracovn\u00ed u\u010debnice Z\u00e1pis je tu\" width=\"832\" height=\"468\" src=\"https:\/\/www.youtube.com\/embed\/Xo51g40owpg?feature=oembed\" frameborder=\"0\" allow=\"accelerometer; autoplay; clipboard-write; encrypted-media; gyroscope; picture-in-picture\" allowfullscreen><\/iframe>\n<\/div><\/figure>\n\n\n\n<figure class=\"wp-block-embed-youtube wp-block-embed is-type-video is-provider-youtube wp-embed-aspect-16-9 wp-has-aspect-ratio\"><div class=\"wp-block-embed__wrapper\">\n<iframe loading=\"lazy\" title=\"Z\u00e1pis je tu \u2013 ov\u011b\u0159eno p\u0159ed\u0161kol\u00e1ky\" width=\"832\" height=\"468\" src=\"https:\/\/www.youtube.com\/embed\/hW-FauG8s9A?feature=oembed\" frameborder=\"0\" allow=\"accelerometer; autoplay; clipboard-write; encrypted-media; gyroscope; picture-in-picture\" allowfullscreen><\/iframe>\n<\/div><\/figure>\n","protected":false},"excerpt":{"rendered":"","protected":false},"author":3,"featured_media":0,"parent":63,"menu_order":0,"comment_status":"closed","ping_status":"closed","template":"","meta":{"footnotes":""},"class_list":["post-288","page","type-page","status-publish","hentry","latest_post"],"_links":{"self":[{"href":"https:\/\/nns.cz\/predskolak\/wp-json\/wp\/v2\/pages\/288","targetHints":{"allow":["GET"]}}],"collection":[{"href":"https:\/\/nns.cz\/predskolak\/wp-json\/wp\/v2\/pages"}],"about":[{"href":"https:\/\/nns.cz\/predskolak\/wp-json\/wp\/v2\/types\/page"}],"author":[{"embeddable":true,"href":"https:\/\/nns.cz\/predskolak\/wp-json\/wp\/v2\/users\/3"}],"replies":[{"embeddable":true,"href":"https:\/\/nns.cz\/predskolak\/wp-json\/wp\/v2\/comments?post=288"}],"version-history":[{"count":6,"href":"https:\/\/nns.cz\/predskolak\/wp-json\/wp\/v2\/pages\/288\/revisions"}],"predecessor-version":[{"id":697,"href":"https:\/\/nns.cz\/predskolak\/wp-json\/wp\/v2\/pages\/288\/revisions\/697"}],"up":[{"embeddable":true,"href":"https:\/\/nns.cz\/predskolak\/wp-json\/wp\/v2\/pages\/63"}],"wp:attachment":[{"href":"https:\/\/nns.cz\/predskolak\/wp-json\/wp\/v2\/media?parent=288"}],"curies":[{"name":"wp","href":"https:\/\/api.w.org\/{rel}","templated":true}]}}