{"id":1950,"date":"2023-12-06T15:37:11","date_gmt":"2023-12-06T14:37:11","guid":{"rendered":"https:\/\/nns.cz\/predskolak\/?page_id=1950"},"modified":"2024-01-16T15:57:01","modified_gmt":"2024-01-16T14:57:01","slug":"strana-56","status":"publish","type":"page","link":"https:\/\/nns.cz\/predskolak\/jsem-predskolak\/podrobne-instrukce-ke-strankam\/strana-56\/","title":{"rendered":"Strana 56"},"content":{"rendered":"\n<p><strong><span class=\"has-inline-color has-luminous-vivid-orange-color\">J<\/span><span class=\"has-inline-color has-vivid-cyan-blue-color\">S<\/span><span class=\"has-inline-color has-light-green-cyan-color\">E<\/span><span class=\"has-inline-color has-vivid-purple-color\">M<\/span> <span class=\"has-inline-color has-luminous-vivid-amber-color\">P<\/span><span class=\"has-inline-color has-pale-cyan-blue-color\">\u0158<\/span><span class=\"has-inline-color has-vivid-red-color\">E<\/span><span class=\"has-inline-color has-pale-pink-color\">D<\/span><span class=\"has-inline-color has-vivid-purple-color\">\u0160<\/span><span class=\"has-inline-color has-light-green-cyan-color\">K<\/span><span class=\"has-inline-color has-vivid-cyan-blue-color\">O<\/span><span class=\"has-inline-color has-cyan-bluish-gray-color\">L<\/span><span class=\"has-inline-color has-vivid-green-cyan-color\">\u00c1<\/span><span class=\"has-inline-color has-vivid-purple-color\">K<\/span><\/strong><\/p>\n\n\n\n<p class=\"has-text-align-right\"><a href=\"https:\/\/nns.cz\/predskolak\/jsem-predskolak\/podrobne-instrukce-ke-strankam\/\">Zp\u011bt na p\u0159ehled stran<\/a><\/p>\n\n\n\n<div class=\"wp-block-image\"><figure class=\"alignleft size-medium is-resized\"><a href=\"https:\/\/mediacreator.cz\/documents\/Jsem_predskolak\/video\/56._Jsem_predskolak_2.webm\" target=\"_blank\" rel=\"noopener noreferrer\"><img loading=\"lazy\" decoding=\"async\" src=\"https:\/\/nns.cz\/predskolak\/wp-content\/uploads\/2023\/11\/karkulka_ikonka-300x262.png\" alt=\"\" class=\"wp-image-1733\" width=\"75\" height=\"66\" srcset=\"https:\/\/nns.cz\/predskolak\/wp-content\/uploads\/2023\/11\/karkulka_ikonka-300x262.png 300w, https:\/\/nns.cz\/predskolak\/wp-content\/uploads\/2023\/11\/karkulka_ikonka-768x670.png 768w, https:\/\/nns.cz\/predskolak\/wp-content\/uploads\/2023\/11\/karkulka_ikonka.png 787w\" sizes=\"auto, (max-width: 75px) 100vw, 75px\" \/><\/a><\/figure><\/div>\n\n\n\n<p><strong><span class=\"has-inline-color has-vivid-cyan-blue-color\">HLEDEJ ROZD\u00cdLY.<\/span><\/strong> (str. 56)<\/p>\n\n\n\n<div style=\"height:20px\" aria-hidden=\"true\" class=\"wp-block-spacer\"><\/div>\n\n\n\n<video class=\"video-player\" data-src=\"null\" src=\"https:\/\/mediacreator.cz\/documents\/Jsem_predskolak\/video\/low_56._Jsem_predskolak_2.webm\">\n  <source src=\"https:\/\/mediacreator.cz\/documents\/Jsem_predskolak\/video\/56._Jsem_predskolak_2.webm\" title=\"HQ\">\n  <source src=\"https:\/\/mediacreator.cz\/documents\/Jsem_predskolak\/video\/low_56._Jsem_predskolak_2.webm\" title=\"LQ\">\n  Your browser do not support the video tag.\n<\/video>\n\n\n\n<p><\/p>\n\n\n\n<ol class=\"wp-block-list\" type=\"1\"><li>Poslouch\u00e1\u0161 r\u00e1d poh\u00e1dky? <strong>\u0158ekni<\/strong>, kter\u00e9 poh\u00e1dky jsou tv\u00e9 obl\u00edben\u00e9.<\/li><li><strong>Prohl\u00e9dni si<\/strong> obr\u00e1zek. <strong>\u0158ekni<\/strong>, ze kter\u00e9 je poh\u00e1dky.<\/li><li>Obr\u00e1zek je na str\u00e1nce dvakr\u00e1t. Na druh\u00e9m <strong>najdi<\/strong> \u0161est rozd\u00edl\u016f.<\/li><li><strong>Vezmi si <\/strong>tu\u017eku a<strong> zakrou\u017ekuj<\/strong> je.<\/li><li>Karkulka se v&nbsp;poh\u00e1dce vlkovi nejen p\u0159edstavila, ale prozradila mu i to, kam se chyst\u00e1. <strong>Vysv\u011btli<\/strong>, pro\u010d se nesm\u00ed\u0161 p\u0159edstavovat ciz\u00edm lidem. A pro\u010d jim nesm\u00ed\u0161 sd\u011blovat svou adresu?<\/li><li>Na <a href=\"http:\/\/www.nns.cz\/pohadky\">www.nns.cz\/pohadky<\/a> si za odm\u011bnu poh\u00e1dku <em>O \u010cerven\u00e9 karkulce<\/em> <strong>poslechni<\/strong>.<\/li><li>Podle obr\u00e1zkov\u00e9 osnovy <strong>zkus<\/strong> poh\u00e1dku <strong>vypr\u00e1v\u011bt<\/strong>.<\/li><li>Z&nbsp;archu samolepek si <strong>nalep<\/strong> na str\u00e1nku hv\u011bzdi\u010dku.<\/li><li>Ostatn\u00ed hv\u011bzdi\u010dky <strong>nalep<\/strong> na dal\u0161\u00ed obl\u00edben\u00e9 str\u00e1nky.<\/li><\/ol>\n\n\n\n<p class=\"has-text-align-right\"><a href=\"https:\/\/nns.cz\/predskolak\/jsem-predskolak\/podrobne-instrukce-ke-strankam\/\">Zp\u011bt na p\u0159ehled stran<\/a><\/p>\n","protected":false},"excerpt":{"rendered":"<p>JSEM P\u0158ED\u0160KOL\u00c1K Zp\u011bt na p\u0159ehled stran HLEDEJ ROZD\u00cdLY. (str. 56) Your browser do not support the video tag. Poslouch\u00e1\u0161 r\u00e1d poh\u00e1dky? \u0158ekni, kter\u00e9 poh\u00e1dky jsou tv\u00e9 obl\u00edben\u00e9. Prohl\u00e9dni si obr\u00e1zek. \u0158ekni, ze kter\u00e9 je poh\u00e1dky. Obr\u00e1zek je na str\u00e1nce dvakr\u00e1t. Na druh\u00e9m najdi \u0161est rozd\u00edl\u016f. Vezmi si tu\u017eku a zakrou\u017ekuj je. Karkulka se v&nbsp;poh\u00e1dce vlkovi [&hellip;]<\/p>\n","protected":false},"author":2,"featured_media":0,"parent":1716,"menu_order":0,"comment_status":"closed","ping_status":"closed","template":"","meta":{"footnotes":""},"class_list":["post-1950","page","type-page","status-publish","hentry","latest_post"],"_links":{"self":[{"href":"https:\/\/nns.cz\/predskolak\/wp-json\/wp\/v2\/pages\/1950","targetHints":{"allow":["GET"]}}],"collection":[{"href":"https:\/\/nns.cz\/predskolak\/wp-json\/wp\/v2\/pages"}],"about":[{"href":"https:\/\/nns.cz\/predskolak\/wp-json\/wp\/v2\/types\/page"}],"author":[{"embeddable":true,"href":"https:\/\/nns.cz\/predskolak\/wp-json\/wp\/v2\/users\/2"}],"replies":[{"embeddable":true,"href":"https:\/\/nns.cz\/predskolak\/wp-json\/wp\/v2\/comments?post=1950"}],"version-history":[{"count":5,"href":"https:\/\/nns.cz\/predskolak\/wp-json\/wp\/v2\/pages\/1950\/revisions"}],"predecessor-version":[{"id":2200,"href":"https:\/\/nns.cz\/predskolak\/wp-json\/wp\/v2\/pages\/1950\/revisions\/2200"}],"up":[{"embeddable":true,"href":"https:\/\/nns.cz\/predskolak\/wp-json\/wp\/v2\/pages\/1716"}],"wp:attachment":[{"href":"https:\/\/nns.cz\/predskolak\/wp-json\/wp\/v2\/media?parent=1950"}],"curies":[{"name":"wp","href":"https:\/\/api.w.org\/{rel}","templated":true}]}}