{"id":1944,"date":"2023-12-06T15:34:50","date_gmt":"2023-12-06T14:34:50","guid":{"rendered":"https:\/\/nns.cz\/predskolak\/?page_id=1944"},"modified":"2024-01-16T15:55:53","modified_gmt":"2024-01-16T14:55:53","slug":"strana-54","status":"publish","type":"page","link":"https:\/\/nns.cz\/predskolak\/jsem-predskolak\/podrobne-instrukce-ke-strankam\/strana-54\/","title":{"rendered":"Strana 54"},"content":{"rendered":"\n<p><strong><span class=\"has-inline-color has-luminous-vivid-orange-color\">J<\/span><span class=\"has-inline-color has-vivid-cyan-blue-color\">S<\/span><span class=\"has-inline-color has-light-green-cyan-color\">E<\/span><span class=\"has-inline-color has-vivid-purple-color\">M<\/span> <span class=\"has-inline-color has-luminous-vivid-amber-color\">P<\/span><span class=\"has-inline-color has-pale-cyan-blue-color\">\u0158<\/span><span class=\"has-inline-color has-vivid-red-color\">E<\/span><span class=\"has-inline-color has-pale-pink-color\">D<\/span><span class=\"has-inline-color has-vivid-purple-color\">\u0160<\/span><span class=\"has-inline-color has-light-green-cyan-color\">K<\/span><span class=\"has-inline-color has-vivid-cyan-blue-color\">O<\/span><span class=\"has-inline-color has-cyan-bluish-gray-color\">L<\/span><span class=\"has-inline-color has-vivid-green-cyan-color\">\u00c1<\/span><span class=\"has-inline-color has-vivid-purple-color\">K<\/span><\/strong><\/p>\n\n\n\n<p class=\"has-text-align-right\"><a href=\"https:\/\/nns.cz\/predskolak\/jsem-predskolak\/podrobne-instrukce-ke-strankam\/\">Zp\u011bt na p\u0159ehled stran<\/a><\/p>\n\n\n\n<div class=\"wp-block-image\"><figure class=\"alignleft size-medium is-resized\"><a href=\"https:\/\/mediacreator.cz\/documents\/Jsem_predskolak\/video\/54._Jsem_predskolak_2.webm\" target=\"_blank\" rel=\"noopener noreferrer\"><img loading=\"lazy\" decoding=\"async\" src=\"https:\/\/nns.cz\/predskolak\/wp-content\/uploads\/2023\/11\/hlemyzd_ikonka-300x218.png\" alt=\"\" class=\"wp-image-1731\" width=\"75\" height=\"55\" srcset=\"https:\/\/nns.cz\/predskolak\/wp-content\/uploads\/2023\/11\/hlemyzd_ikonka-300x218.png 300w, https:\/\/nns.cz\/predskolak\/wp-content\/uploads\/2023\/11\/hlemyzd_ikonka-360x268.png 360w, https:\/\/nns.cz\/predskolak\/wp-content\/uploads\/2023\/11\/hlemyzd_ikonka.png 507w\" sizes=\"auto, (max-width: 75px) 100vw, 75px\" \/><\/a><\/figure><\/div>\n\n\n\n<p><strong><span class=\"has-inline-color has-vivid-cyan-blue-color\">PO\u010c\u00cdTEJ DO \u0160ESTI. <\/span><\/strong>(str. 54)<\/p>\n\n\n\n<div style=\"height:20px\" aria-hidden=\"true\" class=\"wp-block-spacer\"><\/div>\n\n\n\n<video class=\"video-player\" data-src=\"null\" src=\"https:\/\/mediacreator.cz\/documents\/Jsem_predskolak\/video\/low_54._Jsem_predskolak_2.webm\">\n  <source src=\"https:\/\/mediacreator.cz\/documents\/Jsem_predskolak\/video\/54._Jsem_predskolak_2.webm\" title=\"HQ\">\n  <source src=\"https:\/\/mediacreator.cz\/documents\/Jsem_predskolak\/video\/low_54._Jsem_predskolak_2.webm\" title=\"LQ\">\n  Your browser do not support the video tag.\n<\/video>\n\n\n\n<p><\/p>\n\n\n\n<ol class=\"wp-block-list\" type=\"1\"><li><strong>Prohl\u00e9dni si<\/strong> obr\u00e1zek. <strong>\u0158ekni<\/strong>, kdo je na obr\u00e1zku. (Zjednodu\u0161en\u011b: <em>\u0160ne\u010dci. \/ Hlem\u00fd\u017edi.<\/em>)<\/li><li><strong>\u0158ekni<\/strong>, kam \u0161ne\u010dci lezou. (<em>Na kope\u010dek.<\/em>)<\/li><li><strong>Postav se<\/strong>,<strong> vzpa\u017e <\/strong>a<strong> uka\u017e<\/strong>, jak je kope\u010dek velik\u00fd.<\/li><li>Vstoje <strong>obt\u00e1hni<\/strong> prstem kope\u010dek. Tah nep\u0159eru\u0161uj. N\u011bkolikr\u00e1t ho <strong>zopakuj<\/strong>.<\/li><li><strong>Vezmi si<\/strong> zelenou pastelku a <strong>obt\u00e1hni<\/strong> kope\u010dek i pastelkou. Obt\u00e1hnul jsi nejdel\u0161\u00ed cestu v&nbsp;kope\u010dku.<\/li><li>V&nbsp;kope\u010dku je vyzna\u010dena spousta cest. <strong>Uka\u017e<\/strong> tu, kter\u00e1 je nejkrat\u0161\u00ed.<\/li><li><strong>Posa\u010f se.<\/strong> Od vyzna\u010den\u00fdch bod\u016f <strong>kresli<\/strong> cesty v&nbsp;kope\u010dku od nejdel\u0161\u00ed po nejkrat\u0161\u00ed.<\/li><li>P\u0159i kreslen\u00ed <strong>od\u0159\u00edk\u00e1vej<\/strong> do rytmu \u0159\u00edkanku:<br>JEDEN, DRUH\u00dd, T\u0158ET\u00cd \u0160NE\u010cEK\u2026<br>V\u0160ICHNI LEZOU NA KOPE\u010cEK.<br>DOHROMADY JE JICH \u0160EST.<br>KOPE\u010cEK JE PLN\u00dd CEST!<\/li><li>Ka\u017ed\u00fd \u0161ne\u010dek na obr\u00e1zku m\u00e1 ulitu. \u017d\u00e1dn\u00fd nen\u00ed bez ulity. <strong>Uka\u017e<\/strong> \u0161ne\u010dka, kter\u00fd nem\u00e1 vybarvenou ulitu.<\/li><li><strong>Spo\u010d\u00edtej<\/strong> \u0161ne\u010dky. Nejprve <strong>spo\u010d\u00edtej<\/strong> ty s&nbsp;vybarvenou ulitou. P\u0159i po\u010d\u00edt\u00e1n\u00ed ka\u017ed\u00e9ho z&nbsp;nich <strong>zakrou\u017ekuj<\/strong>. Kolik je \u0161ne\u010dk\u016f s&nbsp;vybarvenou ulitou? (<em>P\u011bt.<\/em>)<\/li><li>Kolik je na obr\u00e1zku \u0161ne\u010dk\u016f dohromady i s&nbsp;t\u00edm, kter\u00fd nem\u00e1 vybarvenou ulitu? (<em>\u0160est.<\/em>)<\/li><li>V&nbsp;r\u00e1me\u010dku <strong>vybarvi<\/strong> tolik punt\u00edk\u016f, kolik jsi napo\u010d\u00edtal \u0161ne\u010dk\u016f.<\/li><li><strong>Prohl\u00e9dni si<\/strong> \u0161estku. <strong>Vybarvi<\/strong> ji.<\/li><li><strong>Dokresli <\/strong>ji podle sv\u00e9 fantazie.<\/li><li><strong>Vybarvi<\/strong> i ulitu nejv\u011bt\u0161\u00edho \u0161ne\u010dka.<\/li><li><strong>Procvi\u010duj <\/strong>po\u010d\u00edt\u00e1n\u00ed do \u0161esti. Vezmi si t\u0159eba \u0161est pastelek (karet) a po jedn\u00e9 je <strong>spo\u010d\u00edtej<\/strong>. <strong>V\u0161\u00edmej si<\/strong>, co m\u00e1 ka\u017ed\u00e1 pastelka (karta). <strong>\u0158\u00edkej<\/strong>: Ka\u017ed\u00e1 pastelka m\u00e1 hrot. \u017d\u00e1dn\u00e1 nen\u00ed bez hrotu. (Ka\u017ed\u00e1 karta m\u00e1 \u010d\u00edslo. \u017d\u00e1dn\u00e1 nen\u00ed bez \u010d\u00edsla.)<\/li><\/ol>\n\n\n\n<p class=\"has-text-align-right\"><a href=\"https:\/\/nns.cz\/predskolak\/jsem-predskolak\/podrobne-instrukce-ke-strankam\/\">Zp\u011bt na p\u0159ehled stran<\/a><\/p>\n","protected":false},"excerpt":{"rendered":"<p>JSEM P\u0158ED\u0160KOL\u00c1K Zp\u011bt na p\u0159ehled stran PO\u010c\u00cdTEJ DO \u0160ESTI. (str. 54) Your browser do not support the video tag. Prohl\u00e9dni si obr\u00e1zek. \u0158ekni, kdo je na obr\u00e1zku. (Zjednodu\u0161en\u011b: \u0160ne\u010dci. \/ Hlem\u00fd\u017edi.) \u0158ekni, kam \u0161ne\u010dci lezou. (Na kope\u010dek.) Postav se, vzpa\u017e a uka\u017e, jak je kope\u010dek velik\u00fd. Vstoje obt\u00e1hni prstem kope\u010dek. Tah nep\u0159eru\u0161uj. N\u011bkolikr\u00e1t ho zopakuj. [&hellip;]<\/p>\n","protected":false},"author":2,"featured_media":0,"parent":1716,"menu_order":0,"comment_status":"closed","ping_status":"closed","template":"","meta":{"footnotes":""},"class_list":["post-1944","page","type-page","status-publish","hentry","latest_post"],"_links":{"self":[{"href":"https:\/\/nns.cz\/predskolak\/wp-json\/wp\/v2\/pages\/1944","targetHints":{"allow":["GET"]}}],"collection":[{"href":"https:\/\/nns.cz\/predskolak\/wp-json\/wp\/v2\/pages"}],"about":[{"href":"https:\/\/nns.cz\/predskolak\/wp-json\/wp\/v2\/types\/page"}],"author":[{"embeddable":true,"href":"https:\/\/nns.cz\/predskolak\/wp-json\/wp\/v2\/users\/2"}],"replies":[{"embeddable":true,"href":"https:\/\/nns.cz\/predskolak\/wp-json\/wp\/v2\/comments?post=1944"}],"version-history":[{"count":6,"href":"https:\/\/nns.cz\/predskolak\/wp-json\/wp\/v2\/pages\/1944\/revisions"}],"predecessor-version":[{"id":2198,"href":"https:\/\/nns.cz\/predskolak\/wp-json\/wp\/v2\/pages\/1944\/revisions\/2198"}],"up":[{"embeddable":true,"href":"https:\/\/nns.cz\/predskolak\/wp-json\/wp\/v2\/pages\/1716"}],"wp:attachment":[{"href":"https:\/\/nns.cz\/predskolak\/wp-json\/wp\/v2\/media?parent=1944"}],"curies":[{"name":"wp","href":"https:\/\/api.w.org\/{rel}","templated":true}]}}