{"id":1941,"date":"2023-12-06T15:33:27","date_gmt":"2023-12-06T14:33:27","guid":{"rendered":"https:\/\/nns.cz\/predskolak\/?page_id=1941"},"modified":"2024-01-16T16:30:43","modified_gmt":"2024-01-16T15:30:43","slug":"strana-52-53","status":"publish","type":"page","link":"https:\/\/nns.cz\/predskolak\/jsem-predskolak\/podrobne-instrukce-ke-strankam\/strana-52-53\/","title":{"rendered":"Strana 52, 53"},"content":{"rendered":"\n<p><strong><span class=\"has-inline-color has-luminous-vivid-orange-color\">J<\/span><span class=\"has-inline-color has-vivid-cyan-blue-color\">S<\/span><span class=\"has-inline-color has-light-green-cyan-color\">E<\/span><span class=\"has-inline-color has-vivid-purple-color\">M<\/span> <span class=\"has-inline-color has-luminous-vivid-amber-color\">P<\/span><span class=\"has-inline-color has-pale-cyan-blue-color\">\u0158<\/span><span class=\"has-inline-color has-vivid-red-color\">E<\/span><span class=\"has-inline-color has-pale-pink-color\">D<\/span><span class=\"has-inline-color has-vivid-purple-color\">\u0160<\/span><span class=\"has-inline-color has-light-green-cyan-color\">K<\/span><span class=\"has-inline-color has-vivid-cyan-blue-color\">O<\/span><span class=\"has-inline-color has-cyan-bluish-gray-color\">L<\/span><span class=\"has-inline-color has-vivid-green-cyan-color\">\u00c1<\/span><span class=\"has-inline-color has-vivid-purple-color\">K<\/span><\/strong><\/p>\n\n\n\n<p class=\"has-text-align-right\"><a href=\"https:\/\/nns.cz\/predskolak\/jsem-predskolak\/podrobne-instrukce-ke-strankam\/\">Zp\u011bt na p\u0159ehled stran<\/a><\/p>\n\n\n\n<div class=\"wp-block-image\"><figure class=\"alignleft size-medium is-resized\"><a href=\"https:\/\/mediacreator.cz\/documents\/Jsem_predskolak\/video\/52_53._Jsem_predskolak_2.webm\" target=\"_blank\" rel=\"noopener noreferrer\"><img loading=\"lazy\" decoding=\"async\" src=\"https:\/\/nns.cz\/predskolak\/wp-content\/uploads\/2023\/11\/delfin_ikonka-300x182.png\" alt=\"\" class=\"wp-image-1726\" width=\"75\" height=\"46\" srcset=\"https:\/\/nns.cz\/predskolak\/wp-content\/uploads\/2023\/11\/delfin_ikonka-300x182.png 300w, https:\/\/nns.cz\/predskolak\/wp-content\/uploads\/2023\/11\/delfin_ikonka-555x335.png 555w, https:\/\/nns.cz\/predskolak\/wp-content\/uploads\/2023\/11\/delfin_ikonka.png 599w\" sizes=\"auto, (max-width: 75px) 100vw, 75px\" \/><\/a><\/figure><\/div>\n\n\n\n<p><strong><span class=\"has-inline-color has-vivid-cyan-blue-color\">SK\u00c1KEJ S&nbsp;DELF\u00cdNY.<\/span><\/strong> (str. 52, 53)<\/p>\n\n\n\n<div style=\"height:20px\" aria-hidden=\"true\" class=\"wp-block-spacer\"><\/div>\n\n\n\n<video class=\"video-player\" data-src=\"null\" src=\"https:\/\/mediacreator.cz\/documents\/Jsem_predskolak\/video\/low_52_53._Jsem_predskolak_2.webm\">\n  <source src=\"https:\/\/mediacreator.cz\/documents\/Jsem_predskolak\/video\/52_53._Jsem_predskolak_2.webm\" title=\"HQ\">\n  <source src=\"https:\/\/mediacreator.cz\/documents\/Jsem_predskolak\/video\/low_52_53._Jsem_predskolak_2.webm\" title=\"LQ\">\n  Your browser do not support the video tag.\n<\/video>\n\n\n\n<p><\/p>\n\n\n\n<ol class=\"wp-block-list\" type=\"1\"><li><strong>Obt\u00e1hni<\/strong> prstem hladinu vody na obr\u00e1zku. <strong>Nalep<\/strong> delf\u00edny, kte\u0159\u00ed nad hladinou chyb\u00ed. <strong>Vyb\u00edrej<\/strong> je podle tvaru obr\u00e1zku i podle toho, kter\u00fdm sm\u011brem sk\u00e1\u010dou.<\/li><li>Vstoje <strong>obt\u00e1hni<\/strong> prstem velkou doln\u00ed kli\u010dku u prvn\u00edho z&nbsp;nich.<\/li><li><strong>Vezmi si<\/strong> modrou pastelku a <strong>obt\u00e1hni<\/strong> tuto kli\u010dku i pastelkou.<\/li><li><strong>Posa\u010f se<\/strong> a zkus nakreslit stejnou kli\u010dku od vyzna\u010den\u00e9ho bodu. <strong>Nechej se v\u00e9st<\/strong> p\u0159eru\u0161ovanou \u010d\u00e1rou. Tah nep\u0159eru\u0161uj, a\u0165 je plynul\u00fd. N\u011bkolikr\u00e1t ho <strong>zopakuj<\/strong>. P\u0159i kreslen\u00ed <strong>od\u0159\u00edk\u00e1vej<\/strong> do rytmu \u0159\u00edkanku:<br><em>DELF\u00cdNI JSOU VELMI HRAV\u00cd,<\/em><br><em>PLAVAT VE VLN\u00c1CH JE BAV\u00cd!<\/em><\/li><li>P\u0159i od\u0159\u00edk\u00e1v\u00e1n\u00ed \u0159\u00edkanky <strong>si procvi\u010d<\/strong> v\u00fdslovnost <em>V<\/em>.<\/li><li>Veselou vodn\u00ed kapku <strong>vybarvi<\/strong> podle sv\u00e9 fantazie.<\/li><li>Na dal\u0161\u00ed str\u00e1nce je spousta mal\u00fdch vodn\u00edch kapek.<\/li><li>Modrou pastelkou<strong> obt\u00e1hni<\/strong> i t\u0159i kli\u010dky. Od vyzna\u010den\u00e9ho bodu u t\u011bchto kli\u010dek <strong>nakresli<\/strong> dal\u0161\u00ed t\u0159i kli\u010dky s\u00e1m. <strong>Nechej se<\/strong> op\u011bt <strong>v\u00e9st<\/strong> p\u0159eru\u0161ovanou \u010d\u00e1rou. P\u0159i kreslen\u00ed <strong>obj\u00ed\u017ed\u011bj<\/strong> vodn\u00ed kapky, kter\u00e9 jsou v&nbsp;kli\u010dk\u00e1ch nakreslen\u00e9.<\/li><li>A te\u010f <strong>zkus nakreslit<\/strong> i p\u011bt men\u0161\u00edch kli\u010dek a p\u011bt nejmen\u0161\u00edch kli\u010dek.<\/li><li>P\u0159i kreslen\u00ed je <strong>m\u016f\u017ee\u0161 po\u010d\u00edtat<\/strong>.<\/li><li><strong>Vymysli<\/strong> jm\u00e9na delf\u00edn\u016fm, kter\u00e1 budou za\u010d\u00ednat na <em>V<\/em>, nebo <em>F<\/em>.<\/li><li>Nap\u0159\u00edklad <em>Vendulka<\/em>, <em>Va\u0161ek<\/em>, <em>Valinka<\/em>, <em>Viki<\/em>, <em>Vil\u00edk<\/em> nebo <em>Vrab\u010d\u00e1k<\/em>!<br>A na <em>F<\/em> t\u0159eba Ferda, <em>Fiona<\/em>, <em>Felix<\/em>, <em>Fl\u00ed\u010dek<\/em>, <em>Fil\u00edpek<\/em> nebo <em>Fifi<\/em>.<\/li><li>A\u017e delf\u00edny pojmenuje\u0161, vybarvi si <em>V<\/em>&nbsp;a <em>F<\/em>.<\/li><\/ol>\n\n\n\n<p class=\"has-text-align-right\"><a href=\"https:\/\/nns.cz\/predskolak\/jsem-predskolak\/podrobne-instrukce-ke-strankam\/\">Zp\u011bt na p\u0159ehled stran<\/a><\/p>\n","protected":false},"excerpt":{"rendered":"<p>JSEM P\u0158ED\u0160KOL\u00c1K Zp\u011bt na p\u0159ehled stran SK\u00c1KEJ S&nbsp;DELF\u00cdNY. (str. 52, 53) Your browser do not support the video tag. Obt\u00e1hni prstem hladinu vody na obr\u00e1zku. Nalep delf\u00edny, kte\u0159\u00ed nad hladinou chyb\u00ed. Vyb\u00edrej je podle tvaru obr\u00e1zku i podle toho, kter\u00fdm sm\u011brem sk\u00e1\u010dou. Vstoje obt\u00e1hni prstem velkou doln\u00ed kli\u010dku u prvn\u00edho z&nbsp;nich. Vezmi si modrou pastelku [&hellip;]<\/p>\n","protected":false},"author":2,"featured_media":0,"parent":1716,"menu_order":0,"comment_status":"closed","ping_status":"closed","template":"","meta":{"footnotes":""},"class_list":["post-1941","page","type-page","status-publish","hentry","latest_post"],"_links":{"self":[{"href":"https:\/\/nns.cz\/predskolak\/wp-json\/wp\/v2\/pages\/1941","targetHints":{"allow":["GET"]}}],"collection":[{"href":"https:\/\/nns.cz\/predskolak\/wp-json\/wp\/v2\/pages"}],"about":[{"href":"https:\/\/nns.cz\/predskolak\/wp-json\/wp\/v2\/types\/page"}],"author":[{"embeddable":true,"href":"https:\/\/nns.cz\/predskolak\/wp-json\/wp\/v2\/users\/2"}],"replies":[{"embeddable":true,"href":"https:\/\/nns.cz\/predskolak\/wp-json\/wp\/v2\/comments?post=1941"}],"version-history":[{"count":5,"href":"https:\/\/nns.cz\/predskolak\/wp-json\/wp\/v2\/pages\/1941\/revisions"}],"predecessor-version":[{"id":2237,"href":"https:\/\/nns.cz\/predskolak\/wp-json\/wp\/v2\/pages\/1941\/revisions\/2237"}],"up":[{"embeddable":true,"href":"https:\/\/nns.cz\/predskolak\/wp-json\/wp\/v2\/pages\/1716"}],"wp:attachment":[{"href":"https:\/\/nns.cz\/predskolak\/wp-json\/wp\/v2\/media?parent=1941"}],"curies":[{"name":"wp","href":"https:\/\/api.w.org\/{rel}","templated":true}]}}