{"id":1938,"date":"2023-12-06T15:31:25","date_gmt":"2023-12-06T14:31:25","guid":{"rendered":"https:\/\/nns.cz\/predskolak\/?page_id=1938"},"modified":"2024-01-16T16:30:20","modified_gmt":"2024-01-16T15:30:20","slug":"strana-51","status":"publish","type":"page","link":"https:\/\/nns.cz\/predskolak\/jsem-predskolak\/podrobne-instrukce-ke-strankam\/strana-51\/","title":{"rendered":"Strana 51"},"content":{"rendered":"\n<p><strong><span class=\"has-inline-color has-luminous-vivid-orange-color\">J<\/span><span class=\"has-inline-color has-vivid-cyan-blue-color\">S<\/span><span class=\"has-inline-color has-light-green-cyan-color\">E<\/span><span class=\"has-inline-color has-vivid-purple-color\">M<\/span> <span class=\"has-inline-color has-luminous-vivid-amber-color\">P<\/span><span class=\"has-inline-color has-pale-cyan-blue-color\">\u0158<\/span><span class=\"has-inline-color has-vivid-red-color\">E<\/span><span class=\"has-inline-color has-pale-pink-color\">D<\/span><span class=\"has-inline-color has-vivid-purple-color\">\u0160<\/span><span class=\"has-inline-color has-light-green-cyan-color\">K<\/span><span class=\"has-inline-color has-vivid-cyan-blue-color\">O<\/span><span class=\"has-inline-color has-cyan-bluish-gray-color\">L<\/span><span class=\"has-inline-color has-vivid-green-cyan-color\">\u00c1<\/span><span class=\"has-inline-color has-vivid-purple-color\">K<\/span><\/strong><\/p>\n\n\n\n<p class=\"has-text-align-right\"><a href=\"https:\/\/nns.cz\/predskolak\/jsem-predskolak\/podrobne-instrukce-ke-strankam\/\">Zp\u011bt na p\u0159ehled stran<\/a><\/p>\n\n\n\n<div class=\"wp-block-image\"><figure class=\"alignleft size-medium is-resized\"><a href=\"https:\/\/mediacreator.cz\/documents\/Jsem_predskolak\/video\/51._Jsem_predskolak_2.webm\" target=\"_blank\" rel=\"noopener noreferrer\"><img loading=\"lazy\" decoding=\"async\" src=\"https:\/\/nns.cz\/predskolak\/wp-content\/uploads\/2023\/11\/zlutasek_ikonka-300x300.png\" alt=\"\" class=\"wp-image-1766\" width=\"75\" height=\"75\" srcset=\"https:\/\/nns.cz\/predskolak\/wp-content\/uploads\/2023\/11\/zlutasek_ikonka-300x300.png 300w, https:\/\/nns.cz\/predskolak\/wp-content\/uploads\/2023\/11\/zlutasek_ikonka-150x150.png 150w, https:\/\/nns.cz\/predskolak\/wp-content\/uploads\/2023\/11\/zlutasek_ikonka-246x246.png 246w, https:\/\/nns.cz\/predskolak\/wp-content\/uploads\/2023\/11\/zlutasek_ikonka-520x520.png 520w, https:\/\/nns.cz\/predskolak\/wp-content\/uploads\/2023\/11\/zlutasek_ikonka-185x185.png 185w, https:\/\/nns.cz\/predskolak\/wp-content\/uploads\/2023\/11\/zlutasek_ikonka-220x220.png 220w, https:\/\/nns.cz\/predskolak\/wp-content\/uploads\/2023\/11\/zlutasek_ikonka-60x60.png 60w, https:\/\/nns.cz\/predskolak\/wp-content\/uploads\/2023\/11\/zlutasek_ikonka-384x384.png 384w, https:\/\/nns.cz\/predskolak\/wp-content\/uploads\/2023\/11\/zlutasek_ikonka.png 666w\" sizes=\"auto, (max-width: 75px) 100vw, 75px\" \/><\/a><\/figure><\/div>\n\n\n\n<p><strong><span class=\"has-inline-color has-vivid-cyan-blue-color\">PROLE\u0164 SE S&nbsp;MOT\u00ddLKY. <\/span><\/strong>(str. 51)<\/p>\n\n\n\n<div style=\"height:20px\" aria-hidden=\"true\" class=\"wp-block-spacer\"><\/div>\n\n\n\n<video class=\"video-player\" data-src=\"null\" src=\"https:\/\/mediacreator.cz\/documents\/Jsem_predskolak\/video\/low_51._Jsem_predskolak_2.webm\">\n  <source src=\"https:\/\/mediacreator.cz\/documents\/Jsem_predskolak\/video\/51._Jsem_predskolak_2.webm\" title=\"HQ\">\n  <source src=\"https:\/\/mediacreator.cz\/documents\/Jsem_predskolak\/video\/low_51._Jsem_predskolak_2.webm\" title=\"LQ\">\n  Your browser do not support the video tag.\n<\/video>\n\n\n\n<p><\/p>\n\n\n\n<ol class=\"wp-block-list\" type=\"1\"><li><strong>Uka\u017e<\/strong> kopretinu.<\/li><li><strong>Pojmenuj<\/strong> mot\u00fdla, kter\u00fd ji obl\u00e9t\u00e1. (Babo\u010dka pav\u00ed oko.)<\/li><li><strong>Uka\u017e<\/strong> dva jetel\u00ed\u010dky.<\/li><li><strong>Pojmenuj<\/strong> mot\u00fdla, kter\u00fd je obl\u00e9t\u00e1. (\u017dlu\u0165\u00e1sek.)<\/li><li><strong>Uka\u017e<\/strong> t\u0159i kv\u011bty zvonku.<\/li><li><strong>Pojmenuj<\/strong> mot\u00fdla, kter\u00fd je obl\u00e9t\u00e1. (Modr\u00e1sek.)<\/li><li><strong>Zkus se prolet\u011bt<\/strong> jako mot\u00fdlek. <strong>Vyber si<\/strong> jednoho z&nbsp;mot\u00fdlk\u016f na obr\u00e1zku a <strong>zahraj si<\/strong> na n\u011bj. <strong>Rozt\u00e1hni<\/strong> pa\u017ee a <strong>vzn\u00e1\u0161ej se<\/strong> ve v\u011btru lehce jako p\u00edrko.<\/li><li>Vstoje <strong>zkus obt\u00e1hnout<\/strong> prstem cestu babo\u010dky pav\u00edho oka kolem kopretiny.<\/li><li>P\u0159i tom <strong>od\u0159\u00edk\u00e1vej<\/strong> do rytmu \u0159\u00edkanku:<br><em>BUDU V&nbsp;C\u00cdLI ZA CHVILI\u010cKU,<\/em><br><em>JEN CO MRKNU KYTI\u010cKU!<\/em><\/li><li><strong>Vezmi si<\/strong> zelenou pastelku a <strong>vyzkou\u0161ej<\/strong> cestu <strong>obt\u00e1hnout<\/strong> i&nbsp;pastelkou.<\/li><li><strong>Posa\u010f se<\/strong>, mot\u00fdlku! <strong>P\u0159edstav si<\/strong>, \u017ee used\u00e1\u0161 na kyti\u010dku.<\/li><li>Od vyzna\u010den\u00e9ho bodu <strong>zkus nakreslit<\/strong> cestu kolem kopretiny vsed\u011b.<\/li><li>Povedlo se ti to!<\/li><li>A te\u010f <strong>zkou\u0161ej kreslit<\/strong> cestu se \u017elu\u0165\u00e1skem. Tah nep\u0159eru\u0161uj, a\u0165 je plynul\u00fd. N\u011bkolikr\u00e1t ho zopakuj.<\/li><li><strong>Zkus nakreslit<\/strong> plynule za sebou i cestu od modr\u00e1ska. P\u0159eru\u0161ovan\u00e1 \u010d\u00e1ra t\u011b navede.<br>M\u016f\u017ee\u0161 je zkusit nakreslit tolikr\u00e1t, kolikr\u00e1t chce\u0161.<\/li><li><strong>Odpo\u010di\u0148 si<\/strong> na kopretin\u011b jako beru\u0161ka na obr\u00e1zku. <strong>Stul se<\/strong> do klub\u00ed\u010dka na koberci, zav\u0159i o\u010di a voln\u011b d\u00fdchej.<\/li><li>V&nbsp;l\u00e9t\u011b <strong>m\u016f\u017ee\u0161<\/strong> na louce <strong>pozorovat<\/strong> na kv\u011btech i v\u010delky a \u010dmel\u00e1ky.<\/li><li>Na louce kvetou kopretiny, sedmikr\u00e1sky, zvonky, pampeli\u0161ky. Hmyz nav\u0161t\u011bvuje i kv\u011bty jitrocele, jetele a \u010dekanky. <strong>Prohl\u00e9dni si<\/strong> je na obr\u00e1zc\u00edch. Dosp\u011bl\u00ed ti je uk\u00e1\u017eou.<\/li><li><strong>Nakresli<\/strong> rozkvetlou louku s&nbsp;mot\u00fdly, v\u010delkami a \u010dmel\u00e1ky.<\/li><\/ol>\n\n\n\n<p class=\"has-text-align-right\"><a href=\"https:\/\/nns.cz\/predskolak\/jsem-predskolak\/podrobne-instrukce-ke-strankam\/\">Zp\u011bt na p\u0159ehled stran<\/a><\/p>\n","protected":false},"excerpt":{"rendered":"<p>JSEM P\u0158ED\u0160KOL\u00c1K Zp\u011bt na p\u0159ehled stran PROLE\u0164 SE S&nbsp;MOT\u00ddLKY. (str. 51) Your browser do not support the video tag. Uka\u017e kopretinu. Pojmenuj mot\u00fdla, kter\u00fd ji obl\u00e9t\u00e1. (Babo\u010dka pav\u00ed oko.) Uka\u017e dva jetel\u00ed\u010dky. Pojmenuj mot\u00fdla, kter\u00fd je obl\u00e9t\u00e1. (\u017dlu\u0165\u00e1sek.) Uka\u017e t\u0159i kv\u011bty zvonku. Pojmenuj mot\u00fdla, kter\u00fd je obl\u00e9t\u00e1. (Modr\u00e1sek.) Zkus se prolet\u011bt jako mot\u00fdlek. Vyber si [&hellip;]<\/p>\n","protected":false},"author":2,"featured_media":0,"parent":1716,"menu_order":0,"comment_status":"closed","ping_status":"closed","template":"","meta":{"footnotes":""},"class_list":["post-1938","page","type-page","status-publish","hentry","latest_post"],"_links":{"self":[{"href":"https:\/\/nns.cz\/predskolak\/wp-json\/wp\/v2\/pages\/1938","targetHints":{"allow":["GET"]}}],"collection":[{"href":"https:\/\/nns.cz\/predskolak\/wp-json\/wp\/v2\/pages"}],"about":[{"href":"https:\/\/nns.cz\/predskolak\/wp-json\/wp\/v2\/types\/page"}],"author":[{"embeddable":true,"href":"https:\/\/nns.cz\/predskolak\/wp-json\/wp\/v2\/users\/2"}],"replies":[{"embeddable":true,"href":"https:\/\/nns.cz\/predskolak\/wp-json\/wp\/v2\/comments?post=1938"}],"version-history":[{"count":5,"href":"https:\/\/nns.cz\/predskolak\/wp-json\/wp\/v2\/pages\/1938\/revisions"}],"predecessor-version":[{"id":2236,"href":"https:\/\/nns.cz\/predskolak\/wp-json\/wp\/v2\/pages\/1938\/revisions\/2236"}],"up":[{"embeddable":true,"href":"https:\/\/nns.cz\/predskolak\/wp-json\/wp\/v2\/pages\/1716"}],"wp:attachment":[{"href":"https:\/\/nns.cz\/predskolak\/wp-json\/wp\/v2\/media?parent=1938"}],"curies":[{"name":"wp","href":"https:\/\/api.w.org\/{rel}","templated":true}]}}