{"id":1935,"date":"2023-12-06T15:29:38","date_gmt":"2023-12-06T14:29:38","guid":{"rendered":"https:\/\/nns.cz\/predskolak\/?page_id=1935"},"modified":"2024-01-16T16:29:54","modified_gmt":"2024-01-16T15:29:54","slug":"strana-50","status":"publish","type":"page","link":"https:\/\/nns.cz\/predskolak\/jsem-predskolak\/podrobne-instrukce-ke-strankam\/strana-50\/","title":{"rendered":"Strana 50"},"content":{"rendered":"\n<p><strong><span class=\"has-inline-color has-luminous-vivid-orange-color\">J<\/span><span class=\"has-inline-color has-vivid-cyan-blue-color\">S<\/span><span class=\"has-inline-color has-light-green-cyan-color\">E<\/span><span class=\"has-inline-color has-vivid-purple-color\">M<\/span> <span class=\"has-inline-color has-luminous-vivid-amber-color\">P<\/span><span class=\"has-inline-color has-pale-cyan-blue-color\">\u0158<\/span><span class=\"has-inline-color has-vivid-red-color\">E<\/span><span class=\"has-inline-color has-pale-pink-color\">D<\/span><span class=\"has-inline-color has-vivid-purple-color\">\u0160<\/span><span class=\"has-inline-color has-light-green-cyan-color\">K<\/span><span class=\"has-inline-color has-vivid-cyan-blue-color\">O<\/span><span class=\"has-inline-color has-cyan-bluish-gray-color\">L<\/span><span class=\"has-inline-color has-vivid-green-cyan-color\">\u00c1<\/span><span class=\"has-inline-color has-vivid-purple-color\">K<\/span><\/strong><\/p>\n\n\n\n<p class=\"has-text-align-right\"><a href=\"https:\/\/nns.cz\/predskolak\/jsem-predskolak\/podrobne-instrukce-ke-strankam\/\">Zp\u011bt na p\u0159ehled stran<\/a><\/p>\n\n\n\n<div class=\"wp-block-image\"><figure class=\"alignleft size-medium is-resized\"><a href=\"https:\/\/mediacreator.cz\/documents\/Jsem_predskolak\/video\/50._Jsem_predskolak.webm\" target=\"_blank\" rel=\"noopener noreferrer\"><img loading=\"lazy\" decoding=\"async\" src=\"https:\/\/nns.cz\/predskolak\/wp-content\/uploads\/2023\/11\/krtek_ikonka-300x232.png\" alt=\"\" class=\"wp-image-1739\" width=\"75\" height=\"58\" srcset=\"https:\/\/nns.cz\/predskolak\/wp-content\/uploads\/2023\/11\/krtek_ikonka-300x232.png 300w, https:\/\/nns.cz\/predskolak\/wp-content\/uploads\/2023\/11\/krtek_ikonka.png 699w\" sizes=\"auto, (max-width: 75px) 100vw, 75px\" \/><\/a><\/figure><\/div>\n\n\n\n<p><strong><span class=\"has-inline-color has-vivid-cyan-blue-color\">POD ZEM DOL\u016e, PAK NAHORU<\/span><\/strong> (str. 50)<\/p>\n\n\n\n<div style=\"height:20px\" aria-hidden=\"true\" class=\"wp-block-spacer\"><\/div>\n\n\n\n<video class=\"video-player\" data-src=\"null\" src=\"https:\/\/mediacreator.cz\/documents\/Jsem_predskolak\/video\/low_50._Jsem_predskolak.webm\">\n  <source src=\"https:\/\/mediacreator.cz\/documents\/Jsem_predskolak\/video\/50._Jsem_predskolak.webm\" title=\"HQ\">\n  <source src=\"https:\/\/mediacreator.cz\/documents\/Jsem_predskolak\/video\/low_50._Jsem_predskolak.webm\" title=\"LQ\">\n  Your browser do not support the video tag.\n<\/video>\n\n\n\n<p><\/p>\n\n\n\n<ol class=\"wp-block-list\" type=\"1\"><li><strong>Prohl\u00e9dni si<\/strong> obr\u00e1zek. Pozn\u00e1\u0161, kdo na n\u011bm chyb\u00ed? (<em>Krtek.<\/em>)<\/li><li><strong>Najdi<\/strong> krtka v&nbsp;p\u0159\u00edloze samolepek a <strong>nalep<\/strong> ho tam, kam do obr\u00e1zku pat\u0159\u00ed.<\/li><li>Krtek m\u00e1 na obr\u00e1zku br\u00fdle. Ve skute\u010dnosti m\u00e1 ale o\u010di tak mal\u00e9, \u017ee pod chlupy jeho srsti nejsou skoro vid\u011bt. Vid\u00ed \u0161patn\u011b, rozezn\u00e1v\u00e1 pouze sv\u011btlo a tmu. Zato m\u00e1 velmi dobr\u00fd sluch a \u010dich, a tak dok\u00e1\u017ee zachytit pohyb \u017e\u00ed\u017eal v&nbsp;p\u016fd\u011b.<\/li><li><strong>Zahraj si<\/strong> na krtka a pohybuj pa\u017eemi a rukama, jako jimi pohybuje krtek, kdy\u017e hrabe tunel sm\u011brem k&nbsp;\u017e\u00ed\u017eale.<\/li><li><strong>Pod\u00edvej se<\/strong> na tunel, kter\u00fd krtek vyhrabal na obr\u00e1zku. Vstoje ho <strong>obt\u00e1hni<\/strong> prstem sm\u011brem dol\u016f a pak k&nbsp;r\u00fd\u010di nahoru. Tah nep\u0159eru\u0161uj, a\u0165 je plynul\u00fd. N\u011bkolikr\u00e1t ho <strong>zopakuj<\/strong>.<\/li><li><strong>Vezmi si<\/strong> hn\u011bdou pastelku a <strong>obt\u00e1hni<\/strong> \u010d\u00e1ru nad tunelem.<\/li><li><strong>Zkou\u0161ej kreslit<\/strong> tyto prohnut\u00e9 \u010d\u00e1ry i vsed\u011b.<\/li><li><strong>Za\u010dni<\/strong> od prvn\u00edho vyzna\u010den\u00e9ho bodu. P\u0159eru\u0161ovan\u00e1 \u010d\u00e1ra t\u011b povede.<\/li><li>Od druh\u00e9ho vyzna\u010den\u00e9ho bodu <strong>zkou\u0161ej nakreslit<\/strong> prohnutou \u010d\u00e1ru s\u00e1m.<\/li><li><strong>Zkus<\/strong> to i od t\u0159et\u00edho, od \u010dtvrt\u00e9ho a od p\u00e1t\u00e9ho bodu.<\/li><li>V&nbsp;tomto sm\u011bru <strong>m\u016f\u017ee\u0161 nakreslit<\/strong> tolik \u010dar, kolik chce\u0161.<\/li><li><strong>\u0158ekni<\/strong>, kter\u00fdm sm\u011brem hrabal krtek pod zem. Nahoru, nebo dol\u016f? (<em>Dol\u016f.<\/em>)<\/li><li><strong>\u0158ekni<\/strong>, kter\u00fdm sm\u011brem vyhrab\u00e1val cestu nad zem sm\u011brem k&nbsp;r\u00fd\u010di. (<em>Nahoru.<\/em>)<\/li><\/ol>\n\n\n\n<p class=\"has-text-align-right\"><a href=\"https:\/\/nns.cz\/predskolak\/jsem-predskolak\/podrobne-instrukce-ke-strankam\/\">Zp\u011bt na p\u0159ehled stran<\/a><\/p>\n","protected":false},"excerpt":{"rendered":"<p>JSEM P\u0158ED\u0160KOL\u00c1K Zp\u011bt na p\u0159ehled stran POD ZEM DOL\u016e, PAK NAHORU (str. 50) Your browser do not support the video tag. Prohl\u00e9dni si obr\u00e1zek. Pozn\u00e1\u0161, kdo na n\u011bm chyb\u00ed? (Krtek.) Najdi krtka v&nbsp;p\u0159\u00edloze samolepek a nalep ho tam, kam do obr\u00e1zku pat\u0159\u00ed. Krtek m\u00e1 na obr\u00e1zku br\u00fdle. Ve skute\u010dnosti m\u00e1 ale o\u010di tak mal\u00e9, \u017ee [&hellip;]<\/p>\n","protected":false},"author":2,"featured_media":0,"parent":1716,"menu_order":0,"comment_status":"closed","ping_status":"closed","template":"","meta":{"footnotes":""},"class_list":["post-1935","page","type-page","status-publish","hentry","latest_post"],"_links":{"self":[{"href":"https:\/\/nns.cz\/predskolak\/wp-json\/wp\/v2\/pages\/1935","targetHints":{"allow":["GET"]}}],"collection":[{"href":"https:\/\/nns.cz\/predskolak\/wp-json\/wp\/v2\/pages"}],"about":[{"href":"https:\/\/nns.cz\/predskolak\/wp-json\/wp\/v2\/types\/page"}],"author":[{"embeddable":true,"href":"https:\/\/nns.cz\/predskolak\/wp-json\/wp\/v2\/users\/2"}],"replies":[{"embeddable":true,"href":"https:\/\/nns.cz\/predskolak\/wp-json\/wp\/v2\/comments?post=1935"}],"version-history":[{"count":4,"href":"https:\/\/nns.cz\/predskolak\/wp-json\/wp\/v2\/pages\/1935\/revisions"}],"predecessor-version":[{"id":2235,"href":"https:\/\/nns.cz\/predskolak\/wp-json\/wp\/v2\/pages\/1935\/revisions\/2235"}],"up":[{"embeddable":true,"href":"https:\/\/nns.cz\/predskolak\/wp-json\/wp\/v2\/pages\/1716"}],"wp:attachment":[{"href":"https:\/\/nns.cz\/predskolak\/wp-json\/wp\/v2\/media?parent=1935"}],"curies":[{"name":"wp","href":"https:\/\/api.w.org\/{rel}","templated":true}]}}