{"id":1932,"date":"2023-12-06T15:28:12","date_gmt":"2023-12-06T14:28:12","guid":{"rendered":"https:\/\/nns.cz\/predskolak\/?page_id=1932"},"modified":"2024-01-16T16:29:32","modified_gmt":"2024-01-16T15:29:32","slug":"strana-49","status":"publish","type":"page","link":"https:\/\/nns.cz\/predskolak\/jsem-predskolak\/podrobne-instrukce-ke-strankam\/strana-49\/","title":{"rendered":"Strana 49"},"content":{"rendered":"\n<p><strong><span class=\"has-inline-color has-luminous-vivid-orange-color\">J<\/span><span class=\"has-inline-color has-vivid-cyan-blue-color\">S<\/span><span class=\"has-inline-color has-light-green-cyan-color\">E<\/span><span class=\"has-inline-color has-vivid-purple-color\">M<\/span> <span class=\"has-inline-color has-luminous-vivid-amber-color\">P<\/span><span class=\"has-inline-color has-pale-cyan-blue-color\">\u0158<\/span><span class=\"has-inline-color has-vivid-red-color\">E<\/span><span class=\"has-inline-color has-pale-pink-color\">D<\/span><span class=\"has-inline-color has-vivid-purple-color\">\u0160<\/span><span class=\"has-inline-color has-light-green-cyan-color\">K<\/span><span class=\"has-inline-color has-vivid-cyan-blue-color\">O<\/span><span class=\"has-inline-color has-cyan-bluish-gray-color\">L<\/span><span class=\"has-inline-color has-vivid-green-cyan-color\">\u00c1<\/span><span class=\"has-inline-color has-vivid-purple-color\">K<\/span><\/strong><\/p>\n\n\n\n<p class=\"has-text-align-right\"><a href=\"https:\/\/nns.cz\/predskolak\/jsem-predskolak\/podrobne-instrukce-ke-strankam\/\">Zp\u011bt na p\u0159ehled stran<\/a><\/p>\n\n\n\n<div class=\"wp-block-image\"><figure class=\"alignleft size-medium is-resized\"><a href=\"https:\/\/mediacreator.cz\/documents\/Jsem_predskolak\/video\/49._Jsem_predskolak_2.webm\" target=\"_blank\" rel=\"noopener noreferrer\"><img loading=\"lazy\" decoding=\"async\" src=\"https:\/\/nns.cz\/predskolak\/wp-content\/uploads\/2023\/11\/rocni-obdobi_ikonka-300x300.png\" alt=\"\" class=\"wp-image-1756\" width=\"75\" height=\"75\" srcset=\"https:\/\/nns.cz\/predskolak\/wp-content\/uploads\/2023\/11\/rocni-obdobi_ikonka-300x300.png 300w, https:\/\/nns.cz\/predskolak\/wp-content\/uploads\/2023\/11\/rocni-obdobi_ikonka-150x150.png 150w, https:\/\/nns.cz\/predskolak\/wp-content\/uploads\/2023\/11\/rocni-obdobi_ikonka-246x246.png 246w, https:\/\/nns.cz\/predskolak\/wp-content\/uploads\/2023\/11\/rocni-obdobi_ikonka-185x185.png 185w, https:\/\/nns.cz\/predskolak\/wp-content\/uploads\/2023\/11\/rocni-obdobi_ikonka-220x220.png 220w, https:\/\/nns.cz\/predskolak\/wp-content\/uploads\/2023\/11\/rocni-obdobi_ikonka-60x60.png 60w, https:\/\/nns.cz\/predskolak\/wp-content\/uploads\/2023\/11\/rocni-obdobi_ikonka.png 354w\" sizes=\"auto, (max-width: 75px) 100vw, 75px\" \/><\/a><\/figure><\/div>\n\n\n\n<p><strong><span class=\"has-inline-color has-vivid-cyan-blue-color\">JARO, L\u00c9TO, PODZIM, ZIMA<\/span><\/strong> (str. 49)<\/p>\n\n\n\n<div style=\"height:20px\" aria-hidden=\"true\" class=\"wp-block-spacer\"><\/div>\n\n\n\n<video class=\"video-player\" data-src=\"null\" src=\"https:\/\/mediacreator.cz\/documents\/Jsem_predskolak\/video\/low_49._Jsem_predskolak_2.webm\">\n  <source src=\"https:\/\/mediacreator.cz\/documents\/Jsem_predskolak\/video\/49._Jsem_predskolak_2.webm\" title=\"HQ\">\n  <source src=\"https:\/\/mediacreator.cz\/documents\/Jsem_predskolak\/video\/low_49._Jsem_predskolak_2.webm\" title=\"LQ\">\n  Your browser do not support the video tag.\n<\/video>\n\n\n\n<p><\/p>\n\n\n\n<ol class=\"wp-block-list\" type=\"1\"><li><strong>Prohl\u00e9dni si<\/strong> velk\u00e9 obr\u00e1zky na t\u00e9to str\u00e1nce.<\/li><li><strong>Pojmenuj<\/strong> je. <strong>\u0158\u00edkej<\/strong>: <em>Toto je kraslice. Toto je m\u00ed\u010d. Toto je list. Toto je sn\u011bhov\u00e1 vlo\u010dka.<\/em><\/li><li><strong>Dokresli<\/strong> druh\u00e9 poloviny t\u011bchto obr\u00e1zk\u016f.<\/li><li>Nejprve <strong>dokresli<\/strong> kraslici. \u010c\u00e1ru <strong>ve\u010f<\/strong> shora dol\u016f.<\/li><li>Pak <strong>dokresli<\/strong> \u010d\u00e1ry uvnit\u0159 kraslice. <strong>Kresli<\/strong> je zleva doprava.<\/li><li><strong>Dokresli<\/strong> druhou polovinu m\u00ed\u010de. \u010c\u00e1ru <strong>ve\u010f<\/strong> op\u011bt shora dol\u016f.<\/li><li><strong>Dokresli<\/strong> prohnutou \u010d\u00e1ru uvnit\u0159 m\u00ed\u010de.<\/li><li><strong>Dokresli<\/strong> i list a prohnut\u00e9 \u0161ikm\u00e9 \u010d\u00e1ry uvnit\u0159 listu. <strong>Kresli<\/strong> je zleva doprava.<\/li><li>A <strong>dokresli<\/strong> i vlo\u010dku.<\/li><li>Obr\u00e1zky <strong>vybarvi<\/strong>.<\/li><li><strong>\u0158ekni<\/strong>, kter\u00fd z&nbsp;t\u011bchto obr\u00e1zk\u016f pat\u0159\u00ed k&nbsp;jaru. Mal\u00e9 barevn\u00e9 obr\u00e1zky ti napov\u011bd\u00ed.<\/li><li><strong>\u0158ekni, <\/strong>kter\u00fd z&nbsp;t\u011bchto obr\u00e1zk\u016f pat\u0159\u00ed k&nbsp;l\u00e9tu.<\/li><li><strong>\u0158ekni<\/strong>, kter\u00fd z&nbsp;t\u011bchto obr\u00e1zk\u016f pat\u0159\u00ed k&nbsp;podzimu.<\/li><li><strong>\u0158ekni<\/strong>, kter\u00fd z&nbsp;t\u011bchto obr\u00e1zk\u016f pat\u0159\u00ed k&nbsp;zim\u011b.<\/li><li>Ke ka\u017ed\u00e9mu ro\u010dn\u00edmu obdob\u00ed <strong>zkus dolepit<\/strong> spr\u00e1vn\u00e9 samolepky.<\/li><li><strong>Vyber<\/strong> ty, kter\u00e9 pat\u0159\u00ed k&nbsp;jaru. <strong>Vyhledej<\/strong> je podle tvaru obr\u00e1zk\u016f.<br>(Ku\u0159\u00e1tko, poml\u00e1zka a petrkl\u00ed\u010d.)<\/li><li><strong>Najdi<\/strong> ty, kter\u00e9 pat\u0159\u00ed k&nbsp;l\u00e9tu.<br>(Slun\u00ed\u010dko, jah\u016fdka a plavky.)<\/li><li><strong>Uka\u017e<\/strong> ty, kter\u00e9 pat\u0159\u00ed k&nbsp;podzimu.<br>(Drak, ka\u0161tan a jabl\u00ed\u010dko.)<\/li><li>A <strong>uka\u017e<\/strong> i ty, kter\u00e9 pat\u0159\u00ed k&nbsp;zim\u011b. (Sn\u011bhul\u00e1k, \u010depice a brusle.)<\/li><li>V\u00ed\u0161, kter\u00e9 ro\u010dn\u00ed obdob\u00ed je pr\u00e1v\u011b te\u010f?<\/li><li>Co d\u011bl\u00e1\u0161 v&nbsp;tomto obdob\u00ed r\u00e1d? A co d\u011blaj\u00ed r\u00e1di tvoji kamar\u00e1di?<\/li><\/ol>\n\n\n\n<p class=\"has-text-align-right\"><a href=\"https:\/\/nns.cz\/predskolak\/jsem-predskolak\/podrobne-instrukce-ke-strankam\/\">Zp\u011bt na p\u0159ehled stran<\/a><\/p>\n","protected":false},"excerpt":{"rendered":"<p>JSEM P\u0158ED\u0160KOL\u00c1K Zp\u011bt na p\u0159ehled stran JARO, L\u00c9TO, PODZIM, ZIMA (str. 49) Your browser do not support the video tag. Prohl\u00e9dni si velk\u00e9 obr\u00e1zky na t\u00e9to str\u00e1nce. Pojmenuj je. \u0158\u00edkej: Toto je kraslice. Toto je m\u00ed\u010d. Toto je list. Toto je sn\u011bhov\u00e1 vlo\u010dka. Dokresli druh\u00e9 poloviny t\u011bchto obr\u00e1zk\u016f. Nejprve dokresli kraslici. \u010c\u00e1ru ve\u010f shora dol\u016f. [&hellip;]<\/p>\n","protected":false},"author":2,"featured_media":0,"parent":1716,"menu_order":0,"comment_status":"closed","ping_status":"closed","template":"","meta":{"footnotes":""},"class_list":["post-1932","page","type-page","status-publish","hentry","latest_post"],"_links":{"self":[{"href":"https:\/\/nns.cz\/predskolak\/wp-json\/wp\/v2\/pages\/1932","targetHints":{"allow":["GET"]}}],"collection":[{"href":"https:\/\/nns.cz\/predskolak\/wp-json\/wp\/v2\/pages"}],"about":[{"href":"https:\/\/nns.cz\/predskolak\/wp-json\/wp\/v2\/types\/page"}],"author":[{"embeddable":true,"href":"https:\/\/nns.cz\/predskolak\/wp-json\/wp\/v2\/users\/2"}],"replies":[{"embeddable":true,"href":"https:\/\/nns.cz\/predskolak\/wp-json\/wp\/v2\/comments?post=1932"}],"version-history":[{"count":4,"href":"https:\/\/nns.cz\/predskolak\/wp-json\/wp\/v2\/pages\/1932\/revisions"}],"predecessor-version":[{"id":2234,"href":"https:\/\/nns.cz\/predskolak\/wp-json\/wp\/v2\/pages\/1932\/revisions\/2234"}],"up":[{"embeddable":true,"href":"https:\/\/nns.cz\/predskolak\/wp-json\/wp\/v2\/pages\/1716"}],"wp:attachment":[{"href":"https:\/\/nns.cz\/predskolak\/wp-json\/wp\/v2\/media?parent=1932"}],"curies":[{"name":"wp","href":"https:\/\/api.w.org\/{rel}","templated":true}]}}