{"id":1929,"date":"2023-12-06T15:26:14","date_gmt":"2023-12-06T14:26:14","guid":{"rendered":"https:\/\/nns.cz\/predskolak\/?page_id=1929"},"modified":"2024-01-16T16:29:00","modified_gmt":"2024-01-16T15:29:00","slug":"strana-48","status":"publish","type":"page","link":"https:\/\/nns.cz\/predskolak\/jsem-predskolak\/podrobne-instrukce-ke-strankam\/strana-48\/","title":{"rendered":"Strana 48"},"content":{"rendered":"\n<p><strong><span class=\"has-inline-color has-luminous-vivid-orange-color\">J<\/span><span class=\"has-inline-color has-vivid-cyan-blue-color\">S<\/span><span class=\"has-inline-color has-light-green-cyan-color\">E<\/span><span class=\"has-inline-color has-vivid-purple-color\">M<\/span> <span class=\"has-inline-color has-luminous-vivid-amber-color\">P<\/span><span class=\"has-inline-color has-pale-cyan-blue-color\">\u0158<\/span><span class=\"has-inline-color has-vivid-red-color\">E<\/span><span class=\"has-inline-color has-pale-pink-color\">D<\/span><span class=\"has-inline-color has-vivid-purple-color\">\u0160<\/span><span class=\"has-inline-color has-light-green-cyan-color\">K<\/span><span class=\"has-inline-color has-vivid-cyan-blue-color\">O<\/span><span class=\"has-inline-color has-cyan-bluish-gray-color\">L<\/span><span class=\"has-inline-color has-vivid-green-cyan-color\">\u00c1<\/span><span class=\"has-inline-color has-vivid-purple-color\">K<\/span><\/strong><\/p>\n\n\n\n<p class=\"has-text-align-right\"><a href=\"https:\/\/nns.cz\/predskolak\/jsem-predskolak\/podrobne-instrukce-ke-strankam\/\">Zp\u011bt na p\u0159ehled stran<\/a><\/p>\n\n\n\n<div class=\"wp-block-image\"><figure class=\"alignleft size-medium is-resized\"><a href=\"https:\/\/mediacreator.cz\/documents\/Jsem_predskolak\/video\/48._Jsem_predskolak_2.webm\" target=\"_blank\" rel=\"noopener noreferrer\"><img loading=\"lazy\" decoding=\"async\" src=\"https:\/\/nns.cz\/predskolak\/wp-content\/uploads\/2023\/11\/pocasi_ikonka-300x287.png\" alt=\"\" class=\"wp-image-1753\" width=\"75\" height=\"72\" srcset=\"https:\/\/nns.cz\/predskolak\/wp-content\/uploads\/2023\/11\/pocasi_ikonka-300x287.png 300w, https:\/\/nns.cz\/predskolak\/wp-content\/uploads\/2023\/11\/pocasi_ikonka.png 585w\" sizes=\"auto, (max-width: 75px) 100vw, 75px\" \/><\/a><\/figure><\/div>\n\n\n\n<p><strong><span class=\"has-inline-color has-vivid-cyan-blue-color\">PO\u010cAS\u00cd <\/span><\/strong>(str. 48)<\/p>\n\n\n\n<div style=\"height:20px\" aria-hidden=\"true\" class=\"wp-block-spacer\"><\/div>\n\n\n\n<video class=\"video-player\" data-src=\"null\" src=\"https:\/\/mediacreator.cz\/documents\/Jsem_predskolak\/video\/low_48._Jsem_predskolak_2.webm\">\n  <source src=\"https:\/\/mediacreator.cz\/documents\/Jsem_predskolak\/video\/48._Jsem_predskolak_2.webm\" title=\"HQ\">\n  <source src=\"https:\/\/mediacreator.cz\/documents\/Jsem_predskolak\/video\/low_48._Jsem_predskolak_2.webm\" title=\"LQ\">\n  Your browser do not support the video tag.\n<\/video>\n\n\n\n<p><\/p>\n\n\n\n<ol class=\"wp-block-list\" type=\"1\"><li><em>Ko\u010dka leze d\u00edrou, pes oknem\u2026<\/em> je p\u00edsni\u010dka, ve kter\u00e9 se zp\u00edv\u00e1 o po\u010das\u00ed.<\/li><li>Jak\u00e9 po\u010das\u00ed je v&nbsp;tuto chv\u00edli? <strong>Zakrou\u017ekuj<\/strong> ho mezi barevn\u00fdmi obr\u00e1zky.<\/li><li><strong>Ukazuj<\/strong> barevn\u00e9 obr\u00e1zky po\u010das\u00ed jeden po druh\u00e9m a <strong>\u0159\u00edkej<\/strong>, jak\u00e9 po\u010das\u00ed zobrazuj\u00ed:<br><em>Sv\u00edt\u00ed slun\u00ed\u010dko. Je zata\u017eeno. Pr\u0161\u00ed. Je bou\u0159ka. Sn\u011b\u017e\u00ed.<\/em><\/li><li><strong>Prohl\u00e9dni si<\/strong> \u0161ed\u00e9 obr\u00e1zky na \u017elut\u00e9m \u0159\u00e1dku. Je na nich slun\u00ed\u010dko. Na n\u011bkter\u00fdch obr\u00e1zc\u00edch chyb\u00ed slun\u00ed\u010dku paprsek. Najde\u0161 kter\u00fd? <strong>Uka\u017e<\/strong> ho.<\/li><li><strong>Dokresli<\/strong> ho. Ka\u017edou z&nbsp;\u010dar <strong>za\u010dni kreslit<\/strong> shora dol\u016f nebo zleva doprava.<\/li><li>Pozorn\u011b <strong>si prohl\u00e9dni<\/strong> i \u0161ed\u00e9 obr\u00e1zky na \u010derven\u00e9m \u0159\u00e1dku. <strong>\u0158ekni<\/strong>, co na nich je.<\/li><li><strong>Dokresli<\/strong> mr\u00e1\u010dky tak, aby ka\u017ed\u00fd z&nbsp;nich vypadal jako vzorov\u00fd modr\u00fd mr\u00e1\u010dek.<\/li><li>Na modr\u00e9m \u0159\u00e1dku <strong>dokresli<\/strong> kapky tak, aby ka\u017ed\u00e1 z&nbsp;nich vypadala stejn\u011b jako vzorov\u00e1 modr\u00e1 kapka.<\/li><li>Podle vzorov\u00e9ho modr\u00e9ho obr\u00e1zku <strong>zkus dokreslit<\/strong> i blesky na zelen\u00e9m \u0159\u00e1dku a sn\u011bhov\u00e9 vlo\u010dky na posledn\u00edm, fialov\u00e9m \u0159\u00e1dku.<\/li><li>Dokreslovat chyb\u011bj\u00edc\u00ed \u010d\u00e1sti obr\u00e1zku ti jde moc dob\u0159e!<\/li><li>Zn\u00e1\u0161 je\u0161t\u011b n\u011bjakou dal\u0161\u00ed p\u00edsni\u010dku o po\u010das\u00ed? Tak ji <strong>zazp\u00edvej<\/strong> mamince, d\u011bdovi nebo t\u0159eba kamar\u00e1dovi.<\/li><\/ol>\n\n\n\n<p class=\"has-text-align-right\"><a href=\"https:\/\/nns.cz\/predskolak\/jsem-predskolak\/podrobne-instrukce-ke-strankam\/\">Zp\u011bt na p\u0159ehled stran<\/a><\/p>\n","protected":false},"excerpt":{"rendered":"<p>JSEM P\u0158ED\u0160KOL\u00c1K Zp\u011bt na p\u0159ehled stran PO\u010cAS\u00cd (str. 48) Your browser do not support the video tag. Ko\u010dka leze d\u00edrou, pes oknem\u2026 je p\u00edsni\u010dka, ve kter\u00e9 se zp\u00edv\u00e1 o po\u010das\u00ed. Jak\u00e9 po\u010das\u00ed je v&nbsp;tuto chv\u00edli? Zakrou\u017ekuj ho mezi barevn\u00fdmi obr\u00e1zky. Ukazuj barevn\u00e9 obr\u00e1zky po\u010das\u00ed jeden po druh\u00e9m a \u0159\u00edkej, jak\u00e9 po\u010das\u00ed zobrazuj\u00ed:Sv\u00edt\u00ed slun\u00ed\u010dko. Je zata\u017eeno. [&hellip;]<\/p>\n","protected":false},"author":2,"featured_media":0,"parent":1716,"menu_order":0,"comment_status":"closed","ping_status":"closed","template":"","meta":{"footnotes":""},"class_list":["post-1929","page","type-page","status-publish","hentry","latest_post"],"_links":{"self":[{"href":"https:\/\/nns.cz\/predskolak\/wp-json\/wp\/v2\/pages\/1929","targetHints":{"allow":["GET"]}}],"collection":[{"href":"https:\/\/nns.cz\/predskolak\/wp-json\/wp\/v2\/pages"}],"about":[{"href":"https:\/\/nns.cz\/predskolak\/wp-json\/wp\/v2\/types\/page"}],"author":[{"embeddable":true,"href":"https:\/\/nns.cz\/predskolak\/wp-json\/wp\/v2\/users\/2"}],"replies":[{"embeddable":true,"href":"https:\/\/nns.cz\/predskolak\/wp-json\/wp\/v2\/comments?post=1929"}],"version-history":[{"count":4,"href":"https:\/\/nns.cz\/predskolak\/wp-json\/wp\/v2\/pages\/1929\/revisions"}],"predecessor-version":[{"id":2233,"href":"https:\/\/nns.cz\/predskolak\/wp-json\/wp\/v2\/pages\/1929\/revisions\/2233"}],"up":[{"embeddable":true,"href":"https:\/\/nns.cz\/predskolak\/wp-json\/wp\/v2\/pages\/1716"}],"wp:attachment":[{"href":"https:\/\/nns.cz\/predskolak\/wp-json\/wp\/v2\/media?parent=1929"}],"curies":[{"name":"wp","href":"https:\/\/api.w.org\/{rel}","templated":true}]}}