{"id":1923,"date":"2023-12-06T15:22:20","date_gmt":"2023-12-06T14:22:20","guid":{"rendered":"https:\/\/nns.cz\/predskolak\/?page_id=1923"},"modified":"2024-01-16T16:28:15","modified_gmt":"2024-01-16T15:28:15","slug":"strana-45","status":"publish","type":"page","link":"https:\/\/nns.cz\/predskolak\/jsem-predskolak\/podrobne-instrukce-ke-strankam\/strana-45\/","title":{"rendered":"Strana 45"},"content":{"rendered":"\n<p><strong><span class=\"has-inline-color has-luminous-vivid-orange-color\">J<\/span><span class=\"has-inline-color has-vivid-cyan-blue-color\">S<\/span><span class=\"has-inline-color has-light-green-cyan-color\">E<\/span><span class=\"has-inline-color has-vivid-purple-color\">M<\/span> <span class=\"has-inline-color has-luminous-vivid-amber-color\">P<\/span><span class=\"has-inline-color has-pale-cyan-blue-color\">\u0158<\/span><span class=\"has-inline-color has-vivid-red-color\">E<\/span><span class=\"has-inline-color has-pale-pink-color\">D<\/span><span class=\"has-inline-color has-vivid-purple-color\">\u0160<\/span><span class=\"has-inline-color has-light-green-cyan-color\">K<\/span><span class=\"has-inline-color has-vivid-cyan-blue-color\">O<\/span><span class=\"has-inline-color has-cyan-bluish-gray-color\">L<\/span><span class=\"has-inline-color has-vivid-green-cyan-color\">\u00c1<\/span><span class=\"has-inline-color has-vivid-purple-color\">K<\/span><\/strong><\/p>\n\n\n\n<p class=\"has-text-align-right\"><a href=\"https:\/\/nns.cz\/predskolak\/jsem-predskolak\/podrobne-instrukce-ke-strankam\/\">Zp\u011bt na p\u0159ehled stran<\/a><\/p>\n\n\n\n<div class=\"wp-block-image\"><figure class=\"alignleft size-medium is-resized\"><a href=\"https:\/\/mediacreator.cz\/documents\/Jsem_predskolak\/video\/45._Jsem_predskolak.webm\" target=\"_blank\" rel=\"noopener noreferrer\"><img loading=\"lazy\" decoding=\"async\" src=\"https:\/\/nns.cz\/predskolak\/wp-content\/uploads\/2023\/11\/zaba_ikonka-300x248.png\" alt=\"\" class=\"wp-image-1763\" width=\"75\" height=\"62\" srcset=\"https:\/\/nns.cz\/predskolak\/wp-content\/uploads\/2023\/11\/zaba_ikonka-300x248.png 300w, https:\/\/nns.cz\/predskolak\/wp-content\/uploads\/2023\/11\/zaba_ikonka.png 382w\" sizes=\"auto, (max-width: 75px) 100vw, 75px\" \/><\/a><\/figure><\/div>\n\n\n\n<p><strong><span class=\"has-inline-color has-vivid-cyan-blue-color\">KRESLI VLNKY.<\/span><\/strong> (str. 45)<\/p>\n\n\n\n<div style=\"height:20px\" aria-hidden=\"true\" class=\"wp-block-spacer\"><\/div>\n\n\n\n<video class=\"video-player\" data-src=\"null\" src=\"https:\/\/mediacreator.cz\/documents\/Jsem_predskolak\/video\/low_45._Jsem_predskolak.webm\">\n  <source src=\"https:\/\/mediacreator.cz\/documents\/Jsem_predskolak\/video\/45._Jsem_predskolak.webm\" title=\"HQ\">\n  <source src=\"https:\/\/mediacreator.cz\/documents\/Jsem_predskolak\/video\/low_45._Jsem_predskolak.webm\" title=\"LQ\">\n  Your browser do not support the video tag.\n<\/video>\n\n\n\n<p><\/p>\n\n\n\n<ol class=\"wp-block-list\" type=\"1\"><li><strong>Prohl\u00e9dni si<\/strong> obr\u00e1zek. Chyb\u00ed na n\u011bm \u017eabka. <strong>Nalep<\/strong> ji.<\/li><li><strong>Zahraj si<\/strong> na \u017eabku. <strong>Uka\u017e<\/strong>, jak \u017eabky sk\u00e1\u010dou.<\/li><li>Vstoje n\u011bkolikr\u00e1t <strong>obt\u00e1hni<\/strong> prstem vlny v&nbsp;rybn\u00edce zleva doprava.<\/li><li><strong>Vezmi si<\/strong> modrou pastelku a <strong>obt\u00e1hni<\/strong> prvn\u00ed vlnku pastelkou. Tah nep\u0159eru\u0161uj, a\u0165 je plynul\u00fd.<\/li><li>Od vyzna\u010den\u00fdch bod\u016f <strong>kresli<\/strong> dal\u0161\u00ed vlnky, te\u010dkovan\u00e9 \u010d\u00e1ry t\u011b povedou. I pruhy a rybky ti napov\u00ed.<br>P\u0159i kreslen\u00ed <strong>od\u0159\u00edk\u00e1vej<\/strong> do rytmu \u0159\u00edkanku:<br><em>VE VLN\u00c1CH SI RYBKY PLUJ\u00cd.<\/em><br><em>KOLEM \u017dABKY POSKAKUJ\u00cd.<\/em><\/li><li>Vlnek si <strong>nakresli<\/strong>, kolik chce\u0161.<\/li><li><strong>Uka\u017e<\/strong> \u0159adu \u017eabek.<\/li><li><strong>Uka\u017e<\/strong> prvn\u00ed \u017eabku, druhou \u017eabku, t\u0159et\u00ed \u017eabku i \u010dtvrtou \u017eabku.<\/li><li><strong>Nalep<\/strong> p\u00e1tou \u017eabku.<\/li><li>V&nbsp;r\u00e1me\u010dku <strong>vybarvi<\/strong> tolik punt\u00edk\u016f, kolik \u017eabek je v&nbsp;\u0159ad\u011b.<\/li><li><strong>Prohl\u00e9dni si<\/strong> p\u011bt \u017eabek.<\/li><li><strong>Uka\u017e<\/strong> \u017eabku, kter\u00e1 je \u0161\u0165astn\u00e1<\/li><li><strong>Uka\u017e<\/strong> \u017eabku, kter\u00e1 je smutn\u00e1.<\/li><li><strong>Uka\u017e<\/strong> \u017eabku, kter\u00e1 je p\u0159ekvapen\u00e1.<\/li><li><strong>Uka\u017e<\/strong> \u017eabku, kter\u00e1 je rozzloben\u00e1.<\/li><li><strong>Uka\u017e<\/strong> i tu, kter\u00e1 je vesel\u00e1.<\/li><li><strong>\u0158ekni<\/strong>, jak se c\u00edt\u00ed\u0161 v&nbsp;tuto chv\u00edli ty. <strong>Vysv\u011btli<\/strong> pro\u010d.<\/li><\/ol>\n\n\n\n<p class=\"has-text-align-right\"><a href=\"https:\/\/nns.cz\/predskolak\/jsem-predskolak\/podrobne-instrukce-ke-strankam\/\">Zp\u011bt na p\u0159ehled stran<\/a><\/p>\n","protected":false},"excerpt":{"rendered":"<p>JSEM P\u0158ED\u0160KOL\u00c1K Zp\u011bt na p\u0159ehled stran KRESLI VLNKY. (str. 45) Your browser do not support the video tag. Prohl\u00e9dni si obr\u00e1zek. Chyb\u00ed na n\u011bm \u017eabka. Nalep ji. Zahraj si na \u017eabku. Uka\u017e, jak \u017eabky sk\u00e1\u010dou. Vstoje n\u011bkolikr\u00e1t obt\u00e1hni prstem vlny v&nbsp;rybn\u00edce zleva doprava. Vezmi si modrou pastelku a obt\u00e1hni prvn\u00ed vlnku pastelkou. Tah nep\u0159eru\u0161uj, a\u0165 [&hellip;]<\/p>\n","protected":false},"author":2,"featured_media":0,"parent":1716,"menu_order":0,"comment_status":"closed","ping_status":"closed","template":"","meta":{"footnotes":""},"class_list":["post-1923","page","type-page","status-publish","hentry","latest_post"],"_links":{"self":[{"href":"https:\/\/nns.cz\/predskolak\/wp-json\/wp\/v2\/pages\/1923","targetHints":{"allow":["GET"]}}],"collection":[{"href":"https:\/\/nns.cz\/predskolak\/wp-json\/wp\/v2\/pages"}],"about":[{"href":"https:\/\/nns.cz\/predskolak\/wp-json\/wp\/v2\/types\/page"}],"author":[{"embeddable":true,"href":"https:\/\/nns.cz\/predskolak\/wp-json\/wp\/v2\/users\/2"}],"replies":[{"embeddable":true,"href":"https:\/\/nns.cz\/predskolak\/wp-json\/wp\/v2\/comments?post=1923"}],"version-history":[{"count":5,"href":"https:\/\/nns.cz\/predskolak\/wp-json\/wp\/v2\/pages\/1923\/revisions"}],"predecessor-version":[{"id":2231,"href":"https:\/\/nns.cz\/predskolak\/wp-json\/wp\/v2\/pages\/1923\/revisions\/2231"}],"up":[{"embeddable":true,"href":"https:\/\/nns.cz\/predskolak\/wp-json\/wp\/v2\/pages\/1716"}],"wp:attachment":[{"href":"https:\/\/nns.cz\/predskolak\/wp-json\/wp\/v2\/media?parent=1923"}],"curies":[{"name":"wp","href":"https:\/\/api.w.org\/{rel}","templated":true}]}}