{"id":1920,"date":"2023-12-06T15:09:49","date_gmt":"2023-12-06T14:09:49","guid":{"rendered":"https:\/\/nns.cz\/predskolak\/?page_id=1920"},"modified":"2024-01-16T16:27:53","modified_gmt":"2024-01-16T15:27:53","slug":"strana-44","status":"publish","type":"page","link":"https:\/\/nns.cz\/predskolak\/jsem-predskolak\/podrobne-instrukce-ke-strankam\/strana-44\/","title":{"rendered":"Strana 44"},"content":{"rendered":"\n<p><strong><span class=\"has-inline-color has-luminous-vivid-orange-color\">J<\/span><span class=\"has-inline-color has-vivid-cyan-blue-color\">S<\/span><span class=\"has-inline-color has-light-green-cyan-color\">E<\/span><span class=\"has-inline-color has-vivid-purple-color\">M<\/span> <span class=\"has-inline-color has-luminous-vivid-amber-color\">P<\/span><span class=\"has-inline-color has-pale-cyan-blue-color\">\u0158<\/span><span class=\"has-inline-color has-vivid-red-color\">E<\/span><span class=\"has-inline-color has-pale-pink-color\">D<\/span><span class=\"has-inline-color has-vivid-purple-color\">\u0160<\/span><span class=\"has-inline-color has-light-green-cyan-color\">K<\/span><span class=\"has-inline-color has-vivid-cyan-blue-color\">O<\/span><span class=\"has-inline-color has-cyan-bluish-gray-color\">L<\/span><span class=\"has-inline-color has-vivid-green-cyan-color\">\u00c1<\/span><span class=\"has-inline-color has-vivid-purple-color\">K<\/span><\/strong><\/p>\n\n\n\n<p class=\"has-text-align-right\"><a href=\"https:\/\/nns.cz\/predskolak\/jsem-predskolak\/podrobne-instrukce-ke-strankam\/\">Zp\u011bt na p\u0159ehled stran<\/a><\/p>\n\n\n\n<div class=\"wp-block-image\"><figure class=\"alignleft size-medium is-resized\"><a href=\"https:\/\/mediacreator.cz\/documents\/Jsem_predskolak\/video\/44._Jsem_predskolak_2.webm\" target=\"_blank\" rel=\"noopener noreferrer\"><img loading=\"lazy\" decoding=\"async\" src=\"https:\/\/nns.cz\/predskolak\/wp-content\/uploads\/2023\/11\/masle_ikonka-300x187.png\" alt=\"\" class=\"wp-image-1744\" width=\"75\" height=\"47\" srcset=\"https:\/\/nns.cz\/predskolak\/wp-content\/uploads\/2023\/11\/masle_ikonka-300x187.png 300w, https:\/\/nns.cz\/predskolak\/wp-content\/uploads\/2023\/11\/masle_ikonka.png 410w\" sizes=\"auto, (max-width: 75px) 100vw, 75px\" \/><\/a><\/figure><\/div>\n\n\n\n<p><strong><span class=\"has-inline-color has-vivid-cyan-blue-color\">KRESLI BAREVN\u00c9 PRAM\u00cdNKY VLAS\u016e.<\/span><\/strong> (str. 44)<\/p>\n\n\n\n<div style=\"height:20px\" aria-hidden=\"true\" class=\"wp-block-spacer\"><\/div>\n\n\n\n<video class=\"video-player\" data-src=\"null\" src=\"https:\/\/mediacreator.cz\/documents\/Jsem_predskolak\/video\/low_44._Jsem_predskolak_2.webm\">\n  <source src=\"https:\/\/mediacreator.cz\/documents\/Jsem_predskolak\/video\/44._Jsem_predskolak_2.webm\" title=\"HQ\">\n  <source src=\"https:\/\/mediacreator.cz\/documents\/Jsem_predskolak\/video\/low_44._Jsem_predskolak_2.webm\" title=\"LQ\">\n  Your browser do not support the video tag.\n<\/video>\n\n\n\n<p><\/p>\n\n\n\n<ol class=\"wp-block-list\" type=\"1\"><li><strong>Pod\u00edvej<\/strong>, jak zvln\u011bn\u00e9 vlasy m\u00e1 na obr\u00e1zku Alenka.<\/li><li><strong>Prohl\u00e9dni se <\/strong>v zrcadle a \u0159\u00edkej, jak\u00e9 jsou ty tvoje?<\/li><li><strong>Uka\u017e<\/strong> pa\u017e\u00ed ve vzduchu, jak se Alence vln\u00ed vlasy.<\/li><li>Vstoje <strong>obt\u00e1hni<\/strong> prstem na obr\u00e1zku jej\u00ed oran\u017eov\u00fd pram\u00ednek vlas\u016f.<\/li><li><strong>Obt\u00e1hni<\/strong> i ten \u010derven\u00fd.<\/li><li>A tak\u00e9 <strong>obt\u00e1hni<\/strong> jej\u00ed hn\u011bd\u00fd pram\u00ednek vlas\u016f.<\/li><li><strong>Vezmi si<\/strong> oran\u017eovou pastelku a n\u011bkolikr\u00e1t <strong>obt\u00e1hni<\/strong> oran\u017eov\u00fd pram\u00ednek vlas\u016f i pastelkou.<\/li><li><strong>Vezmi si<\/strong> \u010dervenou pastelku a n\u011bkolikr\u00e1t <strong>obt\u00e1hni<\/strong> \u010derven\u00fd pram\u00ednek vlas\u016f.<\/li><li><strong>Vezmi si<\/strong> hn\u011bdou pastelku a n\u011bkolikr\u00e1t <strong>obt\u00e1hni<\/strong> hn\u011bd\u00fd pram\u00ednek vlas\u016f.<\/li><li><strong>Posa\u010f se<\/strong> a vsed\u011b <strong>zkou\u0161ej kreslit<\/strong> dal\u0161\u00ed pram\u00ednky vlas\u016f&nbsp; v&nbsp;tomto cul\u00edku.<\/li><li>Nejprve <strong>si<\/strong> op\u011bt <strong>vezmi<\/strong> oran\u017eovou pastelku a <strong>nakresli<\/strong> oran\u017eov\u00fd pram\u00ednek vlas\u016f od oran\u017eov\u00e9ho bodu p\u0159es&nbsp;te\u010dkovan\u00e9 pomocn\u00e9 \u010d\u00e1ry. Navedou t\u011b spr\u00e1vnou cestou.<\/li><li><strong>Zkus nakreslit<\/strong> dal\u0161\u00ed oran\u017eov\u00fd pram\u00ednek od oran\u017eov\u00e9ho bodu. Tentokr\u00e1t bez pomocn\u00e9 \u010d\u00e1ry.<\/li><li>Od oran\u017eov\u00e9ho bodu <strong>nakresli<\/strong> tolik pram\u00ednk\u016f, kolik bude\u0161 cht\u00edt.<\/li><li><strong>Vezmi si<\/strong> \u010dervenou pastelku. Od \u010derven\u00e9ho bodu <strong>nakresli<\/strong> p\u0159es pomocnou te\u010dkovanou \u010d\u00e1ru \u010derven\u00fd pram\u00ednek vlas\u016f.<\/li><li>Od \u010derven\u00e9ho bodu <strong>zkus nakreslit<\/strong> dal\u0161\u00ed \u010derven\u00fd pram\u00ednek.<\/li><li>I \u010derven\u00fdch pram\u00ednk\u016f <strong>nakresli <\/strong>od \u010derven\u00e9ho bodu tolik, kolik bude\u0161 cht\u00edt.<\/li><li>A nakonec <strong>si vezmi<\/strong> hn\u011bdou pastelku a <strong>nakresli<\/strong> Alence i hn\u011bd\u00e9 pram\u00ednky vlas\u016f. P\u0159i kreslen\u00ed <strong>od\u0159\u00edk\u00e1vej<\/strong> do rytmu \u0159\u00edkanku:<br><em>ALENCE SE VLASY VLN\u00cd,<\/em><br><em>KOT\u011a SPOKOJEN\u011a VRN\u00cd.<\/em><\/li><li><strong>Dokresli<\/strong> Alence pram\u00ednky vlas\u016f tak\u00e9 na druh\u00fd cul\u00ed\u010dek. <strong>Kresli<\/strong> dlouh\u00e9 pram\u00ednky, jin\u00e9 del\u0161\u00ed a n\u011bkter\u00e9 nejdel\u0161\u00ed!<\/li><li>Ma\u0161le <strong>ozdob <\/strong>a <strong>vybarvi <\/strong>podle sv\u00e9 fantazie.<\/li><\/ol>\n\n\n\n<p class=\"has-text-align-right\"><a href=\"https:\/\/nns.cz\/predskolak\/jsem-predskolak\/podrobne-instrukce-ke-strankam\/\">Zp\u011bt na p\u0159ehled stran<\/a><\/p>\n","protected":false},"excerpt":{"rendered":"<p>JSEM P\u0158ED\u0160KOL\u00c1K Zp\u011bt na p\u0159ehled stran KRESLI BAREVN\u00c9 PRAM\u00cdNKY VLAS\u016e. (str. 44) Your browser do not support the video tag. Pod\u00edvej, jak zvln\u011bn\u00e9 vlasy m\u00e1 na obr\u00e1zku Alenka. Prohl\u00e9dni se v&nbsp;zrcadle a \u0159\u00edkej, jak\u00e9 jsou ty tvoje? Uka\u017e pa\u017e\u00ed ve vzduchu, jak se Alence vln\u00ed vlasy. Vstoje obt\u00e1hni prstem na obr\u00e1zku jej\u00ed oran\u017eov\u00fd pram\u00ednek [&hellip;]<\/p>\n","protected":false},"author":2,"featured_media":0,"parent":1716,"menu_order":0,"comment_status":"closed","ping_status":"closed","template":"","meta":{"footnotes":""},"class_list":["post-1920","page","type-page","status-publish","hentry","latest_post"],"_links":{"self":[{"href":"https:\/\/nns.cz\/predskolak\/wp-json\/wp\/v2\/pages\/1920","targetHints":{"allow":["GET"]}}],"collection":[{"href":"https:\/\/nns.cz\/predskolak\/wp-json\/wp\/v2\/pages"}],"about":[{"href":"https:\/\/nns.cz\/predskolak\/wp-json\/wp\/v2\/types\/page"}],"author":[{"embeddable":true,"href":"https:\/\/nns.cz\/predskolak\/wp-json\/wp\/v2\/users\/2"}],"replies":[{"embeddable":true,"href":"https:\/\/nns.cz\/predskolak\/wp-json\/wp\/v2\/comments?post=1920"}],"version-history":[{"count":5,"href":"https:\/\/nns.cz\/predskolak\/wp-json\/wp\/v2\/pages\/1920\/revisions"}],"predecessor-version":[{"id":2230,"href":"https:\/\/nns.cz\/predskolak\/wp-json\/wp\/v2\/pages\/1920\/revisions\/2230"}],"up":[{"embeddable":true,"href":"https:\/\/nns.cz\/predskolak\/wp-json\/wp\/v2\/pages\/1716"}],"wp:attachment":[{"href":"https:\/\/nns.cz\/predskolak\/wp-json\/wp\/v2\/media?parent=1920"}],"curies":[{"name":"wp","href":"https:\/\/api.w.org\/{rel}","templated":true}]}}