{"id":1914,"date":"2023-12-06T15:05:42","date_gmt":"2023-12-06T14:05:42","guid":{"rendered":"https:\/\/nns.cz\/predskolak\/?page_id=1914"},"modified":"2024-01-16T16:27:09","modified_gmt":"2024-01-16T15:27:09","slug":"strana-41","status":"publish","type":"page","link":"https:\/\/nns.cz\/predskolak\/jsem-predskolak\/podrobne-instrukce-ke-strankam\/strana-41\/","title":{"rendered":"Strana 41"},"content":{"rendered":"\n<p><strong><span class=\"has-inline-color has-luminous-vivid-orange-color\">J<\/span><span class=\"has-inline-color has-vivid-cyan-blue-color\">S<\/span><span class=\"has-inline-color has-light-green-cyan-color\">E<\/span><span class=\"has-inline-color has-vivid-purple-color\">M<\/span> <span class=\"has-inline-color has-luminous-vivid-amber-color\">P<\/span><span class=\"has-inline-color has-pale-cyan-blue-color\">\u0158<\/span><span class=\"has-inline-color has-vivid-red-color\">E<\/span><span class=\"has-inline-color has-pale-pink-color\">D<\/span><span class=\"has-inline-color has-vivid-purple-color\">\u0160<\/span><span class=\"has-inline-color has-light-green-cyan-color\">K<\/span><span class=\"has-inline-color has-vivid-cyan-blue-color\">O<\/span><span class=\"has-inline-color has-cyan-bluish-gray-color\">L<\/span><span class=\"has-inline-color has-vivid-green-cyan-color\">\u00c1<\/span><span class=\"has-inline-color has-vivid-purple-color\">K<\/span><\/strong><\/p>\n\n\n\n<p class=\"has-text-align-right\"><a href=\"https:\/\/nns.cz\/predskolak\/jsem-predskolak\/podrobne-instrukce-ke-strankam\/\">Zp\u011bt na p\u0159ehled stran<\/a><\/p>\n\n\n\n<div class=\"wp-block-image\"><figure class=\"alignleft size-medium is-resized\"><a href=\"https:\/\/mediacreator.cz\/documents\/Jsem_predskolak\/video\/41._Jsem_predskolak.webm\" target=\"_blank\" rel=\"noopener noreferrer\"><img loading=\"lazy\" decoding=\"async\" src=\"https:\/\/nns.cz\/predskolak\/wp-content\/uploads\/2023\/11\/dron_ikonka-300x141.png\" alt=\"\" class=\"wp-image-1729\" width=\"75\" height=\"35\" srcset=\"https:\/\/nns.cz\/predskolak\/wp-content\/uploads\/2023\/11\/dron_ikonka-300x141.png 300w, https:\/\/nns.cz\/predskolak\/wp-content\/uploads\/2023\/11\/dron_ikonka.png 721w\" sizes=\"auto, (max-width: 75px) 100vw, 75px\" \/><\/a><\/figure><\/div>\n\n\n\n<p><strong><span class=\"has-inline-color has-vivid-cyan-blue-color\">KRESLI SPIR\u00c1LY.<\/span><\/strong> (str. 41)<\/p>\n\n\n\n<div style=\"height:20px\" aria-hidden=\"true\" class=\"wp-block-spacer\"><\/div>\n\n\n\n<video class=\"video-player\" data-src=\"null\" src=\"https:\/\/mediacreator.cz\/documents\/Jsem_predskolak\/video\/low_41._Jsem_predskolak.webm\">\n  <source src=\"https:\/\/mediacreator.cz\/documents\/Jsem_predskolak\/video\/41._Jsem_predskolak.webm\" title=\"HQ\">\n  <source src=\"https:\/\/mediacreator.cz\/documents\/Jsem_predskolak\/video\/low_41._Jsem_predskolak.webm\" title=\"LQ\">\n  Your browser do not support the video tag.\n<\/video>\n\n\n\n<p><\/p>\n\n\n\n<ol class=\"wp-block-list\" type=\"1\"><li>V\u00edtej na sv\u011bteln\u00e9 show! Pozorn\u011b <strong>si prohl\u00e9dni<\/strong> obr\u00e1zek. Co je na obr\u00e1zku?<br>Ano! Jsou tu sv\u011bteln\u00e9 drony! A mezi nimi hv\u011bzdy.<\/li><li><strong>Uka\u017e<\/strong> nejv\u011bt\u0161\u00ed hv\u011bzdu. <strong>Zakru\u017e<\/strong> pa\u017eemi a p\u0159edstav si, \u017ee jsi hv\u011bzda a tvoje pa\u017ee jsou te\u010f paprsky.<\/li><li><strong>Vezmi si<\/strong> \u017elutou pastelku a <strong>vybarvi<\/strong> ji.<\/li><li>Od nejv\u011bt\u0161\u00ed hv\u011bzdy <strong>obt\u00e1hni<\/strong> prstem cestu pod\u00e9l dron\u016f, kter\u00e9 rozz\u00e1\u0159ily ve\u010dern\u00ed oblohu.<\/li><li><strong>Vezmi si<\/strong> \u017elutou pastelku a <strong>obt\u00e1hni<\/strong> cestu i pastelkou.<\/li><li>Od nejv\u011bt\u0161\u00ed hv\u011bzdy <strong>ukazuj<\/strong> drony a <strong>\u0159\u00edkej<\/strong>, jak jsou barevn\u00e9. (<em>Hn\u011bd\u00fd<\/em>, <em>\u017elut\u00fd<\/em>, <em>r\u016f\u017eov\u00fd<\/em>, <em>hn\u011bd\u00fd<\/em>, <em>\u017elut\u00fd<\/em>, <em>r\u016f\u017eov\u00fd<\/em>, <em>hn\u011bd\u00fd<\/em>, <em>\u017elut\u00fd<\/em>.) P\u0159em\u00fd\u0161lej, kter\u00fd pat\u0159\u00ed na konec cesty. (<em>R\u016f\u017eov\u00fd dron<\/em>.)<\/li><li><strong>Najdi<\/strong> ho mezi samolepkami a <strong>nalep<\/strong>.<\/li><li><strong>P\u0159ev\u00e1d\u011bj<\/strong>, jak let\u00ed.<\/li><li>A te\u010f <strong>zkus<\/strong> od vyzna\u010den\u00e9ho bodu <strong>nakreslit<\/strong> cestu pod\u00e9l dron\u016f s\u00e1m. Pomocn\u00e1 \u010d\u00e1ra t\u011b navede.<\/li><li>P\u0159i kreslen\u00ed <strong>od\u0159\u00edk\u00e1vej<\/strong> do rytmu \u0159\u00edkanku:<br><em>A\u017d OBLOHU ROZZ\u00c1\u0158\u00cdM,<\/em><br><em>V\u0160ECHNY HV\u011aZDY POZDRAV\u00cdM.<\/em><\/li><li><strong>Vezmi si<\/strong> \u010dervenou pastelku a <strong>nakresli<\/strong> i cestu k&nbsp;\u010derven\u00e9mu dronu.<\/li><li>Na obr\u00e1zku <strong>spo\u010d\u00edtej <\/strong>mal\u00e9 hv\u011bzdy. P\u0159i po\u010d\u00edt\u00e1n\u00ed jednu po druh\u00e9 <strong>zakrou\u017ekuj<\/strong>.<\/li><li>Kdy\u017e k&nbsp;nim p\u0159id\u00e1\u0161 je\u0161t\u011b tu velikou, kolik jich bude dohromady? P\u011bt!<\/li><li>V r\u00e1me\u010dku <strong>vybarvi<\/strong> p\u011bt punt\u00edk\u016f.<\/li><li><strong>Prohl\u00e9dni si <\/strong>p\u011btku. <strong>M\u016f\u017ee\u0161 si<\/strong> ji <strong>vybarvit<\/strong>. A t\u0159eba i vyzdobit podle sv\u00e9 fantazie.<br>Ta moje bude t\u0159eba fialov\u00e1!<\/li><li>Zkus\u00edme si spolu je\u0161t\u011b jednou spo\u010d\u00edtat hv\u011bzdy? <em>Jedna, dv\u011b, t\u0159i, \u010dty\u0159i, p\u011bt!<\/em><\/li><li>Po\u010d\u00edtat do p\u011bti zvl\u00e1d\u00e1\u0161 skv\u011ble! Nau\u010d to i kamar\u00e1dy!<\/li><\/ol>\n\n\n\n<p class=\"has-text-align-right\"><a href=\"https:\/\/nns.cz\/predskolak\/jsem-predskolak\/podrobne-instrukce-ke-strankam\/\">Zp\u011bt na p\u0159ehled stran<\/a><\/p>\n","protected":false},"excerpt":{"rendered":"<p>JSEM P\u0158ED\u0160KOL\u00c1K Zp\u011bt na p\u0159ehled stran KRESLI SPIR\u00c1LY. (str. 41) Your browser do not support the video tag. V\u00edtej na sv\u011bteln\u00e9 show! Pozorn\u011b si prohl\u00e9dni obr\u00e1zek. Co je na obr\u00e1zku?Ano! Jsou tu sv\u011bteln\u00e9 drony! A mezi nimi hv\u011bzdy. Uka\u017e nejv\u011bt\u0161\u00ed hv\u011bzdu. Zakru\u017e pa\u017eemi a p\u0159edstav si, \u017ee jsi hv\u011bzda a tvoje pa\u017ee jsou te\u010f paprsky. [&hellip;]<\/p>\n","protected":false},"author":2,"featured_media":0,"parent":1716,"menu_order":0,"comment_status":"closed","ping_status":"closed","template":"","meta":{"footnotes":""},"class_list":["post-1914","page","type-page","status-publish","hentry","latest_post"],"_links":{"self":[{"href":"https:\/\/nns.cz\/predskolak\/wp-json\/wp\/v2\/pages\/1914","targetHints":{"allow":["GET"]}}],"collection":[{"href":"https:\/\/nns.cz\/predskolak\/wp-json\/wp\/v2\/pages"}],"about":[{"href":"https:\/\/nns.cz\/predskolak\/wp-json\/wp\/v2\/types\/page"}],"author":[{"embeddable":true,"href":"https:\/\/nns.cz\/predskolak\/wp-json\/wp\/v2\/users\/2"}],"replies":[{"embeddable":true,"href":"https:\/\/nns.cz\/predskolak\/wp-json\/wp\/v2\/comments?post=1914"}],"version-history":[{"count":5,"href":"https:\/\/nns.cz\/predskolak\/wp-json\/wp\/v2\/pages\/1914\/revisions"}],"predecessor-version":[{"id":2228,"href":"https:\/\/nns.cz\/predskolak\/wp-json\/wp\/v2\/pages\/1914\/revisions\/2228"}],"up":[{"embeddable":true,"href":"https:\/\/nns.cz\/predskolak\/wp-json\/wp\/v2\/pages\/1716"}],"wp:attachment":[{"href":"https:\/\/nns.cz\/predskolak\/wp-json\/wp\/v2\/media?parent=1914"}],"curies":[{"name":"wp","href":"https:\/\/api.w.org\/{rel}","templated":true}]}}