{"id":1911,"date":"2023-12-06T14:30:52","date_gmt":"2023-12-06T13:30:52","guid":{"rendered":"https:\/\/nns.cz\/predskolak\/?page_id=1911"},"modified":"2024-01-16T16:26:46","modified_gmt":"2024-01-16T15:26:46","slug":"strana-40","status":"publish","type":"page","link":"https:\/\/nns.cz\/predskolak\/jsem-predskolak\/podrobne-instrukce-ke-strankam\/strana-40\/","title":{"rendered":"Strana 40"},"content":{"rendered":"\n<p><strong><span class=\"has-inline-color has-luminous-vivid-orange-color\">J<\/span><span class=\"has-inline-color has-vivid-cyan-blue-color\">S<\/span><span class=\"has-inline-color has-light-green-cyan-color\">E<\/span><span class=\"has-inline-color has-vivid-purple-color\">M<\/span> <span class=\"has-inline-color has-luminous-vivid-amber-color\">P<\/span><span class=\"has-inline-color has-pale-cyan-blue-color\">\u0158<\/span><span class=\"has-inline-color has-vivid-red-color\">E<\/span><span class=\"has-inline-color has-pale-pink-color\">D<\/span><span class=\"has-inline-color has-vivid-purple-color\">\u0160<\/span><span class=\"has-inline-color has-light-green-cyan-color\">K<\/span><span class=\"has-inline-color has-vivid-cyan-blue-color\">O<\/span><span class=\"has-inline-color has-cyan-bluish-gray-color\">L<\/span><span class=\"has-inline-color has-vivid-green-cyan-color\">\u00c1<\/span><span class=\"has-inline-color has-vivid-purple-color\">K<\/span><\/strong><\/p>\n\n\n\n<p class=\"has-text-align-right\"><a href=\"https:\/\/nns.cz\/predskolak\/jsem-predskolak\/podrobne-instrukce-ke-strankam\/\">Zp\u011bt na p\u0159ehled stran<\/a><\/p>\n\n\n\n<div class=\"wp-block-image\"><figure class=\"alignleft size-medium is-resized\"><a href=\"https:\/\/mediacreator.cz\/documents\/Jsem_predskolak\/video\/40._Jsem_predskolak.webm\" target=\"_blank\" rel=\"noopener noreferrer\"><img loading=\"lazy\" decoding=\"async\" src=\"https:\/\/nns.cz\/predskolak\/wp-content\/uploads\/2023\/11\/kopec_ikonka-300x150.png\" alt=\"\" class=\"wp-image-1736\" width=\"75\" height=\"38\" srcset=\"https:\/\/nns.cz\/predskolak\/wp-content\/uploads\/2023\/11\/kopec_ikonka-300x150.png 300w, https:\/\/nns.cz\/predskolak\/wp-content\/uploads\/2023\/11\/kopec_ikonka.png 689w\" sizes=\"auto, (max-width: 75px) 100vw, 75px\" \/><\/a><\/figure><\/div>\n\n\n\n<p><strong><span class=\"has-inline-color has-vivid-cyan-blue-color\">NAKRESLI CESTU.<\/span><\/strong> (str. 40)<\/p>\n\n\n\n<div style=\"height:20px\" aria-hidden=\"true\" class=\"wp-block-spacer\"><\/div>\n\n\n\n<video class=\"video-player\" data-src=\"null\" src=\"https:\/\/mediacreator.cz\/documents\/Jsem_predskolak\/video\/low_40._Jsem_predskolak.webm\">\n  <source src=\"https:\/\/mediacreator.cz\/documents\/Jsem_predskolak\/video\/40._Jsem_predskolak.webm\" title=\"HQ\">\n  <source src=\"https:\/\/mediacreator.cz\/documents\/Jsem_predskolak\/video\/low_40._Jsem_predskolak.webm\" title=\"LQ\">\n  Your browser do not support the video tag.\n<\/video>\n\n\n\n<p><\/p>\n\n\n\n<ol class=\"wp-block-list\" type=\"1\"><li>Jezd\u00ed\u0161 r\u00e1d na v\u00fdlety? Je\u017eek na obr\u00e1zku jede na kolob\u011b\u017ece. A m\u00e1 p\u0159ed sebou p\u011bkn\u00fd kus cesty. Vstoje <strong>obt\u00e1hni<\/strong> prstem cestu od je\u017eka a\u017e na kopec k&nbsp;rozhledn\u011b, kam se je\u017eek vypravil.<\/li><li><strong>P\u0159edv\u00e1d\u011bj<\/strong>, jak jede.<\/li><li><strong>Vezmi si<\/strong> tu\u017eku a obt\u00e1hni cestu i tu\u017ekou.<\/li><li>P\u0159i kreslen\u00ed <strong>od\u0159\u00edk\u00e1vej<\/strong> do rytmu \u0159\u00edkanku:<br><em>KRESL\u00cdM CESTU NA KOPEC,<\/em><br><em>DOJEDU A\u017d NA KONEC.<\/em><\/li><li><strong>Posa\u010f se. <\/strong>Od vyzna\u010den\u00e9ho bodu<strong> vyzkou\u0161ej <\/strong>stejn\u00fd pohyb i vsed\u011b.<\/li><li><strong>Prohl\u00e9dni si<\/strong> ostatn\u00ed obr\u00e1zky a <strong>pojmenuj<\/strong> je. (<em>Vzducholo\u010f<\/em>, <em>autobus<\/em>, <em>lanovka<\/em>.)<\/li><li><strong>P\u0159em\u00fd\u0161lej<\/strong>, co maj\u00ed spole\u010dn\u00e9ho kolob\u011b\u017eka, vzducholo\u010f, autobus a lanovka. (<em>Jsou to dopravn\u00ed prost\u0159edky.<\/em>)<\/li><li>Slova n\u011bkolikr\u00e1t <strong>zopakuj<\/strong>, a\u017e v&nbsp;nich usly\u0161\u00ed\u0161 jin\u00e1 slova.<\/li><li><strong>\u0158ekni<\/strong>, kter\u00e9 slovo sly\u0161\u00ed\u0161 ve slov\u011b kolob\u011b\u017eka. (<em>Kolo<\/em>.)<\/li><li><strong>\u0158ekni<\/strong>, kter\u00e9 slovo sly\u0161\u00ed\u0161 ve slov\u011b vzducholo\u010f. (<em>Lo\u010f<\/em>.)<\/li><li><strong>\u0158ekni<\/strong>, kter\u00e9 slovo sly\u0161\u00ed\u0161 ve slov\u011b autobus. (<em>Auto<\/em>.)<\/li><li><strong>\u0158ekni<\/strong>, kter\u00e9 slovo sly\u0161\u00ed\u0161 ve slov\u011b lanovka? (<em>Lano<\/em>.)<\/li><li>Kolo, lo\u010f a auto jsou tak\u00e9 dopravn\u00ed prost\u0159edky. Lano mezi dopravn\u00ed prost\u0159edky nepat\u0159\u00ed.<\/li><li><strong>Jmenuj<\/strong> dopravn\u00ed prost\u0159edky, kter\u00e9 zn\u00e1\u0161.<\/li><li>Pod \u0159\u00edkanku <strong>nakresli<\/strong> dopravn\u00ed prost\u0159edek, kter\u00fd mezi obr\u00e1zky je\u0161t\u011b nen\u00ed. J\u00e1 nakresl\u00edm t\u0159eba auto a bude ho \u0159\u00eddit zaj\u00ed\u010dek!<\/li><li>A\u017e pojede\u0161 na v\u00fdlet, <strong>v\u0161imni si<\/strong>, kter\u00fdmi dopravn\u00edmi prost\u0159edky se lid\u00e9 p\u0159epravuj\u00ed.<\/li><\/ol>\n\n\n\n<p class=\"has-text-align-right\"><a href=\"https:\/\/nns.cz\/predskolak\/jsem-predskolak\/podrobne-instrukce-ke-strankam\/\">Zp\u011bt na p\u0159ehled stran<\/a><\/p>\n","protected":false},"excerpt":{"rendered":"<p>JSEM P\u0158ED\u0160KOL\u00c1K Zp\u011bt na p\u0159ehled stran NAKRESLI CESTU. (str. 40) Your browser do not support the video tag. Jezd\u00ed\u0161 r\u00e1d na v\u00fdlety? Je\u017eek na obr\u00e1zku jede na kolob\u011b\u017ece. A m\u00e1 p\u0159ed sebou p\u011bkn\u00fd kus cesty. Vstoje obt\u00e1hni prstem cestu od je\u017eka a\u017e na kopec k&nbsp;rozhledn\u011b, kam se je\u017eek vypravil. P\u0159edv\u00e1d\u011bj, jak jede. Vezmi si tu\u017eku [&hellip;]<\/p>\n","protected":false},"author":2,"featured_media":0,"parent":1716,"menu_order":0,"comment_status":"closed","ping_status":"closed","template":"","meta":{"footnotes":""},"class_list":["post-1911","page","type-page","status-publish","hentry","latest_post"],"_links":{"self":[{"href":"https:\/\/nns.cz\/predskolak\/wp-json\/wp\/v2\/pages\/1911","targetHints":{"allow":["GET"]}}],"collection":[{"href":"https:\/\/nns.cz\/predskolak\/wp-json\/wp\/v2\/pages"}],"about":[{"href":"https:\/\/nns.cz\/predskolak\/wp-json\/wp\/v2\/types\/page"}],"author":[{"embeddable":true,"href":"https:\/\/nns.cz\/predskolak\/wp-json\/wp\/v2\/users\/2"}],"replies":[{"embeddable":true,"href":"https:\/\/nns.cz\/predskolak\/wp-json\/wp\/v2\/comments?post=1911"}],"version-history":[{"count":5,"href":"https:\/\/nns.cz\/predskolak\/wp-json\/wp\/v2\/pages\/1911\/revisions"}],"predecessor-version":[{"id":2227,"href":"https:\/\/nns.cz\/predskolak\/wp-json\/wp\/v2\/pages\/1911\/revisions\/2227"}],"up":[{"embeddable":true,"href":"https:\/\/nns.cz\/predskolak\/wp-json\/wp\/v2\/pages\/1716"}],"wp:attachment":[{"href":"https:\/\/nns.cz\/predskolak\/wp-json\/wp\/v2\/media?parent=1911"}],"curies":[{"name":"wp","href":"https:\/\/api.w.org\/{rel}","templated":true}]}}