{"id":1908,"date":"2023-12-06T14:29:10","date_gmt":"2023-12-06T13:29:10","guid":{"rendered":"https:\/\/nns.cz\/predskolak\/?page_id=1908"},"modified":"2024-01-16T16:26:20","modified_gmt":"2024-01-16T15:26:20","slug":"strana-38-39","status":"publish","type":"page","link":"https:\/\/nns.cz\/predskolak\/jsem-predskolak\/podrobne-instrukce-ke-strankam\/strana-38-39\/","title":{"rendered":"Strana 38, 39"},"content":{"rendered":"\n<p><strong><span class=\"has-inline-color has-luminous-vivid-orange-color\">J<\/span><span class=\"has-inline-color has-vivid-cyan-blue-color\">S<\/span><span class=\"has-inline-color has-light-green-cyan-color\">E<\/span><span class=\"has-inline-color has-vivid-purple-color\">M<\/span> <span class=\"has-inline-color has-luminous-vivid-amber-color\">P<\/span><span class=\"has-inline-color has-pale-cyan-blue-color\">\u0158<\/span><span class=\"has-inline-color has-vivid-red-color\">E<\/span><span class=\"has-inline-color has-pale-pink-color\">D<\/span><span class=\"has-inline-color has-vivid-purple-color\">\u0160<\/span><span class=\"has-inline-color has-light-green-cyan-color\">K<\/span><span class=\"has-inline-color has-vivid-cyan-blue-color\">O<\/span><span class=\"has-inline-color has-cyan-bluish-gray-color\">L<\/span><span class=\"has-inline-color has-vivid-green-cyan-color\">\u00c1<\/span><span class=\"has-inline-color has-vivid-purple-color\">K<\/span><\/strong><\/p>\n\n\n\n<p class=\"has-text-align-right\"><a href=\"https:\/\/nns.cz\/predskolak\/jsem-predskolak\/podrobne-instrukce-ke-strankam\/\">Zp\u011bt na p\u0159ehled stran<\/a><\/p>\n\n\n\n<div class=\"wp-block-image\"><figure class=\"alignleft size-medium is-resized\"><a href=\"https:\/\/mediacreator.cz\/documents\/Jsem_predskolak\/video\/38_39._Jsem_predskolak.webm\" target=\"_blank\" rel=\"noopener noreferrer\"><img loading=\"lazy\" decoding=\"async\" src=\"https:\/\/nns.cz\/predskolak\/wp-content\/uploads\/2023\/11\/Vanoce_ikonka-300x274.png\" alt=\"\" class=\"wp-image-1761\" width=\"75\" height=\"69\" srcset=\"https:\/\/nns.cz\/predskolak\/wp-content\/uploads\/2023\/11\/Vanoce_ikonka-300x274.png 300w, https:\/\/nns.cz\/predskolak\/wp-content\/uploads\/2023\/11\/Vanoce_ikonka-1024x935.png 1024w, https:\/\/nns.cz\/predskolak\/wp-content\/uploads\/2023\/11\/Vanoce_ikonka-768x701.png 768w, https:\/\/nns.cz\/predskolak\/wp-content\/uploads\/2023\/11\/Vanoce_ikonka.png 1043w\" sizes=\"auto, (max-width: 75px) 100vw, 75px\" \/><\/a><\/figure><\/div>\n\n\n\n<p><strong><span class=\"has-inline-color has-vivid-cyan-blue-color\">KRESLI PROHNUT\u00c9 \u010c\u00c1RY.<\/span><\/strong> (str. 38, 39)<\/p>\n\n\n\n<div style=\"height:20px\" aria-hidden=\"true\" class=\"wp-block-spacer\"><\/div>\n\n\n\n<video class=\"video-player\" data-src=\"null\" src=\"https:\/\/mediacreator.cz\/documents\/Jsem_predskolak\/video\/low_38_39._Jsem_predskolak.webm\">\n  <source src=\"https:\/\/mediacreator.cz\/documents\/Jsem_predskolak\/video\/38_39._Jsem_predskolak.webm\" title=\"HQ\">\n  <source src=\"https:\/\/mediacreator.cz\/documents\/Jsem_predskolak\/video\/low_38_39._Jsem_predskolak.webm\" title=\"LQ\">\n  Your browser do not support the video tag.\n<\/video>\n\n\n\n<p><\/p>\n\n\n\n<ol class=\"wp-block-list\" type=\"1\"><li>V\u00e1noce jsou tu! Pod\u00edvej! Strome\u010dek!<br>Pom\u016f\u017ee\u0161 mi na n\u011bj dokreslit v\u011btve? <strong>Zkus<\/strong> to nejprve prstem. <strong>Postav se<\/strong> a uka\u017e hv\u011bzdu. Ta je kr\u00e1sn\u00e1, \u017ee? <strong>Obt\u00e1hni<\/strong> prstem prvn\u00ed v\u011btev, kter\u00e1 roste kousek pod hv\u011bzdou sm\u011brem doprava.<\/li><li><strong>Obt\u00e1hni<\/strong> i druhou, t\u0159et\u00ed a \u010dtvrtou v\u011btev.<\/li><li>A te\u010f <strong>si vezmi<\/strong> zelenou pastelku a <strong>zkou\u0161ej<\/strong> <strong>nakreslit<\/strong> stejn\u00e9 tahy i pastelkou.<\/li><li>P\u0159i kreslen\u00ed <strong>od\u0159\u00edk\u00e1vej<\/strong> do rytmu \u0159\u00edkanku:<br><em>A\u017d ZAZVON\u00cd ZVONE\u010cEK,<\/em><br><em>ROZBAL\u00cdM SI D\u00c1RE\u010cEK.<\/em><\/li><li><strong>Posa\u010f se<\/strong> a <strong>obt\u00e1hni<\/strong> pastelkou pln\u00e9 \u010d\u00e1ry doleva.<\/li><li><strong>Zkus<\/strong> <strong>nakreslit<\/strong> dal\u0161\u00ed \u010d\u00e1ry. Ve\u010f je od vyzna\u010den\u00fdch bod\u016f nejprve doprava. P\u0159edkreslen\u00e1 pomocn\u00e1 \u010d\u00e1ra t\u011b povede.<\/li><li><strong>Kresli<\/strong> prohnut\u00e9 \u010d\u00e1ry i doleva.<\/li><li>Pod nakreslen\u00e9 \u010d\u00e1ry <strong>m\u016f\u017ee\u0161 kreslit<\/strong> dal\u0161\u00ed, a\u017e dokresl\u00ed\u0161 cel\u00fd strome\u010dek.<\/li><li><strong>\u0158\u00edkej<\/strong>, kter\u00e9 obr\u00e1zky dolep\u00edme vlevo vedle strome\u010dku.<\/li><li><strong>Nalep <\/strong>je.<\/li><li>Zvone\u010dek, kap\u0159\u00edka, ba\u0148ku a pana Pern\u00ed\u010dka vpravo <strong>dokresli<\/strong> tak, aby vypadali stejn\u011b jako ty, kter\u00e9 jsi nalepil.<\/li><li><strong>Vybarvi <\/strong>je i stejnou barvou.<\/li><li><strong>Nakresli <\/strong>d\u00e1re\u010dek, kter\u00fd si p\u0159eje\u0161 rozbalit pod strome\u010dkem. <strong>Vypr\u00e1v\u011bj<\/strong>, na co se nejv\u00edc t\u011b\u0161\u00ed\u0161 o V\u00e1noc\u00edch.<\/li><li><strong>Pop\u0159ej<\/strong> v\u0161em: Vesel\u00e9 V\u00e1noce!<\/li><\/ol>\n\n\n\n<p class=\"has-text-align-right\"><a href=\"https:\/\/nns.cz\/predskolak\/jsem-predskolak\/podrobne-instrukce-ke-strankam\/\">Zp\u011bt na p\u0159ehled stran<\/a><\/p>\n","protected":false},"excerpt":{"rendered":"<p>JSEM P\u0158ED\u0160KOL\u00c1K Zp\u011bt na p\u0159ehled stran KRESLI PROHNUT\u00c9 \u010c\u00c1RY. (str. 38, 39) Your browser do not support the video tag. V\u00e1noce jsou tu! Pod\u00edvej! Strome\u010dek!Pom\u016f\u017ee\u0161 mi na n\u011bj dokreslit v\u011btve? Zkus to nejprve prstem. Postav se a uka\u017e hv\u011bzdu. Ta je kr\u00e1sn\u00e1, \u017ee? Obt\u00e1hni prstem prvn\u00ed v\u011btev, kter\u00e1 roste kousek pod hv\u011bzdou sm\u011brem doprava. Obt\u00e1hni [&hellip;]<\/p>\n","protected":false},"author":2,"featured_media":0,"parent":1716,"menu_order":0,"comment_status":"closed","ping_status":"closed","template":"","meta":{"footnotes":""},"class_list":["post-1908","page","type-page","status-publish","hentry","latest_post"],"_links":{"self":[{"href":"https:\/\/nns.cz\/predskolak\/wp-json\/wp\/v2\/pages\/1908","targetHints":{"allow":["GET"]}}],"collection":[{"href":"https:\/\/nns.cz\/predskolak\/wp-json\/wp\/v2\/pages"}],"about":[{"href":"https:\/\/nns.cz\/predskolak\/wp-json\/wp\/v2\/types\/page"}],"author":[{"embeddable":true,"href":"https:\/\/nns.cz\/predskolak\/wp-json\/wp\/v2\/users\/2"}],"replies":[{"embeddable":true,"href":"https:\/\/nns.cz\/predskolak\/wp-json\/wp\/v2\/comments?post=1908"}],"version-history":[{"count":5,"href":"https:\/\/nns.cz\/predskolak\/wp-json\/wp\/v2\/pages\/1908\/revisions"}],"predecessor-version":[{"id":2226,"href":"https:\/\/nns.cz\/predskolak\/wp-json\/wp\/v2\/pages\/1908\/revisions\/2226"}],"up":[{"embeddable":true,"href":"https:\/\/nns.cz\/predskolak\/wp-json\/wp\/v2\/pages\/1716"}],"wp:attachment":[{"href":"https:\/\/nns.cz\/predskolak\/wp-json\/wp\/v2\/media?parent=1908"}],"curies":[{"name":"wp","href":"https:\/\/api.w.org\/{rel}","templated":true}]}}