{"id":1905,"date":"2023-12-06T14:26:58","date_gmt":"2023-12-06T13:26:58","guid":{"rendered":"https:\/\/nns.cz\/predskolak\/?page_id=1905"},"modified":"2024-01-16T16:25:54","modified_gmt":"2024-01-16T15:25:54","slug":"strana-36-37","status":"publish","type":"page","link":"https:\/\/nns.cz\/predskolak\/jsem-predskolak\/podrobne-instrukce-ke-strankam\/strana-36-37\/","title":{"rendered":"Strana 36, 37"},"content":{"rendered":"\n<p><strong><span class=\"has-inline-color has-luminous-vivid-orange-color\">J<\/span><span class=\"has-inline-color has-vivid-cyan-blue-color\">S<\/span><span class=\"has-inline-color has-light-green-cyan-color\">E<\/span><span class=\"has-inline-color has-vivid-purple-color\">M<\/span> <span class=\"has-inline-color has-luminous-vivid-amber-color\">P<\/span><span class=\"has-inline-color has-pale-cyan-blue-color\">\u0158<\/span><span class=\"has-inline-color has-vivid-red-color\">E<\/span><span class=\"has-inline-color has-pale-pink-color\">D<\/span><span class=\"has-inline-color has-vivid-purple-color\">\u0160<\/span><span class=\"has-inline-color has-light-green-cyan-color\">K<\/span><span class=\"has-inline-color has-vivid-cyan-blue-color\">O<\/span><span class=\"has-inline-color has-cyan-bluish-gray-color\">L<\/span><span class=\"has-inline-color has-vivid-green-cyan-color\">\u00c1<\/span><span class=\"has-inline-color has-vivid-purple-color\">K<\/span><\/strong><\/p>\n\n\n\n<p class=\"has-text-align-right\"><a href=\"https:\/\/nns.cz\/predskolak\/jsem-predskolak\/podrobne-instrukce-ke-strankam\/\">Zp\u011bt na p\u0159ehled stran<\/a><\/p>\n\n\n\n<div class=\"wp-block-image\"><figure class=\"alignleft size-medium is-resized\"><a href=\"https:\/\/mediacreator.cz\/documents\/Jsem_predskolak\/video\/36_37._Jsem_predskolak_2.webm\" target=\"_blank\" rel=\"noopener noreferrer\"><img loading=\"lazy\" decoding=\"async\" src=\"https:\/\/nns.cz\/predskolak\/wp-content\/uploads\/2023\/11\/stihacka_ikonka-300x197.png\" alt=\"\" class=\"wp-image-1758\" width=\"75\" height=\"49\" srcset=\"https:\/\/nns.cz\/predskolak\/wp-content\/uploads\/2023\/11\/stihacka_ikonka-300x197.png 300w, https:\/\/nns.cz\/predskolak\/wp-content\/uploads\/2023\/11\/stihacka_ikonka-768x504.png 768w, https:\/\/nns.cz\/predskolak\/wp-content\/uploads\/2023\/11\/stihacka_ikonka-272x182.png 272w, https:\/\/nns.cz\/predskolak\/wp-content\/uploads\/2023\/11\/stihacka_ikonka.png 788w\" sizes=\"auto, (max-width: 75px) 100vw, 75px\" \/><\/a><\/figure><\/div>\n\n\n\n<p><strong><span class=\"has-inline-color has-vivid-cyan-blue-color\">KRESLI PROHNUTOU \u010c\u00c1RU.<\/span><\/strong> (str. 36, 37)<\/p>\n\n\n\n<div style=\"height:20px\" aria-hidden=\"true\" class=\"wp-block-spacer\"><\/div>\n\n\n\n<video class=\"video-player\" data-src=\"null\" src=\"https:\/\/mediacreator.cz\/documents\/Jsem_predskolak\/video\/low_36_37._Jsem_predskolak_2.webm\">\n  <source src=\"https:\/\/mediacreator.cz\/documents\/Jsem_predskolak\/video\/36_37._Jsem_predskolak_2.webm\" title=\"HQ\">\n  <source src=\"https:\/\/mediacreator.cz\/documents\/Jsem_predskolak\/video\/low_36_37._Jsem_predskolak_2.webm\" title=\"LQ\">\n  Your browser do not support the video tag.\n<\/video>\n\n\n\n<p><\/p>\n\n\n\n<ol class=\"wp-block-list\" type=\"1\"><li>St\u00edha\u010dky kresl\u00ed na oblohu barevn\u00e9 pruhy! U\u017e jsi to n\u011bkdy vid\u011bl? T\u0159eba na leteck\u00e9m dni?<\/li><li>Delta vol\u00e1 Tango! To navazuje spojen\u00ed jedna ze st\u00edha\u010dek s&nbsp;druhou. <strong>Vyslov<\/strong> n\u011bkolikr\u00e1t po sob\u011b jejich n\u00e1zvy. (<strong><em>D<\/em><\/strong><em>elta<\/em>, <strong><em>T<\/em><\/strong><em>ango<\/em>, <strong><em>D<\/em><\/strong><em>elta<\/em>, <strong><em>T<\/em><\/strong><em>ango, <strong>D<\/strong>elta<\/em>, <strong><em>T<\/em><\/strong><em>ango.)<\/em><\/li><li><strong>\u0158ekni<\/strong>, co sly\u0161\u00ed\u0161 na za\u010d\u00e1tku slova <strong><em>D<\/em><\/strong><em>elta<\/em>. (<em>D.)<\/em><\/li><li><strong>\u0158ekni<\/strong>, co sly\u0161\u00ed\u0161 na za\u010d\u00e1tku slova <strong><em>T<\/em><\/strong><em>ango<\/em>.(<em>T<\/em>.)<\/li><li><strong>Prohl\u00e9dni si<\/strong> <em>D<\/em> a <em>T<\/em> nad fialov\u00fdm pruhem. <em>D<\/em> m\u00e1 velk\u00e9 b\u0159\u00ed\u0161ko! A vedle n\u011bj stoj\u00ed <em>T<\/em>. Rovn\u00e1 \u010d\u00e1ra shora dol\u016f a na n\u00ed krat\u0161\u00ed \u010d\u00e1ra zleva doprava. <strong>Vybarvi<\/strong> ka\u017ed\u00e9 z&nbsp;t\u011bchto p\u00edsmen jinou barvou.<\/li><li><strong>Zahraj si<\/strong> na st\u00edha\u010dku p\u0159i leteck\u00e9m dni. Rozt\u00e1hni pa\u017ee od t\u011bla do stran a p\u0159edv\u00e1d\u011bj, jak let\u00ed\u0161.<\/li><li>Vstoje <strong>obt\u00e1hni<\/strong> prstem fialovou \u010d\u00e1ru sm\u011brem ke st\u00edha\u010dce.<\/li><li><strong>Vezmi si<\/strong> fialovou pastelku a obt\u00e1hni \u010d\u00e1ru i pastelkou. Tah n\u011bkolikr\u00e1t zopakuj. P\u0159i kreslen\u00ed <strong>od\u0159\u00edk\u00e1vej<\/strong> do rytmu \u0159\u00edkanku:<br><em>OBLOHOU SE PROLET\u00cdM,<\/em><br><em>P\u0158I TOM PRUHY NAKRESL\u00cdM.<\/em><\/li><li><strong>Posa\u010f se<\/strong> a <strong>nakresli<\/strong> od vyzna\u010den\u00e9ho bodu ke st\u00edha\u010dce dal\u0161\u00ed \u010d\u00e1ru. P\u0159eru\u0161ovan\u00e1 \u010d\u00e1ra t\u011b povede.<\/li><li>Od dal\u0161\u00edho bodu <strong>zkus nakreslit<\/strong> \u010d\u00e1ru ve stejn\u00e9m sm\u011bru s\u00e1m.<\/li><li><strong>Zkus<\/strong> to i od dal\u0161\u00edho vyzna\u010den\u00e9ho bodu.<\/li><li>A je\u0161t\u011b od jednoho.<\/li><li>A nakonec i od posledn\u00edho vyzna\u010den\u00e9ho bodu.<\/li><li>Velkou st\u00edha\u010dku <strong>vybarvi<\/strong> podle sv\u00e9 fantazie. J\u00e1 si ji vybarv\u00edm t\u0159eba \u010dern\u011b.<\/li><li><strong>Prohl\u00e9dni si<\/strong> st\u00edha\u010dky na t\u00e9to str\u00e1nce. <strong>\u0158ekni<\/strong>, jakou barvou kresl\u00ed pruhy na obloze. Uka\u017e st\u00edha\u010dku, kter\u00e1 kresl\u00ed modr\u00fd pruh.<\/li><li><strong>Uka\u017e<\/strong> st\u00edha\u010dku, kter\u00e1 kresl\u00ed \u010derven\u00fd pruh.<\/li><li><strong>Vezmi si<\/strong> modrou pastelku. <strong>Obt\u00e1hni<\/strong> modrou \u010d\u00e1ru ve sm\u011bru modr\u00e9ho pruhu ke st\u00edha\u010dce.<\/li><li>Od vyzna\u010den\u00e9ho bodu <strong>nakresli<\/strong> ke st\u00edha\u010dce dal\u0161\u00ed \u010d\u00e1ru. P\u0159eru\u0161ovan\u00e1 \u010d\u00e1ra t\u011b povede.<\/li><li>Od dal\u0161\u00edho bodu <strong>zkus nakreslit<\/strong> \u010d\u00e1ru ve stejn\u00e9m sm\u011bru s\u00e1m.<\/li><li><strong>Zkus<\/strong> to i od dal\u0161\u00edho vyzna\u010den\u00e9ho bodu.<\/li><li>A te\u010f <strong>si vezmi<\/strong> \u010dervenou pastelku a obt\u00e1hni \u010dervenou \u010d\u00e1ru.<\/li><li>Od prvn\u00edho \u010derven\u00e9ho bodu <strong>nakresli<\/strong> \u010d\u00e1ru ke st\u00edha\u010dce. P\u0159eru\u0161ovan\u00e1 \u010d\u00e1ra t\u011b povede.<\/li><li>Od dal\u0161\u00edho bodu <strong>zkus nakreslit<\/strong> \u010d\u00e1ru ve stejn\u00e9m sm\u011bru s\u00e1m.<\/li><li>A <strong>zkus<\/strong> to i od posledn\u00edho bodu v&nbsp;\u010derven\u00e9m pruhu.<\/li><li>Kdy\u017e bude\u0161 kreslit vedle sebe modr\u00fd a \u010derven\u00fd pruh vodov\u00fdmi barvami, v&nbsp;m\u00edst\u011b, kde se spoj\u00ed modr\u00e1 s&nbsp;\u010dervenou vznikne dal\u0161\u00ed barva. Fialov\u00e1.<\/li><li>Tyto dv\u011b st\u00edha\u010dky je\u0161t\u011b nemaj\u00ed jm\u00e9no. <strong>Pojmenuj<\/strong> je tak, aby jejich n\u00e1zvy za\u010d\u00ednaly na <em>B <\/em>a <em>P<\/em>. Nap\u0159\u00edklad: <strong><em>B<\/em><\/strong><em>lesk<\/em>, <strong><em>P<\/em><\/strong><em>\u011btka<\/em>. <em>B<\/em> m\u00e1 dv\u011b b\u0159\u00ed\u0161ka. Vid\u00ed\u0161? A <em>P<\/em> m\u00e1 jen jedno. <strong>Vybarvi<\/strong> je odli\u0161n\u011b barevn\u00fdmi pastelkami.<\/li><\/ol>\n\n\n\n<p class=\"has-text-align-right\"><a href=\"https:\/\/nns.cz\/predskolak\/jsem-predskolak\/podrobne-instrukce-ke-strankam\/\">Zp\u011bt na p\u0159ehled stran<\/a><\/p>\n","protected":false},"excerpt":{"rendered":"<p>JSEM P\u0158ED\u0160KOL\u00c1K Zp\u011bt na p\u0159ehled stran KRESLI PROHNUTOU \u010c\u00c1RU. (str. 36, 37) Your browser do not support the video tag. St\u00edha\u010dky kresl\u00ed na oblohu barevn\u00e9 pruhy! U\u017e jsi to n\u011bkdy vid\u011bl? T\u0159eba na leteck\u00e9m dni? Delta vol\u00e1 Tango! To navazuje spojen\u00ed jedna ze st\u00edha\u010dek s&nbsp;druhou. Vyslov n\u011bkolikr\u00e1t po sob\u011b jejich n\u00e1zvy. (Delta, Tango, Delta, Tango, [&hellip;]<\/p>\n","protected":false},"author":2,"featured_media":0,"parent":1716,"menu_order":0,"comment_status":"closed","ping_status":"closed","template":"","meta":{"footnotes":""},"class_list":["post-1905","page","type-page","status-publish","hentry","latest_post"],"_links":{"self":[{"href":"https:\/\/nns.cz\/predskolak\/wp-json\/wp\/v2\/pages\/1905","targetHints":{"allow":["GET"]}}],"collection":[{"href":"https:\/\/nns.cz\/predskolak\/wp-json\/wp\/v2\/pages"}],"about":[{"href":"https:\/\/nns.cz\/predskolak\/wp-json\/wp\/v2\/types\/page"}],"author":[{"embeddable":true,"href":"https:\/\/nns.cz\/predskolak\/wp-json\/wp\/v2\/users\/2"}],"replies":[{"embeddable":true,"href":"https:\/\/nns.cz\/predskolak\/wp-json\/wp\/v2\/comments?post=1905"}],"version-history":[{"count":5,"href":"https:\/\/nns.cz\/predskolak\/wp-json\/wp\/v2\/pages\/1905\/revisions"}],"predecessor-version":[{"id":2225,"href":"https:\/\/nns.cz\/predskolak\/wp-json\/wp\/v2\/pages\/1905\/revisions\/2225"}],"up":[{"embeddable":true,"href":"https:\/\/nns.cz\/predskolak\/wp-json\/wp\/v2\/pages\/1716"}],"wp:attachment":[{"href":"https:\/\/nns.cz\/predskolak\/wp-json\/wp\/v2\/media?parent=1905"}],"curies":[{"name":"wp","href":"https:\/\/api.w.org\/{rel}","templated":true}]}}