{"id":1902,"date":"2023-12-06T14:24:41","date_gmt":"2023-12-06T13:24:41","guid":{"rendered":"https:\/\/nns.cz\/predskolak\/?page_id=1902"},"modified":"2024-01-16T16:25:30","modified_gmt":"2024-01-16T15:25:30","slug":"strana-35","status":"publish","type":"page","link":"https:\/\/nns.cz\/predskolak\/jsem-predskolak\/podrobne-instrukce-ke-strankam\/strana-35\/","title":{"rendered":"Strana 35"},"content":{"rendered":"\n<p><strong><span class=\"has-inline-color has-luminous-vivid-orange-color\">J<\/span><span class=\"has-inline-color has-vivid-cyan-blue-color\">S<\/span><span class=\"has-inline-color has-light-green-cyan-color\">E<\/span><span class=\"has-inline-color has-vivid-purple-color\">M<\/span> <span class=\"has-inline-color has-luminous-vivid-amber-color\">P<\/span><span class=\"has-inline-color has-pale-cyan-blue-color\">\u0158<\/span><span class=\"has-inline-color has-vivid-red-color\">E<\/span><span class=\"has-inline-color has-pale-pink-color\">D<\/span><span class=\"has-inline-color has-vivid-purple-color\">\u0160<\/span><span class=\"has-inline-color has-light-green-cyan-color\">K<\/span><span class=\"has-inline-color has-vivid-cyan-blue-color\">O<\/span><span class=\"has-inline-color has-cyan-bluish-gray-color\">L<\/span><span class=\"has-inline-color has-vivid-green-cyan-color\">\u00c1<\/span><span class=\"has-inline-color has-vivid-purple-color\">K<\/span><\/strong><\/p>\n\n\n\n<p class=\"has-text-align-right\"><a href=\"https:\/\/nns.cz\/predskolak\/jsem-predskolak\/podrobne-instrukce-ke-strankam\/\">Zp\u011bt na p\u0159ehled stran<\/a><\/p>\n\n\n\n<div class=\"wp-block-image\"><figure class=\"alignleft size-medium is-resized\"><a href=\"https:\/\/mediacreator.cz\/documents\/Jsem_predskolak\/video\/35._Jsem_predskolak_2.webm\" target=\"_blank\" rel=\"noopener noreferrer\"><img loading=\"lazy\" decoding=\"async\" src=\"https:\/\/nns.cz\/predskolak\/wp-content\/uploads\/2023\/11\/slunicko_ikonka-300x266.png\" alt=\"\" class=\"wp-image-1757\" width=\"75\" height=\"67\" srcset=\"https:\/\/nns.cz\/predskolak\/wp-content\/uploads\/2023\/11\/slunicko_ikonka-300x266.png 300w, https:\/\/nns.cz\/predskolak\/wp-content\/uploads\/2023\/11\/slunicko_ikonka-520x464.png 520w, https:\/\/nns.cz\/predskolak\/wp-content\/uploads\/2023\/11\/slunicko_ikonka.png 523w\" sizes=\"auto, (max-width: 75px) 100vw, 75px\" \/><\/a><\/figure><\/div>\n\n\n\n<p><strong><span class=\"has-inline-color has-vivid-cyan-blue-color\">KRESLI SLUNE\u010cN\u00cd PAPRSKY.<\/span><\/strong> (str. 35)<\/p>\n\n\n\n<div style=\"height:20px\" aria-hidden=\"true\" class=\"wp-block-spacer\"><\/div>\n\n\n\n<video class=\"video-player\" data-src=\"null\" src=\"https:\/\/mediacreator.cz\/documents\/Jsem_predskolak\/video\/low_35._Jsem_predskolak_2.webm\">\n  <source src=\"https:\/\/mediacreator.cz\/documents\/Jsem_predskolak\/video\/35._Jsem_predskolak_2.webm\" title=\"HQ\">\n  <source src=\"https:\/\/mediacreator.cz\/documents\/Jsem_predskolak\/video\/low_35._Jsem_predskolak_2.webm\" title=\"LQ\">\n  Your browser do not support the video tag.\n<\/video>\n\n\n\n<p><\/p>\n\n\n\n<ol class=\"wp-block-list\" type=\"1\"><li><strong>Vydej se<\/strong> na badatelskou v\u00fdpravu do Slune\u010dn\u00edho kr\u00e1lovstv\u00ed.<\/li><li>Slunce je zdrojem tepla a sv\u011btla. Teplo a sv\u011btlo k&nbsp;n\u00e1m pronik\u00e1 slune\u010dn\u00edmi paprsky.<\/li><li><strong>Postav se<\/strong> a <strong>rozt\u00e1hni<\/strong> pa\u017ee. <strong>Zahraj si<\/strong> na slunce a <strong>pohybuj<\/strong> pa\u017eemi do v\u0161ech stran. <strong>P\u0159edstavuj si<\/strong> p\u0159i tom, \u017ee tv\u00e9 pa\u017ee jsou slune\u010dn\u00ed paprsky.<\/li><li>Vstoje <strong>zkus obt\u00e1hnout<\/strong> paprsky na obr\u00e1zku. Nejprve prstem. <strong>Za\u010dni<\/strong> od nejkrat\u0161\u00edho paprsku u \u0161ipky.<\/li><li>A te\u010f <strong>obt\u00e1hni<\/strong> dal\u0161\u00ed paprsky.<\/li><li><strong>Vezmi si<\/strong> \u017elutou pastelku a <strong>obt\u00e1hni<\/strong> v\u0161echny paprsky i pastelkou.<\/li><li>P\u0159i kreslen\u00ed <strong>od\u0159\u00edk\u00e1vej<\/strong> do rytmu \u0159\u00edkanku:<br><em>\u017dLUT\u00c9 \u010c\u00c1RY NAKRESL\u00cdM,<\/em><br><em>V&nbsp;PAPRSKY JE PROM\u011aN\u00cdM.<\/em><\/li><li>Od Slunce <strong>m\u016f\u017ee\u0161 nakreslit<\/strong> tolik paprsk\u016f, kolik chce\u0161. P\u0159i kreslen\u00ed <strong>uvolni<\/strong> pa\u017ei v&nbsp;rameni.<\/li><li>Ur\u010dit\u011b jsi u\u017e n\u011bkdy sly\u0161el o Slune\u010dn\u00ed soustav\u011b. Pat\u0159\u00ed do n\u00ed Slunce i na\u0161e planeta Zem\u011b spolu s&nbsp;dal\u0161\u00edmi sedmi planetami. Dv\u011b, kter\u00e9 jsou nejbl\u00ed\u017e Slunci, Merkur a Venu\u0161e, jsou tak hork\u00e9, \u017ee se k&nbsp;nim nedostane \u017e\u00e1dn\u00e1 vesm\u00edrn\u00e1 v\u00fdprava.<\/li><li><strong>Uka\u017e<\/strong> na obr\u00e1zku Merkur, planetu, kter\u00e1 je nejbl\u00ed\u017e Slunci.<\/li><li><strong>Uka\u017e<\/strong> planetu Venu\u0161i, kter\u00e1 je na obr\u00e1zku nakreslen\u00e1 \u017elutou a hn\u011bdou barvou.<\/li><li>Nejd\u00e1l od Slunce jsou dva zmrzl\u00edci, Uran a Neptun. Jsou to velmi chladn\u00e9 planety, proto\u017ee jsou daleko od Slunce. <strong>Uka\u017e<\/strong> je.<\/li><li>Nejv\u011bt\u0161\u00ed planetou Slune\u010dn\u00ed soustavy je Jupiter. A druhou nejv\u011bt\u0161\u00ed planetou v&nbsp;n\u00ed je Saturn.<\/li><li>Z&nbsp;obr\u00e1zku zmizela na\u0161e planeta Zem\u011b. <strong>Nalep<\/strong> ji.<\/li><li>V&nbsp;jej\u00ed bl\u00edzkosti krou\u017e\u00ed kolem Slunce na\u010dervenal\u00e1 planeta Mars, kter\u00e1 se podob\u00e1 Zemi nejv\u00edc. Bude asi prvn\u00ed planetou, na kterou se jednou lid\u00e9 vyprav\u00ed.<\/li><li>Zaj\u00edm\u00e1 t\u011b, co se ve vesm\u00edru d\u011bje? Pozorovat ho m\u016f\u017ee\u0161 velk\u00fdmi dalekohledy ve hv\u011bzd\u00e1rn\u011b. A v&nbsp;planet\u00e1riu si ho m\u016f\u017ee\u0161 prohl\u00e9dnout na prom\u00edtac\u00ed kopuli a sledovat v&nbsp;n\u011bm v\u0161echny d\u011bje ve zpomalen\u00e9m nebo zrychlen\u00e9m pohybu.<\/li><\/ol>\n\n\n\n<p class=\"has-text-align-right\"><a href=\"https:\/\/nns.cz\/predskolak\/jsem-predskolak\/podrobne-instrukce-ke-strankam\/\">Zp\u011bt na p\u0159ehled stran<\/a><\/p>\n","protected":false},"excerpt":{"rendered":"<p>JSEM P\u0158ED\u0160KOL\u00c1K Zp\u011bt na p\u0159ehled stran KRESLI SLUNE\u010cN\u00cd PAPRSKY. (str. 35) Your browser do not support the video tag. Vydej se na badatelskou v\u00fdpravu do Slune\u010dn\u00edho kr\u00e1lovstv\u00ed. Slunce je zdrojem tepla a sv\u011btla. Teplo a sv\u011btlo k&nbsp;n\u00e1m pronik\u00e1 slune\u010dn\u00edmi paprsky. Postav se a rozt\u00e1hni pa\u017ee. Zahraj si na slunce a pohybuj pa\u017eemi do v\u0161ech stran. [&hellip;]<\/p>\n","protected":false},"author":2,"featured_media":0,"parent":1716,"menu_order":0,"comment_status":"closed","ping_status":"closed","template":"","meta":{"footnotes":""},"class_list":["post-1902","page","type-page","status-publish","hentry","latest_post"],"_links":{"self":[{"href":"https:\/\/nns.cz\/predskolak\/wp-json\/wp\/v2\/pages\/1902","targetHints":{"allow":["GET"]}}],"collection":[{"href":"https:\/\/nns.cz\/predskolak\/wp-json\/wp\/v2\/pages"}],"about":[{"href":"https:\/\/nns.cz\/predskolak\/wp-json\/wp\/v2\/types\/page"}],"author":[{"embeddable":true,"href":"https:\/\/nns.cz\/predskolak\/wp-json\/wp\/v2\/users\/2"}],"replies":[{"embeddable":true,"href":"https:\/\/nns.cz\/predskolak\/wp-json\/wp\/v2\/comments?post=1902"}],"version-history":[{"count":4,"href":"https:\/\/nns.cz\/predskolak\/wp-json\/wp\/v2\/pages\/1902\/revisions"}],"predecessor-version":[{"id":2224,"href":"https:\/\/nns.cz\/predskolak\/wp-json\/wp\/v2\/pages\/1902\/revisions\/2224"}],"up":[{"embeddable":true,"href":"https:\/\/nns.cz\/predskolak\/wp-json\/wp\/v2\/pages\/1716"}],"wp:attachment":[{"href":"https:\/\/nns.cz\/predskolak\/wp-json\/wp\/v2\/media?parent=1902"}],"curies":[{"name":"wp","href":"https:\/\/api.w.org\/{rel}","templated":true}]}}