{"id":1899,"date":"2023-12-06T14:04:22","date_gmt":"2023-12-06T13:04:22","guid":{"rendered":"https:\/\/nns.cz\/predskolak\/?page_id=1899"},"modified":"2024-01-16T16:24:59","modified_gmt":"2024-01-16T15:24:59","slug":"strana-34","status":"publish","type":"page","link":"https:\/\/nns.cz\/predskolak\/jsem-predskolak\/podrobne-instrukce-ke-strankam\/strana-34\/","title":{"rendered":"Strana 34"},"content":{"rendered":"\n<p><strong><span class=\"has-inline-color has-luminous-vivid-orange-color\">J<\/span><span class=\"has-inline-color has-vivid-cyan-blue-color\">S<\/span><span class=\"has-inline-color has-light-green-cyan-color\">E<\/span><span class=\"has-inline-color has-vivid-purple-color\">M<\/span> <span class=\"has-inline-color has-luminous-vivid-amber-color\">P<\/span><span class=\"has-inline-color has-pale-cyan-blue-color\">\u0158<\/span><span class=\"has-inline-color has-vivid-red-color\">E<\/span><span class=\"has-inline-color has-pale-pink-color\">D<\/span><span class=\"has-inline-color has-vivid-purple-color\">\u0160<\/span><span class=\"has-inline-color has-light-green-cyan-color\">K<\/span><span class=\"has-inline-color has-vivid-cyan-blue-color\">O<\/span><span class=\"has-inline-color has-cyan-bluish-gray-color\">L<\/span><span class=\"has-inline-color has-vivid-green-cyan-color\">\u00c1<\/span><span class=\"has-inline-color has-vivid-purple-color\">K<\/span><\/strong><\/p>\n\n\n\n<p class=\"has-text-align-right\"><a href=\"https:\/\/nns.cz\/predskolak\/jsem-predskolak\/podrobne-instrukce-ke-strankam\/\">Zp\u011bt na p\u0159ehled stran<\/a><\/p>\n\n\n\n<div class=\"wp-block-image\"><figure class=\"alignleft size-medium is-resized\"><a href=\"https:\/\/mediacreator.cz\/documents\/Jsem_predskolak\/video\/34._Jsem_predskolak_3.webm\" target=\"_blank\" rel=\"noopener noreferrer\"><img loading=\"lazy\" decoding=\"async\" src=\"https:\/\/nns.cz\/predskolak\/wp-content\/uploads\/2023\/11\/kuzle_ikonka-300x230.png\" alt=\"\" class=\"wp-image-1741\" width=\"75\" height=\"58\" srcset=\"https:\/\/nns.cz\/predskolak\/wp-content\/uploads\/2023\/11\/kuzle_ikonka-300x230.png 300w, https:\/\/nns.cz\/predskolak\/wp-content\/uploads\/2023\/11\/kuzle_ikonka.png 443w\" sizes=\"auto, (max-width: 75px) 100vw, 75px\" \/><\/a><\/figure><\/div>\n\n\n\n<p><strong><span class=\"has-inline-color has-vivid-cyan-blue-color\">ZAHRAJ SI GOLF S&nbsp;K\u016eZL\u00c1TKY.<\/span><\/strong> (str. 34)<\/p>\n\n\n\n<div style=\"height:20px\" aria-hidden=\"true\" class=\"wp-block-spacer\"><\/div>\n\n\n\n<video class=\"video-player\" data-src=\"null\" src=\"https:\/\/mediacreator.cz\/documents\/Jsem_predskolak\/video\/low_34._Jsem_predskolak_3.webm\">\n  <source src=\"https:\/\/mediacreator.cz\/documents\/Jsem_predskolak\/video\/34._Jsem_predskolak_3.webm\" title=\"HQ\">\n  <source src=\"https:\/\/mediacreator.cz\/documents\/Jsem_predskolak\/video\/low_34._Jsem_predskolak_3.webm\" title=\"LQ\">\n  Your browser do not support the video tag.\n<\/video>\n\n\n\n<p><\/p>\n\n\n\n<ol class=\"wp-block-list\" type=\"1\"><li>Co d\u011blaj\u00ed k\u016fzl\u00e1tka na obr\u00e1zku? <strong>Zahraj si<\/strong> na k\u016fzl\u00e1tko s&nbsp;golfovou hol\u00ed a <strong>p\u0159edv\u00e1d\u011bj<\/strong> \u00fader hol\u00ed do golfov\u00e9ho m\u00ed\u010dku.<\/li><li><strong>Prohl\u00e9dni si<\/strong> golfov\u00e9 m\u00ed\u010dky k\u016fzl\u00e1tek. <strong>Uka\u017e<\/strong> jeden po druh\u00e9m a <strong>\u0159\u00edkej<\/strong>, jak jsou barevn\u00e9. (<em>B\u00edl\u00fd<\/em>, <em>r\u016f\u017eov\u00fd<\/em>, <em>modr\u00fd<\/em>, <em>oran\u017eov\u00fd<\/em>, <em>zelen\u00fd<\/em>, <em>\u017elut\u00fd<\/em>, <em>\u010dern\u00fd<\/em>.)<\/li><li><strong>Postav se. Obt\u00e1hni<\/strong> prstem rovnou \u010d\u00e1ru od b\u00edl\u00e9ho golfov\u00e9ho m\u00ed\u010dku k&nbsp;jamce.<\/li><li><strong>Posa\u010f se. Vezmi si<\/strong> tu\u017eku a \u010d\u00e1ru obt\u00e1hni i tu\u017ekou. P\u0159i kreslen\u00ed <strong>od\u0159\u00edk\u00e1vej<\/strong> do rytmu \u0159\u00edkanku:<br><em>JEDEN M\u00cd\u010cEK, DRUH\u00dd M\u00cd\u010cEK.<\/em><br><em>KDE JE T\u0158ET\u00cd? U KYTI\u010cEK!<\/em><\/li><li><strong>Uka\u017e <\/strong>r\u016f\u017eov\u00fd m\u00ed\u010dek a <strong>uka\u017e<\/strong> jamku, do kter\u00e9 se bude k\u016fzl\u00e1tko sna\u017eit m\u00ed\u010dek dostat. <strong>Nakresli<\/strong> rovnou \u010d\u00e1ru od tohoto m\u00ed\u010dku k&nbsp;jamce.<\/li><li><strong>Uka\u017e <\/strong>modr\u00fd m\u00ed\u010dek u kyti\u010dek. Kter\u00e9 k\u016fzl\u00e1tko si s&nbsp;n\u00edm hraje?<\/li><li><strong>Uka\u017e <\/strong>jamku a <strong>nakresli<\/strong> od tohoto m\u00ed\u010dku sm\u011brem k&nbsp;n\u00ed dal\u0161\u00ed rovnou \u010d\u00e1ru.<\/li><li><strong>Uka\u017e <\/strong>oran\u017eov\u00fd m\u00ed\u010dek. <strong>Uka\u017e<\/strong> jamku. <strong>Nakresli<\/strong> tak\u00e9 od oran\u017eov\u00e9ho m\u00ed\u010dku rovnou \u010d\u00e1ru k&nbsp;jamce.<\/li><li><strong>Uka\u017e <\/strong>zelen\u00fd m\u00ed\u010dek. <strong>Uka\u017e<\/strong> jamku. <strong>Nakresli<\/strong> rovnou \u010d\u00e1ru i od zelen\u00e9ho m\u00ed\u010dku.<\/li><li><strong>Uka\u017e <\/strong>\u017elut\u00fd m\u00ed\u010dek. Jak barevn\u00e9 je k\u016fzl\u00e1tko, kter\u00e9 si s&nbsp;n\u00edm hraje? (<em>Hn\u011bd\u00e9.<\/em>)<\/li><li><strong>Uka\u017e<\/strong> jamku a <strong>nakresli<\/strong> rovnou \u010d\u00e1ru od \u017elut\u00e9ho m\u00ed\u010dku k&nbsp;jamce.<\/li><li><strong>\u0158ekni<\/strong>, kter\u00fd m\u00ed\u010dek z\u016fstal neodp\u00e1len\u00fd. (<em>\u010cern\u00fd.<\/em>)<\/li><li>I od tohoto m\u00ed\u010dku <strong>nakresli<\/strong> rovnou \u010d\u00e1ru k&nbsp;jamce.<\/li><li><strong>Spo\u010d\u00edtej<\/strong> k\u016fzl\u00e1tka, kter\u00e1 hraj\u00ed golf. (<em>T\u0159i.<\/em>)<\/li><li><strong>Uka\u017e <\/strong>k\u016fzl\u00e1tko s&nbsp;golfovou hol\u00ed. <strong>Dokresli<\/strong> k&nbsp;jeho b\u00edl\u00e9mu m\u00ed\u010dku t\u0159i dal\u0161\u00ed golfov\u00e9 m\u00ed\u010dky.<\/li><li>K\u016fzl\u00e1tko s&nbsp;golfovou hol\u00ed m\u00e1 te\u010f o <em>t\u0159i<\/em> m\u00ed\u010dky v\u00edc. <strong>Spo\u010d\u00edtej<\/strong>, kolik m\u00ed\u010dk\u016f m\u00e1 dohromady. (<em>\u010cty\u0159i.<\/em>)<\/li><li>V&nbsp;zelen\u00e9m r\u00e1me\u010dku je vybarven\u00fd&nbsp; jeden punt\u00edk. Je to jeden m\u00ed\u010dek, kter\u00fd byl u k\u016fzl\u00e1tka s&nbsp;golfovou hol\u00ed, ne\u017e jsi k&nbsp;n\u011bmu dokreslil dal\u0161\u00ed m\u00ed\u010dky. Kolik m\u00ed\u010dk\u016f jsi k&nbsp;n\u011bmu dokreslil? (<em>T\u0159i.<\/em>) <strong>Vybarvi<\/strong> t\u0159i zb\u00fdvaj\u00edc\u00ed punt\u00edky v&nbsp;r\u00e1me\u010dku. Kolik punt\u00edk\u016f je v&nbsp;n\u011bm dohromady? (<em>\u010cty\u0159i.<\/em>)<\/li><li>K modr\u00e9mu m\u00ed\u010dku k\u016fzl\u00e1tka s&nbsp;ma\u0161l\u00ed <strong>dokresli<\/strong> t\u0159i dal\u0161\u00ed golfov\u00e9 m\u00ed\u010dky.<\/li><li>K\u016fzl\u00e1tko s&nbsp;ma\u0161l\u00ed m\u00e1 nyn\u00ed o t\u0159i m\u00ed\u010dky v\u00edc. Kolik m\u00ed\u010dk\u016f m\u00e1 dohromady? (<em>\u010cty\u0159i.<\/em>)<\/li><li><strong>Uka\u017e<\/strong> hn\u011bd\u00e9 k\u016fzl\u00e1tko. <strong>Zkus<\/strong> k&nbsp;n\u011bmu <strong>dokreslit<\/strong> tolik m\u00ed\u010dk\u016f, aby jich m\u011blo stejn\u011b, jako maj\u00ed ostatn\u00ed k\u016fzl\u00e1tka.<\/li><li>Zn\u00e1\u0161 poh\u00e1dku <em>O neposlu\u0161n\u00fdch k\u016fzl\u00e1tk\u00e1ch<\/em>? <strong>Poslechni si<\/strong> ji na na <a href=\"http:\/\/www.nns.cz\/pohadky\">www.nns.cz\/pohadky<\/a>.<\/li><li>&nbsp;A pak <strong>vypr\u00e1v\u011bj<\/strong>, jak to bylo s&nbsp;k\u016fzl\u00e1tky z&nbsp;t\u00e9to poh\u00e1dky. T\u0159eba mamince nebo kamar\u00e1dovi. Budou m\u00edt jist\u011b velikou radost.<\/li><\/ol>\n\n\n\n<p class=\"has-text-align-right\"><a href=\"https:\/\/nns.cz\/predskolak\/jsem-predskolak\/podrobne-instrukce-ke-strankam\/\">Zp\u011bt na p\u0159ehled stran<\/a><\/p>\n","protected":false},"excerpt":{"rendered":"<p>JSEM P\u0158ED\u0160KOL\u00c1K Zp\u011bt na p\u0159ehled stran ZAHRAJ SI GOLF S&nbsp;K\u016eZL\u00c1TKY. (str. 34) Your browser do not support the video tag. Co d\u011blaj\u00ed k\u016fzl\u00e1tka na obr\u00e1zku? Zahraj si na k\u016fzl\u00e1tko s&nbsp;golfovou hol\u00ed a p\u0159edv\u00e1d\u011bj \u00fader hol\u00ed do golfov\u00e9ho m\u00ed\u010dku. Prohl\u00e9dni si golfov\u00e9 m\u00ed\u010dky k\u016fzl\u00e1tek. Uka\u017e jeden po druh\u00e9m a \u0159\u00edkej, jak jsou barevn\u00e9. (B\u00edl\u00fd, r\u016f\u017eov\u00fd, modr\u00fd, [&hellip;]<\/p>\n","protected":false},"author":2,"featured_media":0,"parent":1716,"menu_order":0,"comment_status":"closed","ping_status":"closed","template":"","meta":{"footnotes":""},"class_list":["post-1899","page","type-page","status-publish","hentry","latest_post"],"_links":{"self":[{"href":"https:\/\/nns.cz\/predskolak\/wp-json\/wp\/v2\/pages\/1899","targetHints":{"allow":["GET"]}}],"collection":[{"href":"https:\/\/nns.cz\/predskolak\/wp-json\/wp\/v2\/pages"}],"about":[{"href":"https:\/\/nns.cz\/predskolak\/wp-json\/wp\/v2\/types\/page"}],"author":[{"embeddable":true,"href":"https:\/\/nns.cz\/predskolak\/wp-json\/wp\/v2\/users\/2"}],"replies":[{"embeddable":true,"href":"https:\/\/nns.cz\/predskolak\/wp-json\/wp\/v2\/comments?post=1899"}],"version-history":[{"count":4,"href":"https:\/\/nns.cz\/predskolak\/wp-json\/wp\/v2\/pages\/1899\/revisions"}],"predecessor-version":[{"id":2223,"href":"https:\/\/nns.cz\/predskolak\/wp-json\/wp\/v2\/pages\/1899\/revisions\/2223"}],"up":[{"embeddable":true,"href":"https:\/\/nns.cz\/predskolak\/wp-json\/wp\/v2\/pages\/1716"}],"wp:attachment":[{"href":"https:\/\/nns.cz\/predskolak\/wp-json\/wp\/v2\/media?parent=1899"}],"curies":[{"name":"wp","href":"https:\/\/api.w.org\/{rel}","templated":true}]}}