{"id":1896,"date":"2023-12-06T14:02:20","date_gmt":"2023-12-06T13:02:20","guid":{"rendered":"https:\/\/nns.cz\/predskolak\/?page_id=1896"},"modified":"2024-01-16T16:24:36","modified_gmt":"2024-01-16T15:24:36","slug":"strana-33","status":"publish","type":"page","link":"https:\/\/nns.cz\/predskolak\/jsem-predskolak\/podrobne-instrukce-ke-strankam\/strana-33\/","title":{"rendered":"Strana 33"},"content":{"rendered":"\n<p><strong><span class=\"has-inline-color has-luminous-vivid-orange-color\">J<\/span><span class=\"has-inline-color has-vivid-cyan-blue-color\">S<\/span><span class=\"has-inline-color has-light-green-cyan-color\">E<\/span><span class=\"has-inline-color has-vivid-purple-color\">M<\/span> <span class=\"has-inline-color has-luminous-vivid-amber-color\">P<\/span><span class=\"has-inline-color has-pale-cyan-blue-color\">\u0158<\/span><span class=\"has-inline-color has-vivid-red-color\">E<\/span><span class=\"has-inline-color has-pale-pink-color\">D<\/span><span class=\"has-inline-color has-vivid-purple-color\">\u0160<\/span><span class=\"has-inline-color has-light-green-cyan-color\">K<\/span><span class=\"has-inline-color has-vivid-cyan-blue-color\">O<\/span><span class=\"has-inline-color has-cyan-bluish-gray-color\">L<\/span><span class=\"has-inline-color has-vivid-green-cyan-color\">\u00c1<\/span><span class=\"has-inline-color has-vivid-purple-color\">K<\/span><\/strong><\/p>\n\n\n\n<p class=\"has-text-align-right\"><a href=\"https:\/\/nns.cz\/predskolak\/jsem-predskolak\/podrobne-instrukce-ke-strankam\/\">Zp\u011bt na p\u0159ehled stran<\/a><\/p>\n\n\n\n<div class=\"wp-block-image\"><figure class=\"alignleft size-medium is-resized\"><a href=\"https:\/\/mediacreator.cz\/documents\/Jsem_predskolak\/video\/33._Jsem_predskolak_2.webm\" target=\"_blank\" rel=\"noopener noreferrer\"><img loading=\"lazy\" decoding=\"async\" src=\"https:\/\/nns.cz\/predskolak\/wp-content\/uploads\/2023\/11\/trojuhelnik_ikonka-300x255.png\" alt=\"\" class=\"wp-image-1759\" width=\"75\" height=\"64\" srcset=\"https:\/\/nns.cz\/predskolak\/wp-content\/uploads\/2023\/11\/trojuhelnik_ikonka-300x255.png 300w, https:\/\/nns.cz\/predskolak\/wp-content\/uploads\/2023\/11\/trojuhelnik_ikonka.png 602w\" sizes=\"auto, (max-width: 75px) 100vw, 75px\" \/><\/a><\/figure><\/div>\n\n\n\n<p><strong><span class=\"has-inline-color has-vivid-cyan-blue-color\">HRAJ SI S&nbsp;KRTKEM.<\/span><\/strong> (str. 33)<\/p>\n\n\n\n<div style=\"height:20px\" aria-hidden=\"true\" class=\"wp-block-spacer\"><\/div>\n\n\n\n<video class=\"video-player\" data-src=\"null\" src=\"https:\/\/mediacreator.cz\/documents\/Jsem_predskolak\/video\/low_33._Jsem_predskolak_2.webm\">\n  <source src=\"https:\/\/mediacreator.cz\/documents\/Jsem_predskolak\/video\/33._Jsem_predskolak_2.webm\" title=\"HQ\">\n  <source src=\"https:\/\/mediacreator.cz\/documents\/Jsem_predskolak\/video\/low_33._Jsem_predskolak_2.webm\" title=\"LQ\">\n  Your browser do not support the video tag.\n<\/video>\n\n\n\n<p><\/p>\n\n\n\n<ol class=\"wp-block-list\" type=\"1\"><li><strong>Prohl\u00e9dni si<\/strong> obr\u00e1zek. <strong>Pojmenuj<\/strong> zv\u00ed\u0159ata, kter\u00e1 se ukr\u00fdvaj\u00ed v&nbsp;tr\u00e1v\u011b.<\/li><li>Krtkovi je zima. \u201e<em>Brrr!<\/em>\u201c <strong>Zopakuj<\/strong> po mn\u011b: \u201e<em>Brrr!<\/em>\u201c<br>Pejsek vr\u010d\u00ed: \u201e<em>Vrrr!<\/em>\u201c&nbsp; Zkus\u00ed\u0161 zavr\u010det jak pejsek? <strong>Zopakuj<\/strong> po mn\u011b: \u201e<em>Vrrr!<\/em>\u201c<br>Ko\u010dka spink\u00e1: \u201e<em>Chrrr!<\/em>\u201c <strong>Zopakuj<\/strong> po mn\u011b: \u201e<em>Chrrr!<\/em>\u201c<br>Kos se polekal a odlet\u011bl: \u201e<em>Frrr!<\/em>\u201c <strong>Uka\u017e<\/strong> kosa, jak let\u00ed a p\u0159i tom n\u011bkolikr\u00e1t <strong>zopakuj<\/strong>: \u201e<em>Frrr! Frrr! Frrr!\u201c<\/em><\/li><li>Vsed\u011b <strong>obt\u00e1hni<\/strong> prstem plnou lomenou \u010d\u00e1ru u krtka. P\u0159ipom\u00edn\u00e1 zub.<\/li><li><strong>Vezmi si<\/strong> zelenou pastelku a <strong>obt\u00e1hni<\/strong> ji i pastelkou.<\/li><li>Kdy\u017e nakresl\u00ed\u0161 v\u00edc zub\u016f za sebou, bude to vypadat jako tr\u00e1va.<\/li><li>Ne\u017e spolu nakresl\u00edme cel\u00fd tr\u00e1vn\u00edk, lomenou \u010d\u00e1ru p\u0159ipom\u00ednaj\u00edc\u00ed zub natr\u00e9nujeme s&nbsp;krtkem.<\/li><li>Od zelen\u00e9ho bodu <strong>nakresli<\/strong> zub s\u00e1m. P\u0159eru\u0161ovan\u00e1 \u010d\u00e1ra t\u011b povede.<\/li><li>Od dal\u0161\u00edho zelen\u00e9ho bodu <strong>zkus nakreslit<\/strong> zub bez pomocn\u00e9 \u010d\u00e1ry.<\/li><li>Jak kresl\u00ed\u0161 tr\u00e1vu ty? <strong>Nakresli<\/strong> ji na voln\u00fd list pap\u00edru. Do tr\u00e1vy <strong>m\u016f\u017ee\u0161 dokreslit<\/strong> krtka.<\/li><li>P\u0159i kreslen\u00ed <strong>od\u0159\u00edk\u00e1vej<\/strong> do rytmu \u0159\u00edkanku:<br><em>R\u00c1D UKRYJU KRTKA V&nbsp;TR\u00c1V\u011a.<\/em><br><em>ROVN\u011a \u010c\u00c1RY KRESL\u00cdM HRAV\u011a!<\/em><\/li><li>P\u0159i od\u0159\u00edk\u00e1v\u00e1n\u00ed \u0159\u00edkanky si procvi\u010d\u00ed\u0161 v\u00fdslovnost <em>R<\/em>.<\/li><li><strong>Prohl\u00e9dni si<\/strong> <em>R<\/em> a <strong>vybarvi<\/strong> ho.<\/li><li><strong>Kresli<\/strong> jedn\u00edm tahem zuby na druh\u00e9m \u0159\u00e1dku u pejska.<\/li><li><strong>Spo\u010d\u00edtej<\/strong> je.<\/li><li>Do zelen\u00e9ho r\u00e1me\u010dku k&nbsp;pejskovi <strong>nakresli<\/strong> tolik punt\u00edk\u016f, kolik zub\u016f jsi napo\u010d\u00edtal.<\/li><li><strong>Kresli<\/strong> jedn\u00edm tahem zuby na t\u0159et\u00edm \u0159\u00e1dku u ko\u010di\u010dky.<\/li><li><strong>Spo\u010d\u00edtej<\/strong> je.<\/li><li>Do zelen\u00e9ho r\u00e1me\u010dku ke ko\u010di\u010dce <strong>nakresli<\/strong> tolik punt\u00edk\u016f, kolik zub\u016f jsi napo\u010d\u00edtal.<\/li><li><strong>Kresli<\/strong> jedn\u00edm tahem zuby na \u010dtvrt\u00e9m \u0159\u00e1dku u kosa.<\/li><li><strong>Spo\u010d\u00edtej<\/strong> je.<\/li><li>Do zelen\u00e9ho r\u00e1me\u010dku ke kosovi <strong>nakresli<\/strong> tolik punt\u00edk\u016f, kolik zub\u016f jsi napo\u010d\u00edtal.<\/li><li>Zuby se ti moc povedly! <strong>Odpo\u010di\u0148 si<\/strong> a <strong>stul se<\/strong> do klub\u00ed\u010dka, jako ko\u010di\u010dka na obr\u00e1zku.<\/li><\/ol>\n\n\n\n<p class=\"has-text-align-right\"><a href=\"https:\/\/nns.cz\/predskolak\/jsem-predskolak\/podrobne-instrukce-ke-strankam\/\">Zp\u011bt na p\u0159ehled stran<\/a><\/p>\n","protected":false},"excerpt":{"rendered":"<p>JSEM P\u0158ED\u0160KOL\u00c1K Zp\u011bt na p\u0159ehled stran HRAJ SI S&nbsp;KRTKEM. (str. 33) Your browser do not support the video tag. Prohl\u00e9dni si obr\u00e1zek. Pojmenuj zv\u00ed\u0159ata, kter\u00e1 se ukr\u00fdvaj\u00ed v&nbsp;tr\u00e1v\u011b. Krtkovi je zima. \u201eBrrr!\u201c Zopakuj po mn\u011b: \u201eBrrr!\u201cPejsek vr\u010d\u00ed: \u201eVrrr!\u201c&nbsp; Zkus\u00ed\u0161 zavr\u010det jak pejsek? Zopakuj po mn\u011b: \u201eVrrr!\u201cKo\u010dka spink\u00e1: \u201eChrrr!\u201c Zopakuj po mn\u011b: \u201eChrrr!\u201cKos se polekal a [&hellip;]<\/p>\n","protected":false},"author":2,"featured_media":0,"parent":1716,"menu_order":0,"comment_status":"closed","ping_status":"closed","template":"","meta":{"footnotes":""},"class_list":["post-1896","page","type-page","status-publish","hentry","latest_post"],"_links":{"self":[{"href":"https:\/\/nns.cz\/predskolak\/wp-json\/wp\/v2\/pages\/1896","targetHints":{"allow":["GET"]}}],"collection":[{"href":"https:\/\/nns.cz\/predskolak\/wp-json\/wp\/v2\/pages"}],"about":[{"href":"https:\/\/nns.cz\/predskolak\/wp-json\/wp\/v2\/types\/page"}],"author":[{"embeddable":true,"href":"https:\/\/nns.cz\/predskolak\/wp-json\/wp\/v2\/users\/2"}],"replies":[{"embeddable":true,"href":"https:\/\/nns.cz\/predskolak\/wp-json\/wp\/v2\/comments?post=1896"}],"version-history":[{"count":4,"href":"https:\/\/nns.cz\/predskolak\/wp-json\/wp\/v2\/pages\/1896\/revisions"}],"predecessor-version":[{"id":2222,"href":"https:\/\/nns.cz\/predskolak\/wp-json\/wp\/v2\/pages\/1896\/revisions\/2222"}],"up":[{"embeddable":true,"href":"https:\/\/nns.cz\/predskolak\/wp-json\/wp\/v2\/pages\/1716"}],"wp:attachment":[{"href":"https:\/\/nns.cz\/predskolak\/wp-json\/wp\/v2\/media?parent=1896"}],"curies":[{"name":"wp","href":"https:\/\/api.w.org\/{rel}","templated":true}]}}