{"id":1887,"date":"2023-12-06T13:56:03","date_gmt":"2023-12-06T12:56:03","guid":{"rendered":"https:\/\/nns.cz\/predskolak\/?page_id=1887"},"modified":"2024-01-16T16:12:32","modified_gmt":"2024-01-16T15:12:32","slug":"strana-29","status":"publish","type":"page","link":"https:\/\/nns.cz\/predskolak\/jsem-predskolak\/podrobne-instrukce-ke-strankam\/strana-29\/","title":{"rendered":"Strana 29"},"content":{"rendered":"\n<p><strong><span class=\"has-inline-color has-luminous-vivid-orange-color\">J<\/span><span class=\"has-inline-color has-vivid-cyan-blue-color\">S<\/span><span class=\"has-inline-color has-light-green-cyan-color\">E<\/span><span class=\"has-inline-color has-vivid-purple-color\">M<\/span> <span class=\"has-inline-color has-luminous-vivid-amber-color\">P<\/span><span class=\"has-inline-color has-pale-cyan-blue-color\">\u0158<\/span><span class=\"has-inline-color has-vivid-red-color\">E<\/span><span class=\"has-inline-color has-pale-pink-color\">D<\/span><span class=\"has-inline-color has-vivid-purple-color\">\u0160<\/span><span class=\"has-inline-color has-light-green-cyan-color\">K<\/span><span class=\"has-inline-color has-vivid-cyan-blue-color\">O<\/span><span class=\"has-inline-color has-cyan-bluish-gray-color\">L<\/span><span class=\"has-inline-color has-vivid-green-cyan-color\">\u00c1<\/span><span class=\"has-inline-color has-vivid-purple-color\">K<\/span><\/strong><\/p>\n\n\n\n<p class=\"has-text-align-right\"><a href=\"https:\/\/nns.cz\/predskolak\/jsem-predskolak\/podrobne-instrukce-ke-strankam\/\">Zp\u011bt na p\u0159ehled stran<\/a><\/p>\n\n\n\n<div class=\"wp-block-image\"><figure class=\"alignleft size-medium is-resized\"><a href=\"https:\/\/mediacreator.cz\/documents\/Jsem_predskolak\/video\/29._Jsem_predskolak_2.webm\" target=\"_blank\" rel=\"noopener noreferrer\"><img loading=\"lazy\" decoding=\"async\" src=\"https:\/\/nns.cz\/predskolak\/wp-content\/uploads\/2023\/11\/obdelnik-a-ctverec_ikonka-283x300.png\" alt=\"\" class=\"wp-image-1751\" width=\"71\" height=\"75\" srcset=\"https:\/\/nns.cz\/predskolak\/wp-content\/uploads\/2023\/11\/obdelnik-a-ctverec_ikonka-283x300.png 283w, https:\/\/nns.cz\/predskolak\/wp-content\/uploads\/2023\/11\/obdelnik-a-ctverec_ikonka-360x385.png 360w, https:\/\/nns.cz\/predskolak\/wp-content\/uploads\/2023\/11\/obdelnik-a-ctverec_ikonka.png 700w\" sizes=\"auto, (max-width: 71px) 100vw, 71px\" \/><\/a><\/figure><\/div>\n\n\n\n<p><strong><span class=\"has-inline-color has-vivid-cyan-blue-color\">\u010cTVEREC, NEBO OBD\u00c9LN\u00cdK?<\/span><\/strong> (str. 29)<\/p>\n\n\n\n<div style=\"height:20px\" aria-hidden=\"true\" class=\"wp-block-spacer\"><\/div>\n\n\n\n<video class=\"video-player\" data-src=\"null\" src=\"https:\/\/mediacreator.cz\/documents\/Jsem_predskolak\/video\/low_29._Jsem_predskolak_2.webm\">\n  <source src=\"https:\/\/mediacreator.cz\/documents\/Jsem_predskolak\/video\/29._Jsem_predskolak_2.webm\" title=\"HQ\">\n  <source src=\"https:\/\/mediacreator.cz\/documents\/Jsem_predskolak\/video\/low_29._Jsem_predskolak_2.webm\" title=\"LQ\">\n  Your browser do not support the video tag.\n<\/video>\n\n\n\n<p><\/p>\n\n\n\n<ol class=\"wp-block-list\" type=\"1\"><li><strong>Pod\u00edvej!<\/strong> Strana pln\u00e1 \u010dtverc\u016f a obd\u00e9ln\u00edk\u016f! <strong>Prohl\u00e9dni si<\/strong> zelen\u00fd \u010dtverec na obr\u00e1zku. <strong>Obt\u00e1hni<\/strong> ho prstem. Za\u010dni shora dol\u016f, pak doprava, nahoru a nakonec doleva.<\/li><li><strong>Zkus nakreslit<\/strong> co nejv\u011bt\u0161\u00ed \u010dtverec prstem ve vzduchu.<\/li><li><strong>Obt\u00e1hni<\/strong> prstem modr\u00fd obd\u00e9ln\u00edk na obr\u00e1zku.<\/li><li>Jak se li\u0161\u00ed \u010dtverec a obd\u00e9ln\u00edk?<\/li><li><strong>Uka\u017e<\/strong> obr\u00e1zky, kter\u00e9 p\u0159ipom\u00ednaj\u00ed \u010dtverec.<\/li><li><strong>Pojmenuj<\/strong> je.<\/li><li><strong>Vezmi si<\/strong> zelenou pastelku a <strong>zakrou\u017ekuj<\/strong> je.<\/li><li><strong>Uka\u017e<\/strong> obr\u00e1zky, kter\u00e9 p\u0159ipom\u00ednaj\u00ed obd\u00e9ln\u00edk.<\/li><li><strong>Pojmenuj<\/strong> je.<\/li><li><strong>Vezmi si<\/strong> modrou pastelku a <strong>zakrou\u017ekuj<\/strong> je.<\/li><li>A te\u010f <strong>obt\u00e1hni<\/strong> prstem \u010dtverce v&nbsp;obr\u00e1zc\u00edch, kter\u00e9 jsi zakrou\u017ekoval zelen\u011b.<\/li><li><strong>Vezmi si<\/strong> zelenou pastelku a <strong>obt\u00e1hni<\/strong> je i pastelkou. Nejprve <strong>obt\u00e1hni<\/strong> \u010d\u00e1ru od vyzna\u010den\u00e9ho bodu dol\u016f, pak plynule <strong>obt\u00e1hni<\/strong> \u010d\u00e1ru doprava, nahoru a doleva.<\/li><li><strong>Obt\u00e1hni<\/strong> prstem obd\u00e9ln\u00edky v&nbsp;obr\u00e1zc\u00edch, kter\u00e9 jsi zakrou\u017ekoval mod\u0159e.<\/li><li><strong>Vezmi si<\/strong> modrou pastelku a <strong>obt\u00e1hni<\/strong> je i pastelkou.<\/li><li><strong>Spo\u010d\u00edtej<\/strong> obr\u00e1zky, ve kter\u00fdch jsi nakreslil \u010dtverec: ubrousek, z\u00e1kusek, kostku a krabici na dort. <em>Jeden, dva, t\u0159i, \u010dty\u0159i!<\/em><\/li><li><strong>Spo\u010d\u00edtej<\/strong> obr\u00e1zky, ve kter\u00fdch jsi nakreslil obd\u00e9ln\u00edk: karta, tri\u010dko, akv\u00e1rium, d\u00e1rek, kufr! <em>Jeden, dva, t\u0159i, \u010dty\u0159i, p\u011bt!<\/em><\/li><li>Kostky ze stavebnice <strong>vybarvi<\/strong> podle sv\u00e9 fantazie.<\/li><li><strong>Spo\u010d\u00edtej<\/strong> ty, kter\u00e9 jsou spole\u010dn\u011b na jedn\u00e9 hrom\u00e1dce.<\/li><li>Kolik kostek bude\u0161 m\u00edt dohromady, kdy\u017e k&nbsp;t\u011bmto \u010dty\u0159em p\u0159id\u00e1\u0161 jednu? (<em>P\u011bt.<\/em>)<\/li><li>Kdy\u017e u\u017e <strong>um\u00ed\u0161 kreslit<\/strong> \u010dtverce i obd\u00e9ln\u00edky, co takhle si p\u0159\u00ed\u0161t\u011b nakreslit dome\u010dek?<\/li><\/ol>\n\n\n\n<p class=\"has-text-align-right\"><a href=\"https:\/\/nns.cz\/predskolak\/jsem-predskolak\/podrobne-instrukce-ke-strankam\/\">Zp\u011bt na p\u0159ehled stran<\/a><\/p>\n","protected":false},"excerpt":{"rendered":"<p>JSEM P\u0158ED\u0160KOL\u00c1K Zp\u011bt na p\u0159ehled stran \u010cTVEREC, NEBO OBD\u00c9LN\u00cdK? (str. 29) Your browser do not support the video tag. Pod\u00edvej! Strana pln\u00e1 \u010dtverc\u016f a obd\u00e9ln\u00edk\u016f! Prohl\u00e9dni si zelen\u00fd \u010dtverec na obr\u00e1zku. Obt\u00e1hni ho prstem. Za\u010dni shora dol\u016f, pak doprava, nahoru a nakonec doleva. Zkus nakreslit co nejv\u011bt\u0161\u00ed \u010dtverec prstem ve vzduchu. Obt\u00e1hni prstem modr\u00fd obd\u00e9ln\u00edk [&hellip;]<\/p>\n","protected":false},"author":2,"featured_media":0,"parent":1716,"menu_order":0,"comment_status":"closed","ping_status":"closed","template":"","meta":{"footnotes":""},"class_list":["post-1887","page","type-page","status-publish","hentry","latest_post"],"_links":{"self":[{"href":"https:\/\/nns.cz\/predskolak\/wp-json\/wp\/v2\/pages\/1887","targetHints":{"allow":["GET"]}}],"collection":[{"href":"https:\/\/nns.cz\/predskolak\/wp-json\/wp\/v2\/pages"}],"about":[{"href":"https:\/\/nns.cz\/predskolak\/wp-json\/wp\/v2\/types\/page"}],"author":[{"embeddable":true,"href":"https:\/\/nns.cz\/predskolak\/wp-json\/wp\/v2\/users\/2"}],"replies":[{"embeddable":true,"href":"https:\/\/nns.cz\/predskolak\/wp-json\/wp\/v2\/comments?post=1887"}],"version-history":[{"count":4,"href":"https:\/\/nns.cz\/predskolak\/wp-json\/wp\/v2\/pages\/1887\/revisions"}],"predecessor-version":[{"id":2219,"href":"https:\/\/nns.cz\/predskolak\/wp-json\/wp\/v2\/pages\/1887\/revisions\/2219"}],"up":[{"embeddable":true,"href":"https:\/\/nns.cz\/predskolak\/wp-json\/wp\/v2\/pages\/1716"}],"wp:attachment":[{"href":"https:\/\/nns.cz\/predskolak\/wp-json\/wp\/v2\/media?parent=1887"}],"curies":[{"name":"wp","href":"https:\/\/api.w.org\/{rel}","templated":true}]}}