{"id":1884,"date":"2023-12-06T13:53:44","date_gmt":"2023-12-06T12:53:44","guid":{"rendered":"https:\/\/nns.cz\/predskolak\/?page_id=1884"},"modified":"2024-01-16T16:12:10","modified_gmt":"2024-01-16T15:12:10","slug":"strana-28","status":"publish","type":"page","link":"https:\/\/nns.cz\/predskolak\/jsem-predskolak\/podrobne-instrukce-ke-strankam\/strana-28\/","title":{"rendered":"Strana 28"},"content":{"rendered":"\n<p><strong><span class=\"has-inline-color has-luminous-vivid-orange-color\">J<\/span><span class=\"has-inline-color has-vivid-cyan-blue-color\">S<\/span><span class=\"has-inline-color has-light-green-cyan-color\">E<\/span><span class=\"has-inline-color has-vivid-purple-color\">M<\/span> <span class=\"has-inline-color has-luminous-vivid-amber-color\">P<\/span><span class=\"has-inline-color has-pale-cyan-blue-color\">\u0158<\/span><span class=\"has-inline-color has-vivid-red-color\">E<\/span><span class=\"has-inline-color has-pale-pink-color\">D<\/span><span class=\"has-inline-color has-vivid-purple-color\">\u0160<\/span><span class=\"has-inline-color has-light-green-cyan-color\">K<\/span><span class=\"has-inline-color has-vivid-cyan-blue-color\">O<\/span><span class=\"has-inline-color has-cyan-bluish-gray-color\">L<\/span><span class=\"has-inline-color has-vivid-green-cyan-color\">\u00c1<\/span><span class=\"has-inline-color has-vivid-purple-color\">K<\/span><\/strong><\/p>\n\n\n\n<p class=\"has-text-align-right\"><a href=\"https:\/\/nns.cz\/predskolak\/jsem-predskolak\/podrobne-instrukce-ke-strankam\/\">Zp\u011bt na p\u0159ehled stran<\/a><\/p>\n\n\n\n<div class=\"wp-block-image\"><figure class=\"alignleft size-medium is-resized\"><a href=\"https:\/\/mediacreator.cz\/documents\/Jsem_predskolak\/video\/28._Jsem_predskolak_3.webm\" target=\"_blank\" rel=\"noopener noreferrer\"><img loading=\"lazy\" decoding=\"async\" src=\"https:\/\/nns.cz\/predskolak\/wp-content\/uploads\/2023\/11\/mravenec_ikonka-300x262.png\" alt=\"\" class=\"wp-image-1748\" width=\"75\" height=\"66\" srcset=\"https:\/\/nns.cz\/predskolak\/wp-content\/uploads\/2023\/11\/mravenec_ikonka-300x262.png 300w, https:\/\/nns.cz\/predskolak\/wp-content\/uploads\/2023\/11\/mravenec_ikonka.png 559w\" sizes=\"auto, (max-width: 75px) 100vw, 75px\" \/><\/a><\/figure><\/div>\n\n\n\n<p><strong><span class=\"has-inline-color has-vivid-cyan-blue-color\">KRESLI \u0160IKM\u00c9 \u010c\u00c1RY. <\/span><\/strong>(str. 28)<\/p>\n\n\n\n<div style=\"height:20px\" aria-hidden=\"true\" class=\"wp-block-spacer\"><\/div>\n\n\n\n<video class=\"video-player\" data-src=\"null\" src=\"https:\/\/mediacreator.cz\/documents\/Jsem_predskolak\/video\/low_28._Jsem_predskolak_3.webm\">\n  <source src=\"https:\/\/mediacreator.cz\/documents\/Jsem_predskolak\/video\/28._Jsem_predskolak_3.webm\" title=\"HQ\">\n  <source src=\"https:\/\/mediacreator.cz\/documents\/Jsem_predskolak\/video\/low_28._Jsem_predskolak_3.webm\" title=\"LQ\">\n  Your browser do not support the video tag.\n<\/video>\n\n\n\n<p><\/p>\n\n\n\n<ol class=\"wp-block-list\"><li><strong>Prohl\u00e9dni si<\/strong> mravence na obr\u00e1zku. <strong>P\u0159edstav si<\/strong>, \u017ee jsi jedn\u00edm z&nbsp;nich a nese\u0161 t\u011b\u017ek\u00fd n\u00e1klad. O mravenc\u00edch je zn\u00e1mo, \u017ee maj\u00ed velik\u00e1nskou s\u00edlu! Unesou p\u0159edm\u011bty, kter\u00e9 jsou mnohon\u00e1sobn\u011b t\u011b\u017e\u0161\u00ed ne\u017e oni sami. P\u0159en\u00e1\u0161ej\u00ed je v&nbsp;kusadlech.<\/li><li><strong>Postav se. Obt\u00e1hni<\/strong> prstem \u010d\u00e1ru od tal\u00ed\u0159ku k&nbsp;mravenci s&nbsp;malinou.<\/li><li><strong>Vezmi si <\/strong>modrou pastelku a \u010d\u00e1ru n\u011bkolikr\u00e1t po sob\u011b obt\u00e1hni.<\/li><li><strong>Posa\u010f se. <\/strong>Od tal\u00ed\u0159ku <strong>zkou\u0161ej kreslit<\/strong> \u010d\u00e1ry i k&nbsp;dal\u0161\u00edm mravenc\u016fm. Cesti\u010dky po medu, m\u00e1ku a m\u00fcsli [mysli] t\u011b navedou. P\u0159i kreslen\u00ed <strong>od\u0159\u00edk\u00e1vej<\/strong> do rytmu \u0159\u00edkanku:<br><em>CO MRAVENCI NEVYMYSL\u00cd?<\/em><br><em>K&nbsp;SN\u00cdDANI DNES MAJ\u00cd M\u00dcSLI.<\/em><\/li><li>Od tal\u00ed\u0159ku m\u016f\u017ee\u0161 <strong>kreslit<\/strong> i dal\u0161\u00ed \u010d\u00e1ry ve sm\u011bru t\u011bch, kter\u00e9 jsi u\u017e nakreslil.<\/li><li>Kter\u00e1 zv\u00ed\u0159\u00e1tka se tak\u00e9 chystaj\u00ed ochutnat dobroty z&nbsp;tal\u00ed\u0159ku? Ano! Moucha a taky my\u0161ka.<\/li><li><strong>Zopakuj<\/strong> po mn\u011b jejich n\u00e1zvy a pozorn\u011b p\u0159i tom <strong>poslouchej<\/strong>, co je na za\u010d\u00e1tku t\u011bchto dvou slov. Moucha. My\u0161ka. Co jsi sly\u0161el na za\u010d\u00e1tku slov? V\u00fdborn\u011b! <em>M<\/em>.<\/li><li>Na tal\u00ed\u0159 <strong>nalep<\/strong> malinu, med, hrom\u00e1dku m\u00e1ku a misku m\u00fcsli [mysli].<\/li><li><strong>Vyslov<\/strong> tato slova.<\/li><li>Sly\u0161el jsi na za\u010d\u00e1tku t\u011bchto slov tak\u00e9 <em>M<\/em>? Ano! <em>M<\/em> \u2013 <em>malina<\/em>, <em>M<\/em> \u2013 <em>med<\/em>, <em>M<\/em> \u2013 <em>m\u00e1k<\/em>, <em>M<\/em> \u2013 <em>m\u00fcsli<\/em>.<\/li><li>Co je je\u0161t\u011b na tal\u00ed\u0159ku? V\u00fdborn\u011b! Je to ml\u00e9ko. I na za\u010d\u00e1tku tohoto slova sly\u0161\u00ed\u0161 <em>M<\/em>.<\/li><li>U\u017e jsi n\u011bkdy <em>M<\/em> vid\u011bl? <strong>Prohl\u00e9dni si<\/strong> ho nad my\u0161kou.<\/li><li>A jestli m\u00e1\u0161 chu\u0165, <strong>vybarvi<\/strong> podle sv\u00e9 fantazie i kulat\u00fd tal\u00ed\u0159.<\/li><li>P\u0159ipom\u00edn\u00e1 kruh, \u017ee?<\/li><li><strong>Obt\u00e1hni<\/strong> ho prstem a p\u0159esv\u011bd\u010d se.<\/li><li><strong>Vypr\u00e1v\u011bj<\/strong>, jak sn\u00edd\u00e1\u0161. Co m\u00e1\u0161 nejrad\u011bji?<\/li><\/ol>\n\n\n\n<p class=\"has-text-align-right\"><a href=\"https:\/\/nns.cz\/predskolak\/jsem-predskolak\/podrobne-instrukce-ke-strankam\/\">Zp\u011bt na p\u0159ehled stran<\/a><\/p>\n","protected":false},"excerpt":{"rendered":"<p>JSEM P\u0158ED\u0160KOL\u00c1K Zp\u011bt na p\u0159ehled stran KRESLI \u0160IKM\u00c9 \u010c\u00c1RY. (str. 28) Your browser do not support the video tag. Prohl\u00e9dni si mravence na obr\u00e1zku. P\u0159edstav si, \u017ee jsi jedn\u00edm z&nbsp;nich a nese\u0161 t\u011b\u017ek\u00fd n\u00e1klad. O mravenc\u00edch je zn\u00e1mo, \u017ee maj\u00ed velik\u00e1nskou s\u00edlu! Unesou p\u0159edm\u011bty, kter\u00e9 jsou mnohon\u00e1sobn\u011b t\u011b\u017e\u0161\u00ed ne\u017e oni sami. P\u0159en\u00e1\u0161ej\u00ed je v&nbsp;kusadlech. Postav [&hellip;]<\/p>\n","protected":false},"author":2,"featured_media":0,"parent":1716,"menu_order":0,"comment_status":"closed","ping_status":"closed","template":"","meta":{"footnotes":""},"class_list":["post-1884","page","type-page","status-publish","hentry","latest_post"],"_links":{"self":[{"href":"https:\/\/nns.cz\/predskolak\/wp-json\/wp\/v2\/pages\/1884","targetHints":{"allow":["GET"]}}],"collection":[{"href":"https:\/\/nns.cz\/predskolak\/wp-json\/wp\/v2\/pages"}],"about":[{"href":"https:\/\/nns.cz\/predskolak\/wp-json\/wp\/v2\/types\/page"}],"author":[{"embeddable":true,"href":"https:\/\/nns.cz\/predskolak\/wp-json\/wp\/v2\/users\/2"}],"replies":[{"embeddable":true,"href":"https:\/\/nns.cz\/predskolak\/wp-json\/wp\/v2\/comments?post=1884"}],"version-history":[{"count":4,"href":"https:\/\/nns.cz\/predskolak\/wp-json\/wp\/v2\/pages\/1884\/revisions"}],"predecessor-version":[{"id":2218,"href":"https:\/\/nns.cz\/predskolak\/wp-json\/wp\/v2\/pages\/1884\/revisions\/2218"}],"up":[{"embeddable":true,"href":"https:\/\/nns.cz\/predskolak\/wp-json\/wp\/v2\/pages\/1716"}],"wp:attachment":[{"href":"https:\/\/nns.cz\/predskolak\/wp-json\/wp\/v2\/media?parent=1884"}],"curies":[{"name":"wp","href":"https:\/\/api.w.org\/{rel}","templated":true}]}}