{"id":1881,"date":"2023-12-06T13:51:50","date_gmt":"2023-12-06T12:51:50","guid":{"rendered":"https:\/\/nns.cz\/predskolak\/?page_id=1881"},"modified":"2024-01-16T16:11:48","modified_gmt":"2024-01-16T15:11:48","slug":"strana-27","status":"publish","type":"page","link":"https:\/\/nns.cz\/predskolak\/jsem-predskolak\/podrobne-instrukce-ke-strankam\/strana-27\/","title":{"rendered":"Strana 27"},"content":{"rendered":"\n<p><strong><span class=\"has-inline-color has-luminous-vivid-orange-color\">J<\/span><span class=\"has-inline-color has-vivid-cyan-blue-color\">S<\/span><span class=\"has-inline-color has-light-green-cyan-color\">E<\/span><span class=\"has-inline-color has-vivid-purple-color\">M<\/span> <span class=\"has-inline-color has-luminous-vivid-amber-color\">P<\/span><span class=\"has-inline-color has-pale-cyan-blue-color\">\u0158<\/span><span class=\"has-inline-color has-vivid-red-color\">E<\/span><span class=\"has-inline-color has-pale-pink-color\">D<\/span><span class=\"has-inline-color has-vivid-purple-color\">\u0160<\/span><span class=\"has-inline-color has-light-green-cyan-color\">K<\/span><span class=\"has-inline-color has-vivid-cyan-blue-color\">O<\/span><span class=\"has-inline-color has-cyan-bluish-gray-color\">L<\/span><span class=\"has-inline-color has-vivid-green-cyan-color\">\u00c1<\/span><span class=\"has-inline-color has-vivid-purple-color\">K<\/span><\/strong><\/p>\n\n\n\n<p class=\"has-text-align-right\"><a href=\"https:\/\/nns.cz\/predskolak\/jsem-predskolak\/podrobne-instrukce-ke-strankam\/\">Zp\u011bt na p\u0159ehled stran<\/a><\/p>\n\n\n\n<div class=\"wp-block-image\"><figure class=\"alignleft size-medium is-resized\"><a href=\"https:\/\/mediacreator.cz\/documents\/Jsem_predskolak\/video\/27._Jsem_predskolak_4.webm\" target=\"_blank\" rel=\"noopener noreferrer\"><img loading=\"lazy\" decoding=\"async\" src=\"https:\/\/nns.cz\/predskolak\/wp-content\/uploads\/2023\/11\/prasatko_ikonka-300x195.png\" alt=\"\" class=\"wp-image-1754\" width=\"75\" height=\"49\" srcset=\"https:\/\/nns.cz\/predskolak\/wp-content\/uploads\/2023\/11\/prasatko_ikonka-300x195.png 300w, https:\/\/nns.cz\/predskolak\/wp-content\/uploads\/2023\/11\/prasatko_ikonka-272x182.png 272w, https:\/\/nns.cz\/predskolak\/wp-content\/uploads\/2023\/11\/prasatko_ikonka.png 456w\" sizes=\"auto, (max-width: 75px) 100vw, 75px\" \/><\/a><\/figure><\/div>\n\n\n\n<p><strong><span class=\"has-inline-color has-vivid-cyan-blue-color\">HOP NAHORU A ZP\u011aT DOL\u016e!<\/span><\/strong> (str. 27)<\/p>\n\n\n\n<div style=\"height:20px\" aria-hidden=\"true\" class=\"wp-block-spacer\"><\/div>\n\n\n\n<video class=\"video-player\" data-src=\"null\" src=\"https:\/\/mediacreator.cz\/documents\/Jsem_predskolak\/video\/low_27._Jsem_predskolak_4.webm\">\n  <source src=\"https:\/\/mediacreator.cz\/documents\/Jsem_predskolak\/video\/27._Jsem_predskolak_4.webm\" title=\"HQ\">\n  <source src=\"https:\/\/mediacreator.cz\/documents\/Jsem_predskolak\/video\/low_27._Jsem_predskolak_4.webm\" title=\"LQ\">\n  Your browser do not support the video tag.\n<\/video>\n\n\n\n<p><\/p>\n\n\n\n<ol class=\"wp-block-list\" type=\"1\"><li><strong>P\u0159edv\u00e1d\u011bj<\/strong>, jak sk\u00e1\u010de\u0161 na trampol\u00edn\u011b. P\u0159i v\u00fdskoku <strong>vzpa\u017e<\/strong>.<\/li><li><strong>Posa\u010f se <\/strong>a <strong>prohl\u00e9dni si<\/strong>, jak sk\u00e1\u010dou pras\u00e1tka.<\/li><li><strong>\u0158ekni<\/strong>, kdo sk\u00e1\u010de s&nbsp;nimi.<\/li><li><strong>Postav se. Obt\u00e1hni<\/strong> prstem \u010d\u00e1ru pod pras\u00e1tkem s&nbsp;\u010depi\u010dkou. <strong>Obt\u00e1hni<\/strong> ji zespodu nahoru a zp\u011bt. Tah <strong>nep\u0159eru\u0161uj <\/strong>a n\u011bkolikr\u00e1t ho<strong> zopakuj<\/strong>.<\/li><li>Vstoje <strong>zkou\u0161ej obtahovat<\/strong> \u010d\u00e1ru n\u011bkolikr\u00e1t po sob\u011b nahoru a zp\u011bt i r\u016f\u017eovou pastelkou.<\/li><li><strong>Posa\u010f se. Vezmi si<\/strong> r\u016f\u017eovou pastelku. A od vyzna\u010den\u00fdch bod\u016f <strong>kresli<\/strong> dal\u0161\u00ed \u010d\u00e1ry zespodu nahoru a zp\u011bt i k&nbsp;pras\u00e1tku s&nbsp;bat\u016f\u017ekem, k&nbsp;pras\u00e1tku s&nbsp;vesti\u010dkou, a nakonec i k&nbsp;vlkovi. P\u0159i tom <strong>od\u0159\u00edk\u00e1vej<\/strong> do rytmu \u0159\u00edkanku:<br><em>ZASK\u00c1\u010cU SI S&nbsp;PRAS\u00c1TKY<\/em><br><em>A\u017d DO JEJICH POH\u00c1DKY.<\/em><\/li><li><strong>Uka\u017e<\/strong> pras\u00e1tko s&nbsp;\u010depi\u010dkou. Vysko\u010dilo vysoko!<\/li><li><strong>Uka\u017e<\/strong> pras\u00e1tko, kter\u00e9 vysko\u010dilo je\u0161t\u011b v\u00fd\u0161.<\/li><li>A te\u010f <strong>uka\u017e<\/strong> pras\u00e1tko, kter\u00e9 vysko\u010dilo nejv\u00fd\u0161.<\/li><li><strong>\u0158ekni<\/strong>, jak vysoko vysko\u010dil vlk v&nbsp;porovn\u00e1n\u00ed s&nbsp;pras\u00e1tky.<br><em>(Vlk vysko\u010dil v\u00fd\u0161 ne\u017e pras\u00e1tko<\/em><strong> <\/strong><em>s \u010depi\u010dkou. Vlk vysko\u010dil n\u00ed\u017e ne\u017e pras\u00e1tko s&nbsp;bat\u016f\u017ekem a pras\u00e1tko s&nbsp;vesti\u010dkou.)<\/em><\/li><li><strong>Zahraj si<\/strong> na pras\u00e1tko nebo na vlka. Od trampol\u00edny <strong>kresli<\/strong> dal\u0161\u00ed \u010d\u00e1ry zespodu nahoru a zp\u011bt ve sm\u011bru t\u011bch, kter\u00e9 jsi u\u017e nakreslil. Sk\u00e1kej vysoko, v\u00fd\u0161 i co nejv\u00fd\u0161!<\/li><li><strong>Prohl\u00e9dni si<\/strong> pras\u00e1tka je\u0161t\u011b jednou. Kter\u00e9 se nechov\u00e1 p\u0159i sk\u00e1k\u00e1n\u00ed bezpe\u010dn\u011b? <strong>Vysv\u011btli<\/strong> pro\u010d.<\/li><li>Zn\u00e1\u0161 poh\u00e1dku <em>O t\u0159ech pras\u00e1tk\u00e1ch<\/em>? Poh\u00e1dku <strong>si<\/strong> <strong>poslechni<\/strong> na <a href=\"http:\/\/www.nns.cz\/pohadky\">www.nns.cz\/pohadky<\/a>.<\/li><li>Podle pr\u016fvodn\u00edch obr\u00e1zk\u016f v&nbsp;aplikaci ji <strong>zkus vypr\u00e1v\u011bt<\/strong>.<\/li><li><strong>Nakresli<\/strong> mamince, tat\u00ednkovi, babi\u010dce nebo t\u0159eba kamar\u00e1dovi obr\u00e1zek z&nbsp;t\u00e9to poh\u00e1dky. Jist\u011b je pot\u011b\u0161\u00ed!<\/li><\/ol>\n\n\n\n<p class=\"has-text-align-right\"><a href=\"https:\/\/nns.cz\/predskolak\/jsem-predskolak\/podrobne-instrukce-ke-strankam\/\">Zp\u011bt na p\u0159ehled stran<\/a><\/p>\n","protected":false},"excerpt":{"rendered":"<p>JSEM P\u0158ED\u0160KOL\u00c1K Zp\u011bt na p\u0159ehled stran HOP NAHORU A ZP\u011aT DOL\u016e! (str. 27) Your browser do not support the video tag. P\u0159edv\u00e1d\u011bj, jak sk\u00e1\u010de\u0161 na trampol\u00edn\u011b. P\u0159i v\u00fdskoku vzpa\u017e. Posa\u010f se a prohl\u00e9dni si, jak sk\u00e1\u010dou pras\u00e1tka. \u0158ekni, kdo sk\u00e1\u010de s&nbsp;nimi. Postav se. Obt\u00e1hni prstem \u010d\u00e1ru pod pras\u00e1tkem s&nbsp;\u010depi\u010dkou. Obt\u00e1hni ji zespodu nahoru a zp\u011bt. [&hellip;]<\/p>\n","protected":false},"author":2,"featured_media":0,"parent":1716,"menu_order":0,"comment_status":"closed","ping_status":"closed","template":"","meta":{"footnotes":""},"class_list":["post-1881","page","type-page","status-publish","hentry","latest_post"],"_links":{"self":[{"href":"https:\/\/nns.cz\/predskolak\/wp-json\/wp\/v2\/pages\/1881","targetHints":{"allow":["GET"]}}],"collection":[{"href":"https:\/\/nns.cz\/predskolak\/wp-json\/wp\/v2\/pages"}],"about":[{"href":"https:\/\/nns.cz\/predskolak\/wp-json\/wp\/v2\/types\/page"}],"author":[{"embeddable":true,"href":"https:\/\/nns.cz\/predskolak\/wp-json\/wp\/v2\/users\/2"}],"replies":[{"embeddable":true,"href":"https:\/\/nns.cz\/predskolak\/wp-json\/wp\/v2\/comments?post=1881"}],"version-history":[{"count":4,"href":"https:\/\/nns.cz\/predskolak\/wp-json\/wp\/v2\/pages\/1881\/revisions"}],"predecessor-version":[{"id":2217,"href":"https:\/\/nns.cz\/predskolak\/wp-json\/wp\/v2\/pages\/1881\/revisions\/2217"}],"up":[{"embeddable":true,"href":"https:\/\/nns.cz\/predskolak\/wp-json\/wp\/v2\/pages\/1716"}],"wp:attachment":[{"href":"https:\/\/nns.cz\/predskolak\/wp-json\/wp\/v2\/media?parent=1881"}],"curies":[{"name":"wp","href":"https:\/\/api.w.org\/{rel}","templated":true}]}}