{"id":1878,"date":"2023-12-06T13:45:29","date_gmt":"2023-12-06T12:45:29","guid":{"rendered":"https:\/\/nns.cz\/predskolak\/?page_id=1878"},"modified":"2024-01-16T16:11:27","modified_gmt":"2024-01-16T15:11:27","slug":"strana-26","status":"publish","type":"page","link":"https:\/\/nns.cz\/predskolak\/jsem-predskolak\/podrobne-instrukce-ke-strankam\/strana-26\/","title":{"rendered":"Strana 26"},"content":{"rendered":"\n<p><strong><span class=\"has-inline-color has-luminous-vivid-orange-color\">J<\/span><span class=\"has-inline-color has-vivid-cyan-blue-color\">S<\/span><span class=\"has-inline-color has-light-green-cyan-color\">E<\/span><span class=\"has-inline-color has-vivid-purple-color\">M<\/span> <span class=\"has-inline-color has-luminous-vivid-amber-color\">P<\/span><span class=\"has-inline-color has-pale-cyan-blue-color\">\u0158<\/span><span class=\"has-inline-color has-vivid-red-color\">E<\/span><span class=\"has-inline-color has-pale-pink-color\">D<\/span><span class=\"has-inline-color has-vivid-purple-color\">\u0160<\/span><span class=\"has-inline-color has-light-green-cyan-color\">K<\/span><span class=\"has-inline-color has-vivid-cyan-blue-color\">O<\/span><span class=\"has-inline-color has-cyan-bluish-gray-color\">L<\/span><span class=\"has-inline-color has-vivid-green-cyan-color\">\u00c1<\/span><span class=\"has-inline-color has-vivid-purple-color\">K<\/span><\/strong><\/p>\n\n\n\n<p class=\"has-text-align-right\"><a href=\"https:\/\/nns.cz\/predskolak\/jsem-predskolak\/podrobne-instrukce-ke-strankam\/\">Zp\u011bt na p\u0159ehled stran<\/a><\/p>\n\n\n\n<div class=\"wp-block-image\"><figure class=\"alignleft size-medium is-resized\"><a href=\"https:\/\/mediacreator.cz\/documents\/Jsem_predskolak\/video\/26._Jsem_predskolak_3.webm\" target=\"_blank\" rel=\"noopener noreferrer\"><img loading=\"lazy\" decoding=\"async\" src=\"https:\/\/nns.cz\/predskolak\/wp-content\/uploads\/2023\/11\/zizala_ikonka-300x265.png\" alt=\"\" class=\"wp-image-1765\" width=\"75\" height=\"66\" srcset=\"https:\/\/nns.cz\/predskolak\/wp-content\/uploads\/2023\/11\/zizala_ikonka-300x265.png 300w, https:\/\/nns.cz\/predskolak\/wp-content\/uploads\/2023\/11\/zizala_ikonka.png 408w\" sizes=\"auto, (max-width: 75px) 100vw, 75px\" \/><\/a><\/figure><\/div>\n\n\n\n<p><strong><span class=\"has-inline-color has-vivid-cyan-blue-color\">ROVN\u00c9 \u010c\u00c1RY NAKRESL\u00cdM, PAK POLICE DOPLN\u00cdM.<\/span><\/strong> (str. 26)<\/p>\n\n\n\n<div style=\"height:20px\" aria-hidden=\"true\" class=\"wp-block-spacer\"><\/div>\n\n\n\n<video class=\"video-player\" data-src=\"null\" src=\"https:\/\/mediacreator.cz\/documents\/Jsem_predskolak\/video\/low_26._Jsem_predskolak_3.webm\">\n  <source src=\"https:\/\/mediacreator.cz\/documents\/Jsem_predskolak\/video\/26._Jsem_predskolak_3.webm\" title=\"HQ\">\n  <source src=\"https:\/\/mediacreator.cz\/documents\/Jsem_predskolak\/video\/low_26._Jsem_predskolak_3.webm\" title=\"LQ\">\n  Your browser do not support the video tag.\n<\/video>\n\n\n\n<p><\/p>\n\n\n\n<ol class=\"wp-block-list\" type=\"1\"><li><strong>Poj\u010f si<\/strong> hr\u00e1t se sv\u00fdmi prsty na \u017e\u00ed\u017ealy! St\u0159\u00eddav\u011b je <strong>pokr\u010d<\/strong> a zase <strong>narovnej<\/strong>.<\/li><li><strong>Prohl\u00e9dni si <\/strong>\u017e\u00ed\u017ealu na obr\u00e1zku. Dopl\u0148uje v\u00fdrobky do polic pomoc\u00ed vysokozdvi\u017en\u00e9ho voz\u00edku.<\/li><li><strong>Obtahuj<\/strong> prstem pln\u00e9 \u010d\u00e1ry a <strong>p\u0159edstavuj si<\/strong> p\u0159i tom, \u017ee dopl\u0148uje\u0161 v\u00fdrobky do polic ty. <strong>Za\u010dni<\/strong> zelen\u00fdm, pak <strong>obt\u00e1hni<\/strong> modr\u00fd a nakonec \u017elut\u00fd tah. Tahy nep\u0159eru\u0161uj a n\u011bkolikr\u00e1t je zopakuj. P\u0159i tom <strong>od\u0159\u00edk\u00e1vej<\/strong> do rytmu \u0159\u00edkanku:<br><em>ROVN\u00c9 \u010c\u00c1RY NAKRESL\u00cdM,<\/em><br><em>PAK POLICE DOPLN\u00cdM.<\/em><\/li><li>Pln\u00e9 tahy <strong>obt\u00e1hni<\/strong> i tu\u017ekou.<\/li><li>Od vyzna\u010den\u00fdch bod\u016f <strong>kresli<\/strong> dal\u0161\u00ed \u010d\u00e1ry. Za\u010dni zelen\u00fdmi, pak nakresli modr\u00e9 a nakonec \u017elut\u00e9.<\/li><li>V&nbsp;p\u0159\u00edloze <strong>najdi<\/strong> samolepky k&nbsp;t\u00e9to str\u00e1nce (opasek, boty, \u0161\u00e1lu, svetr, pono\u017eky, tri\u010dko).<\/li><li><strong>Uka\u017e<\/strong> v\u00fdrobky, kter\u00e9 jsou z&nbsp;k\u016f\u017ee.<\/li><li>Spr\u00e1vn\u011b! Je to opasek a jsou to i boty.<\/li><li><strong>Nalep<\/strong> opasek a boty na zelenou polici k&nbsp;pen\u011b\u017eence, kter\u00e1 je tak\u00e9 vyrobena z&nbsp;k\u016f\u017ee.<\/li><li><strong>Uka\u017e<\/strong> v\u00fdrobky, kter\u00e9 jsou z&nbsp;vlny.<\/li><li>V\u00fdborn\u011b! Je to \u0161\u00e1la a je to i svetr.<\/li><li>Na kterou polici je nalep\u00ed\u0161? Na modrou polici k&nbsp;\u010depici, kter\u00e1 je tak\u00e9 z&nbsp;vlny nebo na zelenou polici k&nbsp;z\u00e1st\u011b\u0159e, kter\u00e1 je bavln\u011bn\u00e1?<\/li><li>Ano. Pat\u0159\u00ed na modrou polici k&nbsp;vln\u011bn\u00e9 \u010depici. <strong>Nalep<\/strong> je.<\/li><li>Na \u017elutou polici nalep dv\u011b posledn\u00ed samolepky. Pono\u017eky a tri\u010dko. Pozn\u00e1\u0161, z&nbsp;jak\u00e9ho materi\u00e1lu jsou vyrobeny? Vypadaj\u00ed jako tvoje tri\u010dko nebo pono\u017eky? <strong>Zeptej<\/strong> se dosp\u011bl\u00fdch. Porad\u00ed ti. <strong>Dotkni<\/strong> <strong>se<\/strong> jich.<\/li><li>Spr\u00e1vn\u011b! Jsou z&nbsp;bavlny stejn\u011b jako je z&nbsp;bavlny z\u00e1st\u011bra na obr\u00e1zku.<\/li><li><strong>Nalep<\/strong> pono\u017eky a tri\u010dko na \u017elutou polici k&nbsp;z\u00e1st\u011b\u0159e.<\/li><li><strong>Prohl\u00e9dni si<\/strong> oble\u010den\u00ed, kter\u00e9 m\u00e1\u0161 dnes na sob\u011b. Obl\u00e9knul sis dnes n\u011bco bavln\u011bn\u00e9ho?<\/li><\/ol>\n\n\n\n<p class=\"has-text-align-right\"><a href=\"https:\/\/nns.cz\/predskolak\/jsem-predskolak\/podrobne-instrukce-ke-strankam\/\">Zp\u011bt na p\u0159ehled stran<\/a><\/p>\n","protected":false},"excerpt":{"rendered":"<p>JSEM P\u0158ED\u0160KOL\u00c1K Zp\u011bt na p\u0159ehled stran ROVN\u00c9 \u010c\u00c1RY NAKRESL\u00cdM, PAK POLICE DOPLN\u00cdM. (str. 26) Your browser do not support the video tag. Poj\u010f si hr\u00e1t se sv\u00fdmi prsty na \u017e\u00ed\u017ealy! St\u0159\u00eddav\u011b je pokr\u010d a zase narovnej. Prohl\u00e9dni si \u017e\u00ed\u017ealu na obr\u00e1zku. Dopl\u0148uje v\u00fdrobky do polic pomoc\u00ed vysokozdvi\u017en\u00e9ho voz\u00edku. Obtahuj prstem pln\u00e9 \u010d\u00e1ry a p\u0159edstavuj si [&hellip;]<\/p>\n","protected":false},"author":2,"featured_media":0,"parent":1716,"menu_order":0,"comment_status":"closed","ping_status":"closed","template":"","meta":{"footnotes":""},"class_list":["post-1878","page","type-page","status-publish","hentry","latest_post"],"_links":{"self":[{"href":"https:\/\/nns.cz\/predskolak\/wp-json\/wp\/v2\/pages\/1878","targetHints":{"allow":["GET"]}}],"collection":[{"href":"https:\/\/nns.cz\/predskolak\/wp-json\/wp\/v2\/pages"}],"about":[{"href":"https:\/\/nns.cz\/predskolak\/wp-json\/wp\/v2\/types\/page"}],"author":[{"embeddable":true,"href":"https:\/\/nns.cz\/predskolak\/wp-json\/wp\/v2\/users\/2"}],"replies":[{"embeddable":true,"href":"https:\/\/nns.cz\/predskolak\/wp-json\/wp\/v2\/comments?post=1878"}],"version-history":[{"count":4,"href":"https:\/\/nns.cz\/predskolak\/wp-json\/wp\/v2\/pages\/1878\/revisions"}],"predecessor-version":[{"id":2216,"href":"https:\/\/nns.cz\/predskolak\/wp-json\/wp\/v2\/pages\/1878\/revisions\/2216"}],"up":[{"embeddable":true,"href":"https:\/\/nns.cz\/predskolak\/wp-json\/wp\/v2\/pages\/1716"}],"wp:attachment":[{"href":"https:\/\/nns.cz\/predskolak\/wp-json\/wp\/v2\/media?parent=1878"}],"curies":[{"name":"wp","href":"https:\/\/api.w.org\/{rel}","templated":true}]}}