{"id":1875,"date":"2023-12-06T13:43:25","date_gmt":"2023-12-06T12:43:25","guid":{"rendered":"https:\/\/nns.cz\/predskolak\/?page_id=1875"},"modified":"2024-01-16T16:10:58","modified_gmt":"2024-01-16T15:10:58","slug":"strana-24-25","status":"publish","type":"page","link":"https:\/\/nns.cz\/predskolak\/jsem-predskolak\/podrobne-instrukce-ke-strankam\/strana-24-25\/","title":{"rendered":"Strana 24, 25"},"content":{"rendered":"\n<p><strong><span class=\"has-inline-color has-luminous-vivid-orange-color\">J<\/span><span class=\"has-inline-color has-vivid-cyan-blue-color\">S<\/span><span class=\"has-inline-color has-light-green-cyan-color\">E<\/span><span class=\"has-inline-color has-vivid-purple-color\">M<\/span> <span class=\"has-inline-color has-luminous-vivid-amber-color\">P<\/span><span class=\"has-inline-color has-pale-cyan-blue-color\">\u0158<\/span><span class=\"has-inline-color has-vivid-red-color\">E<\/span><span class=\"has-inline-color has-pale-pink-color\">D<\/span><span class=\"has-inline-color has-vivid-purple-color\">\u0160<\/span><span class=\"has-inline-color has-light-green-cyan-color\">K<\/span><span class=\"has-inline-color has-vivid-cyan-blue-color\">O<\/span><span class=\"has-inline-color has-cyan-bluish-gray-color\">L<\/span><span class=\"has-inline-color has-vivid-green-cyan-color\">\u00c1<\/span><span class=\"has-inline-color has-vivid-purple-color\">K<\/span><\/strong><\/p>\n\n\n\n<p class=\"has-text-align-right\"><a href=\"https:\/\/nns.cz\/predskolak\/jsem-predskolak\/podrobne-instrukce-ke-strankam\/\">Zp\u011bt na p\u0159ehled stran<\/a><\/p>\n\n\n\n<div class=\"wp-block-image\"><figure class=\"alignleft size-medium is-resized\"><a href=\"https:\/\/mediacreator.cz\/documents\/Jsem_predskolak\/video\/24_25._Jsem_predskolak_3.webm\" target=\"_blank\" rel=\"noopener noreferrer\"><img loading=\"lazy\" decoding=\"async\" src=\"https:\/\/nns.cz\/predskolak\/wp-content\/uploads\/2023\/11\/kapka_ikonka-201x300.png\" alt=\"\" class=\"wp-image-1732\" width=\"50\" height=\"75\" srcset=\"https:\/\/nns.cz\/predskolak\/wp-content\/uploads\/2023\/11\/kapka_ikonka-201x300.png 201w, https:\/\/nns.cz\/predskolak\/wp-content\/uploads\/2023\/11\/kapka_ikonka.png 560w\" sizes=\"auto, (max-width: 50px) 100vw, 50px\" \/><\/a><\/figure><\/div>\n\n\n\n<p><strong><span class=\"has-inline-color has-vivid-cyan-blue-color\">P\u0158EDVE\u010e A NAKRESLI, JAK PR\u0160\u00cd.<\/span><\/strong> (str. 24, 25)<\/p>\n\n\n\n<div style=\"height:20px\" aria-hidden=\"true\" class=\"wp-block-spacer\"><\/div>\n\n\n\n<video class=\"video-player\" data-src=\"null\" src=\"https:\/\/mediacreator.cz\/documents\/Jsem_predskolak\/video\/low_24_25._Jsem_predskolak_3.webm\">\n  <source src=\"https:\/\/mediacreator.cz\/documents\/Jsem_predskolak\/video\/24_25._Jsem_predskolak_3.webm\" title=\"HQ\">\n  <source src=\"https:\/\/mediacreator.cz\/documents\/Jsem_predskolak\/video\/low_24_25._Jsem_predskolak_3.webm\" title=\"LQ\">\n  Your browser do not support the video tag.\n<\/video>\n\n\n\n<p><\/p>\n\n\n\n<ol class=\"wp-block-list\" type=\"1\"><li>Hran\u00ed na zv\u00ed\u0159\u00e1tka je z\u00e1bava! Poj\u010f si s&nbsp;nimi tak\u00e9 hr\u00e1t!<\/li><li>Kter\u00e1 zv\u00ed\u0159\u00e1tka si hraj\u00ed na p\u00edskovi\u0161ti? <strong>Pojmenuj<\/strong> je se mnou.<\/li><li>\u0160nek, my\u0161ka, \u017e\u00ed\u017eala, \u010derv\u00edk, krtek, beru\u0161ka.<\/li><li>Kde je \u0161nek?<\/li><li>V\u00fdborn\u011b! <em>\u0160nek je na kl\u00e1d\u011b.<\/em><\/li><li>Kde je my\u0161ka?<\/li><li>Spr\u00e1vn\u011b! <em>My\u0161ka je v&nbsp;b\u00e1bovi\u010dce.<\/em><\/li><li>A kde je \u017e\u00ed\u017eala?<\/li><li>Dob\u0159e. <em>\u017d\u00ed\u017eala je v&nbsp;kybl\u00ed\u010dku.<\/em><\/li><li>Kde je \u017eabka?<\/li><li>Ano! <em>\u017dabka je na listu.<\/em><\/li><li>Kde je \u010derv\u00edk?<\/li><li>V\u00fdborn\u011b! <em>\u010cerv\u00edk je v&nbsp;jabl\u00ed\u010dku.<\/em><\/li><li>Krtka jist\u011b nep\u0159ehl\u00e9dne\u0161!<\/li><li>Ano! Tady je! Je v&nbsp;krtinci!<\/li><li>Kde je beru\u0161ka?<\/li><li>Spr\u00e1vn\u011b! <em>Beru\u0161ka je na hrabi\u010dk\u00e1ch.<\/em><\/li><li>Na pampeli\u0161ku <strong>nakresli<\/strong> v\u010deli\u010dku.<\/li><li>A j\u00e1 si ji tak\u00e9 nakresl\u00edm! U\u017e se moc t\u011b\u0161\u00edm. Budu pot\u0159ebovat hn\u011bdou a \u017elutou pastelku. A na k\u0159id\u00e9lka t\u0159eba modrou. A jak\u00e1 bude tvoje v\u010deli\u010dka?<\/li><li>Ne\u017e ji nakresl\u00ed\u0161, pov\u00edm ti k&nbsp;obr\u00e1zku p\u0159\u00edb\u011bh:<br>Byla jednou jedna v\u010deli\u010dka a ta v\u010deli\u010dka dostala velkou chu\u0165 na \u0161\u0165\u00e1vi\u010dku z&nbsp;pampeli\u0161ky. Jen\u017ee v\u0161echny pampeli\u0161ky m\u011bly kv\u011bty schovan\u00e9.<br><em>\u201eBrzy bude pr\u0161et!\u201c volali kamar\u00e1di na v\u010deli\u010dku z&nbsp;p\u00edskovi\u0161t\u011b. \u201ePosp\u011b\u0161, jedna pampeli\u0161ka m\u00e1 kv\u011bty je\u0161t\u011b rozvit\u00e9! Ne\u017e se bude\u0161 muset schovat p\u0159ed de\u0161t\u011bm, stihne\u0161 si je\u0161t\u011b d\u00e1t chutnou pampeli\u0161kovou dobr\u016ftku!\u201c<\/em><\/li><li>Obr\u00e1zek se ti moc povedl! <strong>Zkus vymyslet<\/strong> tak\u00e9 p\u0159\u00edb\u011bh o zv\u00ed\u0159\u00e1tk\u00e1ch na obr\u00e1zku. M\u016f\u017ee\u0161 ho pak vypr\u00e1v\u011bt t\u0159eba mamince.<\/li><li>A te\u010f si zahrajeme na d\u00e9\u0161\u0165! Pr\u0161\u00ed! N\u011bkolikr\u00e1t opakovan\u011b <strong>vzpa\u017e<\/strong> a <strong>p\u0159ipa\u017e<\/strong> do d\u0159epu, <strong>ukazuj<\/strong>, jak pad\u00e1 d\u00e9\u0161\u0165 z&nbsp;mr\u00e1\u010dk\u016f na zem.<\/li><li>Nakresl\u00edme d\u00e9\u0161\u0165? Vstoje opakovan\u011b <strong>obt\u00e1hni<\/strong> prstem t\u0159i pln\u00e9 vzorov\u00e9 \u010d\u00e1ry od prvn\u00edho mr\u00e1\u010dku.<br>P\u0159i tom <strong>od\u0159\u00edk\u00e1vej<\/strong> do rytmu \u0159\u00edkanku:<br><em>JEDNA<\/em> (p\u0159i obta\u017een\u00ed prvn\u00ed \u010d\u00e1ry), <em>DRUH\u00c1<\/em> (p\u0159i obta\u017een\u00ed druh\u00e9 \u010d\u00e1ry), <em>T\u0158ET\u00cd KAPKA<\/em> (p\u0159i obta\u017een\u00ed t\u0159et\u00ed \u010d\u00e1ry).<br><em>KTEROU<\/em> (p\u0159i obta\u017een\u00ed prvn\u00ed \u010d\u00e1ry) <em>Z&nbsp;NICH<\/em> (p\u0159i obta\u017een\u00ed druh\u00e9 \u010d\u00e1ry) <em>SI CHYT\u00cd \u017dABKA<\/em> (p\u0159i obta\u017een\u00ed t\u0159et\u00ed \u010d\u00e1ry)?<\/li><li>A te\u010f je zkus\u00edme obt\u00e1hnout i pastelkou. Vezmi si modrou pastelku. Vstoje obt\u00e1hneme tyto t\u0159i \u010d\u00e1ry. P\u0159i tom op\u011bt od\u0159\u00edk\u00e1me \u0159\u00edkanku.<\/li><li><strong>Posa\u010f se<\/strong> a nakresl\u00edme spole\u010dn\u011b t\u0159i dal\u0161\u00ed \u010d\u00e1ry od vodn\u00edch kapek pod druh\u00fdm mr\u00e1\u010dkem.<\/li><li>Nakresl\u00edme je i pod t\u0159et\u00edm mr\u00e1\u010dkem.<\/li><li>Te\u010f je nakresl\u00edme pod \u010dtvrt\u00fdm mr\u00e1\u010dkem.<\/li><li>Pod dal\u0161\u00edmi mr\u00e1\u010dky zkus dokreslit \u010d\u00e1ry u\u017e s\u00e1m.<\/li><li>A te\u010f si pro radost <strong>vybarvi<\/strong> mr\u00e1\u010dky.<\/li><\/ol>\n\n\n\n<p class=\"has-text-align-right\"><a href=\"https:\/\/nns.cz\/predskolak\/jsem-predskolak\/podrobne-instrukce-ke-strankam\/\">Zp\u011bt na p\u0159ehled stran<\/a><\/p>\n","protected":false},"excerpt":{"rendered":"<p>JSEM P\u0158ED\u0160KOL\u00c1K Zp\u011bt na p\u0159ehled stran P\u0158EDVE\u010e A NAKRESLI, JAK PR\u0160\u00cd. (str. 24, 25) Your browser do not support the video tag. Hran\u00ed na zv\u00ed\u0159\u00e1tka je z\u00e1bava! Poj\u010f si s&nbsp;nimi tak\u00e9 hr\u00e1t! Kter\u00e1 zv\u00ed\u0159\u00e1tka si hraj\u00ed na p\u00edskovi\u0161ti? Pojmenuj je se mnou. \u0160nek, my\u0161ka, \u017e\u00ed\u017eala, \u010derv\u00edk, krtek, beru\u0161ka. Kde je \u0161nek? V\u00fdborn\u011b! \u0160nek je na [&hellip;]<\/p>\n","protected":false},"author":2,"featured_media":0,"parent":1716,"menu_order":0,"comment_status":"closed","ping_status":"closed","template":"","meta":{"footnotes":""},"class_list":["post-1875","page","type-page","status-publish","hentry","latest_post"],"_links":{"self":[{"href":"https:\/\/nns.cz\/predskolak\/wp-json\/wp\/v2\/pages\/1875","targetHints":{"allow":["GET"]}}],"collection":[{"href":"https:\/\/nns.cz\/predskolak\/wp-json\/wp\/v2\/pages"}],"about":[{"href":"https:\/\/nns.cz\/predskolak\/wp-json\/wp\/v2\/types\/page"}],"author":[{"embeddable":true,"href":"https:\/\/nns.cz\/predskolak\/wp-json\/wp\/v2\/users\/2"}],"replies":[{"embeddable":true,"href":"https:\/\/nns.cz\/predskolak\/wp-json\/wp\/v2\/comments?post=1875"}],"version-history":[{"count":4,"href":"https:\/\/nns.cz\/predskolak\/wp-json\/wp\/v2\/pages\/1875\/revisions"}],"predecessor-version":[{"id":2215,"href":"https:\/\/nns.cz\/predskolak\/wp-json\/wp\/v2\/pages\/1875\/revisions\/2215"}],"up":[{"embeddable":true,"href":"https:\/\/nns.cz\/predskolak\/wp-json\/wp\/v2\/pages\/1716"}],"wp:attachment":[{"href":"https:\/\/nns.cz\/predskolak\/wp-json\/wp\/v2\/media?parent=1875"}],"curies":[{"name":"wp","href":"https:\/\/api.w.org\/{rel}","templated":true}]}}