{"id":1865,"date":"2023-12-06T13:27:35","date_gmt":"2023-12-06T12:27:35","guid":{"rendered":"https:\/\/nns.cz\/predskolak\/?page_id=1865"},"modified":"2024-01-16T16:09:51","modified_gmt":"2024-01-16T15:09:51","slug":"strana-18-19","status":"publish","type":"page","link":"https:\/\/nns.cz\/predskolak\/jsem-predskolak\/podrobne-instrukce-ke-strankam\/strana-18-19\/","title":{"rendered":"Strana 18, 19"},"content":{"rendered":"\n<p><strong><span class=\"has-inline-color has-luminous-vivid-orange-color\">J<\/span><span class=\"has-inline-color has-vivid-cyan-blue-color\">S<\/span><span class=\"has-inline-color has-light-green-cyan-color\">E<\/span><span class=\"has-inline-color has-vivid-purple-color\">M<\/span> <span class=\"has-inline-color has-luminous-vivid-amber-color\">P<\/span><span class=\"has-inline-color has-pale-cyan-blue-color\">\u0158<\/span><span class=\"has-inline-color has-vivid-red-color\">E<\/span><span class=\"has-inline-color has-pale-pink-color\">D<\/span><span class=\"has-inline-color has-vivid-purple-color\">\u0160<\/span><span class=\"has-inline-color has-light-green-cyan-color\">K<\/span><span class=\"has-inline-color has-vivid-cyan-blue-color\">O<\/span><span class=\"has-inline-color has-cyan-bluish-gray-color\">L<\/span><span class=\"has-inline-color has-vivid-green-cyan-color\">\u00c1<\/span><span class=\"has-inline-color has-vivid-purple-color\">K<\/span><\/strong><\/p>\n\n\n\n<p class=\"has-text-align-right\"><a href=\"https:\/\/nns.cz\/predskolak\/jsem-predskolak\/podrobne-instrukce-ke-strankam\/\">Zp\u011bt na p\u0159ehled stran<\/a><\/p>\n\n\n\n<div class=\"wp-block-image\"><figure class=\"alignleft size-medium is-resized\"><a href=\"https:\/\/mediacreator.cz\/documents\/Jsem_predskolak\/video\/18_19._Jsem_predskolak_5.webm\" target=\"_blank\" rel=\"noopener noreferrer\"><img loading=\"lazy\" decoding=\"async\" src=\"https:\/\/nns.cz\/predskolak\/wp-content\/uploads\/2023\/11\/kyblik_ikonka-300x278.png\" alt=\"\" class=\"wp-image-1742\" width=\"75\" height=\"70\" srcset=\"https:\/\/nns.cz\/predskolak\/wp-content\/uploads\/2023\/11\/kyblik_ikonka-300x278.png 300w, https:\/\/nns.cz\/predskolak\/wp-content\/uploads\/2023\/11\/kyblik_ikonka.png 468w\" sizes=\"auto, (max-width: 75px) 100vw, 75px\" \/><\/a><\/figure><\/div>\n\n\n\n<p><strong><span class=\"has-inline-color has-vivid-cyan-blue-color\">NAKRESLI ZRNKA P\u00cdSKU.<\/span><\/strong> (str. 18, 19)<\/p>\n\n\n\n<div style=\"height:20px\" aria-hidden=\"true\" class=\"wp-block-spacer\"><\/div>\n\n\n\n<video class=\"video-player\" data-src=\"null\" src=\"https:\/\/mediacreator.cz\/documents\/Jsem_predskolak\/video\/low_18_19._Jsem_predskolak_5.webm\">\n  <source src=\"https:\/\/mediacreator.cz\/documents\/Jsem_predskolak\/video\/18_19._Jsem_predskolak_5.webm\" title=\"HQ\">\n  <source src=\"https:\/\/mediacreator.cz\/documents\/Jsem_predskolak\/video\/low_18_19._Jsem_predskolak_5.webm\" title=\"LQ\">\n  Your browser do not support the video tag.\n<\/video>\n\n\n\n<p><\/p>\n\n\n\n<ol class=\"wp-block-list\" type=\"1\"><li>Hraje\u0161 si r\u00e1d na p\u00edskovi\u0161ti?<\/li><li><strong>Uvolni <\/strong>prsty. P\u0159edstavuj si p\u0159i tom, \u017ee si hraje\u0161 na p\u00edskovi\u0161ti a stav\u00ed\u0161 nap\u0159\u00edklad hrad z&nbsp;p\u00edsku.<\/li><li><strong>Uchop <\/strong>tu\u017eku.<\/li><li><strong>Polo\u017e <\/strong>ruku s&nbsp;tu\u017ekou pod obr\u00e1zek p\u00edskovi\u0161t\u011b.<\/li><li><strong>P\u0159isu\u0148 <\/strong>hrot tu\u017eky k&nbsp;jednomu zrnku p\u00edsku (jedn\u00e9 ze t\u0159\u00ed te\u010dek).<\/li><li>S&nbsp;tu\u017ekou <strong>zvedni <\/strong>ruku v&nbsp;z\u00e1p\u011bst\u00ed.<\/li><li><strong>Vra\u0165<\/strong> ji zp\u011bt k&nbsp;pap\u00edru a nakresli te\u010dku.<\/li><li>Tento pohyb n\u011bkolikr\u00e1t <strong>zopakuj<\/strong>, a p\u0159itom posunuj pa\u017ei.<\/li><li><strong>Kresli<\/strong> zrnka p\u00edsku po cel\u00e9 plo\u0161e pap\u00edru.<\/li><li>P\u0159i kreslen\u00ed <strong>od\u0159\u00edk\u00e1vej<\/strong> do rytmu \u0159\u00edkanku:<br><em>ZRNKA P\u00cdSKU NAKRESL\u00cdM<\/em><br><em>P\u011aKN\u011a JEDNO ZA DRUH\u00ddM.<\/em><\/li><li>P\u0159es zrnka p\u00edsku <strong>nakresli<\/strong> hrad.<\/li><li>Okolo stanu <strong>nakresli<\/strong> dal\u0161\u00ed zrnka p\u00edsku.<\/li><li><strong>Uka\u017e<\/strong> \u0159adu kybl\u00ed\u010dk\u016f.<\/li><li><strong>Vyslov:<\/strong> <em>kyb-l\u00ed\u010d-ky. <\/em>T\u0159ikr\u00e1t p\u0159i tom <strong>tleskni<\/strong>.<\/li><li><strong>Uka\u017e<\/strong> \u0159adu lodi\u010dek.<\/li><li><strong>Vyslov<\/strong>: <em>lo-di\u010d-ky. <\/em>T\u0159ikr\u00e1t p\u0159i tom <strong>tleskni<\/strong>.<\/li><li><strong>Uka\u017e<\/strong> \u0159adu rybi\u010dek.<\/li><li><strong>Vyslov<\/strong>: <em>ry<\/em>&#8211;<em>bi\u010d<\/em>&#8211;<em>ky. <\/em>T\u0159ikr\u00e1t p\u0159i tom <strong>tleskni<\/strong>.<\/li><li><strong>Uka\u017e<\/strong> \u0159adu mu\u0161li\u010dek.<\/li><li><strong>Vyslov<\/strong>: <em>mu\u0161<\/em>&#8211;<em>li\u010d<\/em>&#8211;<em>ky. <\/em>T\u0159ikr\u00e1t p\u0159i tom <strong>tleskni<\/strong>.<\/li><li><strong>Uka\u017e<\/strong> \u0159adu kam\u00ednk\u016f.<\/li><li><strong>Vyslov<\/strong>: <em>ka<\/em>&#8211;<em>m\u00edn<\/em>&#8211;<em>ky. <\/em>T\u0159ikr\u00e1t p\u0159i tom <strong>tleskni<\/strong>.<\/li><li><strong>Prohl\u00e9dni si<\/strong> kybl\u00ed\u010dky.<\/li><li><strong>Ukazuj <\/strong>jeden po druh\u00e9m a<strong> \u0159\u00edkej<\/strong>, jak barevn\u00e9 jsou. <em>(\u010cerven\u00fd, \u017elut\u00fd, r\u016f\u017eov\u00fd, \u010derven\u00fd, \u017elut\u00fd.)<\/em><\/li><li>Jakou barvu bude m\u00edt kybl\u00ed\u010dek na konci \u0159ady?<\/li><li><strong>Najdi<\/strong> samolepku r\u016f\u017eov\u00e9ho kybl\u00ed\u010dku a <strong>nalep<\/strong> ji na konec spr\u00e1vn\u00e9 \u0159ady.<\/li><li><strong>Vezmi si \u010dervenou pastelku.<\/strong><\/li><li><strong>Zakrou\u017ekuj <\/strong>dva \u010derven\u00e9 kybl\u00ed\u010dky.<\/li><li><strong>Vezmi si <\/strong>\u017elutou pastelku.<\/li><li><strong>Zakrou\u017ekuj <\/strong>dva \u017elut\u00e9 kybl\u00ed\u010dky.<\/li><li><strong>Vezmi si <\/strong>r\u016f\u017eovou pastelku.<\/li><li><strong>Zakrou\u017ekuj <\/strong>dva r\u016f\u017eov\u00e9 kybl\u00ed\u010dky.<\/li><li><strong>Prohl\u00e9dni si<\/strong> lodi\u010dky.<\/li><li><strong>Ukazuj <\/strong>jednu po druh\u00e9 a<strong> \u0159\u00edkej<\/strong>, jak barevn\u00e9 jsou. <em>(Modr\u00e1, zelen\u00e1, hn\u011bd\u00e1, modr\u00e1, zelen\u00e1.)<\/em><\/li><li>Jakou barvu bude m\u00edt lodi\u010dka na konci \u0159ady?<\/li><li><strong>Najdi<\/strong> samolepku hn\u011bd\u00e9 lodi\u010dky a <strong>nalep<\/strong> ji na konec \u0159ady.<\/li><li><strong>Polo\u017e<\/strong> vedle pracovn\u00ed u\u010debnice modrou, zelenou a hn\u011bdou pastelku.<\/li><li><strong>Zakrou\u017ekuj<\/strong> modr\u00e9 lodi\u010dky mod\u0159e, zelen\u00e9 lodi\u010dky zelen\u011b, hn\u011bd\u00e9 lodi\u010dky hn\u011bd\u011b.<\/li><li><strong>Prohl\u00e9dni si <\/strong>rybi\u010dky a<strong> ukazuj <\/strong>jednu po druh\u00e9 a <strong>\u0159\u00edkej<\/strong>, jak jsou barevn\u00e9. <em>(Fialov\u00e1, oran\u017eov\u00e1, r\u016f\u017eov\u00e1, fialov\u00e1, oran\u017eov\u00e1.)<\/em><\/li><li>Jakou barvu bude m\u00edt rybi\u010dka na konci \u0159ady?<\/li><li><strong>Najdi<\/strong> samolepku r\u016f\u017eov\u00e9 rybi\u010dky a <strong>nalep<\/strong> ji na konec \u0159ady.<\/li><li><strong>Polo\u017e <\/strong>vedle pracovn\u00ed u\u010debnice fialovou, oran\u017eovou a r\u016f\u017eovou pastelku.<\/li><li>Dv\u011b fialov\u00e9 rybi\u010dky<strong> zakrou\u017ekuj<\/strong> fialovou pastelkou, dv\u011b oran\u017eov\u00e9 oran\u017eovou pastelkou a dv\u011b r\u016f\u017eov\u00e9 r\u016f\u017eovou pastelkou.<\/li><li>A te\u010f si prohl\u00e9dni \u0159adu mu\u0161li\u010dek. Ukazuj jednu mu\u0161li\u010dku po druh\u00e9 a \u0159\u00edkej, jak barevn\u00e9 jsou. <em>(R\u016f\u017eov\u00e1, hn\u011bd\u00e1, \u0161ed\u00e1, r\u016f\u017eov\u00e1, hn\u011bd\u00e1.)<\/em><\/li><li>Tyto pastelky<strong> si nachystej.<\/strong><\/li><li>Dv\u011b mu\u0161li\u010dky jsou r\u016f\u017eov\u00e9.<strong> Uka\u017e <\/strong>je a<strong> zakrou\u017ekuj <\/strong>r\u016f\u017eovou pastelkou. Dv\u011b <strong>hn\u011bd\u00e9 zakrou\u017ekuj <\/strong>hn\u011bdou pastelkou a dv\u011b \u0161ed\u00e9 \u0161edou.<\/li><li>A zb\u00fdv\u00e1 posledn\u00ed \u0159ada. Jsou v&nbsp;n\u00ed kam\u00ednky. <strong>Pojmenuj<\/strong> barvy kam\u00ednk\u016f. <em>(B\u00edl\u00fd, \u0161ed\u00fd, \u010dern\u00fd, b\u00edl\u00fd, \u0161ed\u00fd.)<\/em><\/li><li>Pozn\u00e1\u0161 \u0161edou a \u010dernou pastelku?<strong> Nachystej si <\/strong>je a polo\u017e vedle pracovn\u00ed u\u010debnice.<\/li><li>\u0160edou<strong> zakrou\u017ekuj <\/strong>dva \u0161ed\u00e9 kam\u00ednky. \u010cernou<strong> zakrou\u017ekuj <\/strong>dva \u010dern\u00e9 kam\u00ednky.<\/li><li>Zbyly dva b\u00edl\u00e9 kam\u00ednky. <strong>Uka\u017e<\/strong> je. Tyto do krou\u017eku <strong>ned\u00e1vej<\/strong>.<\/li><li>Na z\u00e1v\u011br si p\u0159ed sebe <strong>polo\u017e<\/strong> r\u016f\u017eovou, hn\u011bdou, \u0161edou a \u010dernou pastelku a tyto barvy <strong>pojmenuj<\/strong>.<\/li><\/ol>\n\n\n\n<p class=\"has-text-align-right\"><a href=\"https:\/\/nns.cz\/predskolak\/jsem-predskolak\/podrobne-instrukce-ke-strankam\/\">Zp\u011bt na p\u0159ehled stran<\/a><\/p>\n","protected":false},"excerpt":{"rendered":"<p>JSEM P\u0158ED\u0160KOL\u00c1K Zp\u011bt na p\u0159ehled stran NAKRESLI ZRNKA P\u00cdSKU. (str. 18, 19) Your browser do not support the video tag. Hraje\u0161 si r\u00e1d na p\u00edskovi\u0161ti? Uvolni prsty. P\u0159edstavuj si p\u0159i tom, \u017ee si hraje\u0161 na p\u00edskovi\u0161ti a stav\u00ed\u0161 nap\u0159\u00edklad hrad z&nbsp;p\u00edsku. Uchop tu\u017eku. Polo\u017e ruku s&nbsp;tu\u017ekou pod obr\u00e1zek p\u00edskovi\u0161t\u011b. P\u0159isu\u0148 hrot tu\u017eky k&nbsp;jednomu zrnku p\u00edsku [&hellip;]<\/p>\n","protected":false},"author":2,"featured_media":0,"parent":1716,"menu_order":0,"comment_status":"closed","ping_status":"closed","template":"","meta":{"footnotes":""},"class_list":["post-1865","page","type-page","status-publish","hentry","latest_post"],"_links":{"self":[{"href":"https:\/\/nns.cz\/predskolak\/wp-json\/wp\/v2\/pages\/1865","targetHints":{"allow":["GET"]}}],"collection":[{"href":"https:\/\/nns.cz\/predskolak\/wp-json\/wp\/v2\/pages"}],"about":[{"href":"https:\/\/nns.cz\/predskolak\/wp-json\/wp\/v2\/types\/page"}],"author":[{"embeddable":true,"href":"https:\/\/nns.cz\/predskolak\/wp-json\/wp\/v2\/users\/2"}],"replies":[{"embeddable":true,"href":"https:\/\/nns.cz\/predskolak\/wp-json\/wp\/v2\/comments?post=1865"}],"version-history":[{"count":4,"href":"https:\/\/nns.cz\/predskolak\/wp-json\/wp\/v2\/pages\/1865\/revisions"}],"predecessor-version":[{"id":2212,"href":"https:\/\/nns.cz\/predskolak\/wp-json\/wp\/v2\/pages\/1865\/revisions\/2212"}],"up":[{"embeddable":true,"href":"https:\/\/nns.cz\/predskolak\/wp-json\/wp\/v2\/pages\/1716"}],"wp:attachment":[{"href":"https:\/\/nns.cz\/predskolak\/wp-json\/wp\/v2\/media?parent=1865"}],"curies":[{"name":"wp","href":"https:\/\/api.w.org\/{rel}","templated":true}]}}