{"id":1862,"date":"2023-12-06T13:25:46","date_gmt":"2023-12-06T12:25:46","guid":{"rendered":"https:\/\/nns.cz\/predskolak\/?page_id=1862"},"modified":"2024-01-16T16:09:28","modified_gmt":"2024-01-16T15:09:28","slug":"strana-17","status":"publish","type":"page","link":"https:\/\/nns.cz\/predskolak\/jsem-predskolak\/podrobne-instrukce-ke-strankam\/strana-17\/","title":{"rendered":"Strana 17"},"content":{"rendered":"\n<p><strong><span class=\"has-inline-color has-luminous-vivid-orange-color\">J<\/span><span class=\"has-inline-color has-vivid-cyan-blue-color\">S<\/span><span class=\"has-inline-color has-light-green-cyan-color\">E<\/span><span class=\"has-inline-color has-vivid-purple-color\">M<\/span> <span class=\"has-inline-color has-luminous-vivid-amber-color\">P<\/span><span class=\"has-inline-color has-pale-cyan-blue-color\">\u0158<\/span><span class=\"has-inline-color has-vivid-red-color\">E<\/span><span class=\"has-inline-color has-pale-pink-color\">D<\/span><span class=\"has-inline-color has-vivid-purple-color\">\u0160<\/span><span class=\"has-inline-color has-light-green-cyan-color\">K<\/span><span class=\"has-inline-color has-vivid-cyan-blue-color\">O<\/span><span class=\"has-inline-color has-cyan-bluish-gray-color\">L<\/span><span class=\"has-inline-color has-vivid-green-cyan-color\">\u00c1<\/span><span class=\"has-inline-color has-vivid-purple-color\">K<\/span><\/strong><\/p>\n\n\n\n<p class=\"has-text-align-right\"><a href=\"https:\/\/nns.cz\/predskolak\/jsem-predskolak\/podrobne-instrukce-ke-strankam\/\">Zp\u011bt na p\u0159ehled stran<\/a><\/p>\n\n\n\n<div class=\"wp-block-image\"><figure class=\"alignleft size-medium is-resized\"><a href=\"https:\/\/mediacreator.cz\/documents\/Jsem_predskolak\/video\/17._Jsem_predskolak_3.webm\" target=\"_blank\" rel=\"noopener noreferrer\"><img loading=\"lazy\" decoding=\"async\" src=\"https:\/\/nns.cz\/predskolak\/wp-content\/uploads\/2023\/11\/medved-ledni_ikonka-300x264.png\" alt=\"\" class=\"wp-image-1745\" width=\"75\" height=\"66\" srcset=\"https:\/\/nns.cz\/predskolak\/wp-content\/uploads\/2023\/11\/medved-ledni_ikonka-300x264.png 300w, https:\/\/nns.cz\/predskolak\/wp-content\/uploads\/2023\/11\/medved-ledni_ikonka.png 445w\" sizes=\"auto, (max-width: 75px) 100vw, 75px\" \/><\/a><\/figure><\/div>\n\n\n\n<p><strong><span class=\"has-inline-color has-vivid-cyan-blue-color\">KRESLI HORN\u00cd OBLOUKY.<\/span><\/strong> (str. 17)<\/p>\n\n\n\n<div style=\"height:20px\" aria-hidden=\"true\" class=\"wp-block-spacer\"><\/div>\n\n\n\n<video class=\"video-player\" data-src=\"null\" src=\"https:\/\/mediacreator.cz\/documents\/Jsem_predskolak\/video\/low_17._Jsem_predskolak_3.webm\">\n  <source src=\"https:\/\/mediacreator.cz\/documents\/Jsem_predskolak\/video\/17._Jsem_predskolak_3.webm\" title=\"HQ\">\n  <source src=\"https:\/\/mediacreator.cz\/documents\/Jsem_predskolak\/video\/low_17._Jsem_predskolak_3.webm\" title=\"LQ\">\n  Your browser do not support the video tag.\n<\/video>\n\n\n\n<p><\/p>\n\n\n\n<ol class=\"wp-block-list\" type=\"1\"><li><strong>Poj\u010f si<\/strong> hr\u00e1t s&nbsp;ledn\u00edm medv\u00eddkem!<\/li><li><strong>P\u0159edstav si<\/strong>, \u017ee jsi ledn\u00ed medv\u00eddek a ukazuje\u0161, jak jsi velik\u00fd. <strong>Postav se<\/strong> na zadn\u00ed tlapky a <strong>zvedni<\/strong> p\u0159edn\u00ed tlapky. Pak <strong>pohybuj<\/strong> p\u0159edn\u00edmi tlapkami, jako kdy\u017e z\u00e1pas\u00ed\u0161 s&nbsp;jin\u00fdm medv\u00eddkem. P\u0159itom <strong>uvolni<\/strong> pa\u017ee v&nbsp;rameni.<\/li><li>Vstoje <strong>obt\u00e1hni<\/strong> prstem igl\u00fa na obr\u00e1zku u medv\u00eddka.<\/li><li><strong>Vezmi si <\/strong>modrou pastelku a vstoje <strong>vyzkou\u0161ej<\/strong> tento pohyb i pastelkou.<\/li><li>Vsed\u011b <strong>kresli<\/strong> od vyzna\u010den\u00fdch bod\u016f dal\u0161\u00ed horn\u00ed oblouky v&nbsp;tomto igl\u00fa.<br>P\u0159i kreslen\u00ed <strong>od\u0159\u00edk\u00e1vej<\/strong> do rytmu \u0159\u00edkanku:<br>ZE SN\u011aHU M\u00c1M OBYDL\u00cd,<br>KDOPAK SE V&nbsp;N\u011aM ZABYDL\u00cd?<\/li><li><strong>Nakresli<\/strong> dva horn\u00ed oblouky za sebou u dvou men\u0161\u00edch igl\u00fa. <strong>Sna\u017e se nakreslit<\/strong> oba oblouky jedn\u00edm tahem. Tah n\u011bkolikr\u00e1t <strong>zopakuj<\/strong>.<\/li><li><strong>Nakresli<\/strong> t\u0159i horn\u00ed oblouky za sebou u t\u0159\u00ed nejmen\u0161\u00edch igl\u00fa. I u tohoto tahu <strong>se sna\u017e<\/strong>, aby byl nep\u0159eru\u0161ovan\u00fd. N\u011bkolikr\u00e1t ho <strong>zopakuj<\/strong>.<\/li><li>Igl\u00fa je obydl\u00ed. Je postaven\u00e9 ze sn\u011bhu. Lid\u00e9 v&nbsp;n\u011bm v\u0161ak trvale nebydl\u00ed. Slou\u017e\u00ed jim pouze k&nbsp;p\u0159esp\u00e1n\u00ed, kdy\u017e vyraz\u00ed na lov daleko od domova. Kde bydl\u00ed\u0161 ty?<\/li><\/ol>\n\n\n\n<p class=\"has-text-align-right\"><a href=\"https:\/\/nns.cz\/predskolak\/jsem-predskolak\/podrobne-instrukce-ke-strankam\/\">Zp\u011bt na p\u0159ehled stran<\/a><\/p>\n","protected":false},"excerpt":{"rendered":"<p>JSEM P\u0158ED\u0160KOL\u00c1K Zp\u011bt na p\u0159ehled stran KRESLI HORN\u00cd OBLOUKY. (str. 17) Your browser do not support the video tag. Poj\u010f si hr\u00e1t s&nbsp;ledn\u00edm medv\u00eddkem! P\u0159edstav si, \u017ee jsi ledn\u00ed medv\u00eddek a ukazuje\u0161, jak jsi velik\u00fd. Postav se na zadn\u00ed tlapky a zvedni p\u0159edn\u00ed tlapky. Pak pohybuj p\u0159edn\u00edmi tlapkami, jako kdy\u017e z\u00e1pas\u00ed\u0161 s&nbsp;jin\u00fdm medv\u00eddkem. P\u0159itom uvolni [&hellip;]<\/p>\n","protected":false},"author":2,"featured_media":0,"parent":1716,"menu_order":0,"comment_status":"closed","ping_status":"closed","template":"","meta":{"footnotes":""},"class_list":["post-1862","page","type-page","status-publish","hentry","latest_post"],"_links":{"self":[{"href":"https:\/\/nns.cz\/predskolak\/wp-json\/wp\/v2\/pages\/1862","targetHints":{"allow":["GET"]}}],"collection":[{"href":"https:\/\/nns.cz\/predskolak\/wp-json\/wp\/v2\/pages"}],"about":[{"href":"https:\/\/nns.cz\/predskolak\/wp-json\/wp\/v2\/types\/page"}],"author":[{"embeddable":true,"href":"https:\/\/nns.cz\/predskolak\/wp-json\/wp\/v2\/users\/2"}],"replies":[{"embeddable":true,"href":"https:\/\/nns.cz\/predskolak\/wp-json\/wp\/v2\/comments?post=1862"}],"version-history":[{"count":6,"href":"https:\/\/nns.cz\/predskolak\/wp-json\/wp\/v2\/pages\/1862\/revisions"}],"predecessor-version":[{"id":2211,"href":"https:\/\/nns.cz\/predskolak\/wp-json\/wp\/v2\/pages\/1862\/revisions\/2211"}],"up":[{"embeddable":true,"href":"https:\/\/nns.cz\/predskolak\/wp-json\/wp\/v2\/pages\/1716"}],"wp:attachment":[{"href":"https:\/\/nns.cz\/predskolak\/wp-json\/wp\/v2\/media?parent=1862"}],"curies":[{"name":"wp","href":"https:\/\/api.w.org\/{rel}","templated":true}]}}