{"id":1856,"date":"2023-12-06T13:22:21","date_gmt":"2023-12-06T12:22:21","guid":{"rendered":"https:\/\/nns.cz\/predskolak\/?page_id=1856"},"modified":"2024-01-16T16:08:40","modified_gmt":"2024-01-16T15:08:40","slug":"strana-15","status":"publish","type":"page","link":"https:\/\/nns.cz\/predskolak\/jsem-predskolak\/podrobne-instrukce-ke-strankam\/strana-15\/","title":{"rendered":"Strana 15"},"content":{"rendered":"\n<p><strong><span class=\"has-inline-color has-luminous-vivid-orange-color\">J<\/span><span class=\"has-inline-color has-vivid-cyan-blue-color\">S<\/span><span class=\"has-inline-color has-light-green-cyan-color\">E<\/span><span class=\"has-inline-color has-vivid-purple-color\">M<\/span> <span class=\"has-inline-color has-luminous-vivid-amber-color\">P<\/span><span class=\"has-inline-color has-pale-cyan-blue-color\">\u0158<\/span><span class=\"has-inline-color has-vivid-red-color\">E<\/span><span class=\"has-inline-color has-pale-pink-color\">D<\/span><span class=\"has-inline-color has-vivid-purple-color\">\u0160<\/span><span class=\"has-inline-color has-light-green-cyan-color\">K<\/span><span class=\"has-inline-color has-vivid-cyan-blue-color\">O<\/span><span class=\"has-inline-color has-cyan-bluish-gray-color\">L<\/span><span class=\"has-inline-color has-vivid-green-cyan-color\">\u00c1<\/span><span class=\"has-inline-color has-vivid-purple-color\">K<\/span><\/strong><\/p>\n\n\n\n<p class=\"has-text-align-right\"><a href=\"https:\/\/nns.cz\/predskolak\/jsem-predskolak\/podrobne-instrukce-ke-strankam\/\">Zp\u011bt na p\u0159ehled stran<\/a><\/p>\n\n\n\n<div class=\"wp-block-image\"><figure class=\"alignleft size-medium is-resized\"><a href=\"https:\/\/mediacreator.cz\/documents\/Jsem_predskolak\/video\/15._Jsem_predskolak_4.webm\" target=\"_blank\" rel=\"noopener noreferrer\"><img loading=\"lazy\" decoding=\"async\" src=\"https:\/\/nns.cz\/predskolak\/wp-content\/uploads\/2023\/12\/meloun_ikonka_png-VERZE-300x192.png\" alt=\"\" class=\"wp-image-2103\" width=\"75\" height=\"48\" srcset=\"https:\/\/nns.cz\/predskolak\/wp-content\/uploads\/2023\/12\/meloun_ikonka_png-VERZE-300x192.png 300w, https:\/\/nns.cz\/predskolak\/wp-content\/uploads\/2023\/12\/meloun_ikonka_png-VERZE-1024x656.png 1024w, https:\/\/nns.cz\/predskolak\/wp-content\/uploads\/2023\/12\/meloun_ikonka_png-VERZE-768x492.png 768w, https:\/\/nns.cz\/predskolak\/wp-content\/uploads\/2023\/12\/meloun_ikonka_png-VERZE.png 1311w\" sizes=\"auto, (max-width: 75px) 100vw, 75px\" \/><\/a><\/figure><\/div>\n\n\n\n<p><strong><span class=\"has-inline-color has-vivid-cyan-blue-color\">KRESLI DOLN\u00cd OBLOUKY.<\/span><\/strong> (str. 15)<\/p>\n\n\n\n<div style=\"height:20px\" aria-hidden=\"true\" class=\"wp-block-spacer\"><\/div>\n\n\n\n<video class=\"video-player\" src=\"https:\/\/mediacreator.cz\/documents\/Jsem_predskolak\/video\/low_15._Jsem_predskolak_4.webm\">\n  <source src=\"https:\/\/mediacreator.cz\/documents\/Jsem_predskolak\/video\/15._Jsem_predskolak_4.webm\" title=\"HQ\">\n  <source src=\"https:\/\/mediacreator.cz\/documents\/Jsem_predskolak\/video\/low_15._Jsem_predskolak_4.webm\" title=\"LQ\">\n  Your browser do not support the video tag.\n<\/video>\n\n\n\n<p><\/p>\n\n\n\n<ol class=\"wp-block-list\" type=\"1\"><li>Opice m\u00e1 r\u00e1da ban\u00e1ny. Mezi ovocem a zeleninou na t\u00e9to str\u00e1nce je nena\u0161la. <strong>Nakresl\u00ed\u0161<\/strong> j\u00ed ban\u00e1n?<\/li><li><strong>Vezmi si<\/strong> zelenou pastelku a <strong>nakresli<\/strong> dva doln\u00ed oblouky u meloun\u016f. Tah <strong>nep\u0159eru\u0161uj<\/strong>. N\u011bkolikr\u00e1t ho <strong>zopakuj<\/strong>.<\/li><li>P\u0159i kreslen\u00ed <strong>od\u0159\u00edk\u00e1vej<\/strong> do rytmu \u0159\u00edkanku:<br><em>A\u017d OBLOUKY NAKRESL\u00cdM,<\/em><br><em>OBR\u00c1ZKY SI VYBARV\u00cdM.<\/em><\/li><li>A te\u010f <strong>si vezmi<\/strong> oran\u017eovou pastelku a <strong>nakresli<\/strong> s&nbsp;n\u00ed t\u0159i oblouky v&nbsp;pomeran\u010d\u00edch. I p\u0159i kreslen\u00ed t\u011bchto oblouk\u016f se sna\u017e tah nep\u0159eru\u0161ovat. N\u011bkolikr\u00e1t ho zopakuj.<\/li><li>Meloun pat\u0159\u00ed mezi zeleninu. Pomeran\u010d je ovoce. <strong>Pojmenuj<\/strong> nevybarven\u00e9 obr\u00e1zky. Dosp\u011bl\u00ed ti porad\u00ed. <em>(Meloun, hrozny, \u0161vestka, pomeran\u010d, meru\u0148ka, mrkev, broskev.)<\/em><\/li><li><strong>Pomoz<\/strong> opici <strong>vybarvit<\/strong> ovoce a zeleninu.<\/li><li><strong>Vezmi si<\/strong> fialovou pastelku. <strong>Vybarvi<\/strong> hrozen vinn\u00e9 r\u00e9vy a \u0161vestku.<\/li><li><strong>Vezmi si<\/strong> oran\u017eovou pastelku. <strong>Vybarvi<\/strong> pomeran\u010d, meru\u0148ku, mrkev a broskev.<\/li><li><strong>\u0158ekni<\/strong>, kter\u00e9 ovoce a zeleninu m\u00e1\u0161 nejrad\u011bji.<\/li><\/ol>\n\n\n\n<p class=\"has-text-align-right\"><a href=\"https:\/\/nns.cz\/predskolak\/jsem-predskolak\/podrobne-instrukce-ke-strankam\/\">Zp\u011bt na p\u0159ehled stran<\/a><\/p>\n","protected":false},"excerpt":{"rendered":"<p>JSEM P\u0158ED\u0160KOL\u00c1K Zp\u011bt na p\u0159ehled stran KRESLI DOLN\u00cd OBLOUKY. (str. 15) Your browser do not support the video tag. Opice m\u00e1 r\u00e1da ban\u00e1ny. Mezi ovocem a zeleninou na t\u00e9to str\u00e1nce je nena\u0161la. Nakresl\u00ed\u0161 j\u00ed ban\u00e1n? Vezmi si zelenou pastelku a nakresli dva doln\u00ed oblouky u meloun\u016f. Tah nep\u0159eru\u0161uj. N\u011bkolikr\u00e1t ho zopakuj. P\u0159i kreslen\u00ed od\u0159\u00edk\u00e1vej do [&hellip;]<\/p>\n","protected":false},"author":2,"featured_media":0,"parent":1716,"menu_order":0,"comment_status":"closed","ping_status":"closed","template":"","meta":{"footnotes":""},"class_list":["post-1856","page","type-page","status-publish","hentry","latest_post"],"_links":{"self":[{"href":"https:\/\/nns.cz\/predskolak\/wp-json\/wp\/v2\/pages\/1856","targetHints":{"allow":["GET"]}}],"collection":[{"href":"https:\/\/nns.cz\/predskolak\/wp-json\/wp\/v2\/pages"}],"about":[{"href":"https:\/\/nns.cz\/predskolak\/wp-json\/wp\/v2\/types\/page"}],"author":[{"embeddable":true,"href":"https:\/\/nns.cz\/predskolak\/wp-json\/wp\/v2\/users\/2"}],"replies":[{"embeddable":true,"href":"https:\/\/nns.cz\/predskolak\/wp-json\/wp\/v2\/comments?post=1856"}],"version-history":[{"count":6,"href":"https:\/\/nns.cz\/predskolak\/wp-json\/wp\/v2\/pages\/1856\/revisions"}],"predecessor-version":[{"id":2209,"href":"https:\/\/nns.cz\/predskolak\/wp-json\/wp\/v2\/pages\/1856\/revisions\/2209"}],"up":[{"embeddable":true,"href":"https:\/\/nns.cz\/predskolak\/wp-json\/wp\/v2\/pages\/1716"}],"wp:attachment":[{"href":"https:\/\/nns.cz\/predskolak\/wp-json\/wp\/v2\/media?parent=1856"}],"curies":[{"name":"wp","href":"https:\/\/api.w.org\/{rel}","templated":true}]}}