{"id":1850,"date":"2023-12-06T13:18:41","date_gmt":"2023-12-06T12:18:41","guid":{"rendered":"https:\/\/nns.cz\/predskolak\/?page_id=1850"},"modified":"2024-01-16T16:07:50","modified_gmt":"2024-01-16T15:07:50","slug":"strana-13","status":"publish","type":"page","link":"https:\/\/nns.cz\/predskolak\/jsem-predskolak\/podrobne-instrukce-ke-strankam\/strana-13\/","title":{"rendered":"Strana 13"},"content":{"rendered":"\n<p><strong><span class=\"has-inline-color has-luminous-vivid-orange-color\">J<\/span><span class=\"has-inline-color has-vivid-cyan-blue-color\">S<\/span><span class=\"has-inline-color has-light-green-cyan-color\">E<\/span><span class=\"has-inline-color has-vivid-purple-color\">M<\/span> <span class=\"has-inline-color has-luminous-vivid-amber-color\">P<\/span><span class=\"has-inline-color has-pale-cyan-blue-color\">\u0158<\/span><span class=\"has-inline-color has-vivid-red-color\">E<\/span><span class=\"has-inline-color has-pale-pink-color\">D<\/span><span class=\"has-inline-color has-vivid-purple-color\">\u0160<\/span><span class=\"has-inline-color has-light-green-cyan-color\">K<\/span><span class=\"has-inline-color has-vivid-cyan-blue-color\">O<\/span><span class=\"has-inline-color has-cyan-bluish-gray-color\">L<\/span><span class=\"has-inline-color has-vivid-green-cyan-color\">\u00c1<\/span><span class=\"has-inline-color has-vivid-purple-color\">K<\/span><\/strong><\/p>\n\n\n\n<p class=\"has-text-align-right\"><a href=\"https:\/\/nns.cz\/predskolak\/jsem-predskolak\/podrobne-instrukce-ke-strankam\/\">Zp\u011bt na p\u0159ehled stran<\/a><\/p>\n\n\n\n<div class=\"wp-block-image\"><figure class=\"alignleft size-medium is-resized\"><a href=\"https:\/\/mediacreator.cz\/documents\/Jsem_predskolak\/video\/13._Jsem_predskolak_3.webm\" target=\"_blank\" rel=\"noopener noreferrer\"><img loading=\"lazy\" decoding=\"async\" src=\"https:\/\/nns.cz\/predskolak\/wp-content\/uploads\/2023\/11\/lexikon_ikonka-243x300.png\" alt=\"\" class=\"wp-image-1743\" width=\"61\" height=\"75\" srcset=\"https:\/\/nns.cz\/predskolak\/wp-content\/uploads\/2023\/11\/lexikon_ikonka-243x300.png 243w, https:\/\/nns.cz\/predskolak\/wp-content\/uploads\/2023\/11\/lexikon_ikonka.png 631w\" sizes=\"auto, (max-width: 61px) 100vw, 61px\" \/><\/a><\/figure><\/div>\n\n\n\n<p><strong><span class=\"has-inline-color has-vivid-cyan-blue-color\">DOKRESLI OBR\u00c1ZKY. <\/span><\/strong>(str. 13)<\/p>\n\n\n\n<div style=\"height:20px\" aria-hidden=\"true\" class=\"wp-block-spacer\"><\/div>\n\n\n\n<video class=\"video-player\" data-src=\"null\" src=\"https:\/\/mediacreator.cz\/documents\/Jsem_predskolak\/video\/low_13._Jsem_predskolak_3.webm\">\n  <source src=\"https:\/\/mediacreator.cz\/documents\/Jsem_predskolak\/video\/13._Jsem_predskolak_3.webm\" title=\"HQ\">\n  <source src=\"https:\/\/mediacreator.cz\/documents\/Jsem_predskolak\/video\/low_13._Jsem_predskolak_3.webm\" title=\"LQ\">\n  Your browser do not support the video tag.\n<\/video>\n\n\n\n<p><\/p>\n\n\n\n<ol class=\"wp-block-list\" type=\"1\"><li><strong>Zv\u00ed\u0159\u00e1tka <\/strong>jsou tu! Pozn\u00e1\u0161 je?<\/li><li>\u017de to zvl\u00e1dne\u0161 hrav\u011b? Tak <strong>\u0159\u00edkej<\/strong>.<\/li><li>O\u010di zv\u00ed\u0159\u00e1tek na obr\u00e1zc\u00edch jsou velk\u00e9.<strong> Nakresli<\/strong> pa\u017e\u00ed p\u0159ed sebou velk\u00fd kruh, jako bys kreslil kulat\u00e9 oko. <strong>Zopakuj<\/strong> ho n\u011bkolikr\u00e1t po sob\u011b. <strong>Uvolni<\/strong> p\u0159i tom pa\u017ei v&nbsp;rameni.<\/li><li><strong>Nakresli<\/strong> kruh je\u0161t\u011b jednou a tentokr\u00e1t p\u0159i jeho kreslen\u00ed st\u0159\u00eddav\u011b <strong>pod\u0159epni<\/strong> a st\u0159\u00eddav\u011b <strong>se postav<\/strong> na \u0161pi\u010dky. Z&nbsp;kruhu vznikne ov\u00e1l. O\u010di zv\u00ed\u0159at <strong>m\u016f\u017ee\u0161 kreslit<\/strong> i pomoc\u00ed ov\u00e1lu. J\u00e1 si p\u0159edstavuji, \u017ee kresl\u00edm t\u0159eba o\u010di v\u010delce.<br><em>JESTLIPAK I TY U\u017d V\u00cd\u0160,<\/em><br><em>KOMU O\u010cI NAKRESL\u00cd\u0160?<\/em><\/li><li>Vstoje <strong>kresli<\/strong> na voln\u00fd list pap\u00edru kruhy a p\u0159edstavuj si, kter\u00e9mu zv\u00ed\u0159\u00e1tku kresl\u00ed\u0161 o\u010di.<\/li><li>Vstoje <strong>kresli<\/strong> na voln\u00fd list pap\u00edru kruhy a postupn\u011b je protahuj dol\u016f a nahoru do ov\u00e1lu.<\/li><li>Vsed\u011b <strong>obt\u00e1hni<\/strong> tu\u017ekou o\u010di zv\u00ed\u0159at na obr\u00e1zku. Jsou ve tvaru kruhu, nebo ov\u00e1lu?<\/li><li><strong>P\u0159ekresli<\/strong> stejn\u00e9 na druhou polovinu obr\u00e1zku.<\/li><li><strong>Zkus dokreslit<\/strong> i ostatn\u00ed \u010d\u00e1sti hlavy zv\u00ed\u0159\u00e1tek. <strong>Kresli<\/strong> \u010d\u00e1ry zleva doprava nebo shora dol\u016f.<\/li><li><strong>Pod\u00edvej!<\/strong> Sova m\u00e1 na hlav\u011b srd\u00ed\u010dko! <strong>Obt\u00e1hni<\/strong> ho.<\/li><li><strong>\u0158\u00edkej<\/strong>, jak vypadaj\u00ed hlavy zaj\u00edce, \u017eelvy, v\u010dely a lva.<br><em>(Hlava zaj\u00edce vypad\u00e1 jako ov\u00e1l. Hlava \u017eelvy vypad\u00e1 tak\u00e9 jako ov\u00e1l. Hlava v\u010dely vypad\u00e1 jako obr\u00e1cen\u00e1 vodn\u00ed kapka. Hlava lva vypad\u00e1 jako kyti\u010dka.)<\/em><\/li><li><strong>Obt\u00e1hni<\/strong> levou stranu t\u011bchto obr\u00e1zk\u016f a <strong>dokresli<\/strong> k&nbsp;n\u00ed pravou stranu.<\/li><li>Obr\u00e1zky si<strong> m\u016f\u017ee\u0161 dokreslit<\/strong> podle sv\u00e9 fantazie nebo si je i <strong>vybarvit<\/strong>.<\/li><li>A a\u017e bude\u0161 s&nbsp;kamar\u00e1dy, <strong>uka\u017e<\/strong> jim tyto obr\u00e1zky a <strong>m\u016f\u017eete si<\/strong> spolu <strong>kreslit<\/strong> obr\u00e1zkov\u00e9 h\u00e1danky. <strong>Kreslete<\/strong> pa\u017e\u00ed ve vzduchu hlavu n\u011bkter\u00e9ho ze zv\u00ed\u0159at na obr\u00e1zku. Ostatn\u00ed budou h\u00e1dat, kter\u00e9 zv\u00ed\u0159\u00e1tko to je.<\/li><li>O sov\u011b se \u0159\u00edk\u00e1, \u017ee je moudr\u00e1. <strong>\u0158\u00edkej<\/strong>, co se \u0159\u00edk\u00e1 o zaj\u00edci, \u017eelv\u011b, v\u010dele a lvovi.<br>(<em>O zaj\u00edci se \u0159\u00edk\u00e1, \u017ee je rychl\u00fd. O \u017eelv\u011b se \u0159\u00edk\u00e1, \u017ee je pomal\u00e1. O v\u010dele se \u0159\u00edk\u00e1, \u017ee je piln\u00e1. O lvovi se \u0159\u00edk\u00e1, \u017ee je siln\u00fd.)<\/em><\/li><li>P\u0159\u00edb\u011bhy, ve kter\u00fdch jsou zv\u00ed\u0159at\u016fm p\u0159isuzov\u00e1ny lidsk\u00e9 vlastnosti, jsou bajky. Zn\u00e1\u0161 n\u011bkterou?<\/li><li>Tak ji <strong>vypr\u00e1v\u011bj<\/strong>! T\u0159eba kamar\u00e1dovi.<\/li><\/ol>\n\n\n\n<p class=\"has-text-align-right\"><a href=\"https:\/\/nns.cz\/predskolak\/jsem-predskolak\/podrobne-instrukce-ke-strankam\/\">Zp\u011bt na p\u0159ehled stran<\/a><\/p>\n","protected":false},"excerpt":{"rendered":"<p>JSEM P\u0158ED\u0160KOL\u00c1K Zp\u011bt na p\u0159ehled stran DOKRESLI OBR\u00c1ZKY. (str. 13) Your browser do not support the video tag. Zv\u00ed\u0159\u00e1tka jsou tu! Pozn\u00e1\u0161 je? \u017de to zvl\u00e1dne\u0161 hrav\u011b? Tak \u0159\u00edkej. O\u010di zv\u00ed\u0159\u00e1tek na obr\u00e1zc\u00edch jsou velk\u00e9. Nakresli pa\u017e\u00ed p\u0159ed sebou velk\u00fd kruh, jako bys kreslil kulat\u00e9 oko. Zopakuj ho n\u011bkolikr\u00e1t po sob\u011b. Uvolni p\u0159i tom pa\u017ei [&hellip;]<\/p>\n","protected":false},"author":2,"featured_media":0,"parent":1716,"menu_order":0,"comment_status":"closed","ping_status":"closed","template":"","meta":{"footnotes":""},"class_list":["post-1850","page","type-page","status-publish","hentry","latest_post"],"_links":{"self":[{"href":"https:\/\/nns.cz\/predskolak\/wp-json\/wp\/v2\/pages\/1850","targetHints":{"allow":["GET"]}}],"collection":[{"href":"https:\/\/nns.cz\/predskolak\/wp-json\/wp\/v2\/pages"}],"about":[{"href":"https:\/\/nns.cz\/predskolak\/wp-json\/wp\/v2\/types\/page"}],"author":[{"embeddable":true,"href":"https:\/\/nns.cz\/predskolak\/wp-json\/wp\/v2\/users\/2"}],"replies":[{"embeddable":true,"href":"https:\/\/nns.cz\/predskolak\/wp-json\/wp\/v2\/comments?post=1850"}],"version-history":[{"count":4,"href":"https:\/\/nns.cz\/predskolak\/wp-json\/wp\/v2\/pages\/1850\/revisions"}],"predecessor-version":[{"id":2207,"href":"https:\/\/nns.cz\/predskolak\/wp-json\/wp\/v2\/pages\/1850\/revisions\/2207"}],"up":[{"embeddable":true,"href":"https:\/\/nns.cz\/predskolak\/wp-json\/wp\/v2\/pages\/1716"}],"wp:attachment":[{"href":"https:\/\/nns.cz\/predskolak\/wp-json\/wp\/v2\/media?parent=1850"}],"curies":[{"name":"wp","href":"https:\/\/api.w.org\/{rel}","templated":true}]}}