{"id":1844,"date":"2023-12-06T13:09:06","date_gmt":"2023-12-06T12:09:06","guid":{"rendered":"https:\/\/nns.cz\/predskolak\/?page_id=1844"},"modified":"2024-01-16T16:06:59","modified_gmt":"2024-01-16T15:06:59","slug":"strana-10-11","status":"publish","type":"page","link":"https:\/\/nns.cz\/predskolak\/jsem-predskolak\/podrobne-instrukce-ke-strankam\/strana-10-11\/","title":{"rendered":"Strana 10, 11"},"content":{"rendered":"\n<p><strong><span class=\"has-inline-color has-luminous-vivid-orange-color\">J<\/span><span class=\"has-inline-color has-vivid-cyan-blue-color\">S<\/span><span class=\"has-inline-color has-light-green-cyan-color\">E<\/span><span class=\"has-inline-color has-vivid-purple-color\">M<\/span> <span class=\"has-inline-color has-luminous-vivid-amber-color\">P<\/span><span class=\"has-inline-color has-pale-cyan-blue-color\">\u0158<\/span><span class=\"has-inline-color has-vivid-red-color\">E<\/span><span class=\"has-inline-color has-pale-pink-color\">D<\/span><span class=\"has-inline-color has-vivid-purple-color\">\u0160<\/span><span class=\"has-inline-color has-light-green-cyan-color\">K<\/span><span class=\"has-inline-color has-vivid-cyan-blue-color\">O<\/span><span class=\"has-inline-color has-cyan-bluish-gray-color\">L<\/span><span class=\"has-inline-color has-vivid-green-cyan-color\">\u00c1<\/span><span class=\"has-inline-color has-vivid-purple-color\">K<\/span><\/strong><\/p>\n\n\n\n<p class=\"has-text-align-right\"><a href=\"https:\/\/nns.cz\/predskolak\/jsem-predskolak\/podrobne-instrukce-ke-strankam\/\">Zp\u011bt na p\u0159ehled stran<\/a><\/p>\n\n\n\n<div class=\"wp-block-image\"><figure class=\"alignleft size-medium is-resized\"><a href=\"https:\/\/mediacreator.cz\/documents\/Jsem_predskolak\/video\/10_11._Jsem_predskolak_4.webm\" target=\"_blank\" rel=\"noopener noreferrer\"><img loading=\"lazy\" decoding=\"async\" src=\"https:\/\/nns.cz\/predskolak\/wp-content\/uploads\/2023\/11\/dort_ikonka-300x244.png\" alt=\"\" class=\"wp-image-1727\" width=\"75\" height=\"61\" srcset=\"https:\/\/nns.cz\/predskolak\/wp-content\/uploads\/2023\/11\/dort_ikonka-300x244.png 300w, https:\/\/nns.cz\/predskolak\/wp-content\/uploads\/2023\/11\/dort_ikonka.png 539w\" sizes=\"auto, (max-width: 75px) 100vw, 75px\" \/><\/a><\/figure><\/div>\n\n\n\n<p><strong><span class=\"has-inline-color has-vivid-cyan-blue-color\">KRU\u017d KOLEM O\u0158\u00cd\u0160KU.<\/span><\/strong> (str. 10, 11)<\/p>\n\n\n\n<div style=\"height:20px\" aria-hidden=\"true\" class=\"wp-block-spacer\"><\/div>\n\n\n\n<video class=\"video-player\" data-src=\"null\" src=\"https:\/\/mediacreator.cz\/documents\/Jsem_predskolak\/video\/low_10_11._Jsem_predskolak_4.webm\">\n  <source src=\"https:\/\/mediacreator.cz\/documents\/Jsem_predskolak\/video\/10_11._Jsem_predskolak_4.webm\" title=\"HQ\">\n  <source src=\"https:\/\/mediacreator.cz\/documents\/Jsem_predskolak\/video\/low_10_11._Jsem_predskolak_4.webm\" title=\"LQ\">\n  Your browser do not support the video tag.\n<\/video>\n\n\n\n<p><\/p>\n\n\n\n<ol class=\"wp-block-list\" type=\"1\"><li>Dnes pom\u016f\u017eeme veverk\u00e1m up\u00e9ct dort! <strong>Pod\u00edvej<\/strong>, jak velik\u00fd bude!<\/li><li>Oslavenkyni jsou dva roky. <strong>Nakresli<\/strong> k&nbsp;n\u00ed na mal\u00fd dort vlevo naho\u0159e dv\u011b sv\u00ed\u010dky.<\/li><li>A te\u010f se pust\u00edme do kreslen\u00ed dortu. <strong>Zkus <\/strong>ho<strong> obt\u00e1hnout <\/strong>vstoje nejprve prstem a pak hn\u011bdou pastelkou. P\u0159itom uvolni pa\u017ei v&nbsp;rameni. Jde ti to moc dob\u0159e!<\/li><li>Vsed\u011b <strong>kru\u017e<\/strong> od vyzna\u010den\u00e9ho bodu hn\u011bdou pastelkou kolem o\u0159\u00ed\u0161ku, a\u017e obarv\u00ed\u0161 cel\u00fd dort. P\u0159i kreslen\u00ed <strong>si p\u0159edstavuj<\/strong>, \u017ee pol\u00e9v\u00e1\u0161 dort \u010dokol\u00e1dovou polevou.<\/li><li><strong>Od\u0159\u00edk\u00e1vej<\/strong> do rytmu \u0159\u00edkanku:<br><em>KROU\u017d\u00cdM KOLEM O\u0158\u00cd\u0160KU<\/em><br><em>A PAK MLSN\u011a PO B\u0158\u00cd\u0160KU!<\/em><\/li><li>Po dokreslen\u00ed se pohla\u010f po b\u0159\u00ed\u0161ku.<\/li><li><strong>Vypr\u00e1v\u011bj<\/strong>, jak dort p\u0159ipravovaly veverky. Obr\u00e1zky ti pomohou. (<em>Z ml\u00e9ka, mouky, cukru, m\u00e1sla a&nbsp;vaj\u00ed\u010dek p\u0159ipravily t\u011bsto. Po upe\u010den\u00ed dort pot\u0159ely o\u0159\u00ed\u0161kov\u00fdm kr\u00e9mem. Polily ho \u010dokol\u00e1dovou polevou a ozdobily o\u0159\u00ed\u0161kem.)<\/em><\/li><li>A takto se veverky na pe\u010den\u00ed dortu p\u0159ipravovaly.<strong> Prohl\u00e9dni si<\/strong> obr\u00e1zky na \u010derven\u00e9m \u0159\u00e1dku. Kolik je nezral\u00fdch a kolik je zral\u00fdch o\u0159\u00ed\u0161k\u016f?<\/li><li>Spr\u00e1vn\u011b. Nezral\u00fd o\u0159\u00ed\u0161ek je pouze jeden a je pod n\u00edm spr\u00e1vn\u011b vybarven v&nbsp;r\u00e1me\u010dku pouze jeden punt\u00edk. Zral\u00fd o\u0159\u00ed\u0161ek je tak\u00e9 jen jeden. <strong>Vezmi si<\/strong> tu\u017eku a <strong>vybarvi<\/strong> v&nbsp;r\u00e1me\u010dku pod n\u00edm jeden punt\u00edk.<\/li><li>Kolik veverek je u star\u00e9 z\u00e1st\u011bry na \u017elut\u00e9m \u0159\u00e1dku? (<em>Jedna.<\/em>)<\/li><li><strong>Vezmi si <\/strong>tu\u017eku a<strong> vybarvi<\/strong> v&nbsp;zelen\u00e9m r\u00e1me\u010dku pod n\u00ed pouze jeden punt\u00edk.<\/li><li>Kolik veverek je u nov\u00e9 z\u00e1st\u011bry? (<em>Dv\u011b.<\/em>)<\/li><li><strong>Vezmi si <\/strong>tu\u017eku a <strong>vybarvi <\/strong>v&nbsp;zelen\u00e9m r\u00e1me\u010dku pod nimi dva punt\u00edky.<\/li><li>A te\u010f <strong>spo\u010d\u00edtej<\/strong> veverky na modr\u00e9m \u0159\u00e1dku.<\/li><li><strong>Vezmi si<\/strong> tu\u017eku a v&nbsp;r\u00e1me\u010dku pod nimi <strong>vybarvi<\/strong> tolik punt\u00edk\u016f, kolik jsi jich napo\u010d\u00edtal.<\/li><li>A co veverky na zelen\u00e9m \u0159\u00e1dku? Spo\u010d\u00edt\u00e1\u0161 je tak\u00e9?<\/li><li>U veverek s&nbsp;mokrou ut\u011brkou <strong>nakresli<\/strong> tu\u017ekou do r\u00e1me\u010dku dva punt\u00edky. A do r\u00e1me\u010dku pod veverky se suchou ut\u011brkou tak\u00e9 dva.<\/li><li>Dvojice obr\u00e1zk\u016f <strong>spoj<\/strong> a <strong>\u0159\u00edkej<\/strong>, \u010d\u00edm se li\u0161\u00ed.<br><em>(<\/em><strong><em>Nezral\u00fd<\/em><\/strong><em> o\u0159\u00ed\u0161ek <\/em>\/ <strong><em>zral\u00fd <\/em><\/strong><em>o\u0159\u00ed\u0161ek<\/em>, <strong><em>star\u00e1 <\/em><\/strong><em>z\u00e1st\u011bra <\/em>\/ <strong><em>nov\u00e1 <\/em><\/strong><em>z\u00e1st\u011bra<\/em>,<em> <strong>\u0161pinav\u00e1 <\/strong>va\u0159e\u010dka <\/em>\/ <strong><em>\u010dist\u00e1 <\/em><\/strong><em>va\u0159e\u010dka<\/em>, <strong><em>mokr\u00e1 <\/em><\/strong><em>ut\u011brka <\/em>\/ <strong><em>such\u00e1 <\/em><\/strong><em>ut\u011brka.)<\/em><\/li><li>Na voln\u00fd list pap\u00edru <strong>nakresli<\/strong> narozeninovou oslavu veverky.<\/li><\/ol>\n\n\n\n<p class=\"has-text-align-right\"><a href=\"https:\/\/nns.cz\/predskolak\/jsem-predskolak\/podrobne-instrukce-ke-strankam\/\">Zp\u011bt na p\u0159ehled stran<\/a><\/p>\n","protected":false},"excerpt":{"rendered":"<p>JSEM P\u0158ED\u0160KOL\u00c1K Zp\u011bt na p\u0159ehled stran KRU\u017d KOLEM O\u0158\u00cd\u0160KU. (str. 10, 11) Your browser do not support the video tag. Dnes pom\u016f\u017eeme veverk\u00e1m up\u00e9ct dort! Pod\u00edvej, jak velik\u00fd bude! Oslavenkyni jsou dva roky. Nakresli k&nbsp;n\u00ed na mal\u00fd dort vlevo naho\u0159e dv\u011b sv\u00ed\u010dky. A te\u010f se pust\u00edme do kreslen\u00ed dortu. Zkus ho obt\u00e1hnout vstoje nejprve prstem [&hellip;]<\/p>\n","protected":false},"author":2,"featured_media":0,"parent":1716,"menu_order":0,"comment_status":"closed","ping_status":"closed","template":"","meta":{"footnotes":""},"class_list":["post-1844","page","type-page","status-publish","hentry","latest_post"],"_links":{"self":[{"href":"https:\/\/nns.cz\/predskolak\/wp-json\/wp\/v2\/pages\/1844","targetHints":{"allow":["GET"]}}],"collection":[{"href":"https:\/\/nns.cz\/predskolak\/wp-json\/wp\/v2\/pages"}],"about":[{"href":"https:\/\/nns.cz\/predskolak\/wp-json\/wp\/v2\/types\/page"}],"author":[{"embeddable":true,"href":"https:\/\/nns.cz\/predskolak\/wp-json\/wp\/v2\/users\/2"}],"replies":[{"embeddable":true,"href":"https:\/\/nns.cz\/predskolak\/wp-json\/wp\/v2\/comments?post=1844"}],"version-history":[{"count":4,"href":"https:\/\/nns.cz\/predskolak\/wp-json\/wp\/v2\/pages\/1844\/revisions"}],"predecessor-version":[{"id":2205,"href":"https:\/\/nns.cz\/predskolak\/wp-json\/wp\/v2\/pages\/1844\/revisions\/2205"}],"up":[{"embeddable":true,"href":"https:\/\/nns.cz\/predskolak\/wp-json\/wp\/v2\/pages\/1716"}],"wp:attachment":[{"href":"https:\/\/nns.cz\/predskolak\/wp-json\/wp\/v2\/media?parent=1844"}],"curies":[{"name":"wp","href":"https:\/\/api.w.org\/{rel}","templated":true}]}}