{"id":1791,"date":"2023-11-29T16:42:12","date_gmt":"2023-11-29T15:42:12","guid":{"rendered":"https:\/\/nns.cz\/predskolak\/?page_id=1791"},"modified":"2024-01-16T16:05:54","modified_gmt":"2024-01-16T15:05:54","slug":"strana-5","status":"publish","type":"page","link":"https:\/\/nns.cz\/predskolak\/jsem-predskolak\/podrobne-instrukce-ke-strankam\/strana-5\/","title":{"rendered":"Strana 5"},"content":{"rendered":"\n<p><strong><span class=\"has-inline-color has-luminous-vivid-orange-color\">J<\/span><span class=\"has-inline-color has-vivid-cyan-blue-color\">S<\/span><span class=\"has-inline-color has-light-green-cyan-color\">E<\/span><span class=\"has-inline-color has-vivid-purple-color\">M<\/span> <span class=\"has-inline-color has-luminous-vivid-amber-color\">P<\/span><span class=\"has-inline-color has-pale-cyan-blue-color\">\u0158<\/span><span class=\"has-inline-color has-vivid-red-color\">E<\/span><span class=\"has-inline-color has-pale-pink-color\">D<\/span><span class=\"has-inline-color has-vivid-purple-color\">\u0160<\/span><span class=\"has-inline-color has-light-green-cyan-color\">K<\/span><span class=\"has-inline-color has-vivid-cyan-blue-color\">O<\/span><span class=\"has-inline-color has-cyan-bluish-gray-color\">L<\/span><span class=\"has-inline-color has-vivid-green-cyan-color\">\u00c1<\/span><span class=\"has-inline-color has-vivid-purple-color\">K<\/span><\/strong><\/p>\n\n\n\n<p class=\"has-text-align-right\"><a href=\"https:\/\/nns.cz\/predskolak\/jsem-predskolak\/podrobne-instrukce-ke-strankam\/\">Zp\u011bt na p\u0159ehled stran<\/a><\/p>\n\n\n\n<div class=\"wp-block-image\"><figure class=\"alignleft size-medium is-resized\"><a href=\"https:\/\/mediacreator.cz\/documents\/Jsem_predskolak\/video\/05._Jsem_predskolak_3.webm\" target=\"_blank\" rel=\"noopener noreferrer\"><img loading=\"lazy\" decoding=\"async\" src=\"https:\/\/nns.cz\/predskolak\/wp-content\/uploads\/2023\/11\/medvidek_ikona-300x219.png\" alt=\"\" class=\"wp-image-1746\" width=\"75\" height=\"55\" srcset=\"https:\/\/nns.cz\/predskolak\/wp-content\/uploads\/2023\/11\/medvidek_ikona-300x219.png 300w, https:\/\/nns.cz\/predskolak\/wp-content\/uploads\/2023\/11\/medvidek_ikona-360x268.png 360w, https:\/\/nns.cz\/predskolak\/wp-content\/uploads\/2023\/11\/medvidek_ikona.png 598w\" sizes=\"auto, (max-width: 75px) 100vw, 75px\" \/><\/a><\/figure><\/div>\n\n\n\n<p><strong><span class=\"has-inline-color has-vivid-cyan-blue-color\">MEDV\u00cdDK\u016eV DEN <\/span><\/strong>(str. 5)<\/p>\n\n\n\n<div style=\"height:20px\" aria-hidden=\"true\" class=\"wp-block-spacer\"><\/div>\n\n\n\n<video class=\"video-player\" data-src=\"null\" src=\"https:\/\/mediacreator.cz\/documents\/Jsem_predskolak\/video\/low_05._Jsem_predskolak_3.webm\">\n  <source src=\"https:\/\/mediacreator.cz\/documents\/Jsem_predskolak\/video\/05._Jsem_predskolak_3.webm\" title=\"HQ\">\n  <source src=\"https:\/\/mediacreator.cz\/documents\/Jsem_predskolak\/video\/low_05._Jsem_predskolak_3.webm\" title=\"LQ\">\n  Your browser do not support the video tag.\n<\/video>\n\n\n\n<p><\/p>\n\n\n\n<ol class=\"wp-block-list\" type=\"1\"><li><strong>Poj\u010f si <\/strong>hr\u00e1t s&nbsp;medv\u00eddkem.<\/li><li><strong>Prohl\u00e9dni si<\/strong> obr\u00e1zkov\u00e9 h\u00e1danky ve spodn\u00ed \u010d\u00e1sti str\u00e1nky.<\/li><li>Pozorn\u011b <strong>se zad\u00edvej<\/strong> do obr\u00e1zk\u016f s&nbsp;medv\u00eddkem. <strong>Zkus naj\u00edt<\/strong> tyto v\u011bci kolem medv\u00eddka.<\/li><li><strong>Spoj<\/strong> ty, kter\u00e9 jsi poznal, s&nbsp;m\u00edstem v&nbsp;obr\u00e1zku, kde jsi je na\u0161el.<\/li><li>Jsou to v\u011bci, kter\u00e9 denn\u011b b\u011b\u017en\u011b pou\u017e\u00edv\u00e1\u0161. <strong>Pojmenuj<\/strong> je.<\/li><li>Ty, kter\u00e9 jsi nena\u0161el, ti pomohou pojmenovat kamar\u00e1di.<\/li><li><strong>\u0158\u00edkej<\/strong>, k&nbsp;\u010demu tyto v\u011bci pot\u0159ebuje\u0161.<\/li><li><strong>Uka\u017e<\/strong> obr\u00e1zek, na kter\u00e9m medv\u00eddek vst\u00e1v\u00e1. <strong>\u0158\u00edkej<\/strong>, co d\u011bl\u00e1\u0161 obvykle ty, kdy\u017e r\u00e1no vstane\u0161.<\/li><li>Rann\u00ed obr\u00e1zek s&nbsp;medv\u00eddkem <strong>zakrou\u017ekuj<\/strong> \u010derven\u011b.<\/li><li><strong>Uka\u017e<\/strong> obr\u00e1zek, na kter\u00e9m je medv\u00eddek ve \u0161kole. <strong>\u0158\u00edkej<\/strong>, co d\u011bl\u00e1\u0161 ty b\u011bhem dopoledne.<\/li><li>Dopoledn\u00ed obr\u00e1zek s&nbsp;medv\u00eddkem <strong>zakrou\u017ekuj<\/strong> r\u016f\u017eov\u011b.<\/li><li><strong>Uka\u017e<\/strong> obr\u00e1zek, na kter\u00e9m medv\u00eddek ob\u011bdv\u00e1.<\/li><li>Poledn\u00ed obr\u00e1zek s&nbsp;medv\u00eddkem <strong>zakrou\u017ekuj<\/strong> zelen\u011b.<\/li><li><strong>Uka\u017e<\/strong> obr\u00e1zek, na kter\u00e9m si medv\u00eddek \u010dte. Co obvykle d\u011bl\u00e1\u0161 odpoledne ty?<\/li><li>Odpoledn\u00ed obr\u00e1zek s&nbsp;medv\u00eddkem <strong>zakrou\u017ekuj<\/strong> \u017elut\u011b.<\/li><li><strong>Uka\u017e<\/strong> obr\u00e1zek s&nbsp;medv\u00eddkem, kter\u00fd se koupe. <strong>Vypr\u00e1v\u011bj<\/strong>, co d\u011bl\u00e1\u0161 p\u0159ed span\u00edm ka\u017ed\u00fd ve\u010der ty.<\/li><li>Ve\u010dern\u00ed obr\u00e1zek s&nbsp;medv\u00eddkem <strong>zakrou\u017ekuj<\/strong> fialov\u011b.<\/li><li><strong>Uka\u017e<\/strong> obr\u00e1zek, na kter\u00e9m medv\u00eddek spink\u00e1.<\/li><li>No\u010dn\u00ed obr\u00e1zek s&nbsp;medv\u00eddkem <strong>zakrou\u017ekuj<\/strong> mod\u0159e.<\/li><li><strong>Zkus pojmenovat<\/strong> \u010d\u00e1sti dne (r\u00e1no, dopoledne, poledne, odpoledne, ve\u010der, noc). P\u0159itom <strong>ukazuj<\/strong> obr\u00e1zky s&nbsp;medv\u00eddkem.<\/li><li>V&nbsp;\u010dinnostech, kter\u00e9 denn\u011b obvykle vykon\u00e1v\u00e1\u0161, se orientuje\u0161 dob\u0159e.<\/li><\/ol>\n\n\n\n<p class=\"has-text-align-right\"><a href=\"https:\/\/nns.cz\/predskolak\/jsem-predskolak\/podrobne-instrukce-ke-strankam\/\">Zp\u011bt na p\u0159ehled stran<\/a><\/p>\n","protected":false},"excerpt":{"rendered":"<p>JSEM P\u0158ED\u0160KOL\u00c1K Zp\u011bt na p\u0159ehled stran MEDV\u00cdDK\u016eV DEN (str. 5) Your browser do not support the video tag. Poj\u010f si hr\u00e1t s&nbsp;medv\u00eddkem. Prohl\u00e9dni si obr\u00e1zkov\u00e9 h\u00e1danky ve spodn\u00ed \u010d\u00e1sti str\u00e1nky. Pozorn\u011b se zad\u00edvej do obr\u00e1zk\u016f s&nbsp;medv\u00eddkem. Zkus naj\u00edt tyto v\u011bci kolem medv\u00eddka. Spoj ty, kter\u00e9 jsi poznal, s&nbsp;m\u00edstem v&nbsp;obr\u00e1zku, kde jsi je na\u0161el. Jsou to [&hellip;]<\/p>\n","protected":false},"author":2,"featured_media":0,"parent":1716,"menu_order":0,"comment_status":"closed","ping_status":"closed","template":"","meta":{"footnotes":""},"class_list":["post-1791","page","type-page","status-publish","hentry","latest_post"],"_links":{"self":[{"href":"https:\/\/nns.cz\/predskolak\/wp-json\/wp\/v2\/pages\/1791","targetHints":{"allow":["GET"]}}],"collection":[{"href":"https:\/\/nns.cz\/predskolak\/wp-json\/wp\/v2\/pages"}],"about":[{"href":"https:\/\/nns.cz\/predskolak\/wp-json\/wp\/v2\/types\/page"}],"author":[{"embeddable":true,"href":"https:\/\/nns.cz\/predskolak\/wp-json\/wp\/v2\/users\/2"}],"replies":[{"embeddable":true,"href":"https:\/\/nns.cz\/predskolak\/wp-json\/wp\/v2\/comments?post=1791"}],"version-history":[{"count":10,"href":"https:\/\/nns.cz\/predskolak\/wp-json\/wp\/v2\/pages\/1791\/revisions"}],"predecessor-version":[{"id":2202,"href":"https:\/\/nns.cz\/predskolak\/wp-json\/wp\/v2\/pages\/1791\/revisions\/2202"}],"up":[{"embeddable":true,"href":"https:\/\/nns.cz\/predskolak\/wp-json\/wp\/v2\/pages\/1716"}],"wp:attachment":[{"href":"https:\/\/nns.cz\/predskolak\/wp-json\/wp\/v2\/media?parent=1791"}],"curies":[{"name":"wp","href":"https:\/\/api.w.org\/{rel}","templated":true}]}}