{"id":1788,"date":"2023-11-29T16:39:33","date_gmt":"2023-11-29T15:39:33","guid":{"rendered":"https:\/\/nns.cz\/predskolak\/?page_id=1788"},"modified":"2024-01-16T16:05:17","modified_gmt":"2024-01-16T15:05:17","slug":"strana-4","status":"publish","type":"page","link":"https:\/\/nns.cz\/predskolak\/jsem-predskolak\/podrobne-instrukce-ke-strankam\/strana-4\/","title":{"rendered":"Strana 4"},"content":{"rendered":"\n<p><strong><span class=\"has-inline-color has-luminous-vivid-orange-color\">J<\/span><span class=\"has-inline-color has-vivid-cyan-blue-color\">S<\/span><span class=\"has-inline-color has-light-green-cyan-color\">E<\/span><span class=\"has-inline-color has-vivid-purple-color\">M<\/span> <span class=\"has-inline-color has-luminous-vivid-amber-color\">P<\/span><span class=\"has-inline-color has-pale-cyan-blue-color\">\u0158<\/span><span class=\"has-inline-color has-vivid-red-color\">E<\/span><span class=\"has-inline-color has-pale-pink-color\">D<\/span><span class=\"has-inline-color has-vivid-purple-color\">\u0160<\/span><span class=\"has-inline-color has-light-green-cyan-color\">K<\/span><span class=\"has-inline-color has-vivid-cyan-blue-color\">O<\/span><span class=\"has-inline-color has-cyan-bluish-gray-color\">L<\/span><span class=\"has-inline-color has-vivid-green-cyan-color\">\u00c1<\/span><span class=\"has-inline-color has-vivid-purple-color\">K<\/span><\/strong><\/p>\n\n\n\n<p class=\"has-text-align-right\"><a href=\"https:\/\/nns.cz\/predskolak\/jsem-predskolak\/podrobne-instrukce-ke-strankam\/\">Zp\u011bt na p\u0159ehled stran<\/a><\/p>\n\n\n\n<div class=\"wp-block-image\"><figure class=\"alignleft size-medium is-resized\"><a href=\"https:\/\/mediacreator.cz\/documents\/Jsem_predskolak\/video\/04._Jsem_predskolak_4.webm\" target=\"_blank\" rel=\"noopener noreferrer\"><img loading=\"lazy\" decoding=\"async\" src=\"https:\/\/nns.cz\/predskolak\/wp-content\/uploads\/2023\/11\/mys_ikonka-300x231.png\" alt=\"\" class=\"wp-image-1749\" width=\"75\" height=\"58\" srcset=\"https:\/\/nns.cz\/predskolak\/wp-content\/uploads\/2023\/11\/mys_ikonka-300x231.png 300w, https:\/\/nns.cz\/predskolak\/wp-content\/uploads\/2023\/11\/mys_ikonka.png 354w\" sizes=\"auto, (max-width: 75px) 100vw, 75px\" \/><\/a><\/figure><\/div>\n\n\n\n<p><strong><span class=\"has-inline-color has-vivid-cyan-blue-color\">B\u011aHEJ S&nbsp;MY\u0160KOU.<\/span><\/strong> (str. 4)<\/p>\n\n\n\n<div style=\"height:20px\" aria-hidden=\"true\" class=\"wp-block-spacer\"><\/div>\n\n\n\n<video class=\"video-player\" data-src=\"null\" src=\"https:\/\/mediacreator.cz\/documents\/Jsem_predskolak\/video\/low_04._Jsem_predskolak_4.webm\">\n  <source src=\"https:\/\/mediacreator.cz\/documents\/Jsem_predskolak\/video\/04._Jsem_predskolak_4.webm\" title=\"HQ\">\n  <source src=\"https:\/\/mediacreator.cz\/documents\/Jsem_predskolak\/video\/low_04._Jsem_predskolak_4.webm\" title=\"LQ\">\n  Your browser do not support the video tag.\n<\/video>\n\n\n\n<p><\/p>\n\n\n\n<ol class=\"wp-block-list\" type=\"1\"><li><strong>Prohl\u00e9dni si<\/strong> obr\u00e1zek. My\u0161ka se sna\u017e\u00ed ut\u00e9ct p\u0159ed ko\u010dkou. <strong>Uka\u017e<\/strong> ji. Uka\u017e i ko\u010dku.<\/li><li><strong>Zahraj si<\/strong> na my\u0161ku a prob\u011bhni se. <strong>P\u0159edstavuj si<\/strong> p\u0159itom, \u017ee t\u011b hod\u00ed ko\u010dka. B\u011bhej do v\u0161ech stran, sem a tam, ne\u017e ud\u011bl\u00e1 ko\u010dka <em>ham<\/em>!<\/li><li>Vstoje <strong>obt\u00e1hni<\/strong> prstem \u010d\u00e1ru od my\u0161ky, kterou hon\u00ed ko\u010dka. Pokra\u010duj v&nbsp;tahu do v\u0161ech stran. Uvolni pa\u017ei v&nbsp;rameni. P\u0159itom <strong>od\u0159\u00edk\u00e1vej<\/strong> do rytmu \u0159\u00edkanku. <br><em>B\u011aHEJ S&nbsp;MY\u0160KOU SEM A TAM,<\/em> <br><em>NE\u017d UD\u011aL\u00c1 KO\u010cKA HAM!<\/em><\/li><li><strong>Vezmi si<\/strong> zelenou pastelku. <strong>Zkus<\/strong> tento pohyb i pastelkou vsed\u011b.<\/li><li><strong>Pod\u00edvej.<\/strong> Dv\u011b my\u0161ky na obr\u00e1zku chyb\u00ed. <strong>Nalep <\/strong>je.<\/li><li><strong>Vezmi si<\/strong> \u010dervenou pastelku a <strong>kresli<\/strong> od jedn\u00e9 z&nbsp;nich \u010d\u00e1ru. Op\u011bt do v\u0161ech stran. Jako kdy\u017e my\u0161ka ut\u00edk\u00e1 p\u0159ed ko\u010dkou.<\/li><li><strong>Kresli<\/strong> p\u0159es \u010d\u00e1ru, kterou jsi u\u017e nakreslil.<\/li><li><strong>Vezmi si<\/strong> modrou pastelku a <strong>kresli<\/strong> od druh\u00e9 z&nbsp;nich \u010d\u00e1ru do v\u0161ech stran.<\/li><li>U ko\u010dky je m\u00e1lo my\u0161ek. <strong>Spo\u010d\u00edtej<\/strong> je. P\u0159i po\u010d\u00edt\u00e1n\u00ed <strong>zakrou\u017ekuj<\/strong> jednu po druh\u00e9.<\/li><li><strong>Uka\u017e<\/strong>, kde je hodn\u011b my\u0161ek.<\/li><li><strong>Zkus spo\u010d\u00edtat<\/strong> i tyto my\u0161ky.<\/li><li><strong>Pojmenuj<\/strong> v\u011bci, kter\u00e9 my\u0161ky rozh\u00e1zely. (<em>H\u0159eben<\/em>, <em>miska<\/em> <em>s<\/em>&nbsp;<em>va\u0159e\u010dkou<\/em>, <em>kniha<\/em>, <em>s\u00fdr<\/em> a <em>m\u00ed\u010d<\/em>.)<\/li><li><strong>\u0158ekni<\/strong>, k&nbsp;\u010demu slou\u017e\u00ed h\u0159eben. (<em>H\u0159eben se pou\u017e\u00edv\u00e1 k&nbsp;\u010des\u00e1n\u00ed.<\/em>)<\/li><li>K&nbsp;\u010demu slou\u017e\u00ed miska s&nbsp;va\u0159e\u010dkou? Spr\u00e1vn\u011b. T\u0159eba k&nbsp;m\u00edch\u00e1n\u00ed t\u011bsta na dort.<\/li><li>K&nbsp;\u010demu slou\u017e\u00ed kniha? Ano. Ke \u010dten\u00ed. Nebo t\u0159eba k&nbsp;prohl\u00ed\u017een\u00ed obr\u00e1zk\u016f. Z&nbsp;n\u011bkter\u00fdch knih se nau\u010d\u00ed\u0161 \u0159\u00edkanky nebo t\u0159eba p\u00edsni\u010dky. N\u011bkter\u00e9 slou\u017e\u00ed k&nbsp;pobaven\u00ed. Z&nbsp;jin\u00fdch z\u00edsk\u00e1\u0161 pou\u010den\u00ed.<\/li><li>K&nbsp;\u010demu slou\u017e\u00ed s\u00fdr? \u017de je to jednoduch\u00e9? K&nbsp;j\u00eddlu? Spr\u00e1vn\u011b!<\/li><li>A k&nbsp;\u010demu slou\u017e\u00ed m\u00ed\u010d? To v\u00ed\u0161 jist\u011b dob\u0159e. Ke hr\u00e1m.<\/li><li>Dne\u0161n\u00ed \u00fakoly se ti moc povedly!<\/li><\/ol>\n\n\n\n<p class=\"has-text-align-right\"><a href=\"https:\/\/nns.cz\/predskolak\/jsem-predskolak\/podrobne-instrukce-ke-strankam\/\">Zp\u011bt na p\u0159ehled stran<\/a><\/p>\n","protected":false},"excerpt":{"rendered":"<p>JSEM P\u0158ED\u0160KOL\u00c1K Zp\u011bt na p\u0159ehled stran B\u011aHEJ S&nbsp;MY\u0160KOU. (str. 4) Your browser do not support the video tag. Prohl\u00e9dni si obr\u00e1zek. My\u0161ka se sna\u017e\u00ed ut\u00e9ct p\u0159ed ko\u010dkou. Uka\u017e ji. Uka\u017e i ko\u010dku. Zahraj si na my\u0161ku a prob\u011bhni se. P\u0159edstavuj si p\u0159itom, \u017ee t\u011b hod\u00ed ko\u010dka. B\u011bhej do v\u0161ech stran, sem a tam, ne\u017e ud\u011bl\u00e1 [&hellip;]<\/p>\n","protected":false},"author":2,"featured_media":0,"parent":1716,"menu_order":0,"comment_status":"closed","ping_status":"closed","template":"","meta":{"footnotes":""},"class_list":["post-1788","page","type-page","status-publish","hentry","latest_post"],"_links":{"self":[{"href":"https:\/\/nns.cz\/predskolak\/wp-json\/wp\/v2\/pages\/1788","targetHints":{"allow":["GET"]}}],"collection":[{"href":"https:\/\/nns.cz\/predskolak\/wp-json\/wp\/v2\/pages"}],"about":[{"href":"https:\/\/nns.cz\/predskolak\/wp-json\/wp\/v2\/types\/page"}],"author":[{"embeddable":true,"href":"https:\/\/nns.cz\/predskolak\/wp-json\/wp\/v2\/users\/2"}],"replies":[{"embeddable":true,"href":"https:\/\/nns.cz\/predskolak\/wp-json\/wp\/v2\/comments?post=1788"}],"version-history":[{"count":12,"href":"https:\/\/nns.cz\/predskolak\/wp-json\/wp\/v2\/pages\/1788\/revisions"}],"predecessor-version":[{"id":2201,"href":"https:\/\/nns.cz\/predskolak\/wp-json\/wp\/v2\/pages\/1788\/revisions\/2201"}],"up":[{"embeddable":true,"href":"https:\/\/nns.cz\/predskolak\/wp-json\/wp\/v2\/pages\/1716"}],"wp:attachment":[{"href":"https:\/\/nns.cz\/predskolak\/wp-json\/wp\/v2\/media?parent=1788"}],"curies":[{"name":"wp","href":"https:\/\/api.w.org\/{rel}","templated":true}]}}