{"id":1771,"date":"2023-11-29T16:26:36","date_gmt":"2023-11-29T15:26:36","guid":{"rendered":"https:\/\/nns.cz\/predskolak\/?page_id=1771"},"modified":"2024-01-16T14:27:32","modified_gmt":"2024-01-16T13:27:32","slug":"strana-2-3","status":"publish","type":"page","link":"https:\/\/nns.cz\/predskolak\/jsem-predskolak\/podrobne-instrukce-ke-strankam\/strana-2-3\/","title":{"rendered":"Strana 2, 3"},"content":{"rendered":"\n<p><strong><span class=\"has-inline-color has-luminous-vivid-orange-color\">J<\/span><span class=\"has-inline-color has-vivid-cyan-blue-color\">S<\/span><span class=\"has-inline-color has-light-green-cyan-color\">E<\/span><span class=\"has-inline-color has-vivid-purple-color\">M<\/span> <span class=\"has-inline-color has-luminous-vivid-amber-color\">P<\/span><span class=\"has-inline-color has-pale-cyan-blue-color\">\u0158<\/span><span class=\"has-inline-color has-vivid-red-color\">E<\/span><span class=\"has-inline-color has-pale-pink-color\">D<\/span><span class=\"has-inline-color has-vivid-purple-color\">\u0160<\/span><span class=\"has-inline-color has-light-green-cyan-color\">K<\/span><span class=\"has-inline-color has-vivid-cyan-blue-color\">O<\/span><span class=\"has-inline-color has-cyan-bluish-gray-color\">L<\/span><span class=\"has-inline-color has-vivid-green-cyan-color\">\u00c1<\/span><span class=\"has-inline-color has-vivid-purple-color\">K<\/span><\/strong><\/p>\n\n\n\n<p class=\"has-text-align-right\"><a href=\"https:\/\/nns.cz\/predskolak\/jsem-predskolak\/podrobne-instrukce-ke-strankam\/\">Zp\u011bt na p\u0159ehled stran<\/a><\/p>\n\n\n\n<div class=\"wp-block-group\"><div class=\"wp-block-group__inner-container is-layout-flow wp-block-group-is-layout-flow\">\n<div class=\"wp-block-image\"><figure class=\"alignleft size-medium is-resized\"><a href=\"https:\/\/mediacreator.cz\/documents\/Jsem_predskolak\/video\/02_03._Jsem_predskolak_6.webm\" target=\"_blank\" rel=\"noopener noreferrer\"><img loading=\"lazy\" decoding=\"async\" src=\"https:\/\/nns.cz\/predskolak\/wp-content\/uploads\/2023\/11\/tuzka_ikonka-300x157.png\" alt=\"\" class=\"wp-image-1760\" width=\"75\" height=\"39\" srcset=\"https:\/\/nns.cz\/predskolak\/wp-content\/uploads\/2023\/11\/tuzka_ikonka-300x157.png 300w, https:\/\/nns.cz\/predskolak\/wp-content\/uploads\/2023\/11\/tuzka_ikonka-768x401.png 768w, https:\/\/nns.cz\/predskolak\/wp-content\/uploads\/2023\/11\/tuzka_ikonka.png 803w\" sizes=\"auto, (max-width: 75px) 100vw, 75px\" \/><\/a><\/figure><\/div>\n\n\n\n<p><strong><span class=\"has-inline-color has-vivid-cyan-blue-color\">CO KAM PAT\u0158\u00cd?<\/span><\/strong> (str. 2, 3)<\/p>\n<\/div><\/div>\n\n\n\n<video class=\"video-player\" data-=\"\" src=\"https:\/\/mediacreator.cz\/documents\/Jsem_predskolak\/video\/02_03._Jsem_predskolak_6.webm\">\n  <source src=\"https:\/\/mediacreator.cz\/documents\/Jsem_predskolak\/video\/02_03._Jsem_predskolak_6.webm\" title=\"HQ\">\n  Your browser do not support the video tag.\n<\/video>\n\n\n\n<div style=\"height:20px\" aria-hidden=\"true\" class=\"wp-block-spacer\"><\/div>\n\n\n\n<div class=\"wp-block-group\"><div class=\"wp-block-group__inner-container is-layout-flow wp-block-group-is-layout-flow\">\n<ol class=\"wp-block-list\" type=\"1\"><li>Bludi\u0161t\u011b je tu!<\/li><li><strong>Prohl\u00e9dni si<\/strong> obr\u00e1zky na t\u00e9to a na vedlej\u0161\u00ed str\u00e1nce.<\/li><li><strong>Uka\u017e<\/strong> \u017elut\u00fd sloupec s&nbsp;obr\u00e1zky.<\/li><li><strong>Pojmenuj<\/strong> obr\u00e1zky ve \u017elut\u00e9m sloupci.<\/li><li><strong>Uka\u017e<\/strong> \u010derven\u00fd sloupec s&nbsp;obr\u00e1zky.<\/li><li><strong>Pojmenuj<\/strong> obr\u00e1zky v&nbsp;\u010derven\u00e9m sloupci.<\/li><li><strong>Uka\u017e<\/strong> se\u0161it.<\/li><li><strong>Pojmenuj <\/strong>barvu se\u0161itu.<\/li><li><strong>Najdi <\/strong>\u017elutou pastelku a polo\u017e ji k&nbsp;se\u0161itu na obr\u00e1zku.<\/li><li><strong>Obt\u00e1hni<\/strong> prstem \u017elutou cestu od se\u0161itu k&nbsp;obalu.<\/li><li><strong>Vezmi si <\/strong>\u017elutou pastelku.<\/li><li>\u017dlut\u011b<strong> vybarvi <\/strong>cestu od \u017elut\u00e9ho se\u0161itu k&nbsp;obalu.<\/li><li><strong>\u0158ekni<\/strong>: <em>Se\u0161it pat\u0159\u00ed do obalu.<\/em><\/li><li><strong>Uka\u017e<\/strong> pastelku.<\/li><li><strong>Pojmenuj<\/strong> barvu pastelky.<\/li><li><strong>Najdi <\/strong>\u010dervenou pastelku a <strong>polo\u017e<\/strong> ji k&nbsp;\u010derven\u00e9 pastelce na obr\u00e1zku.<\/li><li>Prstem<strong> obt\u00e1hni <\/strong>cestu od \u010derven\u00e9 pastelky.<\/li><li><strong>\u0158ekni<\/strong>, kam pat\u0159\u00ed pastelky. Na v\u011b\u0161\u00e1k, do s\u00e1\u010dku na p\u0159ez\u016fvky, do pen\u00e1lu, nebo do u\u010debnice?<\/li><li><strong>Vezmi si <\/strong>\u010dervenou pastelku.<\/li><li>\u010cerven\u011b<strong> vybarvi<\/strong> cestu od \u010derven\u00e9 pastelky k&nbsp;pen\u00e1lu.<\/li><li><strong>Uka\u017e <\/strong>bundu.<\/li><li><strong>Pojmenuj <\/strong>barvu bundy.<\/li><li><strong>Najdi <\/strong>zelenou pastelku a <strong>polo\u017e<\/strong> ji k&nbsp;bund\u011b na obr\u00e1zku.<\/li><li>Prstem<strong> obt\u00e1hni <\/strong>cestu od zelen\u00e9 bundy.<\/li><li><strong>\u0158ekni<\/strong>, kam pat\u0159\u00ed bunda. Na v\u011b\u0161\u00e1k, do s\u00e1\u010dku na p\u0159ez\u016fvky, nebo do u\u010debnice?<\/li><li><strong>Vezmi si <\/strong>zelenou pastelku.<\/li><li>Zelen\u011b<strong> vybarvi <\/strong>cestu od zelen\u00e9 bundy k&nbsp;v\u011b\u0161\u00e1ku.<\/li><li><strong>Uka\u017e<\/strong> p\u0159ez\u016fvky.<\/li><li><strong>Pojmenuj<\/strong> barvu p\u0159ez\u016fvek.<\/li><li><strong>Najdi <\/strong>r\u016f\u017eovou pastelku a<strong> polo\u017e <\/strong>ji k&nbsp;r\u016f\u017eov\u00fdm p\u0159ez\u016fvk\u00e1m na obr\u00e1zku.<\/li><li>Prstem<strong> obt\u00e1hni <\/strong>cestu od r\u016f\u017eov\u00fdch p\u0159ez\u016fvek.<\/li><li><strong>\u0158ekni<\/strong>, kam pat\u0159\u00ed p\u0159ez\u016fvky. Do s\u00e1\u010dku na p\u0159ez\u016fvky, nebo do u\u010debnice?<\/li><li><strong>Vezmi si <\/strong>r\u016f\u017eovou pastelku.<\/li><li>R\u016f\u017eov\u011b<strong> vybarvi <\/strong>cestu od p\u0159ez\u016fvek k&nbsp;s\u00e1\u010dku na p\u0159ez\u016fvky.<\/li><li><strong>Najdi<\/strong> modrou pastelku a <strong>polo\u017e<\/strong> ji k&nbsp;z\u00e1lo\u017ece na obr\u00e1zku.<\/li><li>Prstem<strong> obt\u00e1hni <\/strong>cestu od z\u00e1lo\u017eky.<\/li><li><strong>\u0158ekni<\/strong>: <em>Z\u00e1lo\u017eka pat\u0159\u00ed do u\u010debnice.<\/em><\/li><li><strong>Vezmi si <\/strong>modrou pastelku.<\/li><li>Mod\u0159e <strong>vybarvi<\/strong> posledn\u00ed cestu v&nbsp;bludi\u0161ti na t\u00e9to str\u00e1nce k&nbsp;u\u010debnici.<\/li><li><strong>Uka\u017e<\/strong> modr\u00fd sloupec s&nbsp;obr\u00e1zky.<\/li><li><strong>Pojmenuj<\/strong> obr\u00e1zky v&nbsp;modr\u00e9m sloupci.<\/li><li><strong>Uka\u017e<\/strong> zelen\u00fd sloupec s&nbsp;obr\u00e1zky.<\/li><li><strong>Pojmenuj<\/strong> obr\u00e1zky v&nbsp;zelen\u00e9m sloupci.<\/li><li><strong>Uka\u017e<\/strong> kv\u011btinu.<\/li><li><strong>Pojmenuj<\/strong> barvu kv\u011btu.<\/li><li><strong>Najdi <\/strong>r\u016f\u017eovou pastelku a<strong> polo\u017e <\/strong>ji ke kv\u011btin\u011b na obr\u00e1zku.<\/li><li>Prstem<strong> obt\u00e1hni <\/strong>cestu od kv\u011btiny.<\/li><li><strong>\u0158ekni<\/strong>, kam pat\u0159\u00ed kv\u011btina. Do vodov\u00fdch barev, do boxu na sva\u010dinu, do v\u00e1zy, do akv\u00e1ria, nebo do tenisky?<\/li><li><strong>Vezmi si <\/strong>r\u016f\u017eovou pastelku.<\/li><li>R\u016f\u017eov\u011b<strong> vybarvi <\/strong>cestu od kv\u011btiny k&nbsp;v\u00e1ze.<\/li><li><strong>Uka\u017e<\/strong> \u0161t\u011btec.<\/li><li><strong>Pojmenuj<\/strong> barvu \u0161t\u011btce.<\/li><li><strong>Najdi <\/strong>\u017elutou pastelku a<strong> polo\u017e <\/strong>ji ke \u0161t\u011btci na obr\u00e1zku.<\/li><li>Prstem<strong> obt\u00e1hni <\/strong>cestu od \u0161t\u011btce.<\/li><li><strong>\u0158ekni<\/strong>, kam pat\u0159\u00ed \u0161t\u011btec. Do vodov\u00fdch barev, do boxu na sva\u010dinu, do akv\u00e1ria, nebo do tenisky?<\/li><li><strong>Vezmi si <\/strong>\u017elutou pastelku.<\/li><li>\u017dlut\u011b<strong> vybarvi <\/strong>cestu od \u0161t\u011btce k&nbsp;vodov\u00fdm barv\u00e1m.<\/li><li><strong>Uka\u017e<\/strong> tkani\u010dku.<\/li><li><strong>Pojmenuj<\/strong> barvu tkani\u010dky.<\/li><li><strong>Najdi <\/strong>fialovou pastelku a<strong> polo\u017e <\/strong>ji k&nbsp;tkani\u010dce na obr\u00e1zku.<\/li><li>Prstem<strong> obt\u00e1hni <\/strong>cestu od tkani\u010dky.<\/li><li><strong>\u0158ekni<\/strong>, kam pat\u0159\u00ed tkani\u010dka. Do boxu na sva\u010dinu, do akv\u00e1ria, nebo do tenisky?<\/li><li><strong>Vezmi si <\/strong>fialovou pastelku.<\/li><li>Fialov\u011b<strong> vybarvi <\/strong>cestu od tkani\u010dky k&nbsp;tenisce.<\/li><li><strong>Uka\u017e<\/strong> sva\u010dinu.<\/li><li><strong>Pojmenuj<\/strong> barvu jabl\u00ed\u010dka.<\/li><li><strong>Najdi <\/strong>\u010dervenou pastelku a<strong> polo\u017e <\/strong>ji k&nbsp;jabl\u00ed\u010dku na obr\u00e1zku.<\/li><li>Prstem<strong> obt\u00e1hni <\/strong>cestu od sva\u010diny.<\/li><li><strong>\u0158ekni<\/strong>, kam pat\u0159\u00ed sva\u010dina. Do boxu na sva\u010dinu, nebo do akv\u00e1ria?<\/li><li><strong>Vezmi si <\/strong>\u010dervenou pastelku.<\/li><li>\u010cerven\u011b<strong> vybarvi <\/strong>cestu od sva\u010diny k&nbsp;boxu na sva\u010dinu.<\/li><li><strong>Najdi<\/strong> oran\u017eovou pastelku a <strong>polo\u017e<\/strong> ji k&nbsp;oran\u017eov\u00e9&nbsp;rybi\u010dce na obr\u00e1zku.<\/li><li>Prstem<strong> obt\u00e1hni <\/strong>cestu od rybi\u010dky.<\/li><li><strong>\u0158ekni<\/strong>: <em>Rybi\u010dka pat\u0159\u00ed do akv\u00e1ria.<\/em><\/li><li><strong>Vezmi si <\/strong>oran\u017eovou pastelku.<\/li><li>Oran\u017eov\u011b <strong>vybarvi<\/strong> posledn\u00ed cestu v&nbsp;bludi\u0161ti na t\u00e9to str\u00e1nce. Je to cesta k&nbsp;akv\u00e1riu.<\/li><li><strong>Nachystej si<\/strong> v\u0161echny pastelky, kter\u00fdmi jsou vybarveny cesty v&nbsp;bludi\u0161ti.<\/li><li><strong>\u0158\u00edkej<\/strong> n\u00e1zvy pastelek.<\/li><li>Doma piln\u011b tr\u00e9nuj a ukl\u00e1dej v\u011bci tam, kam pat\u0159\u00ed, a\u0165 se z&nbsp;tebe stane \u0161ikovn\u00fd \u0161kol\u00e1k.<\/li><\/ol>\n<\/div><\/div>\n\n\n\n<p class=\"has-text-align-right\"><a href=\"https:\/\/nns.cz\/predskolak\/jsem-predskolak\/podrobne-instrukce-ke-strankam\/\">Zp\u011bt na p\u0159ehled stran<\/a><\/p>\n","protected":false},"excerpt":{"rendered":"<p>JSEM P\u0158ED\u0160KOL\u00c1K Zp\u011bt na p\u0159ehled stran CO KAM PAT\u0158\u00cd? (str. 2, 3) Your browser do not support the video tag. Bludi\u0161t\u011b je tu! Prohl\u00e9dni si obr\u00e1zky na t\u00e9to a na vedlej\u0161\u00ed str\u00e1nce. Uka\u017e \u017elut\u00fd sloupec s&nbsp;obr\u00e1zky. Pojmenuj obr\u00e1zky ve \u017elut\u00e9m sloupci. Uka\u017e \u010derven\u00fd sloupec s&nbsp;obr\u00e1zky. Pojmenuj obr\u00e1zky v&nbsp;\u010derven\u00e9m sloupci. Uka\u017e se\u0161it. Pojmenuj barvu se\u0161itu. Najdi [&hellip;]<\/p>\n","protected":false},"author":2,"featured_media":0,"parent":1716,"menu_order":0,"comment_status":"closed","ping_status":"closed","template":"","meta":{"footnotes":""},"class_list":["post-1771","page","type-page","status-publish","hentry","latest_post"],"_links":{"self":[{"href":"https:\/\/nns.cz\/predskolak\/wp-json\/wp\/v2\/pages\/1771","targetHints":{"allow":["GET"]}}],"collection":[{"href":"https:\/\/nns.cz\/predskolak\/wp-json\/wp\/v2\/pages"}],"about":[{"href":"https:\/\/nns.cz\/predskolak\/wp-json\/wp\/v2\/types\/page"}],"author":[{"embeddable":true,"href":"https:\/\/nns.cz\/predskolak\/wp-json\/wp\/v2\/users\/2"}],"replies":[{"embeddable":true,"href":"https:\/\/nns.cz\/predskolak\/wp-json\/wp\/v2\/comments?post=1771"}],"version-history":[{"count":18,"href":"https:\/\/nns.cz\/predskolak\/wp-json\/wp\/v2\/pages\/1771\/revisions"}],"predecessor-version":[{"id":2160,"href":"https:\/\/nns.cz\/predskolak\/wp-json\/wp\/v2\/pages\/1771\/revisions\/2160"}],"up":[{"embeddable":true,"href":"https:\/\/nns.cz\/predskolak\/wp-json\/wp\/v2\/pages\/1716"}],"wp:attachment":[{"href":"https:\/\/nns.cz\/predskolak\/wp-json\/wp\/v2\/media?parent=1771"}],"curies":[{"name":"wp","href":"https:\/\/api.w.org\/{rel}","templated":true}]}}