{"id":1767,"date":"2023-11-29T16:22:41","date_gmt":"2023-11-29T15:22:41","guid":{"rendered":"https:\/\/nns.cz\/predskolak\/?page_id=1767"},"modified":"2023-12-08T11:29:45","modified_gmt":"2023-12-08T10:29:45","slug":"strana-1","status":"publish","type":"page","link":"https:\/\/nns.cz\/predskolak\/jsem-predskolak\/podrobne-instrukce-ke-strankam\/strana-1\/","title":{"rendered":"Strana 1"},"content":{"rendered":"\n<p><strong><span class=\"has-inline-color has-luminous-vivid-orange-color\">J<\/span><span class=\"has-inline-color has-vivid-cyan-blue-color\">S<\/span><span class=\"has-inline-color has-light-green-cyan-color\">E<\/span><span class=\"has-inline-color has-vivid-purple-color\">M<\/span> <span class=\"has-inline-color has-luminous-vivid-amber-color\">P<\/span><span class=\"has-inline-color has-pale-cyan-blue-color\">\u0158<\/span><span class=\"has-inline-color has-vivid-red-color\">E<\/span><span class=\"has-inline-color has-pale-pink-color\">D<\/span><span class=\"has-inline-color has-vivid-purple-color\">\u0160<\/span><span class=\"has-inline-color has-light-green-cyan-color\">K<\/span><span class=\"has-inline-color has-vivid-cyan-blue-color\">O<\/span><span class=\"has-inline-color has-cyan-bluish-gray-color\">L<\/span><span class=\"has-inline-color has-vivid-green-cyan-color\">\u00c1<\/span><span class=\"has-inline-color has-vivid-purple-color\">K<\/span> <\/strong><\/p>\n\n\n\n<p class=\"has-text-align-right\"><a href=\"https:\/\/nns.cz\/predskolak\/jsem-predskolak\/podrobne-instrukce-ke-strankam\/\">Zp\u011bt na p\u0159ehled stran<\/a><\/p>\n\n\n\n<p><span class=\"has-inline-color has-vivid-cyan-blue-color\"><strong>T\u011a\u0160\u00cd\u0160 SE U\u017d DO \u0160KOLY? TAK HUR\u00c1 NA \u00daKOLY!<\/strong><\/span> (str. 1)<\/p>\n\n\n\n<video class=\"video-player\">\n  <source src=\"https:\/\/mediacreator.cz\/documents\/Jsem_predskolak\/video\/01._Jsem_predskolak_9.webm\" title=\"HQ\">\n  Your browser do not support the video tag.\n<\/video>\n\n\n\n<p><\/p>\n\n\n\n<ol class=\"wp-block-list\" type=\"1\"><li><strong>Zahrajme si <\/strong>s&nbsp;<em>A<\/em>, <em>B<\/em>, <em>C<\/em> a <em>D<\/em>.<\/li><li><strong>Uka\u017e<\/strong> <em>A<\/em>.<\/li><li><strong>Pojmenuj<\/strong> obr\u00e1zky pod <em>A<\/em>.<\/li><li><strong>Vyjmenuj <\/strong>jin\u00e1 slova, kter\u00e1 za\u010d\u00ednaj\u00ed na <em>A<\/em>.<\/li><li><strong>Uka\u017e<\/strong> <em>B<\/em>.<\/li><li><strong>Pojmenuj<\/strong> obr\u00e1zky pod <em>B<\/em>.<\/li><li><strong>Vyjmenuj <\/strong>jin\u00e1 slova, kter\u00e1 za\u010d\u00ednaj\u00ed na <em>B<\/em>.<\/li><li><strong>Uka\u017e<\/strong> <em>C<\/em>.<\/li><li><strong>Pojmenuj<\/strong> obr\u00e1zky pod <em>C<\/em>.<\/li><li><strong>Vyjmenuj <\/strong>jin\u00e1 slova, kter\u00e1 za\u010d\u00ednaj\u00ed na <em>C<\/em>.<\/li><li><strong>Uka\u017e<\/strong> <em>D<\/em>.<\/li><li><strong>Pojmenuj<\/strong> obr\u00e1zky pod <em>D<\/em>.<\/li><li><strong>Vyjmenuj <\/strong>jin\u00e1 slova, kter\u00e1 za\u010d\u00ednaj\u00ed na <em>D<\/em>.<\/li><li><em>A<\/em>, <em>B<\/em>, <em>C<\/em> a <em>D<\/em><strong> vybarvi <\/strong>a <strong>dokresli <\/strong>podle sv\u00e9 fantazie.<\/li><li><strong>Zahraj si <\/strong>s&nbsp;kamar\u00e1dem se slovy:<strong> Vyber<\/strong> jeden obr\u00e1zek z&nbsp;t\u00e9to str\u00e1nky a <strong>uka\u017e<\/strong> ho. Z\u0159eteln\u011b ho <strong>pojmenuj<\/strong>. Kamar\u00e1d \u0159ekne, co sly\u0161\u00ed na za\u010d\u00e1tku slova.<\/li><li>Pak se <strong>vyst\u0159\u00eddejte<\/strong>.<\/li><\/ol>\n\n\n\n<p class=\"has-text-align-right\"><a href=\"https:\/\/nns.cz\/predskolak\/jsem-predskolak\/podrobne-instrukce-ke-strankam\/\">Zp\u011bt na p\u0159ehled stran<\/a><\/p>\n","protected":false},"excerpt":{"rendered":"<p>JSEM P\u0158ED\u0160KOL\u00c1K Zp\u011bt na p\u0159ehled stran T\u011a\u0160\u00cd\u0160 SE U\u017d DO \u0160KOLY? TAK HUR\u00c1 NA \u00daKOLY! (str. 1) Your browser do not support the video tag. Zahrajme si s&nbsp;A, B, C a D. Uka\u017e A. Pojmenuj obr\u00e1zky pod A. Vyjmenuj jin\u00e1 slova, kter\u00e1 za\u010d\u00ednaj\u00ed na A. Uka\u017e B. Pojmenuj obr\u00e1zky pod B. Vyjmenuj jin\u00e1 slova, kter\u00e1 [&hellip;]<\/p>\n","protected":false},"author":2,"featured_media":0,"parent":1716,"menu_order":0,"comment_status":"closed","ping_status":"closed","template":"","meta":{"footnotes":""},"class_list":["post-1767","page","type-page","status-publish","hentry","latest_post"],"_links":{"self":[{"href":"https:\/\/nns.cz\/predskolak\/wp-json\/wp\/v2\/pages\/1767","targetHints":{"allow":["GET"]}}],"collection":[{"href":"https:\/\/nns.cz\/predskolak\/wp-json\/wp\/v2\/pages"}],"about":[{"href":"https:\/\/nns.cz\/predskolak\/wp-json\/wp\/v2\/types\/page"}],"author":[{"embeddable":true,"href":"https:\/\/nns.cz\/predskolak\/wp-json\/wp\/v2\/users\/2"}],"replies":[{"embeddable":true,"href":"https:\/\/nns.cz\/predskolak\/wp-json\/wp\/v2\/comments?post=1767"}],"version-history":[{"count":10,"href":"https:\/\/nns.cz\/predskolak\/wp-json\/wp\/v2\/pages\/1767\/revisions"}],"predecessor-version":[{"id":2102,"href":"https:\/\/nns.cz\/predskolak\/wp-json\/wp\/v2\/pages\/1767\/revisions\/2102"}],"up":[{"embeddable":true,"href":"https:\/\/nns.cz\/predskolak\/wp-json\/wp\/v2\/pages\/1716"}],"wp:attachment":[{"href":"https:\/\/nns.cz\/predskolak\/wp-json\/wp\/v2\/media?parent=1767"}],"curies":[{"name":"wp","href":"https:\/\/api.w.org\/{rel}","templated":true}]}}