{"id":16,"date":"2020-06-14T21:42:12","date_gmt":"2020-06-14T19:42:12","guid":{"rendered":"https:\/\/nns.cz\/predskolak\/?page_id=16"},"modified":"2025-03-04T17:56:14","modified_gmt":"2025-03-04T16:56:14","slug":"predskolak","status":"publish","type":"page","link":"https:\/\/nns.cz\/predskolak\/","title":{"rendered":"P\u0159ed\u0161kol\u00e1k"},"content":{"rendered":"\n<p class=\"has-text-align-center has-medium-font-size\"><strong>Port\u00e1l pro podporu p\u0159ed\u0161koln\u00edho vzd\u011bl\u00e1v\u00e1n\u00ed nejen v&nbsp;mate\u0159sk\u00fdch \u0161kol\u00e1ch<\/strong><\/p>\n\n\n\n<p>Vytvo\u0159ili jsme pro V\u00e1s <strong>port\u00e1l pro podporu p\u0159ed\u0161koln\u00edho vzd\u011bl\u00e1v\u00e1n\u00ed<\/strong>, prost\u0159ednictv\u00edm kter\u00e9ho m\u016f\u017eete sledovat novinky, kter\u00e9 pro V\u00e1s pr\u016fb\u011b\u017en\u011b p\u0159ipravujeme.<\/p>\n\n\n\n<div class=\"inventory\" data-filter=\"false\" data-next=\"false\" data-cart=\"false\" data-ids=\"1649,1673,2243\"><\/div>\n\n\n\n<h5 class=\"wp-block-heading has-text-align-center has-background\" style=\"background-color:#f78da836\"><a href=\"https:\/\/nns.cz\/predskolak\/miuc-zdarma-k-nakupu-do-31-12-2024\/\">Pr\u00e1v\u011b jsem zve\u0159ejnili akce pro rok 2025 &#8211; m\u016f\u017eete z\u00edskat MIU\u010d+ zdarma<\/a><\/h5>\n\n\n\n<p class=\"has-text-align-center\"><span class=\"has-inline-color has-vivid-red-color\"><strong>NOVINKA 2024<\/strong> <strong>\u2013 <\/strong><\/span><strong><a rel=\"noreferrer noopener\" href=\"https:\/\/nns.cz\/predskolak\/jsem-predskolak\/\" target=\"_blank\"><span class=\"has-inline-color has-vivid-purple-color\">Jsem p\u0159ed\u0161kol\u00e1k<\/span><\/a><\/strong><\/p>\n\n\n\n<figure class=\"wp-block-image size-full\"><a href=\"https:\/\/nns.cz\/predskolak\/jsem-predskolak\/\" target=\"_blank\" rel=\"noopener noreferrer\"><img loading=\"lazy\" decoding=\"async\" width=\"1920\" height=\"1754\" src=\"https:\/\/nns.cz\/predskolak\/wp-content\/uploads\/2024\/01\/P-55-a-loga_mensi.png\" alt=\"\" class=\"wp-image-2282\" srcset=\"https:\/\/nns.cz\/predskolak\/wp-content\/uploads\/2024\/01\/P-55-a-loga_mensi.png 1920w, https:\/\/nns.cz\/predskolak\/wp-content\/uploads\/2024\/01\/P-55-a-loga_mensi-300x274.png 300w, https:\/\/nns.cz\/predskolak\/wp-content\/uploads\/2024\/01\/P-55-a-loga_mensi-1024x935.png 1024w, https:\/\/nns.cz\/predskolak\/wp-content\/uploads\/2024\/01\/P-55-a-loga_mensi-768x702.png 768w, https:\/\/nns.cz\/predskolak\/wp-content\/uploads\/2024\/01\/P-55-a-loga_mensi-1536x1403.png 1536w\" sizes=\"auto, (max-width: 1920px) 100vw, 1920px\" \/><\/a><\/figure>\n\n\n\n<p>Kompletn\u00ed nab\u00eddku najdete <strong>v na\u0161em <a rel=\"noreferrer noopener\" href=\"https:\/\/www.nns.cz\/blog\/predskolni-vzdelavani\/pro-predskolaky-zapis-je-tu\/\" target=\"_blank\">e-shopu<\/a><\/strong>.<span class=\"has-inline-color has-vivid-red-color\"><\/span><\/p>\n\n\n<div class=\"inventory\" data-tags=\"37\" data-filter=\"false\" data-next=\"false\" data-cart=\"false\"><\/div>\n\n\n\n<div style=\"height:33px\" aria-hidden=\"true\" class=\"wp-block-spacer\"><\/div>\n\n\n\n<p>Pracovn\u00ed u\u010debnice <strong><em><a rel=\"noreferrer noopener\" href=\"https:\/\/nns.cz\/predskolak\/jsem-predskolak\/\" target=\"_blank\"><span class=\"has-inline-color has-vivid-purple-color\">Jsem p\u0159ed\u0161kol\u00e1k<\/span><\/a><\/em><\/strong>, <strong><em><a rel=\"noreferrer noopener\" href=\"https:\/\/nns.cz\/predskolak\/zapis-je-tu\/\" target=\"_blank\">Z\u00e1pis je tu<\/a><\/em><\/strong> a <strong><em><a rel=\"noreferrer noopener\" href=\"https:\/\/nns.cz\/predskolak\/skola-je-tu\/\" target=\"_blank\">\u0160kola je tu<\/a><\/em><\/strong> jsou <strong>komplexn\u00ed odborn\u011b zpracovanou p\u0159\u00edpravou p\u0159ed\u0161kol\u00e1ka<\/strong> na bezprobl\u00e9mov\u00fd p\u0159echod do v\u00fduky \u010dten\u00ed, psan\u00ed, po\u010d\u00edt\u00e1n\u00ed a prvouky v&nbsp;1.&nbsp;ro\u010dn\u00edku. <\/p>\n\n\n\n<p><strong><em><a rel=\"noreferrer noopener\" href=\"https:\/\/nns.cz\/predskolak\/jsem-predskolak\/\" target=\"_blank\"><span class=\"has-inline-color has-vivid-purple-color\">Jsem p\u0159ed\u0161kol\u00e1k<\/span><\/a><\/em><\/strong>, <strong><em><a rel=\"noreferrer noopener\" href=\"https:\/\/nns.cz\/predskolak\/zapis-je-tu\/\" target=\"_blank\">Z\u00e1pis je tu<\/a><\/em><\/strong> a <strong><em><a rel=\"noreferrer noopener\" href=\"https:\/\/nns.cz\/predskolak\/skola-je-tu\/\" target=\"_blank\">\u0160kola je tu<\/a><\/em><\/strong><\/p>\n\n\n\n<ul class=\"wp-block-list\">\n<li><strong>Kompletn\u00ed \u0159ada pro p\u0159\u00edpravu p\u0159ed\u0161kol\u00e1ka<\/strong>&nbsp;k&nbsp;\u00fasp\u011b\u0161n\u00e9mu z\u00e1pisu a n\u00e1stupu do \u0161koly<\/li>\n\n\n\n<li><strong>Dlouhodob\u00fd projekt<\/strong>&nbsp;<strong>tv\u016frc\u016f z&nbsp;praxe<\/strong>&nbsp;ve spolupr\u00e1ci&nbsp;<strong>s&nbsp;odborn\u00edky<\/strong><\/li>\n\n\n\n<li>Vydalo&nbsp;<strong>renomovan\u00e9 nakladatelstv\u00ed u\u010debnic<\/strong>&nbsp;NOV\u00c1 \u0160KOLA, s. r. o.<\/li>\n\n\n\n<li><strong>U\u010divo systematicky zpracov\u00e1no v&nbsp;logick\u00e9m sledu formou obl\u00edben\u00fdch aktivit p\u0159ed\u0161kol\u00e1k\u016f<\/strong><\/li>\n\n\n\n<li><strong>Ov\u011b\u0159eno p\u0159ed\u0161kol\u00e1ky<\/strong>&nbsp;v&nbsp;mate\u0159sk\u00fdch \u0161kol\u00e1ch, v&nbsp;p\u0159\u00edpravk\u00e1ch do 1.&nbsp;ro\u010dn\u00edku i doma s&nbsp;rodi\u010di<\/li>\n<\/ul>\n\n\n\n<p><strong><span class=\"has-inline-color has-vivid-purple-color\">BEZPROBL\u00c9MOV\u00dd P\u0158ECHOD DO \u0160KOLY!<\/span><\/strong><\/p>\n\n\n\n<p>Vyu\u017eijete je k&nbsp;p\u0159ed\u0161koln\u00ed p\u0159\u00edprav\u011b:<br>\u2013 doma s&nbsp;rodi\u010di,<br>\u2013 v&nbsp;mate\u0159sk\u00fdch \u0161kol\u00e1ch,<br>\u2013 i v&nbsp;p\u0159\u00edpravn\u00fdch kurzech z\u00e1kladn\u00edch \u0161kol.<\/p>\n\n\n\n<p><strong><span class=\"has-inline-color has-vivid-purple-color\">Leto\u0161n\u00ed novinka<\/span><\/strong><span class=\"has-inline-color has-vivid-purple-color\"><strong> <\/strong><\/span>\u2013 pracovn\u00ed u\u010debnice <a rel=\"noreferrer noopener\" style=\"font-weight: bold; font-style: italic;\" href=\"https:\/\/nns.cz\/predskolak\/jsem-predskolak\/\" target=\"_blank\"><span class=\"has-inline-color has-vivid-purple-color\">Jsem p\u0159ed\u0161kol\u00e1k<\/span><\/a> d\u011bti op\u011bt zaujme p\u016fsobiv\u00fdmi ilustracemi od renomovan\u00e9 ilustr\u00e1torky Andrejky Schindlerov\u00e9 a <strong>v\u00edce ne\u017e 100 samolepkami<\/strong>&nbsp;v&nbsp;p\u0159\u00edloze.<\/p>\n\n\n\n<p>D\u011bti i vy ocen\u00edte&nbsp;<strong>v\u00edce ne\u017e 40 v\u00fdukov\u00fdmi videi<\/strong>,<strong> <\/strong>kter\u00e9 jsou<strong>&nbsp;<\/strong>VOLN\u011a KE STA\u017dEN\u00cd P\u0158ES QR K\u00d3D um\u00edst\u011bn\u00fd p\u0159\u00edmo na str\u00e1nk\u00e1ch s&nbsp;\u00fakoly,<\/p>\n\n\n\n<p><strong><span class=\"has-inline-color has-very-dark-gray-color\">NA\u010cT\u011aTE V\u00ddUKOV\u00c9 VIDEO P\u0158ES QR K\u00d3D P\u0158\u00cdMO NA STR\u00c1NCE A HUR\u00c1 NA \u00daKOLY V&nbsp;TI\u0160T\u011aN\u00c9 U\u010cEBNICI!<\/span><\/strong><\/p>\n\n\n\n<p>Vyu\u010duj\u00edc\u00ed a rodi\u010de jist\u011b ocen\u00ed <strong>podrobn\u011b zpracovan\u00e9 instrukce<\/strong> a propojen\u00ed s&nbsp;aplikac\u00ed na&nbsp;<a rel=\"noreferrer noopener\" href=\"https:\/\/www.nns.cz\/pohadky\" target=\"_blank\"><strong>nns.cz\/pohadky<\/strong><\/a>.<\/p>\n\n\n\n<p class=\"has-text-align-center\"><span class=\"has-inline-color has-vivid-red-color\"><strong>OBL\u00cdBEN\u00c9 TITULY \u2013 <strong><a rel=\"noreferrer noopener\" href=\"https:\/\/nns.cz\/predskolak\/skola-je-tu\/\" target=\"_blank\">\u0160kola je tu<\/a><a rel=\"noreferrer noopener\" href=\"https:\/\/nns.cz\/predskolak\/zapis-je-tu\/\" target=\"_blank\"><strong>,<\/strong><\/a><\/strong><\/strong> <strong><strong><a rel=\"noreferrer noopener\" href=\"https:\/\/nns.cz\/predskolak\/zapis-je-tu\/\" target=\"_blank\">Z\u00e1pis je tu<\/a><\/strong><\/strong><\/span><\/p>\n\n\n\n<p><strong><em><a rel=\"noreferrer noopener\" href=\"https:\/\/nns.cz\/predskolak\/skola-je-tu\/\" target=\"_blank\">\u0160kola je tu<\/a><\/em><\/strong> je sada t\u0159\u00ed pracovn\u00edch u\u010debnic, kter\u00e1 je ur\u010dena pro p\u0159ed\u0161koln\u00ed p\u0159\u00edpravu d\u011bt\u00ed od 5 let <strong>b\u011bhem \u0161koln\u00edho roku p\u0159ed n\u00e1stupem do \u0161koly<\/strong>.<\/p>\n\n\n<div class=\"wp-block-image\">\n<figure class=\"aligncenter size-full\"><a href=\"https:\/\/nns.cz\/predskolak\/skola-je-tu\/\" target=\"_blank\" rel=\"noopener noreferrer\"><img loading=\"lazy\" decoding=\"async\" width=\"1676\" height=\"551\" src=\"https:\/\/nns.cz\/predskolak\/wp-content\/uploads\/2023\/03\/\u0159ada-\u0161kola-je-tu-titulky-a-poh\u00e1dky.jpg\" alt=\"\" class=\"wp-image-1329\" srcset=\"https:\/\/nns.cz\/predskolak\/wp-content\/uploads\/2023\/03\/\u0159ada-\u0161kola-je-tu-titulky-a-poh\u00e1dky.jpg 1676w, https:\/\/nns.cz\/predskolak\/wp-content\/uploads\/2023\/03\/\u0159ada-\u0161kola-je-tu-titulky-a-poh\u00e1dky-300x99.jpg 300w, https:\/\/nns.cz\/predskolak\/wp-content\/uploads\/2023\/03\/\u0159ada-\u0161kola-je-tu-titulky-a-poh\u00e1dky-1024x337.jpg 1024w, https:\/\/nns.cz\/predskolak\/wp-content\/uploads\/2023\/03\/\u0159ada-\u0161kola-je-tu-titulky-a-poh\u00e1dky-768x252.jpg 768w, https:\/\/nns.cz\/predskolak\/wp-content\/uploads\/2023\/03\/\u0159ada-\u0161kola-je-tu-titulky-a-poh\u00e1dky-1536x505.jpg 1536w\" sizes=\"auto, (max-width: 1676px) 100vw, 1676px\" \/><\/a><\/figure><\/div>\n\n\n<div style=\"height:30px\" aria-hidden=\"true\" class=\"wp-block-spacer\"><\/div>\n\n\n\n<p>Sou\u010d\u00e1st\u00ed pracovn\u00edch u\u010debnic <em><strong><a rel=\"noreferrer noopener\" href=\"https:\/\/nns.cz\/predskolak\/skola-je-tu\/\" target=\"_blank\">\u0160kola je tu<\/a><\/strong><\/em> je&nbsp;<strong>15 audiopoh\u00e1dek<\/strong>, kter\u00e9 si m\u016f\u017eete p\u0159ehr\u00e1t v&nbsp;po\u010d\u00edta\u010di, tabletu nebo na mobiln\u00edm telefonu na&nbsp;<strong><a rel=\"noreferrer noopener\" href=\"http:\/\/www.nns.cz\/pohadky\" target=\"_blank\">www.nns.cz\/pohadky<\/a><\/strong>.<\/p>\n\n\n\n<p><strong><span class=\"has-inline-color has-very-dark-gray-color\">SEJM\u011aTE QR K\u00d3D NA OB\u00c1LCE U\u010cEBNICE A POSLECHN\u011aTE SI S&nbsp;D\u011aTMI POH\u00c1DKU.<\/span><\/strong><\/p>\n\n\n<div class=\"wp-block-image\">\n<figure class=\"alignleft size-full is-resized\"><a href=\"https:\/\/nns.cz\/predskolak\/zapis-je-tu\/\" target=\"_blank\" rel=\"noopener noreferrer\"><img loading=\"lazy\" decoding=\"async\" width=\"848\" height=\"1315\" src=\"https:\/\/nns.cz\/predskolak\/wp-content\/uploads\/2022\/08\/1649_high-zapis-je-tu.jpg\" alt=\"\" class=\"wp-image-781\" style=\"width:192px;height:309px\" srcset=\"https:\/\/nns.cz\/predskolak\/wp-content\/uploads\/2022\/08\/1649_high-zapis-je-tu.jpg 848w, https:\/\/nns.cz\/predskolak\/wp-content\/uploads\/2022\/08\/1649_high-zapis-je-tu-193x300.jpg 193w, https:\/\/nns.cz\/predskolak\/wp-content\/uploads\/2022\/08\/1649_high-zapis-je-tu-660x1024.jpg 660w, https:\/\/nns.cz\/predskolak\/wp-content\/uploads\/2022\/08\/1649_high-zapis-je-tu-768x1191.jpg 768w\" sizes=\"auto, (max-width: 848px) 100vw, 848px\" \/><\/a><\/figure><\/div>\n\n<div class=\"wp-block-image\">\n<figure class=\"alignright size-medium is-resized\"><a href=\"https:\/\/nns.cz\/predskolak\/zapis-je-tu-ua\/\" target=\"_blank\" rel=\"noopener noreferrer\"><img loading=\"lazy\" decoding=\"async\" width=\"261\" height=\"300\" src=\"https:\/\/nns.cz\/predskolak\/wp-content\/uploads\/2022\/09\/titulka-UK-1-e1663074680953-261x300.gif\" alt=\"\" class=\"wp-image-799\" style=\"width:131px;height:150px\"\/><\/a><\/figure><\/div>\n\n\n<p><em><strong><em><a rel=\"noreferrer noopener\" href=\"https:\/\/nns.cz\/predskolak\/zapis-je-tu\/\" target=\"_blank\">Z\u00e1pis je tu<\/a><\/em><\/strong><\/em> je pracovn\u00ed u\u010debnice ur\u010den\u00e1 pro p\u0159ed\u0161koln\u00ed p\u0159\u00edpravu d\u011bt\u00ed <strong>p\u0159ed z\u00e1pisem<\/strong> do 1.&nbsp;ro\u010dn\u00edku.<\/p>\n\n\n\n<p>MIU\u010d+ <em>Z\u00e1pis je tu<\/em> nab\u00edz\u00edme i <span class=\"has-inline-color has-vivid-red-color\"><a rel=\"noreferrer noopener\" href=\"https:\/\/nns.cz\/predskolak\/zapis-je-tu-ua\/\" target=\"_blank\"><strong>v ukrajin\u0161tin\u011b<\/strong><\/a><\/span>.<\/p>\n\n\n\n<p>\u0414\u043b\u044f<strong>&nbsp;\u0443\u043a\u0440\u0430\u0457\u043d\u0441\u044c\u043a\u0438\u0445 \u0434\u0456\u0442\u0435\u0439<\/strong>, \u0457\u0445\u043d\u0456\u0445 \u0431\u0430\u0442\u044c\u043a\u0456\u0432 \u0442\u0430 \u0432\u0447\u0438\u0442\u0435\u043b\u0456\u0432, \u0430 \u0442\u0430\u043a\u043e\u0436 \u0434\u043b\u044f \u0432\u0441\u0456\u0445, \u043a\u043e\u043c\u0443 \u0446\u0435 \u0437\u043d\u0430\u0434\u043e\u0431\u0438\u0442\u044c\u0441\u044f, \u043c\u0438 \u043f\u0440\u0438\u0433\u043e\u0442\u0443\u0432\u0430\u043b\u0438 \u043f\u0456\u0434\u0440\u0443\u0447\u043d\u0438\u043a&nbsp;<a rel=\"noreferrer noopener\" href=\"https:\/\/nns.cz\/predskolak\/zapis-je-tu-ua\/\" target=\"_blank\"><strong><span class=\"has-inline-color has-vivid-red-color\">\u0427<\/span><span class=\"has-inline-color has-luminous-vivid-amber-color\">\u0410<\/span><span class=\"has-inline-color has-light-green-cyan-color\">\u0421<\/span>&nbsp;<span class=\"has-inline-color has-pale-pink-color\">\u0414<\/span><span class=\"has-inline-color has-vivid-cyan-blue-color\">\u041e<\/span><\/strong>&nbsp;<strong><span class=\"has-inline-color has-vivid-green-cyan-color\">\u0428<\/span><span class=\"has-inline-color has-vivid-red-color\">\u041a<\/span><span class=\"has-inline-color has-pale-cyan-blue-color\">\u041e<\/span>\u041b<span class=\"has-inline-color has-luminous-vivid-amber-color\">\u0418<\/span><\/strong><\/a>&nbsp;\u0443\u043a\u0440\u0430\u0457\u043d\u0441\u044c\u043a\u043e\u044e \u043c\u043e\u0432\u043e\u044e.<\/p>\n\n\n\n<div style=\"height:20px\" aria-hidden=\"true\" class=\"wp-block-spacer\"><\/div>\n\n\n\n<p><a rel=\"noreferrer noopener\" href=\"https:\/\/nns.cz\/predskolak\/katalog\/\" target=\"_blank\"><strong>KATALOG<\/strong> s&nbsp;tituly pro mate\u0159sk\u00e9 \u0161koly.<\/a><\/p>\n\n\n\n<p>V oblasti p\u0159ed\u0161koln\u00edho vzd\u011bl\u00e1v\u00e1n\u00ed V\u00e1m budeme postupn\u011b nab\u00edzet pracovn\u00ed u\u010debnice pro \u017e\u00e1ky od t\u0159\u00ed do sedmi let a\u017e do vytvo\u0159en\u00ed ucelen\u00e9 \u0159ady pracovn\u00edch u\u010debnic pro p\u0159ed\u0161kol\u00e1ky.<\/p>\n\n\n\n<p><span class=\"has-inline-color has-vivid-red-color\"><strong>V roce 2020<\/strong><\/span> jsme vydali <span class=\"has-inline-color has-vivid-red-color\">prvn\u00ed z&nbsp;publikac\u00ed<\/span> <strong><a rel=\"noreferrer noopener\" href=\"https:\/\/nns.cz\/predskolak\/zapis-je-tu\/\" target=\"_blank\"><em>Z\u00e1pis je tu<\/em><\/a><\/strong>, kter\u00e1 se mezi vyu\u010duj\u00edc\u00edmi setkala s&nbsp;velmi p\u0159\u00edzniv\u00fdm ohlasem. D\u00e1le byla vyd\u00e1na obl\u00edben\u00e1 sada t\u0159\u00ed pracovn\u00edch u\u010debnic <strong><a rel=\"noreferrer noopener\" href=\"https:\/\/nns.cz\/predskolak\/skola-je-tu\/\" target=\"_blank\"><em>\u0160kola je tu<\/em><\/a><\/strong>, kter\u00e1 je tematicky propojena poh\u00e1dkami.  Novinkou roku 2024 je<span class=\"has-inline-color has-vivid-purple-color\"> <strong><em><a rel=\"noreferrer noopener\" href=\"https:\/\/nns.cz\/predskolak\/jsem-predskolak\/\" target=\"_blank\">Jsem p\u0159ed\u0161kol\u00e1k<\/a><\/em><\/strong><\/span> \u2013 u\u010debnice s&nbsp;v\u00edce ne\u017e 100 samolepkami&nbsp;v&nbsp;p\u0159\u00edloze a&nbsp;v\u00edce ne\u017e 40 v\u00fdukov\u00fdmi videi.<\/p>\n\n\n\n<figure class=\"wp-block-gallery has-nested-images columns-default is-cropped wp-block-gallery-1 is-layout-flex wp-block-gallery-is-layout-flex\">\n<figure class=\"wp-block-image size-full\"><a href=\"https:\/\/nns.cz\/predskolak\/wp-content\/uploads\/2023\/04\/C05454.jpg\"><img loading=\"lazy\" decoding=\"async\" width=\"1920\" height=\"1066\" data-id=\"1398\" src=\"https:\/\/nns.cz\/predskolak\/wp-content\/uploads\/2023\/04\/C05454.jpg\" alt=\"\" class=\"wp-image-1398\" srcset=\"https:\/\/nns.cz\/predskolak\/wp-content\/uploads\/2023\/04\/C05454.jpg 1920w, https:\/\/nns.cz\/predskolak\/wp-content\/uploads\/2023\/04\/C05454-300x167.jpg 300w, https:\/\/nns.cz\/predskolak\/wp-content\/uploads\/2023\/04\/C05454-1024x569.jpg 1024w, https:\/\/nns.cz\/predskolak\/wp-content\/uploads\/2023\/04\/C05454-768x426.jpg 768w, https:\/\/nns.cz\/predskolak\/wp-content\/uploads\/2023\/04\/C05454-1536x853.jpg 1536w\" sizes=\"auto, (max-width: 1920px) 100vw, 1920px\" \/><\/a><\/figure>\n\n\n\n<figure class=\"wp-block-image size-full\"><a href=\"https:\/\/nns.cz\/predskolak\/wp-content\/uploads\/2023\/04\/C05455.jpg\"><img loading=\"lazy\" decoding=\"async\" width=\"1920\" height=\"1072\" data-id=\"1399\" src=\"https:\/\/nns.cz\/predskolak\/wp-content\/uploads\/2023\/04\/C05455.jpg\" alt=\"\" class=\"wp-image-1399\" srcset=\"https:\/\/nns.cz\/predskolak\/wp-content\/uploads\/2023\/04\/C05455.jpg 1920w, https:\/\/nns.cz\/predskolak\/wp-content\/uploads\/2023\/04\/C05455-300x168.jpg 300w, https:\/\/nns.cz\/predskolak\/wp-content\/uploads\/2023\/04\/C05455-1024x572.jpg 1024w, https:\/\/nns.cz\/predskolak\/wp-content\/uploads\/2023\/04\/C05455-768x429.jpg 768w, https:\/\/nns.cz\/predskolak\/wp-content\/uploads\/2023\/04\/C05455-1536x858.jpg 1536w\" sizes=\"auto, (max-width: 1920px) 100vw, 1920px\" \/><\/a><\/figure>\n\n\n\n<figure class=\"wp-block-image size-full\"><a href=\"https:\/\/nns.cz\/predskolak\/wp-content\/uploads\/2023\/04\/C05456.jpg\"><img loading=\"lazy\" decoding=\"async\" width=\"1920\" height=\"1068\" data-id=\"1400\" src=\"https:\/\/nns.cz\/predskolak\/wp-content\/uploads\/2023\/04\/C05456.jpg\" alt=\"\" class=\"wp-image-1400\" srcset=\"https:\/\/nns.cz\/predskolak\/wp-content\/uploads\/2023\/04\/C05456.jpg 1920w, https:\/\/nns.cz\/predskolak\/wp-content\/uploads\/2023\/04\/C05456-300x167.jpg 300w, https:\/\/nns.cz\/predskolak\/wp-content\/uploads\/2023\/04\/C05456-1024x570.jpg 1024w, https:\/\/nns.cz\/predskolak\/wp-content\/uploads\/2023\/04\/C05456-768x427.jpg 768w, https:\/\/nns.cz\/predskolak\/wp-content\/uploads\/2023\/04\/C05456-1536x854.jpg 1536w\" sizes=\"auto, (max-width: 1920px) 100vw, 1920px\" \/><\/a><\/figure>\n\n\n\n<figure class=\"wp-block-image size-full\"><a href=\"https:\/\/nns.cz\/predskolak\/wp-content\/uploads\/2023\/04\/C05457.jpg\"><img loading=\"lazy\" decoding=\"async\" width=\"1920\" height=\"1076\" data-id=\"1401\" src=\"https:\/\/nns.cz\/predskolak\/wp-content\/uploads\/2023\/04\/C05457.jpg\" alt=\"\" class=\"wp-image-1401\" srcset=\"https:\/\/nns.cz\/predskolak\/wp-content\/uploads\/2023\/04\/C05457.jpg 1920w, https:\/\/nns.cz\/predskolak\/wp-content\/uploads\/2023\/04\/C05457-300x168.jpg 300w, https:\/\/nns.cz\/predskolak\/wp-content\/uploads\/2023\/04\/C05457-1024x574.jpg 1024w, https:\/\/nns.cz\/predskolak\/wp-content\/uploads\/2023\/04\/C05457-768x430.jpg 768w, https:\/\/nns.cz\/predskolak\/wp-content\/uploads\/2023\/04\/C05457-1536x861.jpg 1536w\" sizes=\"auto, (max-width: 1920px) 100vw, 1920px\" \/><\/a><\/figure>\n\n\n\n<figure class=\"wp-block-image size-full\"><a href=\"https:\/\/nns.cz\/predskolak\/wp-content\/uploads\/2023\/04\/C05468.jpg\"><img loading=\"lazy\" decoding=\"async\" width=\"1920\" height=\"1076\" data-id=\"1402\" src=\"https:\/\/nns.cz\/predskolak\/wp-content\/uploads\/2023\/04\/C05468.jpg\" alt=\"\" class=\"wp-image-1402\" srcset=\"https:\/\/nns.cz\/predskolak\/wp-content\/uploads\/2023\/04\/C05468.jpg 1920w, https:\/\/nns.cz\/predskolak\/wp-content\/uploads\/2023\/04\/C05468-300x168.jpg 300w, https:\/\/nns.cz\/predskolak\/wp-content\/uploads\/2023\/04\/C05468-1024x574.jpg 1024w, https:\/\/nns.cz\/predskolak\/wp-content\/uploads\/2023\/04\/C05468-768x430.jpg 768w, https:\/\/nns.cz\/predskolak\/wp-content\/uploads\/2023\/04\/C05468-1536x861.jpg 1536w\" sizes=\"auto, (max-width: 1920px) 100vw, 1920px\" \/><\/a><\/figure>\n\n\n\n<figure class=\"wp-block-image size-full\"><a href=\"https:\/\/nns.cz\/predskolak\/wp-content\/uploads\/2023\/04\/C05474.jpg\"><img loading=\"lazy\" decoding=\"async\" width=\"1920\" height=\"1073\" data-id=\"1403\" src=\"https:\/\/nns.cz\/predskolak\/wp-content\/uploads\/2023\/04\/C05474.jpg\" alt=\"\" class=\"wp-image-1403\" srcset=\"https:\/\/nns.cz\/predskolak\/wp-content\/uploads\/2023\/04\/C05474.jpg 1920w, https:\/\/nns.cz\/predskolak\/wp-content\/uploads\/2023\/04\/C05474-300x168.jpg 300w, https:\/\/nns.cz\/predskolak\/wp-content\/uploads\/2023\/04\/C05474-1024x572.jpg 1024w, https:\/\/nns.cz\/predskolak\/wp-content\/uploads\/2023\/04\/C05474-768x429.jpg 768w, https:\/\/nns.cz\/predskolak\/wp-content\/uploads\/2023\/04\/C05474-1536x858.jpg 1536w\" sizes=\"auto, (max-width: 1920px) 100vw, 1920px\" \/><\/a><\/figure>\n<\/figure>\n\n\n\n<p><strong><span class=\"has-inline-color has-vivid-red-color\">Ke ka\u017ed\u00e9 pracovn\u00ed u\u010debnici soub\u011b\u017en\u011b vznik\u00e1 jej\u00ed interaktivn\u00ed&nbsp;podoba<\/span>, kter\u00e1 je neust\u00e1le aktualizov\u00e1na o <a rel=\"noreferrer noopener\" href=\"https:\/\/nns.cz\/predskolak\/miuc\/\" target=\"_blank\">nov\u00e1 cvi\u010den\u00ed<\/a>.<\/strong><\/p>\n\n\n\n<figure class=\"wp-block-image size-full\"><a href=\"https:\/\/nns.cz\/predskolak\/wp-content\/uploads\/2024\/01\/P-55-Jsem-predskolak-obalka_zadni_2023.png\"><img loading=\"lazy\" decoding=\"async\" width=\"1459\" height=\"1800\" src=\"https:\/\/nns.cz\/predskolak\/wp-content\/uploads\/2024\/01\/P-55-Jsem-predskolak-obalka_zadni_2023.png\" alt=\"\" class=\"wp-image-2250\" srcset=\"https:\/\/nns.cz\/predskolak\/wp-content\/uploads\/2024\/01\/P-55-Jsem-predskolak-obalka_zadni_2023.png 1459w, https:\/\/nns.cz\/predskolak\/wp-content\/uploads\/2024\/01\/P-55-Jsem-predskolak-obalka_zadni_2023-243x300.png 243w, https:\/\/nns.cz\/predskolak\/wp-content\/uploads\/2024\/01\/P-55-Jsem-predskolak-obalka_zadni_2023-830x1024.png 830w, https:\/\/nns.cz\/predskolak\/wp-content\/uploads\/2024\/01\/P-55-Jsem-predskolak-obalka_zadni_2023-768x947.png 768w, https:\/\/nns.cz\/predskolak\/wp-content\/uploads\/2024\/01\/P-55-Jsem-predskolak-obalka_zadni_2023-1245x1536.png 1245w\" sizes=\"auto, (max-width: 1459px) 100vw, 1459px\" \/><\/a><\/figure>\n\n\n\n<p class=\"has-text-align-right\"><em>Redakce p\u0159ed\u0161koln\u00edho vzd\u011bl\u00e1v\u00e1n\u00ed NOV\u00c1 \u0160KOLA, s.r.o.<\/em><\/p>\n\n\n<div class=\"wp-block-image\">\n<figure class=\"alignright size-large\"><a href=\"https:\/\/www.nns.cz\/blog\/\" target=\"_blank\" rel=\"noopener noreferrer\"><img loading=\"lazy\" decoding=\"async\" width=\"97\" height=\"127\" src=\"https:\/\/nns.cz\/predskolak\/wp-content\/uploads\/2023\/08\/logo-NNS.png\" alt=\"\" class=\"wp-image-1537\"\/><\/a><\/figure><\/div>","protected":false},"excerpt":{"rendered":"<p>Port\u00e1l pro podporu p\u0159ed\u0161koln\u00edho vzd\u011bl\u00e1v\u00e1n\u00ed nejen v&nbsp;mate\u0159sk\u00fdch \u0161kol\u00e1ch Vytvo\u0159ili jsme pro V\u00e1s port\u00e1l pro podporu p\u0159ed\u0161koln\u00edho vzd\u011bl\u00e1v\u00e1n\u00ed, prost\u0159ednictv\u00edm kter\u00e9ho m\u016f\u017eete sledovat novinky, kter\u00e9 pro V\u00e1s pr\u016fb\u011b\u017en\u011b p\u0159ipravujeme. Pr\u00e1v\u011b jsem zve\u0159ejnili akce pro rok 2025 &#8211; m\u016f\u017eete z\u00edskat MIU\u010d+ zdarma NOVINKA 2024 \u2013 Jsem p\u0159ed\u0161kol\u00e1k Kompletn\u00ed nab\u00eddku najdete v&nbsp;na\u0161em e-shopu. Pracovn\u00ed u\u010debnice Jsem p\u0159ed\u0161kol\u00e1k, Z\u00e1pis [&hellip;]<\/p>\n","protected":false},"author":1,"featured_media":0,"parent":0,"menu_order":0,"comment_status":"closed","ping_status":"closed","template":"","meta":{"footnotes":""},"class_list":["post-16","page","type-page","status-publish","hentry","latest_post"],"_links":{"self":[{"href":"https:\/\/nns.cz\/predskolak\/wp-json\/wp\/v2\/pages\/16","targetHints":{"allow":["GET"]}}],"collection":[{"href":"https:\/\/nns.cz\/predskolak\/wp-json\/wp\/v2\/pages"}],"about":[{"href":"https:\/\/nns.cz\/predskolak\/wp-json\/wp\/v2\/types\/page"}],"author":[{"embeddable":true,"href":"https:\/\/nns.cz\/predskolak\/wp-json\/wp\/v2\/users\/1"}],"replies":[{"embeddable":true,"href":"https:\/\/nns.cz\/predskolak\/wp-json\/wp\/v2\/comments?post=16"}],"version-history":[{"count":123,"href":"https:\/\/nns.cz\/predskolak\/wp-json\/wp\/v2\/pages\/16\/revisions"}],"predecessor-version":[{"id":2502,"href":"https:\/\/nns.cz\/predskolak\/wp-json\/wp\/v2\/pages\/16\/revisions\/2502"}],"wp:attachment":[{"href":"https:\/\/nns.cz\/predskolak\/wp-json\/wp\/v2\/media?parent=16"}],"curies":[{"name":"wp","href":"https:\/\/api.w.org\/{rel}","templated":true}]}}