{"id":148,"date":"2020-06-15T12:36:33","date_gmt":"2020-06-15T10:36:33","guid":{"rendered":"https:\/\/nns.cz\/predskolak\/?page_id=148"},"modified":"2020-11-24T14:08:48","modified_gmt":"2020-11-24T13:08:48","slug":"zalozky-ke-stazeni","status":"publish","type":"page","link":"https:\/\/nns.cz\/predskolak\/zapis-je-tu\/zalozky-ke-stazeni\/","title":{"rendered":"Z\u00e1lo\u017eky ke sta\u017een\u00ed"},"content":{"rendered":"\n<div class=\"wp-block-file\"><a href=\"https:\/\/nns.cz\/predskolak\/wp-content\/uploads\/2020\/06\/Zalozka_zapis_holka-RGB.pdf\">z\u00e1lo\u017eka <em>Z\u00e1pis je tu<\/em> pro holky<\/a><a href=\"https:\/\/nns.cz\/predskolak\/wp-content\/uploads\/2020\/06\/Zalozka_zapis_holka-RGB.pdf\" class=\"wp-block-file__button\" download>St\u00e1hnout<\/a><\/div>\n\n\n\n<div class=\"wp-block-file\"><a href=\"https:\/\/nns.cz\/predskolak\/wp-content\/uploads\/2020\/06\/Zalozka_zapis_kluk-RGB.pdf\">z\u00e1lo\u017eka <em>Z\u00e1pis je tu<\/em> pro kluky<\/a><a href=\"https:\/\/nns.cz\/predskolak\/wp-content\/uploads\/2020\/06\/Zalozka_zapis_kluk-RGB.pdf\" class=\"wp-block-file__button\" download>St\u00e1hnout<\/a><\/div>\n\n\n\n<p><\/p>\n","protected":false},"excerpt":{"rendered":"","protected":false},"author":2,"featured_media":0,"parent":63,"menu_order":0,"comment_status":"closed","ping_status":"closed","template":"","meta":{"footnotes":""},"class_list":["post-148","page","type-page","status-publish","hentry","latest_post"],"_links":{"self":[{"href":"https:\/\/nns.cz\/predskolak\/wp-json\/wp\/v2\/pages\/148","targetHints":{"allow":["GET"]}}],"collection":[{"href":"https:\/\/nns.cz\/predskolak\/wp-json\/wp\/v2\/pages"}],"about":[{"href":"https:\/\/nns.cz\/predskolak\/wp-json\/wp\/v2\/types\/page"}],"author":[{"embeddable":true,"href":"https:\/\/nns.cz\/predskolak\/wp-json\/wp\/v2\/users\/2"}],"replies":[{"embeddable":true,"href":"https:\/\/nns.cz\/predskolak\/wp-json\/wp\/v2\/comments?post=148"}],"version-history":[{"count":2,"href":"https:\/\/nns.cz\/predskolak\/wp-json\/wp\/v2\/pages\/148\/revisions"}],"predecessor-version":[{"id":299,"href":"https:\/\/nns.cz\/predskolak\/wp-json\/wp\/v2\/pages\/148\/revisions\/299"}],"up":[{"embeddable":true,"href":"https:\/\/nns.cz\/predskolak\/wp-json\/wp\/v2\/pages\/63"}],"wp:attachment":[{"href":"https:\/\/nns.cz\/predskolak\/wp-json\/wp\/v2\/media?parent=148"}],"curies":[{"name":"wp","href":"https:\/\/api.w.org\/{rel}","templated":true}]}}