{"id":141,"date":"2020-06-15T12:11:14","date_gmt":"2020-06-15T10:11:14","guid":{"rendered":"https:\/\/nns.cz\/predskolak\/?page_id=141"},"modified":"2020-06-15T12:11:15","modified_gmt":"2020-06-15T10:11:15","slug":"rozhovor-s-autorkou-publikace","status":"publish","type":"page","link":"https:\/\/nns.cz\/predskolak\/zapis-je-tu\/rozhovor-s-autorkou-publikace\/","title":{"rendered":"Rozhovor s&nbsp;autorkou publikace"},"content":{"rendered":"\n<p class=\"has-text-align-center\"><em>Jako rodi\u010de budouc\u00edho \u0161kol\u00e1ka v\u00e1s bude jist\u011b zaj\u00edmat nov\u011b vydan\u00e1 publikace obsahuj\u00edc\u00ed z\u00e1klad, kter\u00fd by m\u011bl zn\u00e1t ka\u017ed\u00fd p\u0159ed\u0161kol\u00e1k. Pov\u00eddali jsme si s&nbsp;jej\u00ed autorkou V\u011brou \u0160tikovou.<\/em><\/p>\n\n\n\n<p><strong><em>Na publikaci m\u011b na prvn\u00ed pohled zaujala u\u017e tituln\u00ed strana. Co v\u00e1s vedlo k&nbsp;tomu ji takto ztv\u00e1rnit?<\/em><\/strong><\/p>\n\n\n\n<p>Cht\u011bli jsme, aby d\u011bti m\u011bly mo\u017enost procvi\u010dit si jemnou motoriku i p\u0159i dot\u00fdk\u00e1n\u00ed v\u011bc\u00ed. Tkani\u010dka nab\u00edz\u00ed spoustu mo\u017enost\u00ed. Krom\u011b toho, \u017ee ji mohou zavazovat a rozvazovat, mohou si s&nbsp;n\u00ed t\u0159eba tr\u00e9novat i uzly nebo hr\u00e1t na hada. Spojit a vytvo\u0159it z&nbsp;n\u00ed kruh. Zkr\u00e1tka nab\u00edz\u00ed jim nep\u0159ebern\u00e9 mno\u017estv\u00ed aktivit.<\/p>\n\n\n\n<p>Jemnou motoriku si d\u011bti procvi\u010d\u00ed i p\u0159i vyst\u0159ih\u00e1v\u00e1n\u00ed tvar\u016f z&nbsp;p\u0159\u00edlohy, kter\u00e1 je sou\u010d\u00e1st\u00ed publikace. Poslepu je pozn\u00e1vaj\u00ed a podle jejich tvaru p\u0159ikl\u00e1daj\u00ed do hern\u00edho pl\u00e1nu na zadn\u00ed stran\u011b ob\u00e1lky. Inspirujeme je i dal\u0161\u00edmi mo\u017enostmi vyu\u017eit\u00ed t\u00e9to hry, nap\u0159\u00edklad si s&nbsp;n\u00ed procvi\u010d\u00ed orientaci v&nbsp;prostoru.<\/p>\n\n\n\n<p><strong><em>\u010c\u00edm si mysl\u00edte, \u017ee je v\u00e1\u0161 Z\u00e1pis je tu v\u00fdjime\u010dn\u00fd?<\/em><\/strong><\/p>\n\n\n\n<p>Pro m\u011b je jedine\u010dn\u00fd po mnoha str\u00e1nk\u00e1ch. V&nbsp;prv\u00e9 \u0159ad\u011b ur\u010dit\u011b t\u00edm, \u017ee \u00fakoly vznikaly ve spolupr\u00e1ci s&nbsp;d\u011btmi. Jakmile jsem rozvinula jejich n\u00e1m\u011bty, za\u010dali jsme po\u010d\u00e1te\u010dn\u00edmi n\u00e1\u010drty pr\u00e1zdn\u00fdm stran\u00e1m s&nbsp;v\u00fdtvarnic\u00ed vdechovat \u017eivot. P\u0159i tom jsme spolupracovali s&nbsp;elementaristy a vyu\u010duj\u00edc\u00edmi mate\u0159sk\u00fdch \u0161kol. Zaj\u00edmav\u00e9 bylo sledovat reakce d\u011bt\u00ed p\u0159i pr\u00e1ci s&nbsp;hotov\u00fdmi \u00fakoly.<\/p>\n\n\n\n<p><strong><em>D\u011bti m\u011bly mo\u017enost s&nbsp;publikac\u00ed pracovat u\u017e p\u0159ed jej\u00edm vyd\u00e1n\u00edm?<\/em><\/strong><\/p>\n\n\n\n<p>Ano, p\u0159esn\u011b tak. \u00dakoly byly ov\u011b\u0159eny \u017e\u00e1ky v&nbsp;mate\u0159sk\u00fdch \u0161kol\u00e1ch i v&nbsp;p\u0159\u00edpravn\u00e9m kurzu do 1.&nbsp;ro\u010dn\u00edku na z\u00e1kladn\u00ed \u0161kole. Pan\u00ed u\u010ditelka z&nbsp;tohoto kurzu mi \u0159ekla, \u017ee kone\u010dn\u011b na\u0161li publikaci, kter\u00e1 jim vyhovuje pro p\u0159ed\u0161koln\u00ed p\u0159\u00edpravu po v\u0161ech str\u00e1nk\u00e1ch. To mi ud\u011blalo velkou radost.<\/p>\n\n\n\n<p>Ale nejv\u011bt\u0161\u00ed radost mi ud\u011blalo, jak se d\u011btem v\u017edy rozz\u00e1\u0159ily o\u010di, kdy\u017e uvid\u011bly nov\u00e9 obr\u00e1zky. Moc se jim l\u00edbilo, \u017ee ka\u017ed\u00e1 str\u00e1nka nab\u00edz\u00ed p\u0159\u00edb\u011bh. D\u011bti se c\u00edtily b\u00fdt pot\u0159ebn\u00e9, kdy\u017e kachn\u011b pom\u00e1haly spo\u010d\u00edtat jej\u00ed k\u00e1\u010data nebo kdy\u017e spole\u010dn\u011b se v\u010delkou p\u00e1traly po stejn\u00fdch obr\u00e1zc\u00edch. A to pohlad\u00ed po srdci ze v\u0161eho nejv\u00edc, kdy\u017e vid\u00edte, \u017ee va\u0161e pr\u00e1ce m\u00e1 smysl. A to si mysl\u00edm, \u017ee je tak\u00e9 v\u00fdjime\u010dn\u00e9, kdy\u017e se t\u00edmto m\u016f\u017eete pochlubit.<\/p>\n\n\n\n<p><strong><em>Mysl\u00edte si, \u017ee publikace pro p\u0159ed\u0161kol\u00e1ky by m\u011bly oslovit d\u011bti zejm\u00e9na ilustracemi?<\/em><\/strong><\/p>\n\n\n\n<p>M\u00e1te pravdu. D\u011bti tohoto v\u011bku pracuj\u00ed hlavn\u011b s&nbsp;obr\u00e1zky. Je to logick\u00e9. V\u011bt\u0161ina z&nbsp;nich v&nbsp;tu dobu je\u0161t\u011b \u010d\u00edst neum\u00ed. Proto jsou na\u0161e strany p\u0159ev\u00e1\u017en\u011b obr\u00e1zkov\u00e9. Nen\u00ed v\u016fbec jednoduch\u00e9 se obr\u00e1zkem vyj\u00e1d\u0159it. V\u00fdtvarnice Andrea Schindlerov\u00e1 se toho zhostila na jedni\u010dku. Jej\u00ed obr\u00e1zky jsou tak p\u016fsobiv\u00e9, \u017ee oslov\u00ed ka\u017ed\u00e9ho p\u0159ed\u0161kol\u00e1ka. Dok\u00e1\u017eou zaujmout a vt\u00e1hnout d\u011bti do \u0159e\u0161en\u00ed \u00fakolu okam\u017eit\u011b po otev\u0159en\u00ed se\u0161itu. V\u0161imla jsem si, \u017ee n\u011bkter\u00e9 d\u011bti obr\u00e1zky oslovily a\u017e tak, \u017ee si s&nbsp;nimi pov\u00eddaly.<\/p>\n\n\n\n<p><strong><em>Spolupracovali jste p\u0159i tvorb\u011b i s&nbsp;odborn\u00edky?<\/em><\/strong><\/p>\n\n\n\n<p>To pova\u017euji za nepostradateln\u00e9. Jsem moc vd\u011b\u010dn\u00e1 doc. Han\u011b Hork\u00e9 z&nbsp;Pedagogick\u00e9 fakulty Masarykovy univerzity, \u017ee si pro n\u00e1s ud\u011blala \u010das, kdy\u017e jsme ob\u010das t\u00e1pali v&nbsp;temnot\u00e1ch a pot\u0159ebovali se ujistit, \u017ee jsme vykro\u010dili spr\u00e1vn\u00fdm sm\u011brem, a za\u0161t\u00edtila na\u0161i publikaci po odborn\u00e9 str\u00e1nce.<\/p>\n\n\n\n<p><strong><em>\u010cten\u00e1\u0159e bude zaj\u00edmat, co je na str\u00e1nk\u00e1ch \u010dek\u00e1.<\/em><\/strong><\/p>\n\n\n\n<p>Na\u0161e publikace obsahuje z\u00e1klad, kter\u00fd by m\u011bl zn\u00e1t ka\u017ed\u00fd p\u0159ed\u0161kol\u00e1k. Pozn\u00e1v\u00e1n\u00ed barev, tvar\u016f, orientaci v&nbsp;prostoru a v&nbsp;\u010dase, p\u0159edpo\u010detn\u00ed p\u0159edstavy a dovednosti aj. Nen\u00ed p\u0159edimenzovan\u00e1 po\u010dtem stran. D\u011bti nep\u0159et\u011b\u017eujeme \u00fakoly, kter\u00e9 neodpov\u00eddaj\u00ed jejich v\u011bku, a respektujeme to, co zvl\u00e1dnou. Postupujeme systematicky krok za krokem, nejn\u00e1ro\u010dn\u011bj\u0161\u00ed \u00fakoly jsou um\u00edst\u011bny a\u017e v&nbsp;z\u00e1v\u011bru publikace.<\/p>\n\n\n\n<p><strong><em>J\u00e1 si pamatuji, jak jsem se p\u0159ed z\u00e1pisem u\u010dila s&nbsp;maminkou \u0159\u00edkanku, kterou tam p\u0159ednesu. Obsahuje va\u0161e publikace i \u0159\u00edkanky?<\/em><\/strong><\/p>\n\n\n\n<p>Bez nich by to nebylo ono. \u0158\u00edkanky k&nbsp;\u017eivotu p\u0159ed\u0161kol\u00e1ka neodmysliteln\u011b pat\u0159\u00ed. Slou\u017e\u00ed k&nbsp;v\u00fdvoji d\u011btsk\u00e9 \u0159e\u010di, rozv\u00edjej\u00ed slovn\u00ed z\u00e1sobu d\u011bt\u00ed. D\u011bti si s&nbsp;jejich pomoc\u00ed procvi\u010duj\u00ed pam\u011b\u0165. P\u0159i jejich osvojov\u00e1n\u00ed vn\u00edmaj\u00ed jejich pravideln\u00fd rytmus, pro\u017e\u00edvaj\u00ed radost p\u0159i hudebn\u011b-pohybov\u00fdch \u010dinnostech, kter\u00e9 \u0159\u00edkanky prov\u00e1zej\u00ed.<\/p>\n\n\n\n<p><strong><em>Moje obl\u00edben\u00e1 byla o my\u0161i\u010dce, kter\u00e1 va\u0159ila ka\u0161i\u010dku\u2026<\/em><\/strong><\/p>\n\n\n\n<p>I j\u00e1 jsem si p\u0159i n\u00ed s&nbsp;rodi\u010di u\u017eila spoustu legrace. D\u011bti velmi oce\u0148uj\u00ed ka\u017edou volnou chvilku, kterou si pro n\u011b rodi\u010de ud\u011blaj\u00ed. Na\u0161e publikace jim m\u016f\u017ee tyto p\u011bkn\u00e9 chv\u00edle zprost\u0159edkovat. Mohou si doma s&nbsp;d\u011btmi t\u0159eba hr\u00e1t na \u0161kolu a pravideln\u011b se v\u011bnovat po chvilk\u00e1ch v\u017edy n\u011bjak\u00e9mu \u00fakolu, kter\u00fd spole\u010dn\u011b vyberou.<\/p>\n\n\n\n<p><strong><em>Bohu\u017eel je i spousta d\u011bt\u00ed, kter\u00e9 tr\u00e1v\u00ed v\u011bt\u0161inu voln\u00e9ho \u010dasu bez rodi\u010d\u016f. Porad\u00ed si s&nbsp;\u00fakoly ve va\u0161\u00ed publikaci bez pomoci dosp\u011bl\u00e9ho?<\/em><\/strong><\/p>\n\n\n\n<p>I s&nbsp;touto mo\u017enost\u00ed jsme po\u010d\u00edtali. D\u011bti maj\u00ed vyzna\u010den\u00fd vzor, kter\u00fd jim na prvn\u00ed pohled napov\u00ed, \u010demu maj\u00ed v&nbsp;\u00fakolu v\u011bnovat pozornost. Nav\u00edc p\u0159ipravujeme i interaktivn\u00ed verzi se\u0161itu, ve kter\u00e9 si budou moci instrukci poslechnout.<\/p>\n\n\n\n<p><strong><em>Jak takov\u00e1 interaktivn\u00ed verze funguje?<\/em><\/strong><\/p>\n\n\n\n<p>Vdechne ti\u0161t\u011bn\u00e9 publikaci \u017eivot. Krom\u011b poslechu instrukce si d\u011bti p\u0159ehraj\u00ed nap\u0159\u00edklad i \u0159\u00edkanku. P\u0159esouvaj\u00ed obr\u00e1zky, kam pot\u0159ebuj\u00ed. Mohou je i vybarvovat. Interaktivn\u00ed verze se\u0161itu bude d\u011bti jist\u011b bavit. Audia budou nahran\u00e1 nejen v&nbsp;\u010desk\u00e9m jazyce, ale tak\u00e9 ve vietnam\u0161tin\u011b, ukrajin\u0161tin\u011b, n\u011bm\u010din\u011b a samoz\u0159ejm\u011b v&nbsp;angli\u010dtin\u011b. V&nbsp;dne\u0161n\u00edm multikulturn\u00edm sv\u011bt\u011b c\u00edt\u00edme pot\u0159ebu pomoci d\u011btem, kter\u00e9 maj\u00ed probl\u00e9m instrukci v&nbsp;\u010desk\u00e9m jazyce porozum\u011bt.<\/p>\n\n\n\n<p><strong><em>Budete se v\u011bnovat i dal\u0161\u00edm publikac\u00edm pro p\u0159ed\u0161koln\u00ed vzd\u011bl\u00e1v\u00e1n\u00ed?<\/em><\/strong><\/p>\n\n\n\n<p>M\u011bla jsem p\u0159\u00edle\u017eitost spolupracovat se skv\u011bl\u00fdm t\u00fdmem lid\u00ed a byla by \u0161koda v&nbsp;tom nepokra\u010dovat. Tak\u017ee ur\u010dit\u011b ano. Po\u010d\u00edt\u00e1me s&nbsp;t\u00edm. R\u00e1di bychom podpo\u0159ili kvalitn\u00ed p\u0159\u00edpravu d\u011bt\u00ed do 1.&nbsp;ro\u010dn\u00edku a jako pedagogick\u00e9 nakladatelstv\u00ed m\u016f\u017eeme kvalitu zaru\u010dit.<\/p>\n","protected":false},"excerpt":{"rendered":"<p>Jako rodi\u010de budouc\u00edho \u0161kol\u00e1ka v\u00e1s bude jist\u011b zaj\u00edmat nov\u011b vydan\u00e1 publikace obsahuj\u00edc\u00ed z\u00e1klad, kter\u00fd by m\u011bl zn\u00e1t ka\u017ed\u00fd p\u0159ed\u0161kol\u00e1k. Pov\u00eddali jsme si s&nbsp;jej\u00ed autorkou V\u011brou \u0160tikovou. Na publikaci m\u011b na prvn\u00ed pohled zaujala u\u017e tituln\u00ed strana. Co v\u00e1s vedlo k&nbsp;tomu ji takto ztv\u00e1rnit? Cht\u011bli jsme, aby d\u011bti m\u011bly mo\u017enost procvi\u010dit si jemnou motoriku i p\u0159i [&hellip;]<\/p>\n","protected":false},"author":2,"featured_media":0,"parent":63,"menu_order":0,"comment_status":"closed","ping_status":"closed","template":"","meta":{"footnotes":""},"class_list":["post-141","page","type-page","status-publish","hentry","latest_post"],"_links":{"self":[{"href":"https:\/\/nns.cz\/predskolak\/wp-json\/wp\/v2\/pages\/141","targetHints":{"allow":["GET"]}}],"collection":[{"href":"https:\/\/nns.cz\/predskolak\/wp-json\/wp\/v2\/pages"}],"about":[{"href":"https:\/\/nns.cz\/predskolak\/wp-json\/wp\/v2\/types\/page"}],"author":[{"embeddable":true,"href":"https:\/\/nns.cz\/predskolak\/wp-json\/wp\/v2\/users\/2"}],"replies":[{"embeddable":true,"href":"https:\/\/nns.cz\/predskolak\/wp-json\/wp\/v2\/comments?post=141"}],"version-history":[{"count":1,"href":"https:\/\/nns.cz\/predskolak\/wp-json\/wp\/v2\/pages\/141\/revisions"}],"predecessor-version":[{"id":142,"href":"https:\/\/nns.cz\/predskolak\/wp-json\/wp\/v2\/pages\/141\/revisions\/142"}],"up":[{"embeddable":true,"href":"https:\/\/nns.cz\/predskolak\/wp-json\/wp\/v2\/pages\/63"}],"wp:attachment":[{"href":"https:\/\/nns.cz\/predskolak\/wp-json\/wp\/v2\/media?parent=141"}],"curies":[{"name":"wp","href":"https:\/\/api.w.org\/{rel}","templated":true}]}}