{"id":1406,"date":"2023-04-13T12:01:07","date_gmt":"2023-04-13T10:01:07","guid":{"rendered":"https:\/\/nns.cz\/predskolak\/?page_id=1406"},"modified":"2023-04-13T12:31:42","modified_gmt":"2023-04-13T10:31:42","slug":"predstaveni-pracovni-ucebnice","status":"publish","type":"page","link":"https:\/\/nns.cz\/predskolak\/zapis-je-tu\/predstaveni-pracovni-ucebnice\/","title":{"rendered":"P\u0159edstaven\u00ed pracovn\u00ed u\u010debnice"},"content":{"rendered":"\n<p><strong><span class=\"has-inline-color has-vivid-red-color\">Z<\/span><span class=\"has-inline-color has-luminous-vivid-amber-color\">\u00c1<\/span><span class=\"has-inline-color has-vivid-green-cyan-color\">P<\/span><span class=\"has-inline-color has-pale-pink-color\">I<\/span><span class=\"has-inline-color has-pale-cyan-blue-color\">S<\/span> <span class=\"has-inline-color has-vivid-green-cyan-color\">J<\/span><span class=\"has-inline-color has-vivid-red-color\">E<\/span> <span class=\"has-inline-color has-vivid-cyan-blue-color\">T<\/span><span class=\"has-inline-color has-light-green-cyan-color\">U<\/span><\/strong> <strong>obsahuje z\u00e1klad<\/strong>, kter\u00fd pot\u0159ebuje zn\u00e1t ka\u017ed\u00fd p\u0159ed\u0161kol\u00e1k k&nbsp;z\u00e1pisu: pozn\u00e1v\u00e1n\u00ed barev, tvar\u016f, orientace v&nbsp;prostoru i v&nbsp;\u010dase, p\u0159edpo\u010detn\u00ed p\u0159edstavy a dovednosti atd. To v\u0161e v&nbsp;neot\u0159el\u00e9, z\u00e1bavn\u00e9 a p\u0159itom odborn\u011b zpracovan\u00e9 podob\u011b.<\/p>\n\n\n\n<figure class=\"wp-block-image size-full\"><a href=\"https:\/\/nns.cz\/predskolak\/wp-content\/uploads\/2023\/04\/zapis_int_str40-scaled.jpg\"><img loading=\"lazy\" decoding=\"async\" width=\"1810\" height=\"2560\" src=\"https:\/\/nns.cz\/predskolak\/wp-content\/uploads\/2023\/04\/zapis_int_str40-scaled.jpg\" alt=\"\" class=\"wp-image-1407\" srcset=\"https:\/\/nns.cz\/predskolak\/wp-content\/uploads\/2023\/04\/zapis_int_str40-scaled.jpg 1810w, https:\/\/nns.cz\/predskolak\/wp-content\/uploads\/2023\/04\/zapis_int_str40-212x300.jpg 212w, https:\/\/nns.cz\/predskolak\/wp-content\/uploads\/2023\/04\/zapis_int_str40-724x1024.jpg 724w, https:\/\/nns.cz\/predskolak\/wp-content\/uploads\/2023\/04\/zapis_int_str40-768x1086.jpg 768w, https:\/\/nns.cz\/predskolak\/wp-content\/uploads\/2023\/04\/zapis_int_str40-1086x1536.jpg 1086w, https:\/\/nns.cz\/predskolak\/wp-content\/uploads\/2023\/04\/zapis_int_str40-1448x2048.jpg 1448w\" sizes=\"auto, (max-width: 1810px) 100vw, 1810px\" \/><\/a><\/figure>\n\n\n\n<p><strong>Pracovn\u00ed u\u010debnice Z\u00e1pis je tu<\/strong> je ur\u010dena pro p\u0159ed\u0161koln\u00ed p\u0159\u00edpravu d\u011bt\u00ed:<br>\u2013 doma <strong>s&nbsp;rodi\u010di<\/strong>,<br>\u2013 <strong>v&nbsp;mate\u0159sk\u00fdch \u0161kol\u00e1ch<\/strong>,<br>\u2013 <strong>k&nbsp;z\u00e1pisu do \u0161koly v&nbsp;p\u0159\u00edpravn\u00fdch kurzech<\/strong> z\u00e1kladn\u00edch \u0161kol.<\/p>\n\n\n\n<p>Doporu\u010dujeme ji vyu\u017e\u00edt:<br>\u2013 p\u0159i prov\u011b\u0159en\u00ed znalost\u00ed d\u011bt\u00ed u z\u00e1pisu,<br>\u2013 pro p\u0159\u00edpravu ke vstupu do 1.&nbsp;ro\u010dn\u00edku i po z\u00e1pisu.<\/p>\n\n\n\n<p><strong>Zadn\u00ed strana ti\u0161t\u011bn\u00e9 u\u010debnice<\/strong> ke koncipov\u00e1na jako <strong>hra<\/strong>, ve kter\u00e9 p\u0159ed\u0161kol\u00e1ci tyto znalosti kompletn\u011b procvi\u010d\u00ed. Z&nbsp;p\u0159\u00edlohy si vyst\u0159ihnou obr\u00e1zky, kter\u00e9 k&nbsp;t\u00e9to h\u0159e vyu\u017eij\u00ed.<\/p>\n\n\n\n<p>V&nbsp;p\u0159\u00edloze naleznou i dv\u011b skl\u00e1danky, ve kter\u00fdch si <strong>procvi\u010d\u00ed sv\u00e9 v\u011bdomosti a dovednosti z\u00e1bavnou formou<\/strong>.<\/p>\n\n\n\n<figure class=\"wp-block-gallery columns-3 is-cropped wp-block-gallery-1 is-layout-flex wp-block-gallery-is-layout-flex\"><ul class=\"blocks-gallery-grid\"><li class=\"blocks-gallery-item\"><figure><a href=\"https:\/\/nns.cz\/predskolak\/wp-content\/uploads\/2023\/04\/zapis-obalka-scaled.jpg\"><img loading=\"lazy\" decoding=\"async\" width=\"1827\" height=\"2560\" src=\"https:\/\/nns.cz\/predskolak\/wp-content\/uploads\/2023\/04\/zapis-obalka-scaled.jpg\" alt=\"\" data-id=\"1408\" data-link=\"https:\/\/nns.cz\/predskolak\/?attachment_id=1408\" class=\"wp-image-1408\" srcset=\"https:\/\/nns.cz\/predskolak\/wp-content\/uploads\/2023\/04\/zapis-obalka-scaled.jpg 1827w, https:\/\/nns.cz\/predskolak\/wp-content\/uploads\/2023\/04\/zapis-obalka-214x300.jpg 214w, https:\/\/nns.cz\/predskolak\/wp-content\/uploads\/2023\/04\/zapis-obalka-731x1024.jpg 731w, https:\/\/nns.cz\/predskolak\/wp-content\/uploads\/2023\/04\/zapis-obalka-768x1076.jpg 768w, https:\/\/nns.cz\/predskolak\/wp-content\/uploads\/2023\/04\/zapis-obalka-1096x1536.jpg 1096w, https:\/\/nns.cz\/predskolak\/wp-content\/uploads\/2023\/04\/zapis-obalka-1462x2048.jpg 1462w\" sizes=\"auto, (max-width: 1827px) 100vw, 1827px\" \/><\/a><\/figure><\/li><li class=\"blocks-gallery-item\"><figure><a href=\"https:\/\/nns.cz\/predskolak\/wp-content\/uploads\/2023\/04\/zapis-priloha01-scaled.jpg\"><img loading=\"lazy\" decoding=\"async\" width=\"1810\" height=\"2560\" src=\"https:\/\/nns.cz\/predskolak\/wp-content\/uploads\/2023\/04\/zapis-priloha01-scaled.jpg\" alt=\"\" data-id=\"1425\" data-full-url=\"https:\/\/nns.cz\/predskolak\/wp-content\/uploads\/2023\/04\/zapis-priloha01-scaled.jpg\" data-link=\"https:\/\/nns.cz\/predskolak\/zapis-je-tu\/predstaveni-pracovni-ucebnice\/zapis-priloha01\/\" class=\"wp-image-1425\" srcset=\"https:\/\/nns.cz\/predskolak\/wp-content\/uploads\/2023\/04\/zapis-priloha01-scaled.jpg 1810w, https:\/\/nns.cz\/predskolak\/wp-content\/uploads\/2023\/04\/zapis-priloha01-212x300.jpg 212w, https:\/\/nns.cz\/predskolak\/wp-content\/uploads\/2023\/04\/zapis-priloha01-724x1024.jpg 724w, https:\/\/nns.cz\/predskolak\/wp-content\/uploads\/2023\/04\/zapis-priloha01-768x1086.jpg 768w, https:\/\/nns.cz\/predskolak\/wp-content\/uploads\/2023\/04\/zapis-priloha01-1086x1536.jpg 1086w, https:\/\/nns.cz\/predskolak\/wp-content\/uploads\/2023\/04\/zapis-priloha01-1448x2048.jpg 1448w\" sizes=\"auto, (max-width: 1810px) 100vw, 1810px\" \/><\/a><\/figure><\/li><li class=\"blocks-gallery-item\"><figure><a href=\"https:\/\/nns.cz\/predskolak\/wp-content\/uploads\/2023\/04\/zapis-priloha02-scaled.jpg\"><img loading=\"lazy\" decoding=\"async\" width=\"1810\" height=\"2560\" src=\"https:\/\/nns.cz\/predskolak\/wp-content\/uploads\/2023\/04\/zapis-priloha02-scaled.jpg\" alt=\"\" data-id=\"1409\" data-link=\"https:\/\/nns.cz\/predskolak\/?attachment_id=1409\" class=\"wp-image-1409\" srcset=\"https:\/\/nns.cz\/predskolak\/wp-content\/uploads\/2023\/04\/zapis-priloha02-scaled.jpg 1810w, https:\/\/nns.cz\/predskolak\/wp-content\/uploads\/2023\/04\/zapis-priloha02-212x300.jpg 212w, https:\/\/nns.cz\/predskolak\/wp-content\/uploads\/2023\/04\/zapis-priloha02-724x1024.jpg 724w, https:\/\/nns.cz\/predskolak\/wp-content\/uploads\/2023\/04\/zapis-priloha02-768x1086.jpg 768w, https:\/\/nns.cz\/predskolak\/wp-content\/uploads\/2023\/04\/zapis-priloha02-1086x1536.jpg 1086w, https:\/\/nns.cz\/predskolak\/wp-content\/uploads\/2023\/04\/zapis-priloha02-1448x2048.jpg 1448w\" sizes=\"auto, (max-width: 1810px) 100vw, 1810px\" \/><\/a><\/figure><\/li><\/ul><\/figure>\n\n\n\n<div class=\"wp-block-image\"><figure class=\"alignleft size-medium is-resized\"><a href=\"https:\/\/nns.cz\/predskolak\/wp-content\/uploads\/2020\/09\/DSC_0362-scaled.jpg\"><img loading=\"lazy\" decoding=\"async\" src=\"https:\/\/nns.cz\/predskolak\/wp-content\/uploads\/2020\/09\/DSC_0362-300x200.jpg\" alt=\"\" class=\"wp-image-220\" width=\"300\" height=\"200\" srcset=\"https:\/\/nns.cz\/predskolak\/wp-content\/uploads\/2020\/09\/DSC_0362-300x200.jpg 300w, https:\/\/nns.cz\/predskolak\/wp-content\/uploads\/2020\/09\/DSC_0362-1024x683.jpg 1024w, https:\/\/nns.cz\/predskolak\/wp-content\/uploads\/2020\/09\/DSC_0362-768x512.jpg 768w, https:\/\/nns.cz\/predskolak\/wp-content\/uploads\/2020\/09\/DSC_0362-1536x1024.jpg 1536w, https:\/\/nns.cz\/predskolak\/wp-content\/uploads\/2020\/09\/DSC_0362-2048x1365.jpg 2048w, https:\/\/nns.cz\/predskolak\/wp-content\/uploads\/2020\/09\/DSC_0362-272x182.jpg 272w\" sizes=\"auto, (max-width: 300px) 100vw, 300px\" \/><\/a><\/figure><\/div>\n\n\n\n<p>K\u00a0ti\u0161t\u011bn\u00e9 u\u010debnici nab\u00edz\u00edme d\u011btem<strong> interaktivn\u00ed u\u010debnici<\/strong>, kter\u00e1 jim nab\u00edz\u00ed velk\u00e9 mno\u017estv\u00ed \u00fakol\u016f a her ke ka\u017ed\u00e9 str\u00e1nce. Mohou si tak prohloubit z\u00edskan\u00e9 v\u011bdomosti a dovednosti. \u00dakoly je motivuj\u00ed k\u00a0u\u010den\u00ed. Pr\u016fb\u011b\u017en\u011b do nich dopl\u0148ujeme dal\u0161\u00ed cvi\u010den\u00ed a u\u010debnice pravideln\u011b aktualizujeme.<\/p>\n\n\n\n<p><a href=\"https:\/\/nns.cz\/predskolak\/miuc\/\" target=\"_blank\" rel=\"noreferrer noopener\">V\u00edce informac\u00ed naleznete zde.<\/a><\/p>\n\n\n\n<div class=\"wp-block-image\"><figure class=\"alignright size-full is-resized\"><a href=\"https:\/\/nns.cz\/predskolak\/zapis-je-tu-ua\/\" target=\"_blank\" rel=\"noopener noreferrer\"><img loading=\"lazy\" decoding=\"async\" src=\"https:\/\/nns.cz\/predskolak\/wp-content\/uploads\/2022\/09\/titulka-UK-1-e1663074680953.gif\" alt=\"\" class=\"wp-image-799\" width=\"216\" height=\"248\"\/><\/a><\/figure><\/div>\n\n\n\n<p><strong>MIU\u010d+ <\/strong><em>Z\u00e1pis je tu <\/em>nab\u00edz\u00edme NOV\u011a v\u00a0ukrajin\u0161tin\u011b.<\/p>\n\n\n\n<p>\u0414\u043b\u044f<strong>&nbsp;\u0443\u043a\u0440\u0430\u0457\u043d\u0441\u044c\u043a\u0438\u0445 \u0434\u0456\u0442\u0435\u0439<\/strong>, \u0457\u0445\u043d\u0456\u0445 \u0431\u0430\u0442\u044c\u043a\u0456\u0432 \u0442\u0430 \u0432\u0447\u0438\u0442\u0435\u043b\u0456\u0432, \u0430 \u0442\u0430\u043a\u043e\u0436 \u0434\u043b\u044f \u0432\u0441\u0456\u0445, \u043a\u043e\u043c\u0443 \u0446\u0435 \u0437\u043d\u0430\u0434\u043e\u0431\u0438\u0442\u044c\u0441\u044f, \u043c\u0438 \u043f\u0440\u0438\u0433\u043e\u0442\u0443\u0432\u0430\u043b\u0438 \u043f\u0456\u0434\u0440\u0443\u0447\u043d\u0438\u043a&nbsp;<a rel=\"noreferrer noopener\" href=\"https:\/\/nns.cz\/predskolak\/zapis-je-tu-ua\/\" target=\"_blank\"><strong><span class=\"has-inline-color has-vivid-red-color\">\u0427<\/span><span class=\"has-inline-color has-luminous-vivid-amber-color\">\u0410<\/span><span class=\"has-inline-color has-light-green-cyan-color\">\u0421<\/span>&nbsp;<span class=\"has-inline-color has-pale-pink-color\">\u0414<\/span><span class=\"has-inline-color has-vivid-cyan-blue-color\">\u041e<\/span><\/strong>&nbsp;<strong><span class=\"has-inline-color has-vivid-green-cyan-color\">\u0428<\/span><span class=\"has-inline-color has-vivid-red-color\">\u041a<\/span><span class=\"has-inline-color has-pale-cyan-blue-color\">\u041e<\/span>\u041b<span class=\"has-inline-color has-luminous-vivid-amber-color\">\u0418<\/span><\/strong><\/a>&nbsp;\u0443\u043a\u0440\u0430\u0457\u043d\u0441\u044c\u043a\u043e\u044e \u043c\u043e\u0432\u043e\u044e.<\/p>\n\n\n\n<p>Aktu\u00e1ln\u00ed <strong>KATALOG<\/strong> s&nbsp;tituly ur\u010den\u00fdmi pro mate\u0159sk\u00e9 \u0161koly najdete <a rel=\"noreferrer noopener\" href=\"https:\/\/nns.cz\/predskolak\/katalog\/\" target=\"_blank\">zde<\/a>.<\/p>\n","protected":false},"excerpt":{"rendered":"<p>Z\u00c1PIS JE TU obsahuje z\u00e1klad, kter\u00fd pot\u0159ebuje zn\u00e1t ka\u017ed\u00fd p\u0159ed\u0161kol\u00e1k k&nbsp;z\u00e1pisu: pozn\u00e1v\u00e1n\u00ed barev, tvar\u016f, orientace v&nbsp;prostoru i v&nbsp;\u010dase, p\u0159edpo\u010detn\u00ed p\u0159edstavy a dovednosti atd. To v\u0161e v&nbsp;neot\u0159el\u00e9, z\u00e1bavn\u00e9 a p\u0159itom odborn\u011b zpracovan\u00e9 podob\u011b. Pracovn\u00ed u\u010debnice Z\u00e1pis je tu je ur\u010dena pro p\u0159ed\u0161koln\u00ed p\u0159\u00edpravu d\u011bt\u00ed:\u2013 doma s&nbsp;rodi\u010di,\u2013 v&nbsp;mate\u0159sk\u00fdch \u0161kol\u00e1ch,\u2013 k&nbsp;z\u00e1pisu do \u0161koly v&nbsp;p\u0159\u00edpravn\u00fdch kurzech z\u00e1kladn\u00edch \u0161kol. Doporu\u010dujeme [&hellip;]<\/p>\n","protected":false},"author":2,"featured_media":0,"parent":63,"menu_order":0,"comment_status":"closed","ping_status":"closed","template":"","meta":{"footnotes":""},"class_list":["post-1406","page","type-page","status-publish","hentry","latest_post"],"_links":{"self":[{"href":"https:\/\/nns.cz\/predskolak\/wp-json\/wp\/v2\/pages\/1406","targetHints":{"allow":["GET"]}}],"collection":[{"href":"https:\/\/nns.cz\/predskolak\/wp-json\/wp\/v2\/pages"}],"about":[{"href":"https:\/\/nns.cz\/predskolak\/wp-json\/wp\/v2\/types\/page"}],"author":[{"embeddable":true,"href":"https:\/\/nns.cz\/predskolak\/wp-json\/wp\/v2\/users\/2"}],"replies":[{"embeddable":true,"href":"https:\/\/nns.cz\/predskolak\/wp-json\/wp\/v2\/comments?post=1406"}],"version-history":[{"count":9,"href":"https:\/\/nns.cz\/predskolak\/wp-json\/wp\/v2\/pages\/1406\/revisions"}],"predecessor-version":[{"id":1427,"href":"https:\/\/nns.cz\/predskolak\/wp-json\/wp\/v2\/pages\/1406\/revisions\/1427"}],"up":[{"embeddable":true,"href":"https:\/\/nns.cz\/predskolak\/wp-json\/wp\/v2\/pages\/63"}],"wp:attachment":[{"href":"https:\/\/nns.cz\/predskolak\/wp-json\/wp\/v2\/media?parent=1406"}],"curies":[{"name":"wp","href":"https:\/\/api.w.org\/{rel}","templated":true}]}}