{"id":1389,"date":"2023-04-13T11:28:29","date_gmt":"2023-04-13T09:28:29","guid":{"rendered":"https:\/\/nns.cz\/predskolak\/?page_id=1389"},"modified":"2023-04-13T12:15:03","modified_gmt":"2023-04-13T10:15:03","slug":"predstaveni-pracovnich-ucebnic","status":"publish","type":"page","link":"https:\/\/nns.cz\/predskolak\/skola-je-tu\/predstaveni-pracovnich-ucebnic\/","title":{"rendered":"P\u0159edstaven\u00ed pracovn\u00edch u\u010debnic"},"content":{"rendered":"\n<p><strong><span class=\"has-inline-color has-vivid-red-color\">\u0160<\/span><span class=\"has-inline-color has-vivid-purple-color\">K<\/span><span class=\"has-inline-color has-vivid-cyan-blue-color\">O<\/span><span class=\"has-inline-color has-luminous-vivid-amber-color\">L<\/span><span class=\"has-inline-color has-vivid-green-cyan-color\">A<\/span>&nbsp;<span class=\"has-inline-color has-vivid-cyan-blue-color\">J<\/span><span class=\"has-inline-color has-vivid-red-color\">E<\/span>&nbsp;<span class=\"has-inline-color has-pale-cyan-blue-color\">T<\/span><span class=\"has-inline-color has-vivid-cyan-blue-color\">U<\/span><\/strong>&nbsp;je sada t\u0159\u00ed pracovn\u00edch u\u010debnic pro p\u0159ed\u0161koln\u00ed p\u0159\u00edpravu d\u011bt\u00ed od 5 let.<\/p>\n\n\n\n<p>Je v\u00fdjime\u010dn\u00e1 tematick\u00fdm propojen\u00edm poh\u00e1dkami.<\/p>\n\n\n\n<ul class=\"wp-block-list\"><li>\u00dakoly jsou odborn\u011b zpracovan\u00e9 v&nbsp;didaktick\u00e9 posloupnosti v&nbsp;pr\u016fb\u011bhu cel\u00e9 u\u010debnice, i ka\u017ed\u00fd \u00fakol m\u00e1 svoji didaktickou strukturu, nav\u00edc jsou i prov\u00e1zan\u00e9 nap\u0159\u00ed\u010d v\u0161emi t\u0159emi pracovn\u00edmi u\u010debnicemi v&nbsp;r\u00e1mci jedn\u00e9 poh\u00e1dky.<\/li><li>Sou\u010d\u00e1st\u00ed pracovn\u00edch u\u010debnic je&nbsp;<strong>15 audiopoh\u00e1dek<\/strong>, kter\u00e9 si m\u016f\u017eete p\u0159ehr\u00e1t v&nbsp;po\u010d\u00edta\u010di, tabletu nebo na mobiln\u00edm telefonu na&nbsp;<a rel=\"noreferrer noopener\" href=\"http:\/\/www.nns.cz\/pohadky\" target=\"_blank\"><strong>www.nns.cz\/pohadky<\/strong><\/a>.&nbsp;<\/li><\/ul>\n\n\n\n<ul class=\"wp-block-list\"><li>Pracovn\u00ed u\u010debnice&nbsp;<strong>vznikly ve spolupr\u00e1ci s&nbsp;elementaristy a vyu\u010duj\u00edc\u00edmi z&nbsp;mate\u0159sk\u00fdch \u0161kol pod dohledem odborn\u00edk\u016f z&nbsp;Pedagogick\u00e9 a Filozofick\u00e9 fakulty Masarykovy univerzity<\/strong>. Jsou&nbsp;<strong>ov\u011b\u0159eny<\/strong>&nbsp;<strong>p\u0159ed\u0161kol\u00e1ky<\/strong>&nbsp;v&nbsp;p\u0159\u00edpravn\u00fdch kurzech do \u0161koly a v&nbsp;p\u0159ed\u0161koln\u00edch p\u0159\u00edpravk\u00e1ch v&nbsp;mate\u0159sk\u00fdch \u0161kol\u00e1ch (st\u00e1tn\u00edch i soukrom\u00fdch).<\/li><li>Prost\u0159ednictv\u00edm tabletu maj\u00ed p\u0159ed\u0161kol\u00e1ci mo\u017enost pracovat s&nbsp;pracovn\u00edmi u\u010debnicemi i interaktivn\u011b.&nbsp;<a rel=\"noreferrer noopener\" href=\"https:\/\/nns.cz\/predskolak\/skola-je-tu\/miuc\/\" target=\"_blank\">V\u00edce informac\u00ed zde.<\/a><\/li><\/ul>\n\n\n\n<p>Ti\u0161t\u011bn\u00e9 pracovn\u00ed u\u010debnice<strong>\u00a0jsou skladem<\/strong>\u00a0a m\u016f\u017eete je\u00a0<a rel=\"noreferrer noopener\" href=\"https:\/\/www.nns.cz\/obchod\/index.php?item=nabidka2&amp;eshop_action=show_sel_data&amp;order_by=isbn&amp;cat_lev2_chbx%5B%5D=75&amp;cat_lev2_chbx%5B%5D=70&amp;cat_lev3=P%C5%99ed%C5%A1koln%C3%AD+vzd%C4%9Bl%C3%A1v%C3%A1n%C3%AD&amp;cat_lev4=X&amp;search_pat=&amp;isbn_pat=\" target=\"_blank\"><strong>zakoupit ve zv\u00fdhodn\u011bn\u00e9 sad\u011b<\/strong><\/a>.<\/p>\n\n\n\n<figure class=\"wp-block-gallery columns-4 is-cropped wp-block-gallery-1 is-layout-flex wp-block-gallery-is-layout-flex\"><ul class=\"blocks-gallery-grid\"><li class=\"blocks-gallery-item\"><figure><a href=\"https:\/\/nns.cz\/predskolak\/wp-content\/uploads\/2021\/12\/opt_P-52_titulka.png\"><img loading=\"lazy\" decoding=\"async\" width=\"1600\" height=\"2263\" src=\"https:\/\/nns.cz\/predskolak\/wp-content\/uploads\/2021\/12\/opt_P-52_titulka.png\" alt=\"\" data-id=\"457\" data-full-url=\"https:\/\/nns.cz\/predskolak\/wp-content\/uploads\/2021\/12\/opt_P-52_titulka.png\" data-link=\"https:\/\/nns.cz\/predskolak\/opt_p-52_titulka\/\" class=\"wp-image-457\" srcset=\"https:\/\/nns.cz\/predskolak\/wp-content\/uploads\/2021\/12\/opt_P-52_titulka.png 1600w, https:\/\/nns.cz\/predskolak\/wp-content\/uploads\/2021\/12\/opt_P-52_titulka-212x300.png 212w, https:\/\/nns.cz\/predskolak\/wp-content\/uploads\/2021\/12\/opt_P-52_titulka-724x1024.png 724w, https:\/\/nns.cz\/predskolak\/wp-content\/uploads\/2021\/12\/opt_P-52_titulka-768x1086.png 768w, https:\/\/nns.cz\/predskolak\/wp-content\/uploads\/2021\/12\/opt_P-52_titulka-1086x1536.png 1086w, https:\/\/nns.cz\/predskolak\/wp-content\/uploads\/2021\/12\/opt_P-52_titulka-1448x2048.png 1448w\" sizes=\"auto, (max-width: 1600px) 100vw, 1600px\" \/><\/a><\/figure><\/li><li class=\"blocks-gallery-item\"><figure><a href=\"https:\/\/nns.cz\/predskolak\/wp-content\/uploads\/2021\/12\/opt_P-53_titullka.png\"><img loading=\"lazy\" decoding=\"async\" width=\"1600\" height=\"2263\" src=\"https:\/\/nns.cz\/predskolak\/wp-content\/uploads\/2021\/12\/opt_P-53_titullka.png\" alt=\"\" data-id=\"463\" data-full-url=\"https:\/\/nns.cz\/predskolak\/wp-content\/uploads\/2021\/12\/opt_P-53_titullka.png\" data-link=\"https:\/\/nns.cz\/predskolak\/opt_p-53_titullka\/\" class=\"wp-image-463\" srcset=\"https:\/\/nns.cz\/predskolak\/wp-content\/uploads\/2021\/12\/opt_P-53_titullka.png 1600w, https:\/\/nns.cz\/predskolak\/wp-content\/uploads\/2021\/12\/opt_P-53_titullka-212x300.png 212w, https:\/\/nns.cz\/predskolak\/wp-content\/uploads\/2021\/12\/opt_P-53_titullka-724x1024.png 724w, https:\/\/nns.cz\/predskolak\/wp-content\/uploads\/2021\/12\/opt_P-53_titullka-768x1086.png 768w, https:\/\/nns.cz\/predskolak\/wp-content\/uploads\/2021\/12\/opt_P-53_titullka-1086x1536.png 1086w, https:\/\/nns.cz\/predskolak\/wp-content\/uploads\/2021\/12\/opt_P-53_titullka-1448x2048.png 1448w\" sizes=\"auto, (max-width: 1600px) 100vw, 1600px\" \/><\/a><\/figure><\/li><li class=\"blocks-gallery-item\"><figure><a href=\"https:\/\/nns.cz\/predskolak\/wp-content\/uploads\/2021\/12\/opt_P-54_titulka.png\"><img loading=\"lazy\" decoding=\"async\" width=\"1600\" height=\"2263\" src=\"https:\/\/nns.cz\/predskolak\/wp-content\/uploads\/2021\/12\/opt_P-54_titulka.png\" alt=\"\" data-id=\"467\" data-full-url=\"https:\/\/nns.cz\/predskolak\/wp-content\/uploads\/2021\/12\/opt_P-54_titulka.png\" data-link=\"https:\/\/nns.cz\/predskolak\/opt_p-54_titulka\/\" class=\"wp-image-467\" srcset=\"https:\/\/nns.cz\/predskolak\/wp-content\/uploads\/2021\/12\/opt_P-54_titulka.png 1600w, https:\/\/nns.cz\/predskolak\/wp-content\/uploads\/2021\/12\/opt_P-54_titulka-212x300.png 212w, https:\/\/nns.cz\/predskolak\/wp-content\/uploads\/2021\/12\/opt_P-54_titulka-724x1024.png 724w, https:\/\/nns.cz\/predskolak\/wp-content\/uploads\/2021\/12\/opt_P-54_titulka-768x1086.png 768w, https:\/\/nns.cz\/predskolak\/wp-content\/uploads\/2021\/12\/opt_P-54_titulka-1086x1536.png 1086w, https:\/\/nns.cz\/predskolak\/wp-content\/uploads\/2021\/12\/opt_P-54_titulka-1448x2048.png 1448w\" sizes=\"auto, (max-width: 1600px) 100vw, 1600px\" \/><\/a><\/figure><\/li><li class=\"blocks-gallery-item\"><figure><a href=\"https:\/\/nns.cz\/predskolak\/wp-content\/uploads\/2023\/04\/P-52_OBALKA_ZADNI-STRANA-scaled.jpg\"><img loading=\"lazy\" decoding=\"async\" width=\"1810\" height=\"2560\" src=\"https:\/\/nns.cz\/predskolak\/wp-content\/uploads\/2023\/04\/P-52_OBALKA_ZADNI-STRANA-scaled.jpg\" alt=\"\" data-id=\"1420\" data-full-url=\"https:\/\/nns.cz\/predskolak\/wp-content\/uploads\/2023\/04\/P-52_OBALKA_ZADNI-STRANA-scaled.jpg\" data-link=\"https:\/\/nns.cz\/predskolak\/skola-je-tu\/predstaveni-pracovnich-ucebnic\/p-52_obalka_zadni-strana\/\" class=\"wp-image-1420\" srcset=\"https:\/\/nns.cz\/predskolak\/wp-content\/uploads\/2023\/04\/P-52_OBALKA_ZADNI-STRANA-scaled.jpg 1810w, https:\/\/nns.cz\/predskolak\/wp-content\/uploads\/2023\/04\/P-52_OBALKA_ZADNI-STRANA-212x300.jpg 212w, https:\/\/nns.cz\/predskolak\/wp-content\/uploads\/2023\/04\/P-52_OBALKA_ZADNI-STRANA-724x1024.jpg 724w, https:\/\/nns.cz\/predskolak\/wp-content\/uploads\/2023\/04\/P-52_OBALKA_ZADNI-STRANA-768x1086.jpg 768w, https:\/\/nns.cz\/predskolak\/wp-content\/uploads\/2023\/04\/P-52_OBALKA_ZADNI-STRANA-1086x1536.jpg 1086w, https:\/\/nns.cz\/predskolak\/wp-content\/uploads\/2023\/04\/P-52_OBALKA_ZADNI-STRANA-1448x2048.jpg 1448w\" sizes=\"auto, (max-width: 1810px) 100vw, 1810px\" \/><\/a><\/figure><\/li><\/ul><\/figure>\n","protected":false},"excerpt":{"rendered":"<p>\u0160KOLA&nbsp;JE&nbsp;TU&nbsp;je sada t\u0159\u00ed pracovn\u00edch u\u010debnic pro p\u0159ed\u0161koln\u00ed p\u0159\u00edpravu d\u011bt\u00ed od 5 let. Je v\u00fdjime\u010dn\u00e1 tematick\u00fdm propojen\u00edm poh\u00e1dkami. \u00dakoly jsou odborn\u011b zpracovan\u00e9 v&nbsp;didaktick\u00e9 posloupnosti v&nbsp;pr\u016fb\u011bhu cel\u00e9 u\u010debnice, i ka\u017ed\u00fd \u00fakol m\u00e1 svoji didaktickou strukturu, nav\u00edc jsou i prov\u00e1zan\u00e9 nap\u0159\u00ed\u010d v\u0161emi t\u0159emi pracovn\u00edmi u\u010debnicemi v&nbsp;r\u00e1mci jedn\u00e9 poh\u00e1dky. Sou\u010d\u00e1st\u00ed pracovn\u00edch u\u010debnic je&nbsp;15 audiopoh\u00e1dek, kter\u00e9 si m\u016f\u017eete p\u0159ehr\u00e1t v&nbsp;po\u010d\u00edta\u010di, [&hellip;]<\/p>\n","protected":false},"author":2,"featured_media":0,"parent":1377,"menu_order":0,"comment_status":"closed","ping_status":"closed","template":"templates\/template-about.php","meta":{"footnotes":""},"class_list":["post-1389","page","type-page","status-publish","hentry","latest_post"],"_links":{"self":[{"href":"https:\/\/nns.cz\/predskolak\/wp-json\/wp\/v2\/pages\/1389","targetHints":{"allow":["GET"]}}],"collection":[{"href":"https:\/\/nns.cz\/predskolak\/wp-json\/wp\/v2\/pages"}],"about":[{"href":"https:\/\/nns.cz\/predskolak\/wp-json\/wp\/v2\/types\/page"}],"author":[{"embeddable":true,"href":"https:\/\/nns.cz\/predskolak\/wp-json\/wp\/v2\/users\/2"}],"replies":[{"embeddable":true,"href":"https:\/\/nns.cz\/predskolak\/wp-json\/wp\/v2\/comments?post=1389"}],"version-history":[{"count":3,"href":"https:\/\/nns.cz\/predskolak\/wp-json\/wp\/v2\/pages\/1389\/revisions"}],"predecessor-version":[{"id":1422,"href":"https:\/\/nns.cz\/predskolak\/wp-json\/wp\/v2\/pages\/1389\/revisions\/1422"}],"up":[{"embeddable":true,"href":"https:\/\/nns.cz\/predskolak\/wp-json\/wp\/v2\/pages\/1377"}],"wp:attachment":[{"href":"https:\/\/nns.cz\/predskolak\/wp-json\/wp\/v2\/media?parent=1389"}],"curies":[{"name":"wp","href":"https:\/\/api.w.org\/{rel}","templated":true}]}}