{"id":1377,"date":"2023-04-13T11:18:19","date_gmt":"2023-04-13T09:18:19","guid":{"rendered":"https:\/\/nns.cz\/predskolak\/?page_id=1377"},"modified":"2025-03-04T17:42:55","modified_gmt":"2025-03-04T16:42:55","slug":"skola-je-tu","status":"publish","type":"page","link":"https:\/\/nns.cz\/predskolak\/skola-je-tu\/","title":{"rendered":""},"content":{"rendered":"\n<h1 class=\"wp-block-heading\"><\/h1>\n\n\n<div class=\"wp-block-image\">\n<figure class=\"alignright size-full is-resized\"><img loading=\"lazy\" decoding=\"async\" width=\"769\" height=\"722\" src=\"https:\/\/nns.cz\/predskolak\/wp-content\/uploads\/2025\/03\/skola-je-tu.jpg\" alt=\"\" class=\"wp-image-2445\" style=\"width:314px;height:auto\" srcset=\"https:\/\/nns.cz\/predskolak\/wp-content\/uploads\/2025\/03\/skola-je-tu.jpg 769w, https:\/\/nns.cz\/predskolak\/wp-content\/uploads\/2025\/03\/skola-je-tu-300x282.jpg 300w\" sizes=\"auto, (max-width: 769px) 100vw, 769px\" \/><\/figure><\/div>\n\n\n<p><strong><span class=\"has-inline-color has-vivid-red-color\">\u0160<\/span><span class=\"has-inline-color has-vivid-purple-color\">K<\/span><span class=\"has-inline-color has-vivid-cyan-blue-color\">O<\/span><span class=\"has-inline-color has-luminous-vivid-amber-color\">L<\/span><span class=\"has-inline-color has-vivid-green-cyan-color\">A<\/span>&nbsp;<span class=\"has-inline-color has-vivid-cyan-blue-color\">J<\/span><span class=\"has-inline-color has-vivid-red-color\">E<\/span>&nbsp;<span class=\"has-inline-color has-pale-cyan-blue-color\">T<\/span><span class=\"has-inline-color has-vivid-cyan-blue-color\">U<\/span><\/strong>&nbsp;je sada t\u0159\u00ed pracovn\u00edch u\u010debnic pro p\u0159ed\u0161koln\u00ed p\u0159\u00edpravu d\u011bt\u00ed od 5 let.<\/p>\n\n\n\n<p>Je v\u00fdjime\u010dn\u00e1 tematick\u00fdm propojen\u00edm poh\u00e1dkami.<\/p>\n\n\n\n<ul class=\"wp-block-list\">\n<li>\u00dakoly jsou odborn\u011b zpracovan\u00e9 v&nbsp;didaktick\u00e9 posloupnosti v&nbsp;pr\u016fb\u011bhu cel\u00e9 u\u010debnice, i ka\u017ed\u00fd \u00fakol m\u00e1 svoji didaktickou strukturu, nav\u00edc jsou i prov\u00e1zan\u00e9 nap\u0159\u00ed\u010d v\u0161emi t\u0159emi pracovn\u00edmi u\u010debnicemi v&nbsp;r\u00e1mci jedn\u00e9 poh\u00e1dky.<\/li>\n\n\n\n<li>Sou\u010d\u00e1st\u00ed pracovn\u00edch u\u010debnic je&nbsp;<strong>15 audiopoh\u00e1dek<\/strong>, kter\u00e9 si m\u016f\u017eete p\u0159ehr\u00e1t v&nbsp;po\u010d\u00edta\u010di, tabletu nebo na mobiln\u00edm telefonu na&nbsp;<a href=\"http:\/\/www.nns.cz\/pohadky\" target=\"_blank\" rel=\"noreferrer noopener\"><strong>www.nns.cz\/pohadky<\/strong><\/a>.&nbsp;<\/li>\n<\/ul>\n\n\n\n<ul class=\"wp-block-list\">\n<li>Pracovn\u00ed u\u010debnice&nbsp;<strong>vznikly ve spolupr\u00e1ci s&nbsp;elementaristy a vyu\u010duj\u00edc\u00edmi z&nbsp;mate\u0159sk\u00fdch \u0161kol pod dohledem odborn\u00edk\u016f z&nbsp;Pedagogick\u00e9 a Filozofick\u00e9 fakulty Masarykovy univerzity<\/strong>. Jsou&nbsp;<strong>ov\u011b\u0159eny<\/strong>&nbsp;<strong>p\u0159ed\u0161kol\u00e1ky<\/strong>&nbsp;v&nbsp;p\u0159\u00edpravn\u00fdch kurzech do \u0161koly a v&nbsp;p\u0159ed\u0161koln\u00edch p\u0159\u00edpravk\u00e1ch v&nbsp;mate\u0159sk\u00fdch \u0161kol\u00e1ch (st\u00e1tn\u00edch i soukrom\u00fdch).<\/li>\n\n\n\n<li>Prost\u0159ednictv\u00edm tabletu maj\u00ed p\u0159ed\u0161kol\u00e1ci mo\u017enost pracovat s&nbsp;pracovn\u00edmi u\u010debnicemi i interaktivn\u011b.&nbsp;<a href=\"https:\/\/nns.cz\/predskolak\/skola-je-tu\/miuc\/\" target=\"_blank\" rel=\"noreferrer noopener\">V\u00edce informac\u00ed zde.<\/a><\/li>\n<\/ul>\n\n\n\n<p>Ti\u0161t\u011bn\u00e9 pracovn\u00ed u\u010debnice<strong>&nbsp;jsou skladem<\/strong>&nbsp;a m\u016f\u017eete je&nbsp;<strong>zakoupit ve zv\u00fdhodn\u011bn\u00e9 sad\u011b<\/strong>:<\/p>\n\n\n\n<div class=\"inventory\" data-filter=\"false\" data-next=\"false\" data-cart=\"false\" data-ids=\"1673,1674,1675,1676\"><\/div>\n\n\n\n<div style=\"height:20px\" aria-hidden=\"true\" class=\"wp-block-spacer\"><\/div>\n\n\n\n<p><a href=\"https:\/\/nns.cz\/predskolak\/skola-je-tu\/predstaveni-pracovnich-ucebnic\/\" target=\"_blank\" rel=\"noreferrer noopener\"><strong>P\u0159edstaven\u00ed pracovn\u00edch u\u010debnic<\/strong><\/a><\/p>\n\n\n<div class=\"wp-block-image\">\n<figure class=\"alignright size-large is-resized\"><a href=\"http:\/\/nns.cz\/pohadky\" target=\"_blank\" rel=\"noopener noreferrer\"><img loading=\"lazy\" decoding=\"async\" width=\"1024\" height=\"500\" src=\"https:\/\/nns.cz\/predskolak\/wp-content\/uploads\/2023\/01\/nns_pohadky-1024x500.png\" alt=\"\" class=\"wp-image-1106\" style=\"width:721px;height:auto\" srcset=\"https:\/\/nns.cz\/predskolak\/wp-content\/uploads\/2023\/01\/nns_pohadky-1024x500.png 1024w, https:\/\/nns.cz\/predskolak\/wp-content\/uploads\/2023\/01\/nns_pohadky-300x147.png 300w, https:\/\/nns.cz\/predskolak\/wp-content\/uploads\/2023\/01\/nns_pohadky-768x375.png 768w, https:\/\/nns.cz\/predskolak\/wp-content\/uploads\/2023\/01\/nns_pohadky-1536x750.png 1536w, https:\/\/nns.cz\/predskolak\/wp-content\/uploads\/2023\/01\/nns_pohadky.png 1920w\" sizes=\"auto, (max-width: 1024px) 100vw, 1024px\" \/><\/a><\/figure><\/div>\n\n\n<p><a href=\"https:\/\/nns.cz\/predskolak\/skola-je-tu\/miuc\/\" target=\"_blank\" rel=\"noreferrer noopener\"><strong>MIU\u010d+ <em>\u0160kola je tu<\/em><\/strong><\/a><\/p>\n\n\n\n<p><a href=\"http:\/\/nns.cz\/pohadky\" target=\"_blank\" rel=\"noreferrer noopener\"><strong><em>\u0160kola je tu<\/em> \u2013 poh\u00e1dky<\/strong><\/a><\/p>\n\n\n\n<p><a href=\"https:\/\/nns.cz\/predskolak\/skola-je-tu\/videoukazky\/\" target=\"_blank\" rel=\"noreferrer noopener\"><strong>Videouk\u00e1zky<\/strong><\/a><\/p>\n\n\n\n<p><a href=\"https:\/\/nns.cz\/predskolak\/skola-je-tu\/metodicke-pokyny\/\" target=\"_blank\" rel=\"noreferrer noopener\"><strong>Metodick\u00e9 pokyny<\/strong><\/a><\/p>\n\n\n\n<p><a href=\"https:\/\/nns.cz\/predskolak\/skola-je-tu\/prilohy-pracovnich-ucebnic\/\" target=\"_blank\" rel=\"noreferrer noopener\"><strong>P\u0159\u00edlohy pracovn\u00edch u\u010debnic<\/strong><\/a><\/p>\n\n\n\n<p><a href=\"https:\/\/nns.cz\/predskolak\/skola-je-tu\/ohlasy-od-vyucujicich\/\" target=\"_blank\" rel=\"noreferrer noopener\"><strong>Ohlasy od vyu\u010duj\u00edc\u00edch<\/strong><\/a><\/p>\n\n\n\n<p><a href=\"https:\/\/nns.cz\/predskolak\/katalog\/\" target=\"_blank\" rel=\"noreferrer noopener\"><strong>KATALOG p\u0159ed\u0161koln\u00edho vzd\u011bl\u00e1v\u00e1n\u00ed<\/strong><\/a><\/p>\n\n\n\n<p><a href=\"https:\/\/nns.cz\/predskolak\/odborna-a-pedagogicka-spoluprace\/\" target=\"_blank\" rel=\"noreferrer noopener\"><strong>Odborn\u00e1 a pedagogick\u00e1 spolupr\u00e1ce<\/strong><\/a><\/p>\n\n\n\n<div style=\"height:19px\" aria-hidden=\"true\" class=\"wp-block-spacer\"><\/div>\n\n\n\n<figure class=\"wp-block-gallery has-nested-images columns-3 is-cropped wp-block-gallery-1 is-layout-flex wp-block-gallery-is-layout-flex\">\n<figure class=\"wp-block-image\"><a href=\"https:\/\/nns.cz\/predskolak\/wp-content\/uploads\/2021\/12\/opt_P-52_titulka.png\"><img loading=\"lazy\" decoding=\"async\" width=\"724\" height=\"1024\" data-id=\"457\" src=\"https:\/\/nns.cz\/predskolak\/wp-content\/uploads\/2021\/12\/opt_P-52_titulka-724x1024.png\" alt=\"\" class=\"wp-image-457\" srcset=\"https:\/\/nns.cz\/predskolak\/wp-content\/uploads\/2021\/12\/opt_P-52_titulka-724x1024.png 724w, https:\/\/nns.cz\/predskolak\/wp-content\/uploads\/2021\/12\/opt_P-52_titulka-212x300.png 212w, https:\/\/nns.cz\/predskolak\/wp-content\/uploads\/2021\/12\/opt_P-52_titulka-768x1086.png 768w, https:\/\/nns.cz\/predskolak\/wp-content\/uploads\/2021\/12\/opt_P-52_titulka-1086x1536.png 1086w, https:\/\/nns.cz\/predskolak\/wp-content\/uploads\/2021\/12\/opt_P-52_titulka-1448x2048.png 1448w, https:\/\/nns.cz\/predskolak\/wp-content\/uploads\/2021\/12\/opt_P-52_titulka.png 1600w\" sizes=\"auto, (max-width: 724px) 100vw, 724px\" \/><\/a><\/figure>\n\n\n\n<figure class=\"wp-block-image\"><a href=\"https:\/\/nns.cz\/predskolak\/wp-content\/uploads\/2021\/12\/opt_P-53_titullka.png\"><img loading=\"lazy\" decoding=\"async\" width=\"724\" height=\"1024\" data-id=\"463\" src=\"https:\/\/nns.cz\/predskolak\/wp-content\/uploads\/2021\/12\/opt_P-53_titullka-724x1024.png\" alt=\"\" class=\"wp-image-463\" srcset=\"https:\/\/nns.cz\/predskolak\/wp-content\/uploads\/2021\/12\/opt_P-53_titullka-724x1024.png 724w, https:\/\/nns.cz\/predskolak\/wp-content\/uploads\/2021\/12\/opt_P-53_titullka-212x300.png 212w, https:\/\/nns.cz\/predskolak\/wp-content\/uploads\/2021\/12\/opt_P-53_titullka-768x1086.png 768w, https:\/\/nns.cz\/predskolak\/wp-content\/uploads\/2021\/12\/opt_P-53_titullka-1086x1536.png 1086w, https:\/\/nns.cz\/predskolak\/wp-content\/uploads\/2021\/12\/opt_P-53_titullka-1448x2048.png 1448w, https:\/\/nns.cz\/predskolak\/wp-content\/uploads\/2021\/12\/opt_P-53_titullka.png 1600w\" sizes=\"auto, (max-width: 724px) 100vw, 724px\" \/><\/a><\/figure>\n\n\n\n<figure class=\"wp-block-image\"><a href=\"https:\/\/nns.cz\/predskolak\/wp-content\/uploads\/2021\/12\/opt_P-54_titulka.png\"><img loading=\"lazy\" decoding=\"async\" width=\"724\" height=\"1024\" data-id=\"467\" src=\"https:\/\/nns.cz\/predskolak\/wp-content\/uploads\/2021\/12\/opt_P-54_titulka-724x1024.png\" alt=\"\" class=\"wp-image-467\" srcset=\"https:\/\/nns.cz\/predskolak\/wp-content\/uploads\/2021\/12\/opt_P-54_titulka-724x1024.png 724w, https:\/\/nns.cz\/predskolak\/wp-content\/uploads\/2021\/12\/opt_P-54_titulka-212x300.png 212w, https:\/\/nns.cz\/predskolak\/wp-content\/uploads\/2021\/12\/opt_P-54_titulka-768x1086.png 768w, https:\/\/nns.cz\/predskolak\/wp-content\/uploads\/2021\/12\/opt_P-54_titulka-1086x1536.png 1086w, https:\/\/nns.cz\/predskolak\/wp-content\/uploads\/2021\/12\/opt_P-54_titulka-1448x2048.png 1448w, https:\/\/nns.cz\/predskolak\/wp-content\/uploads\/2021\/12\/opt_P-54_titulka.png 1600w\" sizes=\"auto, (max-width: 724px) 100vw, 724px\" \/><\/a><\/figure>\n<\/figure>\n","protected":false},"excerpt":{"rendered":"<p>\u0160KOLA&nbsp;JE&nbsp;TU&nbsp;je sada t\u0159\u00ed pracovn\u00edch u\u010debnic pro p\u0159ed\u0161koln\u00ed p\u0159\u00edpravu d\u011bt\u00ed od 5 let. Je v\u00fdjime\u010dn\u00e1 tematick\u00fdm propojen\u00edm poh\u00e1dkami. Ti\u0161t\u011bn\u00e9 pracovn\u00ed u\u010debnice&nbsp;jsou skladem&nbsp;a m\u016f\u017eete je&nbsp;zakoupit ve zv\u00fdhodn\u011bn\u00e9 sad\u011b: P\u0159edstaven\u00ed pracovn\u00edch u\u010debnic MIU\u010d+ \u0160kola je tu \u0160kola je tu \u2013 poh\u00e1dky Videouk\u00e1zky Metodick\u00e9 pokyny P\u0159\u00edlohy pracovn\u00edch u\u010debnic Ohlasy od vyu\u010duj\u00edc\u00edch KATALOG p\u0159ed\u0161koln\u00edho vzd\u011bl\u00e1v\u00e1n\u00ed Odborn\u00e1 a pedagogick\u00e1 spolupr\u00e1ce<\/p>\n","protected":false},"author":2,"featured_media":0,"parent":0,"menu_order":0,"comment_status":"closed","ping_status":"closed","template":"templates\/template-about.php","meta":{"footnotes":""},"class_list":["post-1377","page","type-page","status-publish","hentry","latest_post"],"_links":{"self":[{"href":"https:\/\/nns.cz\/predskolak\/wp-json\/wp\/v2\/pages\/1377","targetHints":{"allow":["GET"]}}],"collection":[{"href":"https:\/\/nns.cz\/predskolak\/wp-json\/wp\/v2\/pages"}],"about":[{"href":"https:\/\/nns.cz\/predskolak\/wp-json\/wp\/v2\/types\/page"}],"author":[{"embeddable":true,"href":"https:\/\/nns.cz\/predskolak\/wp-json\/wp\/v2\/users\/2"}],"replies":[{"embeddable":true,"href":"https:\/\/nns.cz\/predskolak\/wp-json\/wp\/v2\/comments?post=1377"}],"version-history":[{"count":34,"href":"https:\/\/nns.cz\/predskolak\/wp-json\/wp\/v2\/pages\/1377\/revisions"}],"predecessor-version":[{"id":2483,"href":"https:\/\/nns.cz\/predskolak\/wp-json\/wp\/v2\/pages\/1377\/revisions\/2483"}],"wp:attachment":[{"href":"https:\/\/nns.cz\/predskolak\/wp-json\/wp\/v2\/media?parent=1377"}],"curies":[{"name":"wp","href":"https:\/\/api.w.org\/{rel}","templated":true}]}}