{"id":1343,"date":"2023-03-27T15:17:50","date_gmt":"2023-03-27T13:17:50","guid":{"rendered":"https:\/\/nns.cz\/predskolak\/?page_id=1343"},"modified":"2023-03-28T11:08:21","modified_gmt":"2023-03-28T09:08:21","slug":"velikonocni-pracovni-listy","status":"publish","type":"page","link":"https:\/\/nns.cz\/predskolak\/zapis-je-tu\/velikonocni-pracovni-listy\/","title":{"rendered":"Velikono\u010dn\u00ed pracovn\u00ed listy"},"content":{"rendered":"\n<div class=\"wp-block-image\"><figure class=\"aligncenter size-full\"><a href=\"https:\/\/nns.cz\/predskolak\/wp-content\/uploads\/2023\/03\/Velikono\u010dn\u00ed-p\u0159ekvapen\u00ed_01-scaled.jpg\"><img loading=\"lazy\" decoding=\"async\" width=\"1810\" height=\"2560\" src=\"https:\/\/nns.cz\/predskolak\/wp-content\/uploads\/2023\/03\/Velikono\u010dn\u00ed-p\u0159ekvapen\u00ed_01-scaled.jpg\" alt=\"\" class=\"wp-image-1355\" srcset=\"https:\/\/nns.cz\/predskolak\/wp-content\/uploads\/2023\/03\/Velikono\u010dn\u00ed-p\u0159ekvapen\u00ed_01-scaled.jpg 1810w, https:\/\/nns.cz\/predskolak\/wp-content\/uploads\/2023\/03\/Velikono\u010dn\u00ed-p\u0159ekvapen\u00ed_01-212x300.jpg 212w, https:\/\/nns.cz\/predskolak\/wp-content\/uploads\/2023\/03\/Velikono\u010dn\u00ed-p\u0159ekvapen\u00ed_01-724x1024.jpg 724w, https:\/\/nns.cz\/predskolak\/wp-content\/uploads\/2023\/03\/Velikono\u010dn\u00ed-p\u0159ekvapen\u00ed_01-768x1086.jpg 768w, https:\/\/nns.cz\/predskolak\/wp-content\/uploads\/2023\/03\/Velikono\u010dn\u00ed-p\u0159ekvapen\u00ed_01-1086x1536.jpg 1086w, https:\/\/nns.cz\/predskolak\/wp-content\/uploads\/2023\/03\/Velikono\u010dn\u00ed-p\u0159ekvapen\u00ed_01-1448x2048.jpg 1448w\" sizes=\"auto, (max-width: 1810px) 100vw, 1810px\" \/><\/a><\/figure><\/div>\n\n\n\n<div class=\"wp-block-image\"><figure class=\"aligncenter size-full\"><a href=\"https:\/\/nns.cz\/predskolak\/wp-content\/uploads\/2023\/03\/Velikono\u010dn\u00ed-p\u0159ekvapen\u00ed_page-0002-scaled.jpg\"><img loading=\"lazy\" decoding=\"async\" width=\"1811\" height=\"2560\" src=\"https:\/\/nns.cz\/predskolak\/wp-content\/uploads\/2023\/03\/Velikono\u010dn\u00ed-p\u0159ekvapen\u00ed_page-0002-scaled.jpg\" alt=\"\" class=\"wp-image-1345\" srcset=\"https:\/\/nns.cz\/predskolak\/wp-content\/uploads\/2023\/03\/Velikono\u010dn\u00ed-p\u0159ekvapen\u00ed_page-0002-scaled.jpg 1811w, https:\/\/nns.cz\/predskolak\/wp-content\/uploads\/2023\/03\/Velikono\u010dn\u00ed-p\u0159ekvapen\u00ed_page-0002-212x300.jpg 212w, https:\/\/nns.cz\/predskolak\/wp-content\/uploads\/2023\/03\/Velikono\u010dn\u00ed-p\u0159ekvapen\u00ed_page-0002-724x1024.jpg 724w, https:\/\/nns.cz\/predskolak\/wp-content\/uploads\/2023\/03\/Velikono\u010dn\u00ed-p\u0159ekvapen\u00ed_page-0002-768x1086.jpg 768w, https:\/\/nns.cz\/predskolak\/wp-content\/uploads\/2023\/03\/Velikono\u010dn\u00ed-p\u0159ekvapen\u00ed_page-0002-1086x1536.jpg 1086w, https:\/\/nns.cz\/predskolak\/wp-content\/uploads\/2023\/03\/Velikono\u010dn\u00ed-p\u0159ekvapen\u00ed_page-0002-1448x2048.jpg 1448w\" sizes=\"auto, (max-width: 1811px) 100vw, 1811px\" \/><\/a><\/figure><\/div>\n\n\n\n<div class=\"wp-block-image\"><figure class=\"aligncenter size-large\"><a href=\"https:\/\/nns.cz\/predskolak\/wp-content\/uploads\/2023\/03\/Velikono\u010dn\u00ed-p\u0159ekvapen\u00ed_page-0003-scaled.jpg\"><img loading=\"lazy\" decoding=\"async\" width=\"1024\" height=\"724\" src=\"https:\/\/nns.cz\/predskolak\/wp-content\/uploads\/2023\/03\/Velikono\u010dn\u00ed-p\u0159ekvapen\u00ed_page-0003-1024x724.jpg\" alt=\"\" class=\"wp-image-1347\" srcset=\"https:\/\/nns.cz\/predskolak\/wp-content\/uploads\/2023\/03\/Velikono\u010dn\u00ed-p\u0159ekvapen\u00ed_page-0003-1024x724.jpg 1024w, https:\/\/nns.cz\/predskolak\/wp-content\/uploads\/2023\/03\/Velikono\u010dn\u00ed-p\u0159ekvapen\u00ed_page-0003-300x212.jpg 300w, https:\/\/nns.cz\/predskolak\/wp-content\/uploads\/2023\/03\/Velikono\u010dn\u00ed-p\u0159ekvapen\u00ed_page-0003-768x543.jpg 768w, https:\/\/nns.cz\/predskolak\/wp-content\/uploads\/2023\/03\/Velikono\u010dn\u00ed-p\u0159ekvapen\u00ed_page-0003-1536x1086.jpg 1536w, https:\/\/nns.cz\/predskolak\/wp-content\/uploads\/2023\/03\/Velikono\u010dn\u00ed-p\u0159ekvapen\u00ed_page-0003-2048x1448.jpg 2048w\" sizes=\"auto, (max-width: 1024px) 100vw, 1024px\" \/><\/a><\/figure><\/div>\n","protected":false},"excerpt":{"rendered":"","protected":false},"author":2,"featured_media":0,"parent":63,"menu_order":0,"comment_status":"closed","ping_status":"closed","template":"","meta":{"footnotes":""},"class_list":["post-1343","page","type-page","status-publish","hentry","latest_post"],"_links":{"self":[{"href":"https:\/\/nns.cz\/predskolak\/wp-json\/wp\/v2\/pages\/1343","targetHints":{"allow":["GET"]}}],"collection":[{"href":"https:\/\/nns.cz\/predskolak\/wp-json\/wp\/v2\/pages"}],"about":[{"href":"https:\/\/nns.cz\/predskolak\/wp-json\/wp\/v2\/types\/page"}],"author":[{"embeddable":true,"href":"https:\/\/nns.cz\/predskolak\/wp-json\/wp\/v2\/users\/2"}],"replies":[{"embeddable":true,"href":"https:\/\/nns.cz\/predskolak\/wp-json\/wp\/v2\/comments?post=1343"}],"version-history":[{"count":4,"href":"https:\/\/nns.cz\/predskolak\/wp-json\/wp\/v2\/pages\/1343\/revisions"}],"predecessor-version":[{"id":1356,"href":"https:\/\/nns.cz\/predskolak\/wp-json\/wp\/v2\/pages\/1343\/revisions\/1356"}],"up":[{"embeddable":true,"href":"https:\/\/nns.cz\/predskolak\/wp-json\/wp\/v2\/pages\/63"}],"wp:attachment":[{"href":"https:\/\/nns.cz\/predskolak\/wp-json\/wp\/v2\/media?parent=1343"}],"curies":[{"name":"wp","href":"https:\/\/api.w.org\/{rel}","templated":true}]}}