{"id":131,"date":"2020-06-15T11:57:20","date_gmt":"2020-06-15T09:57:20","guid":{"rendered":"https:\/\/nns.cz\/predskolak\/?page_id=131"},"modified":"2022-04-05T16:26:39","modified_gmt":"2022-04-05T14:26:39","slug":"zapis-je-tu-v-mediich","status":"publish","type":"page","link":"https:\/\/nns.cz\/predskolak\/zapis-je-tu\/zapis-je-tu-v-mediich\/","title":{"rendered":"Z\u00e1pis je tu v&nbsp;m\u00e9di\u00edch"},"content":{"rendered":"\n<p>Dubnov\u00e9 vyd\u00e1n\u00ed \u010dasopisu Rodina a \u0161kola:<\/p>\n\n\n\n<div class=\"wp-block-image\"><figure class=\"aligncenter size-full\"><img loading=\"lazy\" decoding=\"async\" width=\"1886\" height=\"2560\" src=\"https:\/\/nns.cz\/predskolak\/wp-content\/uploads\/2020\/06\/n\u00e1hled-\u010dasopis-Rodina-a-\u0161kola-1-scaled.jpg\" alt=\"\" class=\"wp-image-133\" srcset=\"https:\/\/nns.cz\/predskolak\/wp-content\/uploads\/2020\/06\/n\u00e1hled-\u010dasopis-Rodina-a-\u0161kola-1-scaled.jpg 1886w, https:\/\/nns.cz\/predskolak\/wp-content\/uploads\/2020\/06\/n\u00e1hled-\u010dasopis-Rodina-a-\u0161kola-1-221x300.jpg 221w, https:\/\/nns.cz\/predskolak\/wp-content\/uploads\/2020\/06\/n\u00e1hled-\u010dasopis-Rodina-a-\u0161kola-1-754x1024.jpg 754w, https:\/\/nns.cz\/predskolak\/wp-content\/uploads\/2020\/06\/n\u00e1hled-\u010dasopis-Rodina-a-\u0161kola-1-768x1042.jpg 768w, https:\/\/nns.cz\/predskolak\/wp-content\/uploads\/2020\/06\/n\u00e1hled-\u010dasopis-Rodina-a-\u0161kola-1-1132x1536.jpg 1132w, https:\/\/nns.cz\/predskolak\/wp-content\/uploads\/2020\/06\/n\u00e1hled-\u010dasopis-Rodina-a-\u0161kola-1-1509x2048.jpg 1509w\" sizes=\"auto, (max-width: 1886px) 100vw, 1886px\" \/><\/figure><\/div>\n\n\n\n<p>Kv\u011btnov\u00e9 vyd\u00e1n\u00ed Zpravodaje m\u011bstsk\u00e9 \u010d\u00e1sti Brno-st\u0159ed:<\/p>\n\n\n\n<div class=\"wp-block-image\"><figure class=\"aligncenter size-full\"><img loading=\"lazy\" decoding=\"async\" width=\"1822\" height=\"2560\" src=\"https:\/\/nns.cz\/predskolak\/wp-content\/uploads\/2020\/06\/Str\u00e1nky-z-05_ZBS_2020-scaled.jpg\" alt=\"\" class=\"wp-image-134\" srcset=\"https:\/\/nns.cz\/predskolak\/wp-content\/uploads\/2020\/06\/Str\u00e1nky-z-05_ZBS_2020-scaled.jpg 1822w, https:\/\/nns.cz\/predskolak\/wp-content\/uploads\/2020\/06\/Str\u00e1nky-z-05_ZBS_2020-214x300.jpg 214w, https:\/\/nns.cz\/predskolak\/wp-content\/uploads\/2020\/06\/Str\u00e1nky-z-05_ZBS_2020-729x1024.jpg 729w, https:\/\/nns.cz\/predskolak\/wp-content\/uploads\/2020\/06\/Str\u00e1nky-z-05_ZBS_2020-768x1079.jpg 768w, https:\/\/nns.cz\/predskolak\/wp-content\/uploads\/2020\/06\/Str\u00e1nky-z-05_ZBS_2020-1093x1536.jpg 1093w, https:\/\/nns.cz\/predskolak\/wp-content\/uploads\/2020\/06\/Str\u00e1nky-z-05_ZBS_2020-1458x2048.jpg 1458w\" sizes=\"auto, (max-width: 1822px) 100vw, 1822px\" \/><\/figure><\/div>\n\n\n\n<div class=\"wp-block-image\"><figure class=\"aligncenter size-full\"><img loading=\"lazy\" decoding=\"async\" width=\"1822\" height=\"2560\" src=\"https:\/\/nns.cz\/predskolak\/wp-content\/uploads\/2020\/06\/Str\u00e1nky-z-05_ZBS_2020-2-scaled.jpg\" alt=\"\" class=\"wp-image-135\" srcset=\"https:\/\/nns.cz\/predskolak\/wp-content\/uploads\/2020\/06\/Str\u00e1nky-z-05_ZBS_2020-2-scaled.jpg 1822w, https:\/\/nns.cz\/predskolak\/wp-content\/uploads\/2020\/06\/Str\u00e1nky-z-05_ZBS_2020-2-214x300.jpg 214w, https:\/\/nns.cz\/predskolak\/wp-content\/uploads\/2020\/06\/Str\u00e1nky-z-05_ZBS_2020-2-729x1024.jpg 729w, https:\/\/nns.cz\/predskolak\/wp-content\/uploads\/2020\/06\/Str\u00e1nky-z-05_ZBS_2020-2-768x1079.jpg 768w, https:\/\/nns.cz\/predskolak\/wp-content\/uploads\/2020\/06\/Str\u00e1nky-z-05_ZBS_2020-2-1093x1536.jpg 1093w, https:\/\/nns.cz\/predskolak\/wp-content\/uploads\/2020\/06\/Str\u00e1nky-z-05_ZBS_2020-2-1458x2048.jpg 1458w\" sizes=\"auto, (max-width: 1822px) 100vw, 1822px\" \/><\/figure><\/div>\n","protected":false},"excerpt":{"rendered":"<p>Dubnov\u00e9 vyd\u00e1n\u00ed \u010dasopisu Rodina a \u0161kola: Kv\u011btnov\u00e9 vyd\u00e1n\u00ed Zpravodaje m\u011bstsk\u00e9 \u010d\u00e1sti Brno-st\u0159ed:<\/p>\n","protected":false},"author":1,"featured_media":0,"parent":63,"menu_order":0,"comment_status":"closed","ping_status":"closed","template":"","meta":{"footnotes":""},"class_list":["post-131","page","type-page","status-publish","hentry","latest_post"],"_links":{"self":[{"href":"https:\/\/nns.cz\/predskolak\/wp-json\/wp\/v2\/pages\/131","targetHints":{"allow":["GET"]}}],"collection":[{"href":"https:\/\/nns.cz\/predskolak\/wp-json\/wp\/v2\/pages"}],"about":[{"href":"https:\/\/nns.cz\/predskolak\/wp-json\/wp\/v2\/types\/page"}],"author":[{"embeddable":true,"href":"https:\/\/nns.cz\/predskolak\/wp-json\/wp\/v2\/users\/1"}],"replies":[{"embeddable":true,"href":"https:\/\/nns.cz\/predskolak\/wp-json\/wp\/v2\/comments?post=131"}],"version-history":[{"count":4,"href":"https:\/\/nns.cz\/predskolak\/wp-json\/wp\/v2\/pages\/131\/revisions"}],"predecessor-version":[{"id":694,"href":"https:\/\/nns.cz\/predskolak\/wp-json\/wp\/v2\/pages\/131\/revisions\/694"}],"up":[{"embeddable":true,"href":"https:\/\/nns.cz\/predskolak\/wp-json\/wp\/v2\/pages\/63"}],"wp:attachment":[{"href":"https:\/\/nns.cz\/predskolak\/wp-json\/wp\/v2\/media?parent=131"}],"curies":[{"name":"wp","href":"https:\/\/api.w.org\/{rel}","templated":true}]}}