{"id":79,"date":"2017-02-11T13:32:04","date_gmt":"2017-02-11T12:32:04","guid":{"rendered":"http:\/\/nns.cz\/agata\/?page_id=79"},"modified":"2019-08-15T16:05:46","modified_gmt":"2019-08-15T14:05:46","slug":"kontakty","status":"publish","type":"page","link":"https:\/\/nns.cz\/amos\/kontakty\/","title":{"rendered":"Kontakty"},"content":{"rendered":"<div class=\"entry-content\">\n<p><strong>Kontakty pro web <em>AMOS<\/em>:<\/strong><\/p>\n<p>e-mail: amos@nns.cz<\/p>\n<p><strong>Provozovatelem webu <em>AMOS <\/em>a vydavatelem t\u011bchto u\u010debn\u00edch materi\u00e1l\u016f je nakladatelstv\u00ed:<\/strong><\/p>\n<p>NOV\u00c1 \u0160KOLA, s.r.o.<br \/>\nBratislavsk\u00e1 23d<br \/>\n602\u00a000\u00a0 Brno<br \/>\nI\u010cO: 25501356<br \/>\nDI\u010c: CZ25501356<br \/>\nSpole\u010dnost\u00a0 zapsan\u00e1 v&nbsp;Obchodn\u00edm rejst\u0159\u00edku u\u00a0Krajsk\u00e9ho soudu v\u00a0Brn\u011b pod spisovou zna\u010dkou C 27537.<\/p>\n<p><a href=\"http:\/\/www.nns.cz\">www.nns.cz<\/a><\/p>\n<\/div>\n","protected":false},"excerpt":{"rendered":"<p>Kontakty pro web AMOS: e-mail: amos@nns.cz Provozovatelem webu AMOS a&nbsp;vydavatelem t\u011bchto u\u010debn\u00edch materi\u00e1l\u016f je nakladatelstv\u00ed: NOV\u00c1 \u0160KOLA, s.r.o. Bratislavsk\u00e1 23d 602\u00a000\u00a0 Brno I\u010cO: 25501356 DI\u010c: CZ25501356 Spole\u010dnost\u00a0 zapsan\u00e1 v&nbsp;Obchodn\u00edm rejst\u0159\u00edku u\u00a0Krajsk\u00e9ho soudu v\u00a0Brn\u011b pod spisovou zna\u010dkou C 27537.&nbsp;www.nns.cz<\/p>\n","protected":false},"author":1,"featured_media":0,"parent":0,"menu_order":0,"comment_status":"closed","ping_status":"closed","template":"","meta":{"footnotes":""},"class_list":["post-79","page","type-page","status-publish","hentry"],"_links":{"self":[{"href":"https:\/\/nns.cz\/amos\/wp-json\/wp\/v2\/pages\/79","targetHints":{"allow":["GET"]}}],"collection":[{"href":"https:\/\/nns.cz\/amos\/wp-json\/wp\/v2\/pages"}],"about":[{"href":"https:\/\/nns.cz\/amos\/wp-json\/wp\/v2\/types\/page"}],"author":[{"embeddable":true,"href":"https:\/\/nns.cz\/amos\/wp-json\/wp\/v2\/users\/1"}],"replies":[{"embeddable":true,"href":"https:\/\/nns.cz\/amos\/wp-json\/wp\/v2\/comments?post=79"}],"version-history":[{"count":1,"href":"https:\/\/nns.cz\/amos\/wp-json\/wp\/v2\/pages\/79\/revisions"}],"predecessor-version":[{"id":1110,"href":"https:\/\/nns.cz\/amos\/wp-json\/wp\/v2\/pages\/79\/revisions\/1110"}],"wp:attachment":[{"href":"https:\/\/nns.cz\/amos\/wp-json\/wp\/v2\/media?parent=79"}],"curies":[{"name":"wp","href":"https:\/\/api.w.org\/{rel}","templated":true}]}}